{"id":28517,"date":"2025-10-22T07:46:53","date_gmt":"2025-10-22T07:46:53","guid":{"rendered":"https:\/\/www.gstarcad.eu\/produkt\/one-year-single-station-license-gstarcad-standard\/"},"modified":"2025-11-04T08:25:05","modified_gmt":"2025-11-04T08:25:05","slug":"one-year-single-station-license-gstarcad-standard","status":"publish","type":"product","link":"https:\/\/www.gstarcad.eu\/ro\/produkt\/one-year-single-station-license-gstarcad-standard\/","title":{"rendered":"One-year single-station license GstarCad Standard"},"content":{"rendered":"<h3>GstarCAD \u2013 Software-ul CAD 2D\/3D profesional pe care \u00eel cunoa\u0219te\u021bi deja!<\/h3>\n<p>GstarCAD este un program CAD 2D\/3D versatil \u0219i fiabil. Acesta ofer\u0103 o alternativ\u0103 viabil\u0103 la solu\u021biile CAD competitive de top, cum ar fi AutoCAD LT\u00ae. GstarCAD este complet compatibil cu fi\u0219ierele DWG \u0219i DXF (date CAD 2D \u0219i 3D). Programul dispune de o interfa\u021b\u0103 intuitiv\u0103 cu utilizatorul \u0219i de toate func\u021biile necesare pentru o munc\u0103 eficient\u0103 \u0219i eficient\u0103. Include comenzi, meniuri, scripturi, stiluri, formule, Lisp \u0219i multe altele familiare AutoCAD\u00ae. Este perfect at\u00e2t pentru \u00eencep\u0103tori, c\u00e2t \u0219i pentru designeri experimenta\u021bi.<\/p>\n<p><img decoding=\"async\" class=\"aligncenter\" src=\"https:\/\/cad.sklep.pl\/wp-content\/uploads\/2019\/04\/GS2019B-1-768x267.png\" \/><\/p>\n<p>&nbsp;<\/p>\n<h2><\/h2>\n<div class=\"elementor-column elementor-col-25 elementor-top-column elementor-element elementor-element-87b5d69\" data-id=\"87b5d69\" data-element_type=\"column\">\n<div class=\"elementor-column-wrap elementor-element-populated\">\n<div class=\"elementor-widget-wrap\">\n<div class=\"elementor-element elementor-element-a03ee5b elementor-widget elementor-widget-image\" data-id=\"a03ee5b\" data-element_type=\"widget\" data-widget_type=\"image.default\">\n<div class=\"elementor-widget-container\"><\/div>\n<\/div>\n<\/div>\n<\/div>\n<\/div>\n<p>&nbsp;<\/p>\n","protected":false},"excerpt":{"rendered":"<p>Licen\u021b\u0103 de un an pentru o singur\u0103 sta\u021bie.<br \/>\nComplet compatibil cu DWG, DXF \u0219i toate versiunile ACAD<\/p>\n","protected":false},"featured_media":28511,"comment_status":"closed","ping_status":"closed","template":"","meta":{"inline_featured_image":false},"product_brand":[],"product_cat":[224],"product_tag":[],"class_list":{"0":"post-28517","1":"product","2":"type-product","3":"status-publish","4":"has-post-thumbnail","6":"product_cat-oprogramowanie-ro","8":"first","9":"instock","10":"virtual","11":"taxable","12":"purchasable","13":"product-type-simple"},"yoast_head":"<!-- This site is optimized with the Yoast SEO plugin v22.2 - https:\/\/yoast.com\/wordpress\/plugins\/seo\/ -->\n<title>One-year single-station license GstarCad Standard - GstarCad<\/title>\n<meta name=\"robots\" content=\"index, follow, max-snippet:-1, max-image-preview:large, max-video-preview:-1\" \/>\n<link rel=\"canonical\" href=\"https:\/\/www.gstarcad.eu\/ro\/produkt\/one-year-single-station-license-gstarcad-standard\/\" \/>\n<meta property=\"og:locale\" content=\"ro_RO\" \/>\n<meta property=\"og:type\" content=\"article\" \/>\n<meta property=\"og:title\" content=\"One-year single-station license GstarCad Standard - GstarCad\" \/>\n<meta property=\"og:description\" content=\"Licen\u021b\u0103 de un an pentru o singur\u0103 sta\u021bie. Complet compatibil cu DWG, DXF \u0219i toate versiunile ACAD\" \/>\n<meta property=\"og:url\" content=\"https:\/\/www.gstarcad.eu\/ro\/produkt\/one-year-single-station-license-gstarcad-standard\/\" \/>\n<meta property=\"og:site_name\" content=\"GstarCad\" \/>\n<meta property=\"article:modified_time\" content=\"2025-11-04T08:25:05+00:00\" \/>\n<meta property=\"og:image\" content=\"https:\/\/www.gstarcad.eu\/wp-content\/uploads\/2024\/08\/img-pr-12.png\" \/>\n\t<meta property=\"og:image:width\" content=\"474\" \/>\n\t<meta property=\"og:image:height\" content=\"526\" \/>\n\t<meta property=\"og:image:type\" content=\"image\/png\" \/>\n<meta name=\"twitter:card\" content=\"summary_large_image\" \/>\n<meta name=\"twitter:label1\" content=\"Timp estimat pentru citire\" \/>\n\t<meta name=\"twitter:data1\" content=\"1 minut\" \/>\n<script type=\"application\/ld+json\" class=\"yoast-schema-graph\">{\"@context\":\"https:\/\/schema.org\",\"@graph\":[{\"@type\":\"WebPage\",\"@id\":\"https:\/\/www.gstarcad.eu\/ro\/produkt\/one-year-single-station-license-gstarcad-standard\/\",\"url\":\"https:\/\/www.gstarcad.eu\/ro\/produkt\/one-year-single-station-license-gstarcad-standard\/\",\"name\":\"One-year single-station license GstarCad Standard - GstarCad\",\"isPartOf\":{\"@id\":\"https:\/\/www.gstarcad.eu\/ro\/#website\"},\"primaryImageOfPage\":{\"@id\":\"https:\/\/www.gstarcad.eu\/ro\/produkt\/one-year-single-station-license-gstarcad-standard\/#primaryimage\"},\"image\":{\"@id\":\"https:\/\/www.gstarcad.eu\/ro\/produkt\/one-year-single-station-license-gstarcad-standard\/#primaryimage\"},\"thumbnailUrl\":\"https:\/\/www.gstarcad.eu\/wp-content\/uploads\/2024\/08\/img-pr-12.png\",\"datePublished\":\"2025-10-22T07:46:53+00:00\",\"dateModified\":\"2025-11-04T08:25:05+00:00\",\"breadcrumb\":{\"@id\":\"https:\/\/www.gstarcad.eu\/ro\/produkt\/one-year-single-station-license-gstarcad-standard\/#breadcrumb\"},\"inLanguage\":\"ro-RO\",\"potentialAction\":[{\"@type\":\"ReadAction\",\"target\":[\"https:\/\/www.gstarcad.eu\/ro\/produkt\/one-year-single-station-license-gstarcad-standard\/\"]}]},{\"@type\":\"ImageObject\",\"inLanguage\":\"ro-RO\",\"@id\":\"https:\/\/www.gstarcad.eu\/ro\/produkt\/one-year-single-station-license-gstarcad-standard\/#primaryimage\",\"url\":\"https:\/\/www.gstarcad.eu\/wp-content\/uploads\/2024\/08\/img-pr-12.png\",\"contentUrl\":\"https:\/\/www.gstarcad.eu\/wp-content\/uploads\/2024\/08\/img-pr-12.png\",\"width\":474,\"height\":526},{\"@type\":\"BreadcrumbList\",\"@id\":\"https:\/\/www.gstarcad.eu\/ro\/produkt\/one-year-single-station-license-gstarcad-standard\/#breadcrumb\",\"itemListElement\":[{\"@type\":\"ListItem\",\"position\":1,\"name\":\"Home\",\"item\":\"https:\/\/www.gstarcad.eu\/ro\/\"},{\"@type\":\"ListItem\",\"position\":2,\"name\":\"One-year single-station license GstarCad Standard\"}]},{\"@type\":\"WebSite\",\"@id\":\"https:\/\/www.gstarcad.eu\/ro\/#website\",\"url\":\"https:\/\/www.gstarcad.eu\/ro\/\",\"name\":\"GstarCad\",\"description\":\"\",\"publisher\":{\"@id\":\"https:\/\/www.gstarcad.eu\/ro\/#organization\"},\"potentialAction\":[{\"@type\":\"SearchAction\",\"target\":{\"@type\":\"EntryPoint\",\"urlTemplate\":\"https:\/\/www.gstarcad.eu\/ro\/?s={search_term_string}\"},\"query-input\":\"required name=search_term_string\"}],\"inLanguage\":\"ro-RO\"},{\"@type\":\"Organization\",\"@id\":\"https:\/\/www.gstarcad.eu\/ro\/#organization\",\"name\":\"GstarCad\",\"url\":\"https:\/\/www.gstarcad.eu\/ro\/\",\"logo\":{\"@type\":\"ImageObject\",\"inLanguage\":\"ro-RO\",\"@id\":\"https:\/\/www.gstarcad.eu\/ro\/#\/schema\/logo\/image\/\",\"url\":\"https:\/\/www.gstarcad.eu\/wp-content\/uploads\/2024\/04\/gs-nowe-logo.svg\",\"contentUrl\":\"https:\/\/www.gstarcad.eu\/wp-content\/uploads\/2024\/04\/gs-nowe-logo.svg\",\"width\":169,\"height\":41,\"caption\":\"GstarCad\"},\"image\":{\"@id\":\"https:\/\/www.gstarcad.eu\/ro\/#\/schema\/logo\/image\/\"}}]}<\/script>\n<!-- \/ Yoast SEO plugin. -->","yoast_head_json":{"title":"One-year single-station license GstarCad Standard - GstarCad","robots":{"index":"index","follow":"follow","max-snippet":"max-snippet:-1","max-image-preview":"max-image-preview:large","max-video-preview":"max-video-preview:-1"},"canonical":"https:\/\/www.gstarcad.eu\/ro\/produkt\/one-year-single-station-license-gstarcad-standard\/","og_locale":"ro_RO","og_type":"article","og_title":"One-year single-station license GstarCad Standard - GstarCad","og_description":"Licen\u021b\u0103 de un an pentru o singur\u0103 sta\u021bie. Complet compatibil cu DWG, DXF \u0219i toate versiunile ACAD","og_url":"https:\/\/www.gstarcad.eu\/ro\/produkt\/one-year-single-station-license-gstarcad-standard\/","og_site_name":"GstarCad","article_modified_time":"2025-11-04T08:25:05+00:00","og_image":[{"width":474,"height":526,"url":"https:\/\/www.gstarcad.eu\/wp-content\/uploads\/2024\/08\/img-pr-12.png","type":"image\/png"}],"twitter_card":"summary_large_image","twitter_misc":{"Timp estimat pentru citire":"1 minut"},"schema":{"@context":"https:\/\/schema.org","@graph":[{"@type":"WebPage","@id":"https:\/\/www.gstarcad.eu\/ro\/produkt\/one-year-single-station-license-gstarcad-standard\/","url":"https:\/\/www.gstarcad.eu\/ro\/produkt\/one-year-single-station-license-gstarcad-standard\/","name":"One-year single-station license GstarCad Standard - GstarCad","isPartOf":{"@id":"https:\/\/www.gstarcad.eu\/ro\/#website"},"primaryImageOfPage":{"@id":"https:\/\/www.gstarcad.eu\/ro\/produkt\/one-year-single-station-license-gstarcad-standard\/#primaryimage"},"image":{"@id":"https:\/\/www.gstarcad.eu\/ro\/produkt\/one-year-single-station-license-gstarcad-standard\/#primaryimage"},"thumbnailUrl":"https:\/\/www.gstarcad.eu\/wp-content\/uploads\/2024\/08\/img-pr-12.png","datePublished":"2025-10-22T07:46:53+00:00","dateModified":"2025-11-04T08:25:05+00:00","breadcrumb":{"@id":"https:\/\/www.gstarcad.eu\/ro\/produkt\/one-year-single-station-license-gstarcad-standard\/#breadcrumb"},"inLanguage":"ro-RO","potentialAction":[{"@type":"ReadAction","target":["https:\/\/www.gstarcad.eu\/ro\/produkt\/one-year-single-station-license-gstarcad-standard\/"]}]},{"@type":"ImageObject","inLanguage":"ro-RO","@id":"https:\/\/www.gstarcad.eu\/ro\/produkt\/one-year-single-station-license-gstarcad-standard\/#primaryimage","url":"https:\/\/www.gstarcad.eu\/wp-content\/uploads\/2024\/08\/img-pr-12.png","contentUrl":"https:\/\/www.gstarcad.eu\/wp-content\/uploads\/2024\/08\/img-pr-12.png","width":474,"height":526},{"@type":"BreadcrumbList","@id":"https:\/\/www.gstarcad.eu\/ro\/produkt\/one-year-single-station-license-gstarcad-standard\/#breadcrumb","itemListElement":[{"@type":"ListItem","position":1,"name":"Home","item":"https:\/\/www.gstarcad.eu\/ro\/"},{"@type":"ListItem","position":2,"name":"One-year single-station license GstarCad Standard"}]},{"@type":"WebSite","@id":"https:\/\/www.gstarcad.eu\/ro\/#website","url":"https:\/\/www.gstarcad.eu\/ro\/","name":"GstarCad","description":"","publisher":{"@id":"https:\/\/www.gstarcad.eu\/ro\/#organization"},"potentialAction":[{"@type":"SearchAction","target":{"@type":"EntryPoint","urlTemplate":"https:\/\/www.gstarcad.eu\/ro\/?s={search_term_string}"},"query-input":"required name=search_term_string"}],"inLanguage":"ro-RO"},{"@type":"Organization","@id":"https:\/\/www.gstarcad.eu\/ro\/#organization","name":"GstarCad","url":"https:\/\/www.gstarcad.eu\/ro\/","logo":{"@type":"ImageObject","inLanguage":"ro-RO","@id":"https:\/\/www.gstarcad.eu\/ro\/#\/schema\/logo\/image\/","url":"https:\/\/www.gstarcad.eu\/wp-content\/uploads\/2024\/04\/gs-nowe-logo.svg","contentUrl":"https:\/\/www.gstarcad.eu\/wp-content\/uploads\/2024\/04\/gs-nowe-logo.svg","width":169,"height":41,"caption":"GstarCad"},"image":{"@id":"https:\/\/www.gstarcad.eu\/ro\/#\/schema\/logo\/image\/"}}]}},"_links":{"self":[{"href":"https:\/\/www.gstarcad.eu\/ro\/wp-json\/wp\/v2\/product\/28517","targetHints":{"allow":["GET"]}}],"collection":[{"href":"https:\/\/www.gstarcad.eu\/ro\/wp-json\/wp\/v2\/product"}],"about":[{"href":"https:\/\/www.gstarcad.eu\/ro\/wp-json\/wp\/v2\/types\/product"}],"replies":[{"embeddable":true,"href":"https:\/\/www.gstarcad.eu\/ro\/wp-json\/wp\/v2\/comments?post=28517"}],"wp:featuredmedia":[{"embeddable":true,"href":"https:\/\/www.gstarcad.eu\/ro\/wp-json\/wp\/v2\/media\/28511"}],"wp:attachment":[{"href":"https:\/\/www.gstarcad.eu\/ro\/wp-json\/wp\/v2\/media?parent=28517"}],"wp:term":[{"taxonomy":"product_brand","embeddable":true,"href":"https:\/\/www.gstarcad.eu\/ro\/wp-json\/wp\/v2\/product_brand?post=28517"},{"taxonomy":"product_cat","embeddable":true,"href":"https:\/\/www.gstarcad.eu\/ro\/wp-json\/wp\/v2\/product_cat?post=28517"},{"taxonomy":"product_tag","embeddable":true,"href":"https:\/\/www.gstarcad.eu\/ro\/wp-json\/wp\/v2\/product_tag?post=28517"}],"curies":[{"name":"wp","href":"https:\/\/api.w.org\/{rel}","templated":true}]}}