{"id":28736,"date":"2023-12-11T13:09:53","date_gmt":"2023-12-11T13:09:53","guid":{"rendered":"https:\/\/www.gstarcad.eu\/restoring-a-license\/"},"modified":"2025-12-03T11:26:47","modified_gmt":"2025-12-03T11:26:47","slug":"restoring-a-license","status":"publish","type":"page","link":"https:\/\/www.gstarcad.eu\/ro\/restoring-a-license\/","title":{"rendered":"Restoring a license"},"content":{"rendered":"\t\t<div data-elementor-type=\"wp-page\" data-elementor-id=\"28736\" class=\"elementor elementor-28736 elementor-16160\">\n\t\t\t\t\t\t<section class=\"elementor-section elementor-top-section elementor-element elementor-element-597ed2d breadkr-page elementor-section-boxed elementor-section-height-default elementor-section-height-default\" data-id=\"597ed2d\" data-element_type=\"section\" data-settings=\"{&quot;background_background&quot;:&quot;classic&quot;}\">\n\t\t\t\t\t\t<div class=\"elementor-container elementor-column-gap-default\">\n\t\t\t\t\t<div class=\"elementor-column elementor-col-100 elementor-top-column elementor-element elementor-element-9e767ed\" data-id=\"9e767ed\" data-element_type=\"column\">\n\t\t\t<div class=\"elementor-widget-wrap elementor-element-populated\">\n\t\t\t\t\t\t<div class=\"elementor-element elementor-element-7bce8ff elementor-widget elementor-widget-heading\" data-id=\"7bce8ff\" data-element_type=\"widget\" data-widget_type=\"heading.default\">\n\t\t\t\t<div class=\"elementor-widget-container\">\n\t\t\t\t\t<span class=\"elementor-heading-title elementor-size-default\"><a href=\"\/pomoc-techniczna\/\">Suport tehnic<\/a> &gt; Re\u00eennoirea licen\u021bei<\/span>\t\t\t\t<\/div>\n\t\t\t\t<\/div>\n\t\t\t\t\t<\/div>\n\t\t<\/div>\n\t\t\t\t\t<\/div>\n\t\t<\/section>\n\t\t\t\t<section class=\"elementor-section elementor-top-section elementor-element elementor-element-39ef5af elementor-section-boxed elementor-section-height-default elementor-section-height-default\" data-id=\"39ef5af\" data-element_type=\"section\" data-settings=\"{&quot;background_background&quot;:&quot;classic&quot;}\">\n\t\t\t\t\t\t<div class=\"elementor-container elementor-column-gap-default\">\n\t\t\t\t\t<div class=\"elementor-column elementor-col-50 elementor-top-column elementor-element elementor-element-98b9460\" data-id=\"98b9460\" data-element_type=\"column\">\n\t\t\t<div class=\"elementor-widget-wrap elementor-element-populated\">\n\t\t\t\t\t\t<div class=\"elementor-element elementor-element-b19c419 elementor-widget elementor-widget-heading\" data-id=\"b19c419\" data-element_type=\"widget\" data-widget_type=\"heading.default\">\n\t\t\t\t<div class=\"elementor-widget-container\">\n\t\t\t\t\t<h4 class=\"elementor-heading-title elementor-size-default\">Restaurarea unei licen\u021be dup\u0103 o defec\u021biune\/distrugere\/pierdere a computerului<\/h4>\t\t\t\t<\/div>\n\t\t\t\t<\/div>\n\t\t\t\t<div class=\"elementor-element elementor-element-75ff20d elementor-widget elementor-widget-text-editor\" data-id=\"75ff20d\" data-element_type=\"widget\" data-widget_type=\"text-editor.default\">\n\t\t\t\t<div class=\"elementor-widget-container\">\n\t\t\t\t\t\t\t\t\t<p>Restaurarea licen\u021bei GstarCAD este posibil\u0103 \u00een cazul unei defec\u021biuni, furt sau modificare a unor componente ale calculatorului. \u00cen cazul format\u0103rii discului sau reinstal\u0103rii sistemului, nu este nevoie s\u0103 utiliza\u021bi aceast\u0103 op\u021biune.<\/p>\t\t\t\t\t\t\t\t<\/div>\n\t\t\t\t<\/div>\n\t\t\t\t<div class=\"elementor-element elementor-element-d5ec36b elementor-widget elementor-widget-heading\" data-id=\"d5ec36b\" data-element_type=\"widget\" data-widget_type=\"heading.default\">\n\t\t\t\t<div class=\"elementor-widget-container\">\n\t\t\t\t\t<h4 class=\"elementor-heading-title elementor-size-default\">Important!<\/h4>\t\t\t\t<\/div>\n\t\t\t\t<\/div>\n\t\t\t\t<div class=\"elementor-element elementor-element-93d8ba5 elementor-widget elementor-widget-text-editor\" data-id=\"93d8ba5\" data-element_type=\"widget\" data-widget_type=\"text-editor.default\">\n\t\t\t\t<div class=\"elementor-widget-container\">\n\t\t\t\t\t\t\t\t\t<p>Dup\u0103 trimiterea formularului de mai jos, dispozitivul pe care a fost utilizat\u0103 licen\u021ba este blocat, iar ID-ul computerului este ad\u0103ugat pe lista neagr\u0103. Acest lucru face imposibil\u0103 \u00eenregistrarea ulterioar\u0103 a aceleia\u0219i licen\u021be sau chiar a unei noi licen\u021be.<\/p><p>Dac\u0103 cererea de blocare a licen\u021bei este trimis\u0103 f\u0103r\u0103 justificare, iar utilizatorul decide apoi s\u0103 elimine blocarea, acest proces va implica o tax\u0103 de 200 PLN net.<\/p>\t\t\t\t\t\t\t\t<\/div>\n\t\t\t\t<\/div>\n\t\t\t\t<div class=\"elementor-element elementor-element-a1deea3 wazne-border-block elementor-widget elementor-widget-heading\" data-id=\"a1deea3\" data-element_type=\"widget\" data-widget_type=\"heading.default\">\n\t\t\t\t<div class=\"elementor-widget-container\">\n\t\t\t\t\t<div class=\"elementor-heading-title elementor-size-default\"><a href=\"\/wp-content\/uploads\/2024\/04\/Wniosek_o_odnowienie_licencji_GstarCAD.doc\" download=\"\">Documentul poate fi desc\u0103rcat AICI<\/a><\/div>\t\t\t\t<\/div>\n\t\t\t\t<\/div>\n\t\t\t\t<div class=\"elementor-element elementor-element-2a53c67 elementor-widget elementor-widget-text-editor\" data-id=\"2a53c67\" data-element_type=\"widget\" data-widget_type=\"text-editor.default\">\n\t\t\t\t<div class=\"elementor-widget-container\">\n\t\t\t\t\t\t\t\t\t<p>Num\u0103rul licen\u021bei se introduce \u00een c\u00e2mpul corespunz\u0103tor versiunii programului pe care o ave\u021bi. Documentul completat \u00een acest mod trebuie \u0219tampilat\/semnat, iar scanarea acestuia trebuie trimis\u0103 la adresa de e-mail <a href=\"mailto:licenses@gstarcad.eu\">licenses@gstarcad.eu<\/a><\/p>\t\t\t\t\t\t\t\t<\/div>\n\t\t\t\t<\/div>\n\t\t\t\t\t<\/div>\n\t\t<\/div>\n\t\t\t\t<div class=\"elementor-column elementor-col-50 elementor-top-column elementor-element elementor-element-413f4e5\" data-id=\"413f4e5\" data-element_type=\"column\">\n\t\t\t<div class=\"elementor-widget-wrap elementor-element-populated\">\n\t\t\t\t\t\t<div class=\"elementor-element elementor-element-50ca673 elementor-widget elementor-widget-image\" data-id=\"50ca673\" data-element_type=\"widget\" data-widget_type=\"image.default\">\n\t\t\t\t<div class=\"elementor-widget-container\">\n\t\t\t\t\t\t\t\t\t\t\t\t\t\t\t<img fetchpriority=\"high\" decoding=\"async\" width=\"753\" height=\"692\" src=\"https:\/\/www.gstarcad.eu\/wp-content\/uploads\/2024\/04\/1.webp\" class=\"attachment-full size-full wp-image-19675\" alt=\"\" srcset=\"https:\/\/www.gstarcad.eu\/wp-content\/uploads\/2024\/04\/1.webp 753w, https:\/\/www.gstarcad.eu\/wp-content\/uploads\/2024\/04\/1-300x276.webp 300w\" sizes=\"(max-width: 753px) 100vw, 753px\" \/>\t\t\t\t\t\t\t\t\t\t\t\t\t\t\t<\/div>\n\t\t\t\t<\/div>\n\t\t\t\t\t<\/div>\n\t\t<\/div>\n\t\t\t\t\t<\/div>\n\t\t<\/section>\n\t\t\t\t<section class=\"elementor-section elementor-top-section elementor-element elementor-element-79bd159 elementor-section-boxed elementor-section-height-default elementor-section-height-default\" data-id=\"79bd159\" data-element_type=\"section\">\n\t\t\t\t\t\t<div class=\"elementor-container elementor-column-gap-default\">\n\t\t\t\t\t<div class=\"elementor-column elementor-col-100 elementor-top-column elementor-element elementor-element-d4baeb5\" data-id=\"d4baeb5\" data-element_type=\"column\">\n\t\t\t<div class=\"elementor-widget-wrap\">\n\t\t\t\t\t\t\t<\/div>\n\t\t<\/div>\n\t\t\t\t\t<\/div>\n\t\t<\/section>\n\t\t\t\t<\/div>\n\t\t","protected":false},"excerpt":{"rendered":"<p>Suport tehnic &gt; Re\u00eennoirea licen\u021bei Restaurarea unei licen\u021be dup\u0103 o defec\u021biune\/distrugere\/pierdere a computerului Restaurarea licen\u021bei GstarCAD este posibil\u0103 \u00een cazul unei defec\u021biuni, furt sau modificare a unor componente ale calculatorului. \u00cen cazul format\u0103rii discului sau reinstal\u0103rii sistemului, nu este nevoie s\u0103 utiliza\u021bi aceast\u0103 op\u021biune. Important! Dup\u0103 trimiterea formularului de mai jos, dispozitivul pe care a [&hellip;]<\/p>\n","protected":false},"author":9,"featured_media":0,"parent":0,"menu_order":0,"comment_status":"closed","ping_status":"closed","template":"","meta":{"inline_featured_image":false,"footnotes":""},"class_list":["post-28736","page","type-page","status-publish","hentry"],"yoast_head":"<!-- This site is optimized with the Yoast SEO plugin v22.2 - https:\/\/yoast.com\/wordpress\/plugins\/seo\/ -->\n<title>Restoring a license - GstarCad<\/title>\n<meta name=\"description\" content=\"Do utworzonego pliku xml potrzebny b\u0119dzie dokument, na podstawie kt\u00f3rego licencja zostanie zresetowana.\" \/>\n<meta name=\"robots\" content=\"index, follow, max-snippet:-1, max-image-preview:large, max-video-preview:-1\" \/>\n<link rel=\"canonical\" href=\"https:\/\/www.gstarcad.eu\/ro\/restoring-a-license\/\" \/>\n<meta property=\"og:locale\" content=\"ro_RO\" \/>\n<meta property=\"og:type\" content=\"article\" \/>\n<meta property=\"og:title\" content=\"Restoring a license - GstarCad\" \/>\n<meta property=\"og:description\" content=\"Do utworzonego pliku xml potrzebny b\u0119dzie dokument, na podstawie kt\u00f3rego licencja zostanie zresetowana.\" \/>\n<meta property=\"og:url\" content=\"https:\/\/www.gstarcad.eu\/ro\/restoring-a-license\/\" \/>\n<meta property=\"og:site_name\" content=\"GstarCad\" \/>\n<meta property=\"article:modified_time\" content=\"2025-12-03T11:26:47+00:00\" \/>\n<meta property=\"og:image\" content=\"https:\/\/www.gstarcad.eu\/wp-content\/uploads\/2024\/04\/1.webp\" \/>\n<meta name=\"twitter:card\" content=\"summary_large_image\" \/>\n<meta name=\"twitter:label1\" content=\"Timp estimat pentru citire\" \/>\n\t<meta name=\"twitter:data1\" content=\"1 minut\" \/>\n<script type=\"application\/ld+json\" class=\"yoast-schema-graph\">{\"@context\":\"https:\/\/schema.org\",\"@graph\":[{\"@type\":\"WebPage\",\"@id\":\"https:\/\/www.gstarcad.eu\/ro\/restoring-a-license\/\",\"url\":\"https:\/\/www.gstarcad.eu\/ro\/restoring-a-license\/\",\"name\":\"Restoring a license - GstarCad\",\"isPartOf\":{\"@id\":\"https:\/\/www.gstarcad.eu\/ro\/#website\"},\"primaryImageOfPage\":{\"@id\":\"https:\/\/www.gstarcad.eu\/ro\/restoring-a-license\/#primaryimage\"},\"image\":{\"@id\":\"https:\/\/www.gstarcad.eu\/ro\/restoring-a-license\/#primaryimage\"},\"thumbnailUrl\":\"https:\/\/www.gstarcad.eu\/wp-content\/uploads\/2024\/04\/1.webp\",\"datePublished\":\"2023-12-11T13:09:53+00:00\",\"dateModified\":\"2025-12-03T11:26:47+00:00\",\"description\":\"Do utworzonego pliku xml potrzebny b\u0119dzie dokument, na podstawie kt\u00f3rego licencja zostanie zresetowana.\",\"breadcrumb\":{\"@id\":\"https:\/\/www.gstarcad.eu\/ro\/restoring-a-license\/#breadcrumb\"},\"inLanguage\":\"ro-RO\",\"potentialAction\":[{\"@type\":\"ReadAction\",\"target\":[\"https:\/\/www.gstarcad.eu\/ro\/restoring-a-license\/\"]}]},{\"@type\":\"ImageObject\",\"inLanguage\":\"ro-RO\",\"@id\":\"https:\/\/www.gstarcad.eu\/ro\/restoring-a-license\/#primaryimage\",\"url\":\"https:\/\/www.gstarcad.eu\/wp-content\/uploads\/2024\/04\/1.webp\",\"contentUrl\":\"https:\/\/www.gstarcad.eu\/wp-content\/uploads\/2024\/04\/1.webp\",\"width\":753,\"height\":692},{\"@type\":\"BreadcrumbList\",\"@id\":\"https:\/\/www.gstarcad.eu\/ro\/restoring-a-license\/#breadcrumb\",\"itemListElement\":[{\"@type\":\"ListItem\",\"position\":1,\"name\":\"Home\",\"item\":\"https:\/\/www.gstarcad.eu\/ro\/\"},{\"@type\":\"ListItem\",\"position\":2,\"name\":\"Restoring a license\"}]},{\"@type\":\"WebSite\",\"@id\":\"https:\/\/www.gstarcad.eu\/ro\/#website\",\"url\":\"https:\/\/www.gstarcad.eu\/ro\/\",\"name\":\"GstarCad\",\"description\":\"\",\"publisher\":{\"@id\":\"https:\/\/www.gstarcad.eu\/ro\/#organization\"},\"potentialAction\":[{\"@type\":\"SearchAction\",\"target\":{\"@type\":\"EntryPoint\",\"urlTemplate\":\"https:\/\/www.gstarcad.eu\/ro\/?s={search_term_string}\"},\"query-input\":\"required name=search_term_string\"}],\"inLanguage\":\"ro-RO\"},{\"@type\":\"Organization\",\"@id\":\"https:\/\/www.gstarcad.eu\/ro\/#organization\",\"name\":\"GstarCad\",\"url\":\"https:\/\/www.gstarcad.eu\/ro\/\",\"logo\":{\"@type\":\"ImageObject\",\"inLanguage\":\"ro-RO\",\"@id\":\"https:\/\/www.gstarcad.eu\/ro\/#\/schema\/logo\/image\/\",\"url\":\"https:\/\/www.gstarcad.eu\/wp-content\/uploads\/2024\/04\/gs-nowe-logo.svg\",\"contentUrl\":\"https:\/\/www.gstarcad.eu\/wp-content\/uploads\/2024\/04\/gs-nowe-logo.svg\",\"width\":169,\"height\":41,\"caption\":\"GstarCad\"},\"image\":{\"@id\":\"https:\/\/www.gstarcad.eu\/ro\/#\/schema\/logo\/image\/\"}}]}<\/script>\n<!-- \/ Yoast SEO plugin. -->","yoast_head_json":{"title":"Restoring a license - GstarCad","description":"Do utworzonego pliku xml potrzebny b\u0119dzie dokument, na podstawie kt\u00f3rego licencja zostanie zresetowana.","robots":{"index":"index","follow":"follow","max-snippet":"max-snippet:-1","max-image-preview":"max-image-preview:large","max-video-preview":"max-video-preview:-1"},"canonical":"https:\/\/www.gstarcad.eu\/ro\/restoring-a-license\/","og_locale":"ro_RO","og_type":"article","og_title":"Restoring a license - GstarCad","og_description":"Do utworzonego pliku xml potrzebny b\u0119dzie dokument, na podstawie kt\u00f3rego licencja zostanie zresetowana.","og_url":"https:\/\/www.gstarcad.eu\/ro\/restoring-a-license\/","og_site_name":"GstarCad","article_modified_time":"2025-12-03T11:26:47+00:00","og_image":[{"url":"https:\/\/www.gstarcad.eu\/wp-content\/uploads\/2024\/04\/1.webp"}],"twitter_card":"summary_large_image","twitter_misc":{"Timp estimat pentru citire":"1 minut"},"schema":{"@context":"https:\/\/schema.org","@graph":[{"@type":"WebPage","@id":"https:\/\/www.gstarcad.eu\/ro\/restoring-a-license\/","url":"https:\/\/www.gstarcad.eu\/ro\/restoring-a-license\/","name":"Restoring a license - GstarCad","isPartOf":{"@id":"https:\/\/www.gstarcad.eu\/ro\/#website"},"primaryImageOfPage":{"@id":"https:\/\/www.gstarcad.eu\/ro\/restoring-a-license\/#primaryimage"},"image":{"@id":"https:\/\/www.gstarcad.eu\/ro\/restoring-a-license\/#primaryimage"},"thumbnailUrl":"https:\/\/www.gstarcad.eu\/wp-content\/uploads\/2024\/04\/1.webp","datePublished":"2023-12-11T13:09:53+00:00","dateModified":"2025-12-03T11:26:47+00:00","description":"Do utworzonego pliku xml potrzebny b\u0119dzie dokument, na podstawie kt\u00f3rego licencja zostanie zresetowana.","breadcrumb":{"@id":"https:\/\/www.gstarcad.eu\/ro\/restoring-a-license\/#breadcrumb"},"inLanguage":"ro-RO","potentialAction":[{"@type":"ReadAction","target":["https:\/\/www.gstarcad.eu\/ro\/restoring-a-license\/"]}]},{"@type":"ImageObject","inLanguage":"ro-RO","@id":"https:\/\/www.gstarcad.eu\/ro\/restoring-a-license\/#primaryimage","url":"https:\/\/www.gstarcad.eu\/wp-content\/uploads\/2024\/04\/1.webp","contentUrl":"https:\/\/www.gstarcad.eu\/wp-content\/uploads\/2024\/04\/1.webp","width":753,"height":692},{"@type":"BreadcrumbList","@id":"https:\/\/www.gstarcad.eu\/ro\/restoring-a-license\/#breadcrumb","itemListElement":[{"@type":"ListItem","position":1,"name":"Home","item":"https:\/\/www.gstarcad.eu\/ro\/"},{"@type":"ListItem","position":2,"name":"Restoring a license"}]},{"@type":"WebSite","@id":"https:\/\/www.gstarcad.eu\/ro\/#website","url":"https:\/\/www.gstarcad.eu\/ro\/","name":"GstarCad","description":"","publisher":{"@id":"https:\/\/www.gstarcad.eu\/ro\/#organization"},"potentialAction":[{"@type":"SearchAction","target":{"@type":"EntryPoint","urlTemplate":"https:\/\/www.gstarcad.eu\/ro\/?s={search_term_string}"},"query-input":"required name=search_term_string"}],"inLanguage":"ro-RO"},{"@type":"Organization","@id":"https:\/\/www.gstarcad.eu\/ro\/#organization","name":"GstarCad","url":"https:\/\/www.gstarcad.eu\/ro\/","logo":{"@type":"ImageObject","inLanguage":"ro-RO","@id":"https:\/\/www.gstarcad.eu\/ro\/#\/schema\/logo\/image\/","url":"https:\/\/www.gstarcad.eu\/wp-content\/uploads\/2024\/04\/gs-nowe-logo.svg","contentUrl":"https:\/\/www.gstarcad.eu\/wp-content\/uploads\/2024\/04\/gs-nowe-logo.svg","width":169,"height":41,"caption":"GstarCad"},"image":{"@id":"https:\/\/www.gstarcad.eu\/ro\/#\/schema\/logo\/image\/"}}]}},"_links":{"self":[{"href":"https:\/\/www.gstarcad.eu\/ro\/wp-json\/wp\/v2\/pages\/28736","targetHints":{"allow":["GET"]}}],"collection":[{"href":"https:\/\/www.gstarcad.eu\/ro\/wp-json\/wp\/v2\/pages"}],"about":[{"href":"https:\/\/www.gstarcad.eu\/ro\/wp-json\/wp\/v2\/types\/page"}],"author":[{"embeddable":true,"href":"https:\/\/www.gstarcad.eu\/ro\/wp-json\/wp\/v2\/users\/9"}],"replies":[{"embeddable":true,"href":"https:\/\/www.gstarcad.eu\/ro\/wp-json\/wp\/v2\/comments?post=28736"}],"version-history":[{"count":7,"href":"https:\/\/www.gstarcad.eu\/ro\/wp-json\/wp\/v2\/pages\/28736\/revisions"}],"predecessor-version":[{"id":29434,"href":"https:\/\/www.gstarcad.eu\/ro\/wp-json\/wp\/v2\/pages\/28736\/revisions\/29434"}],"wp:attachment":[{"href":"https:\/\/www.gstarcad.eu\/ro\/wp-json\/wp\/v2\/media?parent=28736"}],"curies":[{"name":"wp","href":"https:\/\/api.w.org\/{rel}","templated":true}]}}