{"id":28692,"date":"2024-03-12T10:29:39","date_gmt":"2024-03-12T10:29:39","guid":{"rendered":"https:\/\/www.gstarcad.eu\/pomoc-techniczna\/"},"modified":"2025-11-07T09:22:54","modified_gmt":"2025-11-07T09:22:54","slug":"pomoc-techniczna","status":"publish","type":"page","link":"https:\/\/www.gstarcad.eu\/ro\/pomoc-techniczna\/","title":{"rendered":"Suport tehnic"},"content":{"rendered":"\t\t<div data-elementor-type=\"wp-page\" data-elementor-id=\"28692\" class=\"elementor elementor-28692 elementor-18632\">\n\t\t\t\t\t\t<section class=\"elementor-section elementor-top-section elementor-element elementor-element-d090d0a wsparcie-techniczne-top-section elementor-section-boxed elementor-section-height-default elementor-section-height-default\" data-id=\"d090d0a\" data-element_type=\"section\" data-settings=\"{&quot;background_background&quot;:&quot;classic&quot;}\">\n\t\t\t\t\t\t<div class=\"elementor-container elementor-column-gap-default\">\n\t\t\t\t\t<div class=\"elementor-column elementor-col-50 elementor-top-column elementor-element elementor-element-e39e3f6\" data-id=\"e39e3f6\" data-element_type=\"column\">\n\t\t\t<div class=\"elementor-widget-wrap elementor-element-populated\">\n\t\t\t\t\t\t<div class=\"elementor-element elementor-element-8166df4 breadkr-page elementor-widget elementor-widget-heading\" data-id=\"8166df4\" data-element_type=\"widget\" data-widget_type=\"heading.default\">\n\t\t\t\t<div class=\"elementor-widget-container\">\n\t\t\t\t\t<span class=\"elementor-heading-title elementor-size-default\"><a href=\"\/\">Home<\/a> &gt; Suport tehnic<\/span>\t\t\t\t<\/div>\n\t\t\t\t<\/div>\n\t\t\t\t<div class=\"elementor-element elementor-element-8cfbc6a elementor-widget elementor-widget-heading\" data-id=\"8cfbc6a\" data-element_type=\"widget\" data-widget_type=\"heading.default\">\n\t\t\t\t<div class=\"elementor-widget-container\">\n\t\t\t\t\t<h3 class=\"elementor-heading-title elementor-size-default\">Suport tehnic<\/h3>\t\t\t\t<\/div>\n\t\t\t\t<\/div>\n\t\t\t\t<div class=\"elementor-element elementor-element-b1e94f1 elementor-widget elementor-widget-text-editor\" data-id=\"b1e94f1\" data-element_type=\"widget\" data-widget_type=\"text-editor.default\">\n\t\t\t\t<div class=\"elementor-widget-container\">\n\t\t\t\t\t\t\t\t\t<p>Dac\u0103 ave\u021bi nevoie de asisten\u021b\u0103 sau dori\u021bi \u00eendrum\u0103ri legate de software-ul GstarCAD, v\u0103 rug\u0103m s\u0103 ne contacta\u021bi!<\/p>\t\t\t\t\t\t\t\t<\/div>\n\t\t\t\t<\/div>\n\t\t\t\t<div class=\"elementor-element elementor-element-e9c9b5e wt-section-button elementor-widget elementor-widget-html\" data-id=\"e9c9b5e\" data-element_type=\"widget\" data-widget_type=\"html.default\">\n\t\t\t\t<div class=\"elementor-widget-container\">\n\t\t\t\t\t\n<div>\n    <a href=\"\/lt\/susisiekti\/\" id=\"blue-button\">Contact<\/a>\n<\/div>\n\n\n<style>\n    \n.wt-section-button .border-button a {\npadding: 0.7rem 3rem;\n} \n\n.wt-section-button .elementor-widget-container {\n    display: flex;\n    flex-direction: row;\n}\n\n.wt-section-button #blue-button {\n    margin-left: 0.5rem;\n    padding: 0.7rem 3rem;\n    border: 0.2rem solid #001e4d;\n    background: #001e4d;\n}\n\n@media (max-width: 767px) { \n    \n.wt-section-button .elementor-widget-container {\n    display: flex;\n    flex-direction: column;\n}\n\n.wt-section-button #blue-button {\n    margin-left: 0;\n    border: .2rem solid #001e4d;\n    background: #001e4d;\n    margin-top: 25px;\n    display: block;\n    width: 200px;\n    padding: 5px 11px !important;\n    min-width: 200px;\n    text-align: center;\n}\n    \n}\n    \n<\/style>\t\t\t\t<\/div>\n\t\t\t\t<\/div>\n\t\t\t\t\t<\/div>\n\t\t<\/div>\n\t\t\t\t<div class=\"elementor-column elementor-col-50 elementor-top-column elementor-element elementor-element-99aac1e\" data-id=\"99aac1e\" data-element_type=\"column\">\n\t\t\t<div class=\"elementor-widget-wrap\">\n\t\t\t\t\t\t\t<\/div>\n\t\t<\/div>\n\t\t\t\t\t<\/div>\n\t\t<\/section>\n\t\t\t\t<section class=\"elementor-section elementor-top-section elementor-element elementor-element-cd5def2 elementor-section-boxed elementor-section-height-default elementor-section-height-default\" data-id=\"cd5def2\" data-element_type=\"section\">\n\t\t\t\t\t\t<div class=\"elementor-container elementor-column-gap-default\">\n\t\t\t\t\t<div class=\"elementor-column elementor-col-100 elementor-top-column elementor-element elementor-element-ec7055f\" data-id=\"ec7055f\" data-element_type=\"column\">\n\t\t\t<div class=\"elementor-widget-wrap\">\n\t\t\t\t\t\t\t<\/div>\n\t\t<\/div>\n\t\t\t\t\t<\/div>\n\t\t<\/section>\n\t\t\t\t<section class=\"elementor-section elementor-top-section elementor-element elementor-element-08c7bc3 elementor-section-boxed elementor-section-height-default elementor-section-height-default\" data-id=\"08c7bc3\" data-element_type=\"section\" data-settings=\"{&quot;background_background&quot;:&quot;classic&quot;}\">\n\t\t\t\t\t\t<div class=\"elementor-container elementor-column-gap-default\">\n\t\t\t\t\t<div class=\"elementor-column elementor-col-100 elementor-top-column elementor-element elementor-element-8e40a5b\" data-id=\"8e40a5b\" data-element_type=\"column\">\n\t\t\t<div class=\"elementor-widget-wrap elementor-element-populated\">\n\t\t\t\t\t\t<div class=\"elementor-element elementor-element-f1582ae elementor-widget elementor-widget-heading\" data-id=\"f1582ae\" data-element_type=\"widget\" data-widget_type=\"heading.default\">\n\t\t\t\t<div class=\"elementor-widget-container\">\n\t\t\t\t\t<h4 class=\"elementor-heading-title elementor-size-default\">Desc\u0103rca\u021bi, instala\u021bi sau gestiona\u021bi licen\u021ba<\/h4>\t\t\t\t<\/div>\n\t\t\t\t<\/div>\n\t\t\t\t\t<\/div>\n\t\t<\/div>\n\t\t\t\t\t<\/div>\n\t\t<\/section>\n\t\t\t\t<section class=\"elementor-section elementor-top-section elementor-element elementor-element-aed72b0 support-section-text-block elementor-section-boxed elementor-section-height-default elementor-section-height-default\" data-id=\"aed72b0\" data-element_type=\"section\" data-settings=\"{&quot;background_background&quot;:&quot;classic&quot;}\">\n\t\t\t\t\t\t<div class=\"elementor-container elementor-column-gap-default\">\n\t\t\t\t\t<div class=\"elementor-column elementor-col-33 elementor-top-column elementor-element elementor-element-75a0052\" data-id=\"75a0052\" data-element_type=\"column\">\n\t\t\t<div class=\"elementor-widget-wrap elementor-element-populated\">\n\t\t\t\t\t\t<div class=\"elementor-element elementor-element-d2a0a71 elementor-widget elementor-widget-heading\" data-id=\"d2a0a71\" data-element_type=\"widget\" data-widget_type=\"heading.default\">\n\t\t\t\t<div class=\"elementor-widget-container\">\n\t\t\t\t\t<p class=\"elementor-heading-title elementor-size-default\"><a href=\"\/ro\/download\/\">Desc\u0103rca\u021bi demonstra\u021bia<\/a><\/p>\t\t\t\t<\/div>\n\t\t\t\t<\/div>\n\t\t\t\t<div class=\"elementor-element elementor-element-b3824fc elementor-widget elementor-widget-heading\" data-id=\"b3824fc\" data-element_type=\"widget\" data-widget_type=\"heading.default\">\n\t\t\t\t<div class=\"elementor-widget-container\">\n\t\t\t\t\t<p class=\"elementor-heading-title elementor-size-default\"><a href=\"\/ro\/poprzednie-wersje-gstarcad\/\">Desc\u0103rca\u021bi versiunile anterioare ale programului<\/a><\/p>\t\t\t\t<\/div>\n\t\t\t\t<\/div>\n\t\t\t\t<div class=\"elementor-element elementor-element-8f222ec elementor-widget elementor-widget-heading\" data-id=\"8f222ec\" data-element_type=\"widget\" data-widget_type=\"heading.default\">\n\t\t\t\t<div class=\"elementor-widget-container\">\n\t\t\t\t\t<p class=\"elementor-heading-title elementor-size-default\"><a href=\"\/ro\/instrukcja-instalacji-programu\/\">Instruc\u021biuni de instalare a programului<\/a><\/p>\t\t\t\t<\/div>\n\t\t\t\t<\/div>\n\t\t\t\t<div class=\"elementor-element elementor-element-80ba78b elementor-widget elementor-widget-heading\" data-id=\"80ba78b\" data-element_type=\"widget\" data-widget_type=\"heading.default\">\n\t\t\t\t<div class=\"elementor-widget-container\">\n\t\t\t\t\t<p class=\"elementor-heading-title elementor-size-default\"><a href=\"\/ro\/pobierz-podrecznik\/\">Desc\u0103rca\u021bi manualul programului<\/a><\/p>\t\t\t\t<\/div>\n\t\t\t\t<\/div>\n\t\t\t\t\t<\/div>\n\t\t<\/div>\n\t\t\t\t<div class=\"elementor-column elementor-col-33 elementor-top-column elementor-element elementor-element-aa02140\" data-id=\"aa02140\" data-element_type=\"column\">\n\t\t\t<div class=\"elementor-widget-wrap elementor-element-populated\">\n\t\t\t\t\t\t<div class=\"elementor-element elementor-element-1cf3fff elementor-widget elementor-widget-heading\" data-id=\"1cf3fff\" data-element_type=\"widget\" data-widget_type=\"heading.default\">\n\t\t\t\t<div class=\"elementor-widget-container\">\n\t\t\t\t\t<p class=\"elementor-heading-title elementor-size-default\"><a href=\"\/ro\/rejestracja-licencji\/\">Activarea licen\u021bei<\/a><\/p>\t\t\t\t<\/div>\n\t\t\t\t<\/div>\n\t\t\t\t<div class=\"elementor-element elementor-element-573ebfa elementor-widget elementor-widget-heading\" data-id=\"573ebfa\" data-element_type=\"widget\" data-widget_type=\"heading.default\">\n\t\t\t\t<div class=\"elementor-widget-container\">\n\t\t\t\t\t<p class=\"elementor-heading-title elementor-size-default\"><a href=\"\/ro\/zwrot-licencji\/\">Returnarea\/Transferul licen\u021bei<\/a><\/p>\t\t\t\t<\/div>\n\t\t\t\t<\/div>\n\t\t\t\t<div class=\"elementor-element elementor-element-d9b6837 elementor-widget elementor-widget-heading\" data-id=\"d9b6837\" data-element_type=\"widget\" data-widget_type=\"heading.default\">\n\t\t\t\t<div class=\"elementor-widget-container\">\n\t\t\t\t\t<p class=\"elementor-heading-title elementor-size-default\"><a href=\"\/ro\/odnowienie-licencji\/\">Re\u00eennoirea licen\u021bei<\/a><\/p>\t\t\t\t<\/div>\n\t\t\t\t<\/div>\n\t\t\t\t<div class=\"elementor-element elementor-element-68cb4b8 elementor-widget elementor-widget-heading\" data-id=\"68cb4b8\" data-element_type=\"widget\" data-widget_type=\"heading.default\">\n\t\t\t\t<div class=\"elementor-widget-container\">\n\t\t\t\t\t<p class=\"elementor-heading-title elementor-size-default\"><a href=\"\/ro\/aktualizacja-licencji\/\">Actualizare licen\u021b\u0103<\/a><\/p>\t\t\t\t<\/div>\n\t\t\t\t<\/div>\n\t\t\t\t\t<\/div>\n\t\t<\/div>\n\t\t\t\t<div class=\"elementor-column elementor-col-33 elementor-top-column elementor-element elementor-element-97f9a63\" data-id=\"97f9a63\" data-element_type=\"column\">\n\t\t\t<div class=\"elementor-widget-wrap\">\n\t\t\t\t\t\t\t<\/div>\n\t\t<\/div>\n\t\t\t\t\t<\/div>\n\t\t<\/section>\n\t\t\t\t<section class=\"elementor-section elementor-top-section elementor-element elementor-element-337ec2f elementor-section-boxed elementor-section-height-default elementor-section-height-default\" data-id=\"337ec2f\" data-element_type=\"section\">\n\t\t\t\t\t\t<div class=\"elementor-container elementor-column-gap-default\">\n\t\t\t\t\t<div class=\"elementor-column elementor-col-100 elementor-top-column elementor-element elementor-element-e5be34e\" data-id=\"e5be34e\" data-element_type=\"column\">\n\t\t\t<div class=\"elementor-widget-wrap elementor-element-populated\">\n\t\t\t\t\t\t<div class=\"elementor-element elementor-element-509a1a8 elementor-widget elementor-widget-html\" data-id=\"509a1a8\" data-element_type=\"widget\" data-widget_type=\"html.default\">\n\t\t\t\t<div class=\"elementor-widget-container\">\n\t\t\t\t\t<script>(function(w, d) { w.CollectId = \"6644a6451063215eaa11ec53\"; var h = d.head || d.getElementsByTagName(\"head\")[0]; var s = d.createElement(\"script\"); s.setAttribute(\"type\", \"text\/javascript\"); s.async=true; s.setAttribute(\"src\", \"https:\/\/collectcdn.com\/launcher.js\"); h.appendChild(s); })(window, document);<\/script>\t\t\t\t<\/div>\n\t\t\t\t<\/div>\n\t\t\t\t\t<\/div>\n\t\t<\/div>\n\t\t\t\t\t<\/div>\n\t\t<\/section>\n\t\t\t\t<\/div>\n\t\t","protected":false},"excerpt":{"rendered":"<p>Home &gt; Suport tehnic Suport tehnic Dac\u0103 ave\u021bi nevoie de asisten\u021b\u0103 sau dori\u021bi \u00eendrum\u0103ri legate de software-ul GstarCAD, v\u0103 rug\u0103m s\u0103 ne contacta\u021bi! Contact Desc\u0103rca\u021bi, instala\u021bi sau gestiona\u021bi licen\u021ba Desc\u0103rca\u021bi demonstra\u021bia Desc\u0103rca\u021bi versiunile anterioare ale programului Instruc\u021biuni de instalare a programului Desc\u0103rca\u021bi manualul programului Activarea licen\u021bei Returnarea\/Transferul licen\u021bei Re\u00eennoirea licen\u021bei Actualizare licen\u021b\u0103<\/p>\n","protected":false},"author":9,"featured_media":0,"parent":0,"menu_order":0,"comment_status":"closed","ping_status":"closed","template":"","meta":{"inline_featured_image":false,"footnotes":""},"class_list":["post-28692","page","type-page","status-publish","hentry"],"yoast_head":"<!-- This site is optimized with the Yoast SEO plugin v22.2 - https:\/\/yoast.com\/wordpress\/plugins\/seo\/ -->\n<title>Suport tehnic - GstarCad<\/title>\n<meta name=\"robots\" content=\"index, follow, max-snippet:-1, max-image-preview:large, max-video-preview:-1\" \/>\n<link rel=\"canonical\" href=\"https:\/\/www.gstarcad.eu\/ro\/pomoc-techniczna\/\" \/>\n<meta property=\"og:locale\" content=\"ro_RO\" \/>\n<meta property=\"og:type\" content=\"article\" \/>\n<meta property=\"og:title\" content=\"Suport tehnic - GstarCad\" \/>\n<meta property=\"og:description\" content=\"Home &gt; Suport tehnic Suport tehnic Dac\u0103 ave\u021bi nevoie de asisten\u021b\u0103 sau dori\u021bi \u00eendrum\u0103ri legate de software-ul GstarCAD, v\u0103 rug\u0103m s\u0103 ne contacta\u021bi! Contact Desc\u0103rca\u021bi, instala\u021bi sau gestiona\u021bi licen\u021ba Desc\u0103rca\u021bi demonstra\u021bia Desc\u0103rca\u021bi versiunile anterioare ale programului Instruc\u021biuni de instalare a programului Desc\u0103rca\u021bi manualul programului Activarea licen\u021bei Returnarea\/Transferul licen\u021bei Re\u00eennoirea licen\u021bei Actualizare licen\u021b\u0103\" \/>\n<meta property=\"og:url\" content=\"https:\/\/www.gstarcad.eu\/ro\/pomoc-techniczna\/\" \/>\n<meta property=\"og:site_name\" content=\"GstarCad\" \/>\n<meta property=\"article:modified_time\" content=\"2025-11-07T09:22:54+00:00\" \/>\n<meta name=\"twitter:card\" content=\"summary_large_image\" \/>\n<meta name=\"twitter:label1\" content=\"Timp estimat pentru citire\" \/>\n\t<meta name=\"twitter:data1\" content=\"1 minut\" \/>\n<script type=\"application\/ld+json\" class=\"yoast-schema-graph\">{\"@context\":\"https:\/\/schema.org\",\"@graph\":[{\"@type\":\"WebPage\",\"@id\":\"https:\/\/www.gstarcad.eu\/ro\/pomoc-techniczna\/\",\"url\":\"https:\/\/www.gstarcad.eu\/ro\/pomoc-techniczna\/\",\"name\":\"Suport tehnic - GstarCad\",\"isPartOf\":{\"@id\":\"https:\/\/www.gstarcad.eu\/ro\/#website\"},\"datePublished\":\"2024-03-12T10:29:39+00:00\",\"dateModified\":\"2025-11-07T09:22:54+00:00\",\"breadcrumb\":{\"@id\":\"https:\/\/www.gstarcad.eu\/ro\/pomoc-techniczna\/#breadcrumb\"},\"inLanguage\":\"ro-RO\",\"potentialAction\":[{\"@type\":\"ReadAction\",\"target\":[\"https:\/\/www.gstarcad.eu\/ro\/pomoc-techniczna\/\"]}]},{\"@type\":\"BreadcrumbList\",\"@id\":\"https:\/\/www.gstarcad.eu\/ro\/pomoc-techniczna\/#breadcrumb\",\"itemListElement\":[{\"@type\":\"ListItem\",\"position\":1,\"name\":\"Home\",\"item\":\"https:\/\/www.gstarcad.eu\/ro\/\"},{\"@type\":\"ListItem\",\"position\":2,\"name\":\"Suport tehnic\"}]},{\"@type\":\"WebSite\",\"@id\":\"https:\/\/www.gstarcad.eu\/ro\/#website\",\"url\":\"https:\/\/www.gstarcad.eu\/ro\/\",\"name\":\"GstarCad\",\"description\":\"\",\"publisher\":{\"@id\":\"https:\/\/www.gstarcad.eu\/ro\/#organization\"},\"potentialAction\":[{\"@type\":\"SearchAction\",\"target\":{\"@type\":\"EntryPoint\",\"urlTemplate\":\"https:\/\/www.gstarcad.eu\/ro\/?s={search_term_string}\"},\"query-input\":\"required name=search_term_string\"}],\"inLanguage\":\"ro-RO\"},{\"@type\":\"Organization\",\"@id\":\"https:\/\/www.gstarcad.eu\/ro\/#organization\",\"name\":\"GstarCad\",\"url\":\"https:\/\/www.gstarcad.eu\/ro\/\",\"logo\":{\"@type\":\"ImageObject\",\"inLanguage\":\"ro-RO\",\"@id\":\"https:\/\/www.gstarcad.eu\/ro\/#\/schema\/logo\/image\/\",\"url\":\"https:\/\/www.gstarcad.eu\/wp-content\/uploads\/2024\/04\/gs-nowe-logo.svg\",\"contentUrl\":\"https:\/\/www.gstarcad.eu\/wp-content\/uploads\/2024\/04\/gs-nowe-logo.svg\",\"width\":169,\"height\":41,\"caption\":\"GstarCad\"},\"image\":{\"@id\":\"https:\/\/www.gstarcad.eu\/ro\/#\/schema\/logo\/image\/\"}}]}<\/script>\n<!-- \/ Yoast SEO plugin. -->","yoast_head_json":{"title":"Suport tehnic - GstarCad","robots":{"index":"index","follow":"follow","max-snippet":"max-snippet:-1","max-image-preview":"max-image-preview:large","max-video-preview":"max-video-preview:-1"},"canonical":"https:\/\/www.gstarcad.eu\/ro\/pomoc-techniczna\/","og_locale":"ro_RO","og_type":"article","og_title":"Suport tehnic - GstarCad","og_description":"Home &gt; Suport tehnic Suport tehnic Dac\u0103 ave\u021bi nevoie de asisten\u021b\u0103 sau dori\u021bi \u00eendrum\u0103ri legate de software-ul GstarCAD, v\u0103 rug\u0103m s\u0103 ne contacta\u021bi! Contact Desc\u0103rca\u021bi, instala\u021bi sau gestiona\u021bi licen\u021ba Desc\u0103rca\u021bi demonstra\u021bia Desc\u0103rca\u021bi versiunile anterioare ale programului Instruc\u021biuni de instalare a programului Desc\u0103rca\u021bi manualul programului Activarea licen\u021bei Returnarea\/Transferul licen\u021bei Re\u00eennoirea licen\u021bei Actualizare licen\u021b\u0103","og_url":"https:\/\/www.gstarcad.eu\/ro\/pomoc-techniczna\/","og_site_name":"GstarCad","article_modified_time":"2025-11-07T09:22:54+00:00","twitter_card":"summary_large_image","twitter_misc":{"Timp estimat pentru citire":"1 minut"},"schema":{"@context":"https:\/\/schema.org","@graph":[{"@type":"WebPage","@id":"https:\/\/www.gstarcad.eu\/ro\/pomoc-techniczna\/","url":"https:\/\/www.gstarcad.eu\/ro\/pomoc-techniczna\/","name":"Suport tehnic - GstarCad","isPartOf":{"@id":"https:\/\/www.gstarcad.eu\/ro\/#website"},"datePublished":"2024-03-12T10:29:39+00:00","dateModified":"2025-11-07T09:22:54+00:00","breadcrumb":{"@id":"https:\/\/www.gstarcad.eu\/ro\/pomoc-techniczna\/#breadcrumb"},"inLanguage":"ro-RO","potentialAction":[{"@type":"ReadAction","target":["https:\/\/www.gstarcad.eu\/ro\/pomoc-techniczna\/"]}]},{"@type":"BreadcrumbList","@id":"https:\/\/www.gstarcad.eu\/ro\/pomoc-techniczna\/#breadcrumb","itemListElement":[{"@type":"ListItem","position":1,"name":"Home","item":"https:\/\/www.gstarcad.eu\/ro\/"},{"@type":"ListItem","position":2,"name":"Suport tehnic"}]},{"@type":"WebSite","@id":"https:\/\/www.gstarcad.eu\/ro\/#website","url":"https:\/\/www.gstarcad.eu\/ro\/","name":"GstarCad","description":"","publisher":{"@id":"https:\/\/www.gstarcad.eu\/ro\/#organization"},"potentialAction":[{"@type":"SearchAction","target":{"@type":"EntryPoint","urlTemplate":"https:\/\/www.gstarcad.eu\/ro\/?s={search_term_string}"},"query-input":"required name=search_term_string"}],"inLanguage":"ro-RO"},{"@type":"Organization","@id":"https:\/\/www.gstarcad.eu\/ro\/#organization","name":"GstarCad","url":"https:\/\/www.gstarcad.eu\/ro\/","logo":{"@type":"ImageObject","inLanguage":"ro-RO","@id":"https:\/\/www.gstarcad.eu\/ro\/#\/schema\/logo\/image\/","url":"https:\/\/www.gstarcad.eu\/wp-content\/uploads\/2024\/04\/gs-nowe-logo.svg","contentUrl":"https:\/\/www.gstarcad.eu\/wp-content\/uploads\/2024\/04\/gs-nowe-logo.svg","width":169,"height":41,"caption":"GstarCad"},"image":{"@id":"https:\/\/www.gstarcad.eu\/ro\/#\/schema\/logo\/image\/"}}]}},"_links":{"self":[{"href":"https:\/\/www.gstarcad.eu\/ro\/wp-json\/wp\/v2\/pages\/28692","targetHints":{"allow":["GET"]}}],"collection":[{"href":"https:\/\/www.gstarcad.eu\/ro\/wp-json\/wp\/v2\/pages"}],"about":[{"href":"https:\/\/www.gstarcad.eu\/ro\/wp-json\/wp\/v2\/types\/page"}],"author":[{"embeddable":true,"href":"https:\/\/www.gstarcad.eu\/ro\/wp-json\/wp\/v2\/users\/9"}],"replies":[{"embeddable":true,"href":"https:\/\/www.gstarcad.eu\/ro\/wp-json\/wp\/v2\/comments?post=28692"}],"version-history":[{"count":10,"href":"https:\/\/www.gstarcad.eu\/ro\/wp-json\/wp\/v2\/pages\/28692\/revisions"}],"predecessor-version":[{"id":28959,"href":"https:\/\/www.gstarcad.eu\/ro\/wp-json\/wp\/v2\/pages\/28692\/revisions\/28959"}],"wp:attachment":[{"href":"https:\/\/www.gstarcad.eu\/ro\/wp-json\/wp\/v2\/media?parent=28692"}],"curies":[{"name":"wp","href":"https:\/\/api.w.org\/{rel}","templated":true}]}}