{"id":27929,"date":"2023-12-11T11:05:27","date_gmt":"2023-12-11T11:05:27","guid":{"rendered":"https:\/\/www.gstarcad.eu\/zwrot-licencji\/"},"modified":"2025-12-03T11:23:35","modified_gmt":"2025-12-03T11:23:35","slug":"zwrot-licencji","status":"publish","type":"page","link":"https:\/\/www.gstarcad.eu\/ro\/zwrot-licencji\/","title":{"rendered":"Returnarea licen\u021bei"},"content":{"rendered":"\t\t<div data-elementor-type=\"wp-page\" data-elementor-id=\"27929\" class=\"elementor elementor-27929 elementor-16124\">\n\t\t\t\t\t\t<section class=\"elementor-section elementor-top-section elementor-element elementor-element-b219f7d breadkr-page elementor-section-boxed elementor-section-height-default elementor-section-height-default\" data-id=\"b219f7d\" data-element_type=\"section\" data-settings=\"{&quot;background_background&quot;:&quot;classic&quot;}\">\n\t\t\t\t\t\t<div class=\"elementor-container elementor-column-gap-default\">\n\t\t\t\t\t<div class=\"elementor-column elementor-col-100 elementor-top-column elementor-element elementor-element-b02b66c\" data-id=\"b02b66c\" data-element_type=\"column\">\n\t\t\t<div class=\"elementor-widget-wrap elementor-element-populated\">\n\t\t\t\t\t\t<div class=\"elementor-element elementor-element-cfb1a93 elementor-widget elementor-widget-heading\" data-id=\"cfb1a93\" data-element_type=\"widget\" data-widget_type=\"heading.default\">\n\t\t\t\t<div class=\"elementor-widget-container\">\n\t\t\t\t\t<span class=\"elementor-heading-title elementor-size-default\"><a href=\"\/zarzadzanie-licencjami-i-oprogramowaniem\/\">Zona de cuno\u0219tin\u021be<\/a> &gt; Returnarea licen\u021bei<\/span>\t\t\t\t<\/div>\n\t\t\t\t<\/div>\n\t\t\t\t\t<\/div>\n\t\t<\/div>\n\t\t\t\t\t<\/div>\n\t\t<\/section>\n\t\t\t\t<section class=\"elementor-section elementor-top-section elementor-element elementor-element-60dde0c elementor-section-boxed elementor-section-height-default elementor-section-height-default\" data-id=\"60dde0c\" data-element_type=\"section\" data-settings=\"{&quot;background_background&quot;:&quot;classic&quot;}\">\n\t\t\t\t\t\t<div class=\"elementor-container elementor-column-gap-default\">\n\t\t\t\t\t<div class=\"elementor-column elementor-col-100 elementor-top-column elementor-element elementor-element-c178fc4\" data-id=\"c178fc4\" data-element_type=\"column\">\n\t\t\t<div class=\"elementor-widget-wrap elementor-element-populated\">\n\t\t\t\t\t\t<div class=\"elementor-element elementor-element-5920ad0 elementor-widget elementor-widget-heading\" data-id=\"5920ad0\" data-element_type=\"widget\" data-widget_type=\"heading.default\">\n\t\t\t\t<div class=\"elementor-widget-container\">\n\t\t\t\t\t<h3 class=\"elementor-heading-title elementor-size-default\">Returnarea licen\u021bei<\/h3>\t\t\t\t<\/div>\n\t\t\t\t<\/div>\n\t\t\t\t\t<\/div>\n\t\t<\/div>\n\t\t\t\t\t<\/div>\n\t\t<\/section>\n\t\t\t\t<section class=\"elementor-section elementor-top-section elementor-element elementor-element-cade33f elementor-hidden-tablet elementor-hidden-mobile elementor-section-boxed elementor-section-height-default elementor-section-height-default\" data-id=\"cade33f\" data-element_type=\"section\" data-settings=\"{&quot;background_background&quot;:&quot;classic&quot;}\">\n\t\t\t\t\t\t<div class=\"elementor-container elementor-column-gap-default\">\n\t\t\t\t\t<div class=\"elementor-column elementor-col-100 elementor-top-column elementor-element elementor-element-460c491\" data-id=\"460c491\" data-element_type=\"column\">\n\t\t\t<div class=\"elementor-widget-wrap elementor-element-populated\">\n\t\t\t\t\t\t<div class=\"elementor-element elementor-element-8e81e19 elementor-tabs-view-vertical tab-gs elementor-widget elementor-widget-tabs\" data-id=\"8e81e19\" data-element_type=\"widget\" data-widget_type=\"tabs.default\">\n\t\t\t\t<div class=\"elementor-widget-container\">\n\t\t\t\t\t\t\t<div class=\"elementor-tabs\">\n\t\t\t<div class=\"elementor-tabs-wrapper\" role=\"tablist\" >\n\t\t\t\t\t\t\t\t\t<div id=\"elementor-tab-title-1491\" class=\"elementor-tab-title elementor-tab-desktop-title\" aria-selected=\"true\" data-tab=\"1\" role=\"tab\" tabindex=\"0\" aria-controls=\"elementor-tab-content-1491\" aria-expanded=\"false\">GstarCAD 2024<\/div>\n\t\t\t\t\t\t\t\t\t<div id=\"elementor-tab-title-1492\" class=\"elementor-tab-title elementor-tab-desktop-title\" aria-selected=\"false\" data-tab=\"2\" role=\"tab\" tabindex=\"-1\" aria-controls=\"elementor-tab-content-1492\" aria-expanded=\"false\">GstarCAD 2023<\/div>\n\t\t\t\t\t\t\t\t\t<div id=\"elementor-tab-title-1493\" class=\"elementor-tab-title elementor-tab-desktop-title\" aria-selected=\"false\" data-tab=\"3\" role=\"tab\" tabindex=\"-1\" aria-controls=\"elementor-tab-content-1493\" aria-expanded=\"false\">GstarCAD 2018-2022<\/div>\n\t\t\t\t\t\t\t<\/div>\n\t\t\t<div class=\"elementor-tabs-content-wrapper\" role=\"tablist\" aria-orientation=\"vertical\">\n\t\t\t\t\t\t\t\t\t<div class=\"elementor-tab-title elementor-tab-mobile-title\" aria-selected=\"true\" data-tab=\"1\" role=\"tab\" tabindex=\"0\" aria-controls=\"elementor-tab-content-1491\" aria-expanded=\"false\">GstarCAD 2024<\/div>\n\t\t\t\t\t<div id=\"elementor-tab-content-1491\" class=\"elementor-tab-content elementor-clearfix\" data-tab=\"1\" role=\"tabpanel\" aria-labelledby=\"elementor-tab-title-1491\" tabindex=\"0\" hidden=\"false\"><h3 data-start=\"41\" data-end=\"94\"><strong data-start=\"45\" data-end=\"94\">GstarCAD 2024: Returnarea Automat\u0103 a Licen\u021bei<\/strong><\/h3><p data-start=\"96\" data-end=\"218\">Returnarea automat\u0103 a licen\u021bei \u00een GstarCAD 2024 este un proces simplu \u0219i rapid. Mai jos g\u0103se\u0219ti instruc\u021biunile pas cu pas:<\/p><p data-start=\"220\" data-end=\"651\"><strong data-start=\"220\" data-end=\"245\">Pornirea programului:<\/strong> Deschide GstarCAD 2024.<br data-start=\"269\" data-end=\"272\" \/><strong data-start=\"272\" data-end=\"299\">Accesarea filei \u201eHELP\u201d:<\/strong> F\u0103 clic pe fila <strong data-start=\"316\" data-end=\"326\">\u201eHELP\u201d<\/strong> \u0219i selecteaz\u0103 op\u021biunea <strong data-start=\"350\" data-end=\"368\">\u201eREGISTRATION\u201d<\/strong>.<br data-start=\"369\" data-end=\"372\" \/><strong data-start=\"372\" data-end=\"396\">Returnarea licen\u021bei:<\/strong> \u00cen noua fereastr\u0103 <strong data-start=\"415\" data-end=\"435\">\u201eLICENSE RETURN\u201d<\/strong>, selecteaz\u0103 licen\u021ba pe care dore\u0219ti s\u0103 o returnezi din tabel \u0219i confirm\u0103 ap\u0103s\u00e2nd butonul <strong data-start=\"525\" data-end=\"537\">\u201eRETURN\u201d<\/strong>.<br data-start=\"538\" data-end=\"541\" \/><strong data-start=\"541\" data-end=\"575\">Activare pe un alt dispozitiv:<\/strong> Dup\u0103 \u00eenchiderea programului, vei putea activa licen\u021ba pe un nou dispozitiv.<\/p><p data-start=\"653\" data-end=\"750\">Datorit\u0103 acestor pa\u0219i simpli, gestionarea licen\u021belor \u00een GstarCAD 2024 devine u\u0219oar\u0103 \u0219i eficient\u0103.<\/p><p data-start=\"752\" data-end=\"804\"><a href=\"https:\/\/www.youtube.com\/watch?v=7YcIttLSAIM\"><strong>Vezi tutorialul video pentru instruc\u021biuni detaliate.<\/strong><\/a><\/p><hr data-start=\"806\" data-end=\"809\" \/><h3 data-start=\"811\" data-end=\"863\"><strong data-start=\"815\" data-end=\"863\">GstarCAD 2024: Returnarea Manual\u0103 a Licen\u021bei<\/strong><\/h3><p data-start=\"865\" data-end=\"1455\"><strong data-start=\"865\" data-end=\"890\">Pornirea programului:<\/strong> Deschide GstarCAD 2024.<br data-start=\"914\" data-end=\"917\" \/><strong data-start=\"917\" data-end=\"944\">Accesarea filei \u201eHELP\u201d:<\/strong> F\u0103 clic pe <strong data-start=\"956\" data-end=\"966\">\u201eHELP\u201d<\/strong> \u0219i apoi selecteaz\u0103 <strong data-start=\"986\" data-end=\"1004\">\u201eREGISTRATION\u201d<\/strong>.<br data-start=\"1005\" data-end=\"1008\" \/><strong data-start=\"1008\" data-end=\"1032\">Returnarea licen\u021bei:<\/strong> \u00cen fereastra afi\u0219at\u0103, selecteaz\u0103 <strong data-start=\"1066\" data-end=\"1086\">\u201eLICENSE RETURN\u201d<\/strong>, apoi <strong data-start=\"1093\" data-end=\"1112\">\u201eMANUAL RETURN\u201d<\/strong>. Indic\u0103 licen\u021ba care trebuie returnat\u0103 \u0219i genereaz\u0103 un fi\u0219ier <strong data-start=\"1175\" data-end=\"1183\">.xml<\/strong>, care va permite deconectarea licen\u021bei prin intermediul site-ului GstarCAD Licensing System.<br data-start=\"1276\" data-end=\"1279\" \/><strong data-start=\"1279\" data-end=\"1320\">Autentificare \u0219i importul fi\u0219ierelor:<\/strong> Autentific\u0103-te pe site folosind num\u0103rul licen\u021bei, import\u0103 fi\u0219ierul <strong data-start=\"1388\" data-end=\"1396\">.xml<\/strong> generat anterior, iar apoi fi\u0219ierul <strong data-start=\"1433\" data-end=\"1441\" data-is-only-node=\"\">.xml<\/strong> de returnare.<\/p><p data-start=\"1457\" data-end=\"1553\">Cu ajutorul acestor pa\u0219i, returnarea manual\u0103 a licen\u021bei devine simpl\u0103 \u0219i lipsit\u0103 de complica\u021bii.<\/p><p data-start=\"1555\" data-end=\"1607\"><a href=\"https:\/\/www.youtube.com\/watch?v=ogKdNd0adcI\"><strong>Vezi tutorialul video pentru instruc\u021biuni detaliate.<\/strong><\/a><\/p><\/div>\n\t\t\t\t\t\t\t\t\t<div class=\"elementor-tab-title elementor-tab-mobile-title\" aria-selected=\"false\" data-tab=\"2\" role=\"tab\" tabindex=\"-1\" aria-controls=\"elementor-tab-content-1492\" aria-expanded=\"false\">GstarCAD 2023<\/div>\n\t\t\t\t\t<div id=\"elementor-tab-content-1492\" class=\"elementor-tab-content elementor-clearfix\" data-tab=\"2\" role=\"tabpanel\" aria-labelledby=\"elementor-tab-title-1492\" tabindex=\"0\" hidden=\"hidden\"><h3><b>GstarCAD 2023<\/b><\/h3><p><span style=\"font-weight: 400;\">Returnarea online a licen\u021bei GstarCAD<\/span><span style=\"font-weight: 400;\"><br \/><\/span><span style=\"font-weight: 400;\">Pentru a returna licen\u021ba GstarCAD online, accesa\u021bi:<\/span><span style=\"font-weight: 400;\"><br \/><\/span><span style=\"font-weight: 400;\">HELP \u2192 REGISTER \u2192 RETURN LICENSE (R) \u2192 ONLINE RETURN (O) \u2192 RETURN<\/span><\/p><p><img fetchpriority=\"high\" decoding=\"async\" class=\"aligncenter wp-image-19767 size-full\" src=\"https:\/\/new.tmsys.pl\/wp-content\/uploads\/2024\/04\/xScreenshot_1.png.pagespeed.ic_.Kz_iuqcZDc.webp\" alt=\"\" width=\"787\" height=\"506\" srcset=\"https:\/\/www.gstarcad.eu\/wp-content\/uploads\/2024\/04\/xScreenshot_1.png.pagespeed.ic_.Kz_iuqcZDc.webp 787w, https:\/\/www.gstarcad.eu\/wp-content\/uploads\/2024\/04\/xScreenshot_1.png.pagespeed.ic_.Kz_iuqcZDc-300x193.webp 300w, https:\/\/www.gstarcad.eu\/wp-content\/uploads\/2024\/04\/xScreenshot_1.png.pagespeed.ic_.Kz_iuqcZDc-768x494.webp 768w\" sizes=\"(max-width: 787px) 100vw, 787px\" \/><\/p><p>Returnarea licen\u021bei este utilizat\u0103 pentru a elibera licen\u021ba de pe computer \u0219i permite transferul licen\u021bei de la un loc de munc\u0103 la altul.<\/p><h3>Returnare licen\u021b\u0103 GstarCAD Offline<\/h3><p>Pentru a returna licen\u021ba GstarCAD Offline, trebuie:<br \/>1. Accesa\u021bi fila AJUTOR -&gt; \u00ceNREGISTRARE -&gt; RETURNARE LICEN\u021a\u0102 (R) -&gt; RETURNARE MANUAL\u0102 (M)<br \/>2. Genera\u021bi un fi\u0219ier return.xml<br \/>3. \u00cenc\u0103rca\u021bi fi\u0219ierul return.xml pe https:\/\/license.gstarcad.net<br \/>4. \u00cenc\u0103rca\u021bi fi\u0219ierul de returnare \u0219i ap\u0103sa\u021bi butonul &#8211; RETURN<\/p><p><img decoding=\"async\" width=\"767\" height=\"491\" class=\"size-medium wp-image-16133 aligncenter\" src=\"https:\/\/new.tmsys.pl\/wp-content\/uploads\/2023\/12\/Screenshot_2-1.png\" alt=\"\" srcset=\"https:\/\/www.gstarcad.eu\/wp-content\/uploads\/2023\/12\/Screenshot_2-1.png 767w, https:\/\/www.gstarcad.eu\/wp-content\/uploads\/2023\/12\/Screenshot_2-1-300x192.png 300w\" sizes=\"(max-width: 767px) 100vw, 767px\" \/><\/p><p>Predarea licen\u021bei serve\u0219te la eliberarea licen\u021bei din sta\u021bie \u0219i permite transferul licen\u021bei dintr-o pozi\u021bie \u00een alta.<\/p><\/div>\n\t\t\t\t\t\t\t\t\t<div class=\"elementor-tab-title elementor-tab-mobile-title\" aria-selected=\"false\" data-tab=\"3\" role=\"tab\" tabindex=\"-1\" aria-controls=\"elementor-tab-content-1493\" aria-expanded=\"false\">GstarCAD 2018-2022<\/div>\n\t\t\t\t\t<div id=\"elementor-tab-content-1493\" class=\"elementor-tab-content elementor-clearfix\" data-tab=\"3\" role=\"tabpanel\" aria-labelledby=\"elementor-tab-title-1493\" tabindex=\"0\" hidden=\"hidden\"><h3><b>GstarCAD 2018-2022<\/b><\/h3><p><span style=\"font-weight: 400;\">Returnarea online a licen\u021bei GstarCAD 2018\u20132022<\/span><\/p><p><span style=\"font-weight: 400;\">Pentru a returna licen\u021ba GstarCAD online, accesa\u021bi:<\/span><\/p><p><span style=\"font-weight: 400;\">HELP \u2192 REGISTER \u2192 RETURN LICENSE (R) \u2192 ONLINE RETURN (O) \u2192 RETURN<\/span><\/p><p><img decoding=\"async\" width=\"776\" height=\"589\" class=\"size-medium wp-image-16134 aligncenter\" src=\"https:\/\/new.tmsys.pl\/wp-content\/uploads\/2023\/12\/Screenshot_3-2.png\" alt=\"\" srcset=\"https:\/\/www.gstarcad.eu\/wp-content\/uploads\/2023\/12\/Screenshot_3-2.png 776w, https:\/\/www.gstarcad.eu\/wp-content\/uploads\/2023\/12\/Screenshot_3-2-300x228.png 300w, https:\/\/www.gstarcad.eu\/wp-content\/uploads\/2023\/12\/Screenshot_3-2-768x583.png 768w\" sizes=\"(max-width: 776px) 100vw, 776px\" \/><\/p><p><b>Returnarea licen\u021bei<\/b><span style=\"font-weight: 400;\"> este utilizat\u0103 pentru a elibera o licen\u021b\u0103 de pe un computer \u0219i permite transferul acesteia de la un post de lucru la altul.<\/span><\/p><h3><b>Returnarea offline a licen\u021bei GstarCAD 2018\u20132022<\/b><\/h3><p><span style=\"font-weight: 400;\">Pentru a returna licen\u021ba GstarCAD offline, trebuie s\u0103:<\/span><\/p><ol><li style=\"font-weight: 400;\" aria-level=\"1\"><span style=\"font-weight: 400;\">Accesa\u021bi fila <\/span><b>HELP \u2192 REGISTER \u2192 RETURN LICENSE (R) \u2192 MANUAL RETURN (M)<\/b><p>\u00a0<\/p><\/li><li style=\"font-weight: 400;\" aria-level=\"1\"><span style=\"font-weight: 400;\">Genera\u021bi un fi\u0219ier <\/span><b>return.xml<\/b><p>\u00a0<\/p><\/li><li style=\"font-weight: 400;\" aria-level=\"1\"><span style=\"font-weight: 400;\">\u00cenc\u0103rca\u021bi fi\u0219ierul <\/span><b>return.xml<\/b><span style=\"font-weight: 400;\"> pe site-ul<\/span><a href=\"https:\/\/license.gstarcad.net\"> <span style=\"font-weight: 400;\">https:\/\/license.gstarcad.net<\/span><\/a><p>\u00a0<\/p><\/li><\/ol><p><span style=\"font-weight: 400;\">\u00cenc\u0103rca\u021bi fi\u0219ierul de returnare \u0219i ap\u0103sa\u021bi butonul <\/span><b>RETURN<\/b><span style=\"font-weight: 400;\">.<\/span><\/p><p><img loading=\"lazy\" decoding=\"async\" width=\"767\" height=\"584\" class=\"size-medium wp-image-16135 aligncenter\" src=\"https:\/\/new.tmsys.pl\/wp-content\/uploads\/2023\/12\/Screenshot_4-1.png\" alt=\"\" srcset=\"https:\/\/www.gstarcad.eu\/wp-content\/uploads\/2023\/12\/Screenshot_4-1.png 767w, https:\/\/www.gstarcad.eu\/wp-content\/uploads\/2023\/12\/Screenshot_4-1-300x228.png 300w\" sizes=\"(max-width: 767px) 100vw, 767px\" \/><\/p><p><span style=\"font-weight: 400;\">Returnarea licen\u021bei este utilizat\u0103 pentru a elibera o licen\u021b\u0103 de pe un computer \u0219i permite transferul acesteia de la un post de lucru la altul.<\/span><\/p><\/div>\n\t\t\t\t\t\t\t<\/div>\n\t\t<\/div>\n\t\t\t\t\t\t<\/div>\n\t\t\t\t<\/div>\n\t\t\t\t\t<\/div>\n\t\t<\/div>\n\t\t\t\t\t<\/div>\n\t\t<\/section>\n\t\t\t\t<\/div>\n\t\t","protected":false},"excerpt":{"rendered":"<p>Zona de cuno\u0219tin\u021be &gt; Returnarea licen\u021bei Returnarea licen\u021bei GstarCAD 2024 GstarCAD 2023 GstarCAD 2018-2022 GstarCAD 2024 GstarCAD 2024: Returnarea Automat\u0103 a Licen\u021bei Returnarea automat\u0103 a licen\u021bei \u00een GstarCAD 2024 este un proces simplu \u0219i rapid. Mai jos g\u0103se\u0219ti instruc\u021biunile pas cu pas: Pornirea programului: Deschide GstarCAD 2024.Accesarea filei \u201eHELP\u201d: F\u0103 clic pe fila \u201eHELP\u201d \u0219i [&hellip;]<\/p>\n","protected":false},"author":9,"featured_media":0,"parent":0,"menu_order":0,"comment_status":"closed","ping_status":"closed","template":"","meta":{"inline_featured_image":false,"footnotes":""},"class_list":["post-27929","page","type-page","status-publish","hentry"],"yoast_head":"<!-- This site is optimized with the Yoast SEO plugin v22.2 - https:\/\/yoast.com\/wordpress\/plugins\/seo\/ -->\n<title>Returnarea licen\u021bei - GstarCad<\/title>\n<meta name=\"robots\" content=\"index, follow, max-snippet:-1, max-image-preview:large, max-video-preview:-1\" \/>\n<link rel=\"canonical\" href=\"https:\/\/www.gstarcad.eu\/ro\/zwrot-licencji\/\" \/>\n<meta property=\"og:locale\" content=\"ro_RO\" \/>\n<meta property=\"og:type\" content=\"article\" \/>\n<meta property=\"og:title\" content=\"Returnarea licen\u021bei - GstarCad\" \/>\n<meta property=\"og:description\" content=\"Zona de cuno\u0219tin\u021be &gt; Returnarea licen\u021bei Returnarea licen\u021bei GstarCAD 2024 GstarCAD 2023 GstarCAD 2018-2022 GstarCAD 2024 GstarCAD 2024: Returnarea Automat\u0103 a Licen\u021bei Returnarea automat\u0103 a licen\u021bei \u00een GstarCAD 2024 este un proces simplu \u0219i rapid. Mai jos g\u0103se\u0219ti instruc\u021biunile pas cu pas: Pornirea programului: Deschide GstarCAD 2024.Accesarea filei \u201eHELP\u201d: F\u0103 clic pe fila \u201eHELP\u201d \u0219i [&hellip;]\" \/>\n<meta property=\"og:url\" content=\"https:\/\/www.gstarcad.eu\/ro\/zwrot-licencji\/\" \/>\n<meta property=\"og:site_name\" content=\"GstarCad\" \/>\n<meta property=\"article:modified_time\" content=\"2025-12-03T11:23:35+00:00\" \/>\n<meta property=\"og:image\" content=\"https:\/\/new.tmsys.pl\/wp-content\/uploads\/2024\/04\/xScreenshot_1.png.pagespeed.ic_.Kz_iuqcZDc.webp\" \/>\n<meta name=\"twitter:card\" content=\"summary_large_image\" \/>\n<meta name=\"twitter:label1\" content=\"Timp estimat pentru citire\" \/>\n\t<meta name=\"twitter:data1\" content=\"4 minute\" \/>\n<script type=\"application\/ld+json\" class=\"yoast-schema-graph\">{\"@context\":\"https:\/\/schema.org\",\"@graph\":[{\"@type\":\"WebPage\",\"@id\":\"https:\/\/www.gstarcad.eu\/ro\/zwrot-licencji\/\",\"url\":\"https:\/\/www.gstarcad.eu\/ro\/zwrot-licencji\/\",\"name\":\"Returnarea licen\u021bei - GstarCad\",\"isPartOf\":{\"@id\":\"https:\/\/www.gstarcad.eu\/ro\/#website\"},\"primaryImageOfPage\":{\"@id\":\"https:\/\/www.gstarcad.eu\/ro\/zwrot-licencji\/#primaryimage\"},\"image\":{\"@id\":\"https:\/\/www.gstarcad.eu\/ro\/zwrot-licencji\/#primaryimage\"},\"thumbnailUrl\":\"https:\/\/new.tmsys.pl\/wp-content\/uploads\/2024\/04\/xScreenshot_1.png.pagespeed.ic_.Kz_iuqcZDc.webp\",\"datePublished\":\"2023-12-11T11:05:27+00:00\",\"dateModified\":\"2025-12-03T11:23:35+00:00\",\"breadcrumb\":{\"@id\":\"https:\/\/www.gstarcad.eu\/ro\/zwrot-licencji\/#breadcrumb\"},\"inLanguage\":\"ro-RO\",\"potentialAction\":[{\"@type\":\"ReadAction\",\"target\":[\"https:\/\/www.gstarcad.eu\/ro\/zwrot-licencji\/\"]}]},{\"@type\":\"ImageObject\",\"inLanguage\":\"ro-RO\",\"@id\":\"https:\/\/www.gstarcad.eu\/ro\/zwrot-licencji\/#primaryimage\",\"url\":\"https:\/\/new.tmsys.pl\/wp-content\/uploads\/2024\/04\/xScreenshot_1.png.pagespeed.ic_.Kz_iuqcZDc.webp\",\"contentUrl\":\"https:\/\/new.tmsys.pl\/wp-content\/uploads\/2024\/04\/xScreenshot_1.png.pagespeed.ic_.Kz_iuqcZDc.webp\"},{\"@type\":\"BreadcrumbList\",\"@id\":\"https:\/\/www.gstarcad.eu\/ro\/zwrot-licencji\/#breadcrumb\",\"itemListElement\":[{\"@type\":\"ListItem\",\"position\":1,\"name\":\"Home\",\"item\":\"https:\/\/www.gstarcad.eu\/ro\/\"},{\"@type\":\"ListItem\",\"position\":2,\"name\":\"Returnarea licen\u021bei\"}]},{\"@type\":\"WebSite\",\"@id\":\"https:\/\/www.gstarcad.eu\/ro\/#website\",\"url\":\"https:\/\/www.gstarcad.eu\/ro\/\",\"name\":\"GstarCad\",\"description\":\"\",\"publisher\":{\"@id\":\"https:\/\/www.gstarcad.eu\/ro\/#organization\"},\"potentialAction\":[{\"@type\":\"SearchAction\",\"target\":{\"@type\":\"EntryPoint\",\"urlTemplate\":\"https:\/\/www.gstarcad.eu\/ro\/?s={search_term_string}\"},\"query-input\":\"required name=search_term_string\"}],\"inLanguage\":\"ro-RO\"},{\"@type\":\"Organization\",\"@id\":\"https:\/\/www.gstarcad.eu\/ro\/#organization\",\"name\":\"GstarCad\",\"url\":\"https:\/\/www.gstarcad.eu\/ro\/\",\"logo\":{\"@type\":\"ImageObject\",\"inLanguage\":\"ro-RO\",\"@id\":\"https:\/\/www.gstarcad.eu\/ro\/#\/schema\/logo\/image\/\",\"url\":\"https:\/\/www.gstarcad.eu\/wp-content\/uploads\/2024\/04\/gs-nowe-logo.svg\",\"contentUrl\":\"https:\/\/www.gstarcad.eu\/wp-content\/uploads\/2024\/04\/gs-nowe-logo.svg\",\"width\":169,\"height\":41,\"caption\":\"GstarCad\"},\"image\":{\"@id\":\"https:\/\/www.gstarcad.eu\/ro\/#\/schema\/logo\/image\/\"}}]}<\/script>\n<!-- \/ Yoast SEO plugin. -->","yoast_head_json":{"title":"Returnarea licen\u021bei - GstarCad","robots":{"index":"index","follow":"follow","max-snippet":"max-snippet:-1","max-image-preview":"max-image-preview:large","max-video-preview":"max-video-preview:-1"},"canonical":"https:\/\/www.gstarcad.eu\/ro\/zwrot-licencji\/","og_locale":"ro_RO","og_type":"article","og_title":"Returnarea licen\u021bei - GstarCad","og_description":"Zona de cuno\u0219tin\u021be &gt; Returnarea licen\u021bei Returnarea licen\u021bei GstarCAD 2024 GstarCAD 2023 GstarCAD 2018-2022 GstarCAD 2024 GstarCAD 2024: Returnarea Automat\u0103 a Licen\u021bei Returnarea automat\u0103 a licen\u021bei \u00een GstarCAD 2024 este un proces simplu \u0219i rapid. Mai jos g\u0103se\u0219ti instruc\u021biunile pas cu pas: Pornirea programului: Deschide GstarCAD 2024.Accesarea filei \u201eHELP\u201d: F\u0103 clic pe fila \u201eHELP\u201d \u0219i [&hellip;]","og_url":"https:\/\/www.gstarcad.eu\/ro\/zwrot-licencji\/","og_site_name":"GstarCad","article_modified_time":"2025-12-03T11:23:35+00:00","og_image":[{"url":"https:\/\/new.tmsys.pl\/wp-content\/uploads\/2024\/04\/xScreenshot_1.png.pagespeed.ic_.Kz_iuqcZDc.webp"}],"twitter_card":"summary_large_image","twitter_misc":{"Timp estimat pentru citire":"4 minute"},"schema":{"@context":"https:\/\/schema.org","@graph":[{"@type":"WebPage","@id":"https:\/\/www.gstarcad.eu\/ro\/zwrot-licencji\/","url":"https:\/\/www.gstarcad.eu\/ro\/zwrot-licencji\/","name":"Returnarea licen\u021bei - GstarCad","isPartOf":{"@id":"https:\/\/www.gstarcad.eu\/ro\/#website"},"primaryImageOfPage":{"@id":"https:\/\/www.gstarcad.eu\/ro\/zwrot-licencji\/#primaryimage"},"image":{"@id":"https:\/\/www.gstarcad.eu\/ro\/zwrot-licencji\/#primaryimage"},"thumbnailUrl":"https:\/\/new.tmsys.pl\/wp-content\/uploads\/2024\/04\/xScreenshot_1.png.pagespeed.ic_.Kz_iuqcZDc.webp","datePublished":"2023-12-11T11:05:27+00:00","dateModified":"2025-12-03T11:23:35+00:00","breadcrumb":{"@id":"https:\/\/www.gstarcad.eu\/ro\/zwrot-licencji\/#breadcrumb"},"inLanguage":"ro-RO","potentialAction":[{"@type":"ReadAction","target":["https:\/\/www.gstarcad.eu\/ro\/zwrot-licencji\/"]}]},{"@type":"ImageObject","inLanguage":"ro-RO","@id":"https:\/\/www.gstarcad.eu\/ro\/zwrot-licencji\/#primaryimage","url":"https:\/\/new.tmsys.pl\/wp-content\/uploads\/2024\/04\/xScreenshot_1.png.pagespeed.ic_.Kz_iuqcZDc.webp","contentUrl":"https:\/\/new.tmsys.pl\/wp-content\/uploads\/2024\/04\/xScreenshot_1.png.pagespeed.ic_.Kz_iuqcZDc.webp"},{"@type":"BreadcrumbList","@id":"https:\/\/www.gstarcad.eu\/ro\/zwrot-licencji\/#breadcrumb","itemListElement":[{"@type":"ListItem","position":1,"name":"Home","item":"https:\/\/www.gstarcad.eu\/ro\/"},{"@type":"ListItem","position":2,"name":"Returnarea licen\u021bei"}]},{"@type":"WebSite","@id":"https:\/\/www.gstarcad.eu\/ro\/#website","url":"https:\/\/www.gstarcad.eu\/ro\/","name":"GstarCad","description":"","publisher":{"@id":"https:\/\/www.gstarcad.eu\/ro\/#organization"},"potentialAction":[{"@type":"SearchAction","target":{"@type":"EntryPoint","urlTemplate":"https:\/\/www.gstarcad.eu\/ro\/?s={search_term_string}"},"query-input":"required name=search_term_string"}],"inLanguage":"ro-RO"},{"@type":"Organization","@id":"https:\/\/www.gstarcad.eu\/ro\/#organization","name":"GstarCad","url":"https:\/\/www.gstarcad.eu\/ro\/","logo":{"@type":"ImageObject","inLanguage":"ro-RO","@id":"https:\/\/www.gstarcad.eu\/ro\/#\/schema\/logo\/image\/","url":"https:\/\/www.gstarcad.eu\/wp-content\/uploads\/2024\/04\/gs-nowe-logo.svg","contentUrl":"https:\/\/www.gstarcad.eu\/wp-content\/uploads\/2024\/04\/gs-nowe-logo.svg","width":169,"height":41,"caption":"GstarCad"},"image":{"@id":"https:\/\/www.gstarcad.eu\/ro\/#\/schema\/logo\/image\/"}}]}},"_links":{"self":[{"href":"https:\/\/www.gstarcad.eu\/ro\/wp-json\/wp\/v2\/pages\/27929","targetHints":{"allow":["GET"]}}],"collection":[{"href":"https:\/\/www.gstarcad.eu\/ro\/wp-json\/wp\/v2\/pages"}],"about":[{"href":"https:\/\/www.gstarcad.eu\/ro\/wp-json\/wp\/v2\/types\/page"}],"author":[{"embeddable":true,"href":"https:\/\/www.gstarcad.eu\/ro\/wp-json\/wp\/v2\/users\/9"}],"replies":[{"embeddable":true,"href":"https:\/\/www.gstarcad.eu\/ro\/wp-json\/wp\/v2\/comments?post=27929"}],"version-history":[{"count":10,"href":"https:\/\/www.gstarcad.eu\/ro\/wp-json\/wp\/v2\/pages\/27929\/revisions"}],"predecessor-version":[{"id":29422,"href":"https:\/\/www.gstarcad.eu\/ro\/wp-json\/wp\/v2\/pages\/27929\/revisions\/29422"}],"wp:attachment":[{"href":"https:\/\/www.gstarcad.eu\/ro\/wp-json\/wp\/v2\/media?parent=27929"}],"curies":[{"name":"wp","href":"https:\/\/api.w.org\/{rel}","templated":true}]}}