{"id":27926,"date":"2024-03-12T12:54:03","date_gmt":"2024-03-12T12:54:03","guid":{"rendered":"https:\/\/www.gstarcad.eu\/instrukcja-instalacji-programu\/"},"modified":"2025-11-18T10:37:02","modified_gmt":"2025-11-18T10:37:02","slug":"instrukcja-instalacji-programu","status":"publish","type":"page","link":"https:\/\/www.gstarcad.eu\/ro\/instrukcja-instalacji-programu\/","title":{"rendered":"Instruc\u021biuni de instalare"},"content":{"rendered":"\t\t<div data-elementor-type=\"wp-page\" data-elementor-id=\"27926\" class=\"elementor elementor-27926 elementor-18654\">\n\t\t\t\t\t\t<section class=\"elementor-section elementor-top-section elementor-element elementor-element-c7ddd16 breadkr-page elementor-section-boxed elementor-section-height-default elementor-section-height-default\" data-id=\"c7ddd16\" data-element_type=\"section\" data-settings=\"{&quot;background_background&quot;:&quot;classic&quot;}\">\n\t\t\t\t\t\t<div class=\"elementor-container elementor-column-gap-default\">\n\t\t\t\t\t<div class=\"elementor-column elementor-col-100 elementor-top-column elementor-element elementor-element-d89ae15\" data-id=\"d89ae15\" data-element_type=\"column\">\n\t\t\t<div class=\"elementor-widget-wrap elementor-element-populated\">\n\t\t\t\t\t\t<div class=\"elementor-element elementor-element-8166df4 elementor-widget elementor-widget-heading\" data-id=\"8166df4\" data-element_type=\"widget\" data-widget_type=\"heading.default\">\n\t\t\t\t<div class=\"elementor-widget-container\">\n\t\t\t\t\t<span class=\"elementor-heading-title elementor-size-default\"><a href=\"\/support\/\">Asisten\u021b\u0103 tehnic\u0103 GstarCAD<\/a> &gt; Instruc\u021biuni de instalare a programului<\/span>\t\t\t\t<\/div>\n\t\t\t\t<\/div>\n\t\t\t\t\t<\/div>\n\t\t<\/div>\n\t\t\t\t\t<\/div>\n\t\t<\/section>\n\t\t\t\t<section class=\"elementor-section elementor-top-section elementor-element elementor-element-d090d0a elementor-section-boxed elementor-section-height-default elementor-section-height-default\" data-id=\"d090d0a\" data-element_type=\"section\" data-settings=\"{&quot;background_background&quot;:&quot;classic&quot;}\">\n\t\t\t\t\t\t<div class=\"elementor-container elementor-column-gap-default\">\n\t\t\t\t\t<div class=\"elementor-column elementor-col-100 elementor-top-column elementor-element elementor-element-e39e3f6\" data-id=\"e39e3f6\" data-element_type=\"column\">\n\t\t\t<div class=\"elementor-widget-wrap elementor-element-populated\">\n\t\t\t\t\t\t<div class=\"elementor-element elementor-element-8cfbc6a elementor-widget elementor-widget-heading\" data-id=\"8cfbc6a\" data-element_type=\"widget\" data-widget_type=\"heading.default\">\n\t\t\t\t<div class=\"elementor-widget-container\">\n\t\t\t\t\t<h3 class=\"elementor-heading-title elementor-size-default\">Instruc\u021biuni de instalare a programului<\/h3>\t\t\t\t<\/div>\n\t\t\t\t<\/div>\n\t\t\t\t<div class=\"elementor-element elementor-element-c79c6d0 elementor-widget elementor-widget-text-editor\" data-id=\"c79c6d0\" data-element_type=\"widget\" data-widget_type=\"text-editor.default\">\n\t\t\t\t<div class=\"elementor-widget-container\">\n\t\t\t\t\t\t\t\t\t<p>Urma\u021bi procesul de instalare a software-ului GstarCAD.<\/p>\t\t\t\t\t\t\t\t<\/div>\n\t\t\t\t<\/div>\n\t\t\t\t\t<\/div>\n\t\t<\/div>\n\t\t\t\t\t<\/div>\n\t\t<\/section>\n\t\t\t\t<section class=\"elementor-section elementor-top-section elementor-element elementor-element-08c7bc3 elementor-section-boxed elementor-section-height-default elementor-section-height-default\" data-id=\"08c7bc3\" data-element_type=\"section\" data-settings=\"{&quot;background_background&quot;:&quot;classic&quot;}\">\n\t\t\t\t\t\t<div class=\"elementor-container elementor-column-gap-default\">\n\t\t\t\t\t<div class=\"elementor-column elementor-col-33 elementor-top-column elementor-element elementor-element-956ca7a\" data-id=\"956ca7a\" data-element_type=\"column\">\n\t\t\t<div class=\"elementor-widget-wrap\">\n\t\t\t\t\t\t\t<\/div>\n\t\t<\/div>\n\t\t\t\t<div class=\"elementor-column elementor-col-33 elementor-top-column elementor-element elementor-element-8e40a5b\" data-id=\"8e40a5b\" data-element_type=\"column\">\n\t\t\t<div class=\"elementor-widget-wrap elementor-element-populated\">\n\t\t\t\t\t\t<div class=\"elementor-element elementor-element-aff64a3 elementor-widget elementor-widget-video\" data-id=\"aff64a3\" data-element_type=\"widget\" data-settings=\"{&quot;youtube_url&quot;:&quot;https:\\\/\\\/youtu.be\\\/RXG_MvvHMrs&quot;,&quot;video_type&quot;:&quot;youtube&quot;,&quot;controls&quot;:&quot;yes&quot;}\" data-widget_type=\"video.default\">\n\t\t\t\t<div class=\"elementor-widget-container\">\n\t\t\t\t\t\t\t<div class=\"elementor-wrapper elementor-open-inline\">\n\t\t\t<div class=\"elementor-video\"><\/div>\t\t<\/div>\n\t\t\t\t\t\t<\/div>\n\t\t\t\t<\/div>\n\t\t\t\t\t<\/div>\n\t\t<\/div>\n\t\t\t\t<div class=\"elementor-column elementor-col-33 elementor-top-column elementor-element elementor-element-d4a750f\" data-id=\"d4a750f\" data-element_type=\"column\">\n\t\t\t<div class=\"elementor-widget-wrap\">\n\t\t\t\t\t\t\t<\/div>\n\t\t<\/div>\n\t\t\t\t\t<\/div>\n\t\t<\/section>\n\t\t\t\t<section class=\"elementor-section elementor-top-section elementor-element elementor-element-3be277c elementor-section-boxed elementor-section-height-default elementor-section-height-default\" data-id=\"3be277c\" data-element_type=\"section\" data-settings=\"{&quot;background_background&quot;:&quot;classic&quot;}\">\n\t\t\t\t\t\t<div class=\"elementor-container elementor-column-gap-default\">\n\t\t\t\t\t<div class=\"elementor-column elementor-col-66 elementor-top-column elementor-element elementor-element-d534810\" data-id=\"d534810\" data-element_type=\"column\">\n\t\t\t<div class=\"elementor-widget-wrap elementor-element-populated\">\n\t\t\t\t\t\t<div class=\"elementor-element elementor-element-6ee2cda elementor-widget elementor-widget-heading\" data-id=\"6ee2cda\" data-element_type=\"widget\" data-widget_type=\"heading.default\">\n\t\t\t\t<div class=\"elementor-widget-container\">\n\t\t\t\t\t<h4 class=\"elementor-heading-title elementor-size-default\">Ave\u021bi \u00eentreb\u0103ri suplimentare?<\/h4>\t\t\t\t<\/div>\n\t\t\t\t<\/div>\n\t\t\t\t<div class=\"elementor-element elementor-element-451a0b8 elementor-widget elementor-widget-text-editor\" data-id=\"451a0b8\" data-element_type=\"widget\" data-widget_type=\"text-editor.default\">\n\t\t\t\t<div class=\"elementor-widget-container\">\n\t\t\t\t\t\t\t\t\t<p>Dac\u0103 ave\u021bi nevoie de asisten\u021b\u0103 cu urm\u0103torii pa\u0219i sau ave\u021bi \u00eentreb\u0103ri despre instalare, v\u0103 rug\u0103m s\u0103 contacta\u021bi asistentul nostru.<\/p>\t\t\t\t\t\t\t\t<\/div>\n\t\t\t\t<\/div>\n\t\t\t\t<div class=\"elementor-element elementor-element-6806b75 white-border-button elementor-widget elementor-widget-button\" data-id=\"6806b75\" data-element_type=\"widget\" data-widget_type=\"button.default\">\n\t\t\t\t<div class=\"elementor-widget-container\">\n\t\t\t\t\t\t\t\t\t<div class=\"elementor-button-wrapper\">\n\t\t\t\t\t<a class=\"elementor-button elementor-button-link elementor-size-sm\" href=\"\/ro\/kontakt\/\">\n\t\t\t\t\t\t<span class=\"elementor-button-content-wrapper\">\n\t\t\t\t\t\t\t\t\t<span class=\"elementor-button-text\">Contacta\u0163i-ne<\/span>\n\t\t\t\t\t<\/span>\n\t\t\t\t\t<\/a>\n\t\t\t\t<\/div>\n\t\t\t\t\t\t\t\t<\/div>\n\t\t\t\t<\/div>\n\t\t\t\t\t<\/div>\n\t\t<\/div>\n\t\t\t\t<div class=\"elementor-column elementor-col-33 elementor-top-column elementor-element elementor-element-cae868d\" data-id=\"cae868d\" data-element_type=\"column\">\n\t\t\t<div class=\"elementor-widget-wrap\">\n\t\t\t\t\t\t\t<\/div>\n\t\t<\/div>\n\t\t\t\t\t<\/div>\n\t\t<\/section>\n\t\t\t\t<\/div>\n\t\t","protected":false},"excerpt":{"rendered":"<p>Asisten\u021b\u0103 tehnic\u0103 GstarCAD &gt; Instruc\u021biuni de instalare a programului Instruc\u021biuni de instalare a programului Urma\u021bi procesul de instalare a software-ului GstarCAD. https:\/\/youtu.be\/RXG_MvvHMrs Ave\u021bi \u00eentreb\u0103ri suplimentare? Dac\u0103 ave\u021bi nevoie de asisten\u021b\u0103 cu urm\u0103torii pa\u0219i sau ave\u021bi \u00eentreb\u0103ri despre instalare, v\u0103 rug\u0103m s\u0103 contacta\u021bi asistentul nostru. Contacta\u0163i-ne<\/p>\n","protected":false},"author":9,"featured_media":0,"parent":0,"menu_order":0,"comment_status":"closed","ping_status":"closed","template":"","meta":{"inline_featured_image":false,"footnotes":""},"class_list":["post-27926","page","type-page","status-publish","hentry"],"yoast_head":"<!-- This site is optimized with the Yoast SEO plugin v22.2 - https:\/\/yoast.com\/wordpress\/plugins\/seo\/ -->\n<title>Instruc\u021biuni de instalare - GstarCad<\/title>\n<meta name=\"robots\" content=\"index, follow, max-snippet:-1, max-image-preview:large, max-video-preview:-1\" \/>\n<link rel=\"canonical\" href=\"https:\/\/www.gstarcad.eu\/ro\/instrukcja-instalacji-programu\/\" \/>\n<meta property=\"og:locale\" content=\"ro_RO\" \/>\n<meta property=\"og:type\" content=\"article\" \/>\n<meta property=\"og:title\" content=\"Instruc\u021biuni de instalare - GstarCad\" \/>\n<meta property=\"og:description\" content=\"Asisten\u021b\u0103 tehnic\u0103 GstarCAD &gt; Instruc\u021biuni de instalare a programului Instruc\u021biuni de instalare a programului Urma\u021bi procesul de instalare a software-ului GstarCAD. https:\/\/youtu.be\/RXG_MvvHMrs Ave\u021bi \u00eentreb\u0103ri suplimentare? Dac\u0103 ave\u021bi nevoie de asisten\u021b\u0103 cu urm\u0103torii pa\u0219i sau ave\u021bi \u00eentreb\u0103ri despre instalare, v\u0103 rug\u0103m s\u0103 contacta\u021bi asistentul nostru. Contacta\u0163i-ne\" \/>\n<meta property=\"og:url\" content=\"https:\/\/www.gstarcad.eu\/ro\/instrukcja-instalacji-programu\/\" \/>\n<meta property=\"og:site_name\" content=\"GstarCad\" \/>\n<meta property=\"article:modified_time\" content=\"2025-11-18T10:37:02+00:00\" \/>\n<meta name=\"twitter:card\" content=\"summary_large_image\" \/>\n<meta name=\"twitter:label1\" content=\"Timp estimat pentru citire\" \/>\n\t<meta name=\"twitter:data1\" content=\"1 minut\" \/>\n<script type=\"application\/ld+json\" class=\"yoast-schema-graph\">{\"@context\":\"https:\/\/schema.org\",\"@graph\":[{\"@type\":\"WebPage\",\"@id\":\"https:\/\/www.gstarcad.eu\/ro\/instrukcja-instalacji-programu\/\",\"url\":\"https:\/\/www.gstarcad.eu\/ro\/instrukcja-instalacji-programu\/\",\"name\":\"Instruc\u021biuni de instalare - GstarCad\",\"isPartOf\":{\"@id\":\"https:\/\/www.gstarcad.eu\/ro\/#website\"},\"datePublished\":\"2024-03-12T12:54:03+00:00\",\"dateModified\":\"2025-11-18T10:37:02+00:00\",\"breadcrumb\":{\"@id\":\"https:\/\/www.gstarcad.eu\/ro\/instrukcja-instalacji-programu\/#breadcrumb\"},\"inLanguage\":\"ro-RO\",\"potentialAction\":[{\"@type\":\"ReadAction\",\"target\":[\"https:\/\/www.gstarcad.eu\/ro\/instrukcja-instalacji-programu\/\"]}]},{\"@type\":\"BreadcrumbList\",\"@id\":\"https:\/\/www.gstarcad.eu\/ro\/instrukcja-instalacji-programu\/#breadcrumb\",\"itemListElement\":[{\"@type\":\"ListItem\",\"position\":1,\"name\":\"Home\",\"item\":\"https:\/\/www.gstarcad.eu\/ro\/\"},{\"@type\":\"ListItem\",\"position\":2,\"name\":\"Instruc\u021biuni de instalare\"}]},{\"@type\":\"WebSite\",\"@id\":\"https:\/\/www.gstarcad.eu\/ro\/#website\",\"url\":\"https:\/\/www.gstarcad.eu\/ro\/\",\"name\":\"GstarCad\",\"description\":\"\",\"publisher\":{\"@id\":\"https:\/\/www.gstarcad.eu\/ro\/#organization\"},\"potentialAction\":[{\"@type\":\"SearchAction\",\"target\":{\"@type\":\"EntryPoint\",\"urlTemplate\":\"https:\/\/www.gstarcad.eu\/ro\/?s={search_term_string}\"},\"query-input\":\"required name=search_term_string\"}],\"inLanguage\":\"ro-RO\"},{\"@type\":\"Organization\",\"@id\":\"https:\/\/www.gstarcad.eu\/ro\/#organization\",\"name\":\"GstarCad\",\"url\":\"https:\/\/www.gstarcad.eu\/ro\/\",\"logo\":{\"@type\":\"ImageObject\",\"inLanguage\":\"ro-RO\",\"@id\":\"https:\/\/www.gstarcad.eu\/ro\/#\/schema\/logo\/image\/\",\"url\":\"https:\/\/www.gstarcad.eu\/wp-content\/uploads\/2024\/04\/gs-nowe-logo.svg\",\"contentUrl\":\"https:\/\/www.gstarcad.eu\/wp-content\/uploads\/2024\/04\/gs-nowe-logo.svg\",\"width\":169,\"height\":41,\"caption\":\"GstarCad\"},\"image\":{\"@id\":\"https:\/\/www.gstarcad.eu\/ro\/#\/schema\/logo\/image\/\"}}]}<\/script>\n<!-- \/ Yoast SEO plugin. -->","yoast_head_json":{"title":"Instruc\u021biuni de instalare - GstarCad","robots":{"index":"index","follow":"follow","max-snippet":"max-snippet:-1","max-image-preview":"max-image-preview:large","max-video-preview":"max-video-preview:-1"},"canonical":"https:\/\/www.gstarcad.eu\/ro\/instrukcja-instalacji-programu\/","og_locale":"ro_RO","og_type":"article","og_title":"Instruc\u021biuni de instalare - GstarCad","og_description":"Asisten\u021b\u0103 tehnic\u0103 GstarCAD &gt; Instruc\u021biuni de instalare a programului Instruc\u021biuni de instalare a programului Urma\u021bi procesul de instalare a software-ului GstarCAD. https:\/\/youtu.be\/RXG_MvvHMrs Ave\u021bi \u00eentreb\u0103ri suplimentare? Dac\u0103 ave\u021bi nevoie de asisten\u021b\u0103 cu urm\u0103torii pa\u0219i sau ave\u021bi \u00eentreb\u0103ri despre instalare, v\u0103 rug\u0103m s\u0103 contacta\u021bi asistentul nostru. Contacta\u0163i-ne","og_url":"https:\/\/www.gstarcad.eu\/ro\/instrukcja-instalacji-programu\/","og_site_name":"GstarCad","article_modified_time":"2025-11-18T10:37:02+00:00","twitter_card":"summary_large_image","twitter_misc":{"Timp estimat pentru citire":"1 minut"},"schema":{"@context":"https:\/\/schema.org","@graph":[{"@type":"WebPage","@id":"https:\/\/www.gstarcad.eu\/ro\/instrukcja-instalacji-programu\/","url":"https:\/\/www.gstarcad.eu\/ro\/instrukcja-instalacji-programu\/","name":"Instruc\u021biuni de instalare - GstarCad","isPartOf":{"@id":"https:\/\/www.gstarcad.eu\/ro\/#website"},"datePublished":"2024-03-12T12:54:03+00:00","dateModified":"2025-11-18T10:37:02+00:00","breadcrumb":{"@id":"https:\/\/www.gstarcad.eu\/ro\/instrukcja-instalacji-programu\/#breadcrumb"},"inLanguage":"ro-RO","potentialAction":[{"@type":"ReadAction","target":["https:\/\/www.gstarcad.eu\/ro\/instrukcja-instalacji-programu\/"]}]},{"@type":"BreadcrumbList","@id":"https:\/\/www.gstarcad.eu\/ro\/instrukcja-instalacji-programu\/#breadcrumb","itemListElement":[{"@type":"ListItem","position":1,"name":"Home","item":"https:\/\/www.gstarcad.eu\/ro\/"},{"@type":"ListItem","position":2,"name":"Instruc\u021biuni de instalare"}]},{"@type":"WebSite","@id":"https:\/\/www.gstarcad.eu\/ro\/#website","url":"https:\/\/www.gstarcad.eu\/ro\/","name":"GstarCad","description":"","publisher":{"@id":"https:\/\/www.gstarcad.eu\/ro\/#organization"},"potentialAction":[{"@type":"SearchAction","target":{"@type":"EntryPoint","urlTemplate":"https:\/\/www.gstarcad.eu\/ro\/?s={search_term_string}"},"query-input":"required name=search_term_string"}],"inLanguage":"ro-RO"},{"@type":"Organization","@id":"https:\/\/www.gstarcad.eu\/ro\/#organization","name":"GstarCad","url":"https:\/\/www.gstarcad.eu\/ro\/","logo":{"@type":"ImageObject","inLanguage":"ro-RO","@id":"https:\/\/www.gstarcad.eu\/ro\/#\/schema\/logo\/image\/","url":"https:\/\/www.gstarcad.eu\/wp-content\/uploads\/2024\/04\/gs-nowe-logo.svg","contentUrl":"https:\/\/www.gstarcad.eu\/wp-content\/uploads\/2024\/04\/gs-nowe-logo.svg","width":169,"height":41,"caption":"GstarCad"},"image":{"@id":"https:\/\/www.gstarcad.eu\/ro\/#\/schema\/logo\/image\/"}}]}},"_links":{"self":[{"href":"https:\/\/www.gstarcad.eu\/ro\/wp-json\/wp\/v2\/pages\/27926","targetHints":{"allow":["GET"]}}],"collection":[{"href":"https:\/\/www.gstarcad.eu\/ro\/wp-json\/wp\/v2\/pages"}],"about":[{"href":"https:\/\/www.gstarcad.eu\/ro\/wp-json\/wp\/v2\/types\/page"}],"author":[{"embeddable":true,"href":"https:\/\/www.gstarcad.eu\/ro\/wp-json\/wp\/v2\/users\/9"}],"replies":[{"embeddable":true,"href":"https:\/\/www.gstarcad.eu\/ro\/wp-json\/wp\/v2\/comments?post=27926"}],"version-history":[{"count":7,"href":"https:\/\/www.gstarcad.eu\/ro\/wp-json\/wp\/v2\/pages\/27926\/revisions"}],"predecessor-version":[{"id":29086,"href":"https:\/\/www.gstarcad.eu\/ro\/wp-json\/wp\/v2\/pages\/27926\/revisions\/29086"}],"wp:attachment":[{"href":"https:\/\/www.gstarcad.eu\/ro\/wp-json\/wp\/v2\/media?parent=27926"}],"curies":[{"name":"wp","href":"https:\/\/api.w.org\/{rel}","templated":true}]}}