{"id":28536,"date":"2025-07-16T06:35:17","date_gmt":"2025-07-16T06:35:17","guid":{"rendered":"https:\/\/www.gstarcad.eu\/produkt\/gstarcad-standard\/"},"modified":"2025-07-16T06:35:17","modified_gmt":"2025-07-16T06:35:17","slug":"gstarcad-standard","status":"publish","type":"product","link":"https:\/\/www.gstarcad.eu\/lt\/produkt\/gstarcad-standard\/","title":{"rendered":"GstarCad Standard"},"content":{"rendered":"<h2>GstarCAD \u2013 Profesjonalny program CAD 2D\/3D, kt\u00f3ry ju\u017c znasz!<\/h2>\n<p>&nbsp;<\/p>\n<p>GstarCAD to uniwersalny i niezawodny program CAD 2D\/3D. Stanowi rozs\u0105dn\u0105 alternatyw\u0119 dla wiod\u0105cych dotychczas na rynku konkurencyjnych rozwi\u0105za\u0144 CAD, typu AutoCAD Lt \u00ae. GstarCAD jest w pe\u0142ni kompatybilny z plikami DWG i DXF ( dane CAD 2D i CAD 3D). Program zosta\u0142 wyposa\u017cony w intuicyjny interfejs u\u017cytkownika i wszystkie funkcjonalno\u015bci niezb\u0119dne do skutecznej i wydajnej pracy. Posiada znane z programu AutoCAD\u00ae: polecenia, menu, skrypty, style, wzory, Lisp itp. Doskonale sprawdzi si\u0119 zar\u00f3wno w r\u0119kach pocz\u0105tkuj\u0105cych u\u017cytkownik\u00f3w, jak i do\u015bwiadczonych projektant\u00f3w.<\/p>\n<p><img decoding=\"async\" class=\"aligncenter\" src=\"https:\/\/cad.sklep.pl\/wp-content\/uploads\/2019\/04\/GS2019B-1-768x267.png\" \/><\/p>\n<p>&nbsp;<\/p>\n<h2><\/h2>\n<div class=\"elementor-column elementor-col-25 elementor-top-column elementor-element elementor-element-87b5d69\" data-id=\"87b5d69\" data-element_type=\"column\">\n<div class=\"elementor-column-wrap elementor-element-populated\">\n<div class=\"elementor-widget-wrap\">\n<div class=\"elementor-element elementor-element-a03ee5b elementor-widget elementor-widget-image\" data-id=\"a03ee5b\" data-element_type=\"widget\" data-widget_type=\"image.default\">\n<div class=\"elementor-widget-container\"><\/div>\n<\/div>\n<\/div>\n<\/div>\n<\/div>\n<p>&nbsp;<\/p>\n","protected":false},"excerpt":{"rendered":"<p>GstarCAD to uniwersalny i niezawodny program CAD 2D\/3D. Stanowi rozs\u0105dn\u0105 alternatyw\u0119 dla wiod\u0105cych dotychczas na rynku konkurencyjnych rozwi\u0105za\u0144 CAD, typu AutoCAD Lt \u00ae. GstarCAD jest w pe\u0142ni kompatybilny z plikami DWG i DXF ( dane CAD 2D i CAD 3D). Program zosta\u0142 wyposa\u017cony w intuicyjny interfejs u\u017cytkownika i wszystkie funkcjonalno\u015bci niezb\u0119dne do skutecznej i wydajnej pracy.<\/p>\n<p>&nbsp;<\/p>\n","protected":false},"featured_media":25161,"comment_status":"closed","ping_status":"closed","template":"","meta":{"inline_featured_image":false},"product_brand":[],"product_cat":[220],"product_tag":[],"class_list":{"0":"post-28536","1":"product","2":"type-product","3":"status-publish","4":"has-post-thumbnail","6":"product_cat-oprogramowanie-lt","8":"first","9":"instock","10":"virtual","11":"taxable","12":"purchasable","13":"product-type-simple"},"yoast_head":"<!-- This site is optimized with the Yoast SEO plugin v22.2 - https:\/\/yoast.com\/wordpress\/plugins\/seo\/ -->\n<title>GstarCad Standard - GstarCad<\/title>\n<meta name=\"robots\" content=\"index, follow, max-snippet:-1, max-image-preview:large, max-video-preview:-1\" \/>\n<link rel=\"canonical\" href=\"https:\/\/www.gstarcad.eu\/lt\/produkt\/gstarcad-standard\/\" \/>\n<meta property=\"og:locale\" content=\"lt_LT\" \/>\n<meta property=\"og:type\" content=\"article\" \/>\n<meta property=\"og:title\" content=\"GstarCad Standard - GstarCad\" \/>\n<meta property=\"og:description\" content=\"GstarCAD to uniwersalny i niezawodny program CAD 2D\/3D. Stanowi rozs\u0105dn\u0105 alternatyw\u0119 dla wiod\u0105cych dotychczas na rynku konkurencyjnych rozwi\u0105za\u0144 CAD, typu AutoCAD Lt \u00ae. GstarCAD jest w pe\u0142ni kompatybilny z plikami DWG i DXF ( dane CAD 2D i CAD 3D). Program zosta\u0142 wyposa\u017cony w intuicyjny interfejs u\u017cytkownika i wszystkie funkcjonalno\u015bci niezb\u0119dne do skutecznej i wydajnej pracy.  &nbsp;\" \/>\n<meta property=\"og:url\" content=\"https:\/\/www.gstarcad.eu\/lt\/produkt\/gstarcad-standard\/\" \/>\n<meta property=\"og:site_name\" content=\"GstarCad\" \/>\n<meta property=\"og:image\" content=\"https:\/\/cad.sklep.pl\/wp-content\/uploads\/2019\/04\/GS2019B-1-768x267.png\" \/>\n<meta name=\"twitter:card\" content=\"summary_large_image\" \/>\n<meta name=\"twitter:label1\" content=\"Est. reading time\" \/>\n\t<meta name=\"twitter:data1\" content=\"1 minut\u0117\" \/>\n<script type=\"application\/ld+json\" class=\"yoast-schema-graph\">{\"@context\":\"https:\/\/schema.org\",\"@graph\":[{\"@type\":\"WebPage\",\"@id\":\"https:\/\/www.gstarcad.eu\/lt\/produkt\/gstarcad-standard\/\",\"url\":\"https:\/\/www.gstarcad.eu\/lt\/produkt\/gstarcad-standard\/\",\"name\":\"GstarCad Standard - GstarCad\",\"isPartOf\":{\"@id\":\"https:\/\/www.gstarcad.eu\/lt\/#website\"},\"primaryImageOfPage\":{\"@id\":\"https:\/\/www.gstarcad.eu\/lt\/produkt\/gstarcad-standard\/#primaryimage\"},\"image\":{\"@id\":\"https:\/\/www.gstarcad.eu\/lt\/produkt\/gstarcad-standard\/#primaryimage\"},\"thumbnailUrl\":\"https:\/\/www.gstarcad.eu\/wp-content\/uploads\/2024\/08\/img-pr-12.png\",\"datePublished\":\"2025-07-16T06:35:17+00:00\",\"dateModified\":\"2025-07-16T06:35:17+00:00\",\"breadcrumb\":{\"@id\":\"https:\/\/www.gstarcad.eu\/lt\/produkt\/gstarcad-standard\/#breadcrumb\"},\"inLanguage\":\"lt-LT\",\"potentialAction\":[{\"@type\":\"ReadAction\",\"target\":[\"https:\/\/www.gstarcad.eu\/lt\/produkt\/gstarcad-standard\/\"]}]},{\"@type\":\"ImageObject\",\"inLanguage\":\"lt-LT\",\"@id\":\"https:\/\/www.gstarcad.eu\/lt\/produkt\/gstarcad-standard\/#primaryimage\",\"url\":\"https:\/\/www.gstarcad.eu\/wp-content\/uploads\/2024\/08\/img-pr-12.png\",\"contentUrl\":\"https:\/\/www.gstarcad.eu\/wp-content\/uploads\/2024\/08\/img-pr-12.png\",\"width\":474,\"height\":526},{\"@type\":\"BreadcrumbList\",\"@id\":\"https:\/\/www.gstarcad.eu\/lt\/produkt\/gstarcad-standard\/#breadcrumb\",\"itemListElement\":[{\"@type\":\"ListItem\",\"position\":1,\"name\":\"Home\",\"item\":\"https:\/\/www.gstarcad.eu\/lt\/\"},{\"@type\":\"ListItem\",\"position\":2,\"name\":\"GstarCad Standard\"}]},{\"@type\":\"WebSite\",\"@id\":\"https:\/\/www.gstarcad.eu\/lt\/#website\",\"url\":\"https:\/\/www.gstarcad.eu\/lt\/\",\"name\":\"GstarCad\",\"description\":\"\",\"publisher\":{\"@id\":\"https:\/\/www.gstarcad.eu\/lt\/#organization\"},\"potentialAction\":[{\"@type\":\"SearchAction\",\"target\":{\"@type\":\"EntryPoint\",\"urlTemplate\":\"https:\/\/www.gstarcad.eu\/lt\/?s={search_term_string}\"},\"query-input\":\"required name=search_term_string\"}],\"inLanguage\":\"lt-LT\"},{\"@type\":\"Organization\",\"@id\":\"https:\/\/www.gstarcad.eu\/lt\/#organization\",\"name\":\"GstarCad\",\"url\":\"https:\/\/www.gstarcad.eu\/lt\/\",\"logo\":{\"@type\":\"ImageObject\",\"inLanguage\":\"lt-LT\",\"@id\":\"https:\/\/www.gstarcad.eu\/lt\/#\/schema\/logo\/image\/\",\"url\":\"https:\/\/www.gstarcad.eu\/wp-content\/uploads\/2024\/04\/gs-nowe-logo.svg\",\"contentUrl\":\"https:\/\/www.gstarcad.eu\/wp-content\/uploads\/2024\/04\/gs-nowe-logo.svg\",\"width\":169,\"height\":41,\"caption\":\"GstarCad\"},\"image\":{\"@id\":\"https:\/\/www.gstarcad.eu\/lt\/#\/schema\/logo\/image\/\"}}]}<\/script>\n<!-- \/ Yoast SEO plugin. -->","yoast_head_json":{"title":"GstarCad Standard - GstarCad","robots":{"index":"index","follow":"follow","max-snippet":"max-snippet:-1","max-image-preview":"max-image-preview:large","max-video-preview":"max-video-preview:-1"},"canonical":"https:\/\/www.gstarcad.eu\/lt\/produkt\/gstarcad-standard\/","og_locale":"lt_LT","og_type":"article","og_title":"GstarCad Standard - GstarCad","og_description":"GstarCAD to uniwersalny i niezawodny program CAD 2D\/3D. Stanowi rozs\u0105dn\u0105 alternatyw\u0119 dla wiod\u0105cych dotychczas na rynku konkurencyjnych rozwi\u0105za\u0144 CAD, typu AutoCAD Lt \u00ae. GstarCAD jest w pe\u0142ni kompatybilny z plikami DWG i DXF ( dane CAD 2D i CAD 3D). Program zosta\u0142 wyposa\u017cony w intuicyjny interfejs u\u017cytkownika i wszystkie funkcjonalno\u015bci niezb\u0119dne do skutecznej i wydajnej pracy.  &nbsp;","og_url":"https:\/\/www.gstarcad.eu\/lt\/produkt\/gstarcad-standard\/","og_site_name":"GstarCad","og_image":[{"url":"https:\/\/cad.sklep.pl\/wp-content\/uploads\/2019\/04\/GS2019B-1-768x267.png"}],"twitter_card":"summary_large_image","twitter_misc":{"Est. reading time":"1 minut\u0117"},"schema":{"@context":"https:\/\/schema.org","@graph":[{"@type":"WebPage","@id":"https:\/\/www.gstarcad.eu\/lt\/produkt\/gstarcad-standard\/","url":"https:\/\/www.gstarcad.eu\/lt\/produkt\/gstarcad-standard\/","name":"GstarCad Standard - GstarCad","isPartOf":{"@id":"https:\/\/www.gstarcad.eu\/lt\/#website"},"primaryImageOfPage":{"@id":"https:\/\/www.gstarcad.eu\/lt\/produkt\/gstarcad-standard\/#primaryimage"},"image":{"@id":"https:\/\/www.gstarcad.eu\/lt\/produkt\/gstarcad-standard\/#primaryimage"},"thumbnailUrl":"https:\/\/www.gstarcad.eu\/wp-content\/uploads\/2024\/08\/img-pr-12.png","datePublished":"2025-07-16T06:35:17+00:00","dateModified":"2025-07-16T06:35:17+00:00","breadcrumb":{"@id":"https:\/\/www.gstarcad.eu\/lt\/produkt\/gstarcad-standard\/#breadcrumb"},"inLanguage":"lt-LT","potentialAction":[{"@type":"ReadAction","target":["https:\/\/www.gstarcad.eu\/lt\/produkt\/gstarcad-standard\/"]}]},{"@type":"ImageObject","inLanguage":"lt-LT","@id":"https:\/\/www.gstarcad.eu\/lt\/produkt\/gstarcad-standard\/#primaryimage","url":"https:\/\/www.gstarcad.eu\/wp-content\/uploads\/2024\/08\/img-pr-12.png","contentUrl":"https:\/\/www.gstarcad.eu\/wp-content\/uploads\/2024\/08\/img-pr-12.png","width":474,"height":526},{"@type":"BreadcrumbList","@id":"https:\/\/www.gstarcad.eu\/lt\/produkt\/gstarcad-standard\/#breadcrumb","itemListElement":[{"@type":"ListItem","position":1,"name":"Home","item":"https:\/\/www.gstarcad.eu\/lt\/"},{"@type":"ListItem","position":2,"name":"GstarCad Standard"}]},{"@type":"WebSite","@id":"https:\/\/www.gstarcad.eu\/lt\/#website","url":"https:\/\/www.gstarcad.eu\/lt\/","name":"GstarCad","description":"","publisher":{"@id":"https:\/\/www.gstarcad.eu\/lt\/#organization"},"potentialAction":[{"@type":"SearchAction","target":{"@type":"EntryPoint","urlTemplate":"https:\/\/www.gstarcad.eu\/lt\/?s={search_term_string}"},"query-input":"required name=search_term_string"}],"inLanguage":"lt-LT"},{"@type":"Organization","@id":"https:\/\/www.gstarcad.eu\/lt\/#organization","name":"GstarCad","url":"https:\/\/www.gstarcad.eu\/lt\/","logo":{"@type":"ImageObject","inLanguage":"lt-LT","@id":"https:\/\/www.gstarcad.eu\/lt\/#\/schema\/logo\/image\/","url":"https:\/\/www.gstarcad.eu\/wp-content\/uploads\/2024\/04\/gs-nowe-logo.svg","contentUrl":"https:\/\/www.gstarcad.eu\/wp-content\/uploads\/2024\/04\/gs-nowe-logo.svg","width":169,"height":41,"caption":"GstarCad"},"image":{"@id":"https:\/\/www.gstarcad.eu\/lt\/#\/schema\/logo\/image\/"}}]}},"_links":{"self":[{"href":"https:\/\/www.gstarcad.eu\/lt\/wp-json\/wp\/v2\/product\/28536","targetHints":{"allow":["GET"]}}],"collection":[{"href":"https:\/\/www.gstarcad.eu\/lt\/wp-json\/wp\/v2\/product"}],"about":[{"href":"https:\/\/www.gstarcad.eu\/lt\/wp-json\/wp\/v2\/types\/product"}],"replies":[{"embeddable":true,"href":"https:\/\/www.gstarcad.eu\/lt\/wp-json\/wp\/v2\/comments?post=28536"}],"wp:featuredmedia":[{"embeddable":true,"href":"https:\/\/www.gstarcad.eu\/lt\/wp-json\/wp\/v2\/media\/25161"}],"wp:attachment":[{"href":"https:\/\/www.gstarcad.eu\/lt\/wp-json\/wp\/v2\/media?parent=28536"}],"wp:term":[{"taxonomy":"product_brand","embeddable":true,"href":"https:\/\/www.gstarcad.eu\/lt\/wp-json\/wp\/v2\/product_brand?post=28536"},{"taxonomy":"product_cat","embeddable":true,"href":"https:\/\/www.gstarcad.eu\/lt\/wp-json\/wp\/v2\/product_cat?post=28536"},{"taxonomy":"product_tag","embeddable":true,"href":"https:\/\/www.gstarcad.eu\/lt\/wp-json\/wp\/v2\/product_tag?post=28536"}],"curies":[{"name":"wp","href":"https:\/\/api.w.org\/{rel}","templated":true}]}}