{"id":25903,"date":"2024-03-20T09:32:43","date_gmt":"2024-03-20T09:32:43","guid":{"rendered":"https:\/\/www.gstarcad.eu\/download-gstarcad-2025\/"},"modified":"2025-12-04T12:01:08","modified_gmt":"2025-12-04T12:01:08","slug":"download-gstarcad-2025","status":"publish","type":"page","link":"https:\/\/www.gstarcad.eu\/lt\/download-gstarcad-2025\/","title":{"rendered":"Download GstarCAD 2025"},"content":{"rendered":"\t\t<div data-elementor-type=\"wp-page\" data-elementor-id=\"25903\" class=\"elementor elementor-25903 elementor-18859\">\n\t\t\t\t\t\t<section class=\"elementor-section elementor-top-section elementor-element elementor-element-2a6e470 najnowsza-wersja-do-licencji-section elementor-section-boxed elementor-section-height-default elementor-section-height-default\" data-id=\"2a6e470\" data-element_type=\"section\" data-settings=\"{&quot;background_background&quot;:&quot;classic&quot;}\">\n\t\t\t\t\t\t<div class=\"elementor-container elementor-column-gap-default\">\n\t\t\t\t\t<div class=\"elementor-column elementor-col-50 elementor-top-column elementor-element elementor-element-8cf7232\" data-id=\"8cf7232\" data-element_type=\"column\">\n\t\t\t<div class=\"elementor-widget-wrap elementor-element-populated\">\n\t\t\t\t\t\t<div class=\"elementor-element elementor-element-707db50 breadkr-page elementor-widget elementor-widget-heading\" data-id=\"707db50\" data-element_type=\"widget\" data-widget_type=\"heading.default\">\n\t\t\t\t<div class=\"elementor-widget-container\">\n\t\t\t\t\t<span class=\"elementor-heading-title elementor-size-default\"><a href=\"\/zarzadzanie-licencjami-i-oprogramowaniem\/\">Strefa WIedzy<\/a> &gt; Latest version for licensing<\/span>\t\t\t\t<\/div>\n\t\t\t\t<\/div>\n\t\t\t\t<div class=\"elementor-element elementor-element-fd77de0 elementor-widget elementor-widget-heading\" data-id=\"fd77de0\" data-element_type=\"widget\" data-widget_type=\"heading.default\">\n\t\t\t\t<div class=\"elementor-widget-container\">\n\t\t\t\t\t<h3 class=\"elementor-heading-title elementor-size-default\">Atsisi\u0173skite GstarCAD 2026<\/h3>\t\t\t\t<\/div>\n\t\t\t\t<\/div>\n\t\t\t\t<div class=\"elementor-element elementor-element-fd53539 elementor-widget elementor-widget-text-editor\" data-id=\"fd53539\" data-element_type=\"widget\" data-widget_type=\"text-editor.default\">\n\t\t\t\t<div class=\"elementor-widget-container\">\n\t\t\t\t\t\t\t\t\t<p>Pasirinkite tinkam\u0105 versij\u0105:<\/p>\t\t\t\t\t\t\t\t<\/div>\n\t\t\t\t<\/div>\n\t\t\t\t<section class=\"elementor-section elementor-inner-section elementor-element elementor-element-61513e2 najnowsza-wersja-row elementor-section-boxed elementor-section-height-default elementor-section-height-default\" data-id=\"61513e2\" data-element_type=\"section\">\n\t\t\t\t\t\t<div class=\"elementor-container elementor-column-gap-default\">\n\t\t\t\t\t<div class=\"elementor-column elementor-col-50 elementor-inner-column elementor-element elementor-element-0394326\" data-id=\"0394326\" data-element_type=\"column\">\n\t\t\t<div class=\"elementor-widget-wrap elementor-element-populated\">\n\t\t\t\t\t\t<div class=\"elementor-element elementor-element-212bb48 elementor-widget elementor-widget-text-editor\" data-id=\"212bb48\" data-element_type=\"widget\" data-widget_type=\"text-editor.default\">\n\t\t\t\t<div class=\"elementor-widget-container\">\n\t\t\t\t\t\t\t\t\t<p>Versija angl\u0173 kalba<\/p>\t\t\t\t\t\t\t\t<\/div>\n\t\t\t\t<\/div>\n\t\t\t\t<div class=\"elementor-element elementor-element-ea75259 elementor-widget elementor-widget-button\" data-id=\"ea75259\" data-element_type=\"widget\" data-widget_type=\"button.default\">\n\t\t\t\t<div class=\"elementor-widget-container\">\n\t\t\t\t\t\t\t\t\t<div class=\"elementor-button-wrapper\">\n\t\t\t\t\t<a class=\"elementor-button elementor-button-link elementor-size-sm\" href=\"https:\/\/www.gstarcad.pl\/ftp\/2026\/EN\/GstarCAD_2026_EN_251121_64bit.exe\" download=\"\" id=\"blue-button\">\n\t\t\t\t\t\t<span class=\"elementor-button-content-wrapper\">\n\t\t\t\t\t\t\t\t\t<span class=\"elementor-button-text\">Parsisi\u0173sti 64 bit\u0173 versij\u0105<\/span>\n\t\t\t\t\t<\/span>\n\t\t\t\t\t<\/a>\n\t\t\t\t<\/div>\n\t\t\t\t\t\t\t\t<\/div>\n\t\t\t\t<\/div>\n\t\t\t\t\t<\/div>\n\t\t<\/div>\n\t\t\t\t<div class=\"elementor-column elementor-col-50 elementor-inner-column elementor-element elementor-element-621332b\" data-id=\"621332b\" data-element_type=\"column\">\n\t\t\t<div class=\"elementor-widget-wrap\">\n\t\t\t\t\t\t\t<\/div>\n\t\t<\/div>\n\t\t\t\t\t<\/div>\n\t\t<\/section>\n\t\t\t\t<section class=\"elementor-section elementor-inner-section elementor-element elementor-element-2320204 najnowsza-wersja-row elementor-section-boxed elementor-section-height-default elementor-section-height-default\" data-id=\"2320204\" data-element_type=\"section\">\n\t\t\t\t\t\t<div class=\"elementor-container elementor-column-gap-default\">\n\t\t\t\t\t<div class=\"elementor-column elementor-col-50 elementor-inner-column elementor-element elementor-element-15e8a75\" data-id=\"15e8a75\" data-element_type=\"column\">\n\t\t\t<div class=\"elementor-widget-wrap elementor-element-populated\">\n\t\t\t\t\t\t<div class=\"elementor-element elementor-element-7fac609 elementor-widget elementor-widget-text-editor\" data-id=\"7fac609\" data-element_type=\"widget\" data-widget_type=\"text-editor.default\">\n\t\t\t\t<div class=\"elementor-widget-container\">\n\t\t\t\t\t\t\t\t\t<p>Tinklo licencij\u0173 tvarkykl\u0117<\/p>\t\t\t\t\t\t\t\t<\/div>\n\t\t\t\t<\/div>\n\t\t\t\t<div class=\"elementor-element elementor-element-5b6d4e6 elementor-widget elementor-widget-button\" data-id=\"5b6d4e6\" data-element_type=\"widget\" data-widget_type=\"button.default\">\n\t\t\t\t<div class=\"elementor-widget-container\">\n\t\t\t\t\t\t\t\t\t<div class=\"elementor-button-wrapper\">\n\t\t\t\t\t<a class=\"elementor-button elementor-button-link elementor-size-sm\" href=\"https:\/\/www.gstarcad.pl\/ftp\/2025\/GLM\/glm_Setup_EN_x64_240628.exe\" id=\"blue-button\">\n\t\t\t\t\t\t<span class=\"elementor-button-content-wrapper\">\n\t\t\t\t\t\t\t\t\t<span class=\"elementor-button-text\">Parsisi\u0173sti 64 bit\u0173 versij\u0105<\/span>\n\t\t\t\t\t<\/span>\n\t\t\t\t\t<\/a>\n\t\t\t\t<\/div>\n\t\t\t\t\t\t\t\t<\/div>\n\t\t\t\t<\/div>\n\t\t\t\t\t<\/div>\n\t\t<\/div>\n\t\t\t\t<div class=\"elementor-column elementor-col-50 elementor-inner-column elementor-element elementor-element-6252748\" data-id=\"6252748\" data-element_type=\"column\">\n\t\t\t<div class=\"elementor-widget-wrap\">\n\t\t\t\t\t\t\t<\/div>\n\t\t<\/div>\n\t\t\t\t\t<\/div>\n\t\t<\/section>\n\t\t\t\t\t<\/div>\n\t\t<\/div>\n\t\t\t\t<div class=\"elementor-column elementor-col-50 elementor-top-column elementor-element elementor-element-5661d65\" data-id=\"5661d65\" data-element_type=\"column\">\n\t\t\t<div class=\"elementor-widget-wrap elementor-element-populated\">\n\t\t\t\t\t\t<div class=\"elementor-element elementor-element-ec0f3fb elementor-widget elementor-widget-image\" data-id=\"ec0f3fb\" data-element_type=\"widget\" data-widget_type=\"image.default\">\n\t\t\t\t<div class=\"elementor-widget-container\">\n\t\t\t\t\t\t\t\t\t\t\t\t\t\t\t<img fetchpriority=\"high\" decoding=\"async\" width=\"1080\" height=\"1064\" src=\"https:\/\/www.gstarcad.eu\/wp-content\/uploads\/2025\/12\/img-6.png\" class=\"attachment-full size-full wp-image-29191\" alt=\"\" srcset=\"https:\/\/www.gstarcad.eu\/wp-content\/uploads\/2025\/12\/img-6.png 1080w, https:\/\/www.gstarcad.eu\/wp-content\/uploads\/2025\/12\/img-6-300x296.png 300w, https:\/\/www.gstarcad.eu\/wp-content\/uploads\/2025\/12\/img-6-1024x1009.png 1024w, https:\/\/www.gstarcad.eu\/wp-content\/uploads\/2025\/12\/img-6-768x757.png 768w, https:\/\/www.gstarcad.eu\/wp-content\/uploads\/2025\/12\/img-6-600x591.png 600w, https:\/\/www.gstarcad.eu\/wp-content\/uploads\/2025\/12\/img-6-100x100.png 100w\" sizes=\"(max-width: 1080px) 100vw, 1080px\" \/>\t\t\t\t\t\t\t\t\t\t\t\t\t\t\t<\/div>\n\t\t\t\t<\/div>\n\t\t\t\t\t<\/div>\n\t\t<\/div>\n\t\t\t\t\t<\/div>\n\t\t<\/section>\n\t\t\t\t<\/div>\n\t\t","protected":false},"excerpt":{"rendered":"<p>Strefa WIedzy &gt; Latest version for licensing Atsisi\u0173skite GstarCAD 2026 Pasirinkite tinkam\u0105 versij\u0105: Versija angl\u0173 kalba Parsisi\u0173sti 64 bit\u0173 versij\u0105 Tinklo licencij\u0173 tvarkykl\u0117 Parsisi\u0173sti 64 bit\u0173 versij\u0105<\/p>\n","protected":false},"author":9,"featured_media":0,"parent":0,"menu_order":0,"comment_status":"closed","ping_status":"closed","template":"","meta":{"inline_featured_image":false,"footnotes":""},"class_list":["post-25903","page","type-page","status-publish","hentry"],"yoast_head":"<!-- This site is optimized with the Yoast SEO plugin v22.2 - https:\/\/yoast.com\/wordpress\/plugins\/seo\/ -->\n<title>Download GstarCAD 2025 - GstarCad<\/title>\n<meta name=\"robots\" content=\"index, follow, max-snippet:-1, max-image-preview:large, max-video-preview:-1\" \/>\n<link rel=\"canonical\" href=\"https:\/\/www.gstarcad.eu\/lt\/download-gstarcad-2025\/\" \/>\n<meta property=\"og:locale\" content=\"lt_LT\" \/>\n<meta property=\"og:type\" content=\"article\" \/>\n<meta property=\"og:title\" content=\"Download GstarCAD 2025 - GstarCad\" \/>\n<meta property=\"og:description\" content=\"Strefa WIedzy &gt; Latest version for licensing Atsisi\u0173skite GstarCAD 2026 Pasirinkite tinkam\u0105 versij\u0105: Versija angl\u0173 kalba Parsisi\u0173sti 64 bit\u0173 versij\u0105 Tinklo licencij\u0173 tvarkykl\u0117 Parsisi\u0173sti 64 bit\u0173 versij\u0105\" \/>\n<meta property=\"og:url\" content=\"https:\/\/www.gstarcad.eu\/lt\/download-gstarcad-2025\/\" \/>\n<meta property=\"og:site_name\" content=\"GstarCad\" \/>\n<meta property=\"article:modified_time\" content=\"2025-12-04T12:01:08+00:00\" \/>\n<meta property=\"og:image\" content=\"https:\/\/www.gstarcad.eu\/wp-content\/uploads\/2025\/12\/img-6.png\" \/>\n<meta name=\"twitter:card\" content=\"summary_large_image\" \/>\n<meta name=\"twitter:label1\" content=\"Est. reading time\" \/>\n\t<meta name=\"twitter:data1\" content=\"1 minut\u0117\" \/>\n<script type=\"application\/ld+json\" class=\"yoast-schema-graph\">{\"@context\":\"https:\/\/schema.org\",\"@graph\":[{\"@type\":\"WebPage\",\"@id\":\"https:\/\/www.gstarcad.eu\/lt\/download-gstarcad-2025\/\",\"url\":\"https:\/\/www.gstarcad.eu\/lt\/download-gstarcad-2025\/\",\"name\":\"Download GstarCAD 2025 - GstarCad\",\"isPartOf\":{\"@id\":\"https:\/\/www.gstarcad.eu\/lt\/#website\"},\"primaryImageOfPage\":{\"@id\":\"https:\/\/www.gstarcad.eu\/lt\/download-gstarcad-2025\/#primaryimage\"},\"image\":{\"@id\":\"https:\/\/www.gstarcad.eu\/lt\/download-gstarcad-2025\/#primaryimage\"},\"thumbnailUrl\":\"https:\/\/www.gstarcad.eu\/wp-content\/uploads\/2025\/12\/img-6.png\",\"datePublished\":\"2024-03-20T09:32:43+00:00\",\"dateModified\":\"2025-12-04T12:01:08+00:00\",\"breadcrumb\":{\"@id\":\"https:\/\/www.gstarcad.eu\/lt\/download-gstarcad-2025\/#breadcrumb\"},\"inLanguage\":\"lt-LT\",\"potentialAction\":[{\"@type\":\"ReadAction\",\"target\":[\"https:\/\/www.gstarcad.eu\/lt\/download-gstarcad-2025\/\"]}]},{\"@type\":\"ImageObject\",\"inLanguage\":\"lt-LT\",\"@id\":\"https:\/\/www.gstarcad.eu\/lt\/download-gstarcad-2025\/#primaryimage\",\"url\":\"https:\/\/www.gstarcad.eu\/wp-content\/uploads\/2025\/12\/img-6.png\",\"contentUrl\":\"https:\/\/www.gstarcad.eu\/wp-content\/uploads\/2025\/12\/img-6.png\",\"width\":1080,\"height\":1064},{\"@type\":\"BreadcrumbList\",\"@id\":\"https:\/\/www.gstarcad.eu\/lt\/download-gstarcad-2025\/#breadcrumb\",\"itemListElement\":[{\"@type\":\"ListItem\",\"position\":1,\"name\":\"Home\",\"item\":\"https:\/\/www.gstarcad.eu\/lt\/\"},{\"@type\":\"ListItem\",\"position\":2,\"name\":\"Download GstarCAD 2025\"}]},{\"@type\":\"WebSite\",\"@id\":\"https:\/\/www.gstarcad.eu\/lt\/#website\",\"url\":\"https:\/\/www.gstarcad.eu\/lt\/\",\"name\":\"GstarCad\",\"description\":\"\",\"publisher\":{\"@id\":\"https:\/\/www.gstarcad.eu\/lt\/#organization\"},\"potentialAction\":[{\"@type\":\"SearchAction\",\"target\":{\"@type\":\"EntryPoint\",\"urlTemplate\":\"https:\/\/www.gstarcad.eu\/lt\/?s={search_term_string}\"},\"query-input\":\"required name=search_term_string\"}],\"inLanguage\":\"lt-LT\"},{\"@type\":\"Organization\",\"@id\":\"https:\/\/www.gstarcad.eu\/lt\/#organization\",\"name\":\"GstarCad\",\"url\":\"https:\/\/www.gstarcad.eu\/lt\/\",\"logo\":{\"@type\":\"ImageObject\",\"inLanguage\":\"lt-LT\",\"@id\":\"https:\/\/www.gstarcad.eu\/lt\/#\/schema\/logo\/image\/\",\"url\":\"https:\/\/www.gstarcad.eu\/wp-content\/uploads\/2024\/04\/gs-nowe-logo.svg\",\"contentUrl\":\"https:\/\/www.gstarcad.eu\/wp-content\/uploads\/2024\/04\/gs-nowe-logo.svg\",\"width\":169,\"height\":41,\"caption\":\"GstarCad\"},\"image\":{\"@id\":\"https:\/\/www.gstarcad.eu\/lt\/#\/schema\/logo\/image\/\"}}]}<\/script>\n<!-- \/ Yoast SEO plugin. -->","yoast_head_json":{"title":"Download GstarCAD 2025 - GstarCad","robots":{"index":"index","follow":"follow","max-snippet":"max-snippet:-1","max-image-preview":"max-image-preview:large","max-video-preview":"max-video-preview:-1"},"canonical":"https:\/\/www.gstarcad.eu\/lt\/download-gstarcad-2025\/","og_locale":"lt_LT","og_type":"article","og_title":"Download GstarCAD 2025 - GstarCad","og_description":"Strefa WIedzy &gt; Latest version for licensing Atsisi\u0173skite GstarCAD 2026 Pasirinkite tinkam\u0105 versij\u0105: Versija angl\u0173 kalba Parsisi\u0173sti 64 bit\u0173 versij\u0105 Tinklo licencij\u0173 tvarkykl\u0117 Parsisi\u0173sti 64 bit\u0173 versij\u0105","og_url":"https:\/\/www.gstarcad.eu\/lt\/download-gstarcad-2025\/","og_site_name":"GstarCad","article_modified_time":"2025-12-04T12:01:08+00:00","og_image":[{"url":"https:\/\/www.gstarcad.eu\/wp-content\/uploads\/2025\/12\/img-6.png"}],"twitter_card":"summary_large_image","twitter_misc":{"Est. reading time":"1 minut\u0117"},"schema":{"@context":"https:\/\/schema.org","@graph":[{"@type":"WebPage","@id":"https:\/\/www.gstarcad.eu\/lt\/download-gstarcad-2025\/","url":"https:\/\/www.gstarcad.eu\/lt\/download-gstarcad-2025\/","name":"Download GstarCAD 2025 - GstarCad","isPartOf":{"@id":"https:\/\/www.gstarcad.eu\/lt\/#website"},"primaryImageOfPage":{"@id":"https:\/\/www.gstarcad.eu\/lt\/download-gstarcad-2025\/#primaryimage"},"image":{"@id":"https:\/\/www.gstarcad.eu\/lt\/download-gstarcad-2025\/#primaryimage"},"thumbnailUrl":"https:\/\/www.gstarcad.eu\/wp-content\/uploads\/2025\/12\/img-6.png","datePublished":"2024-03-20T09:32:43+00:00","dateModified":"2025-12-04T12:01:08+00:00","breadcrumb":{"@id":"https:\/\/www.gstarcad.eu\/lt\/download-gstarcad-2025\/#breadcrumb"},"inLanguage":"lt-LT","potentialAction":[{"@type":"ReadAction","target":["https:\/\/www.gstarcad.eu\/lt\/download-gstarcad-2025\/"]}]},{"@type":"ImageObject","inLanguage":"lt-LT","@id":"https:\/\/www.gstarcad.eu\/lt\/download-gstarcad-2025\/#primaryimage","url":"https:\/\/www.gstarcad.eu\/wp-content\/uploads\/2025\/12\/img-6.png","contentUrl":"https:\/\/www.gstarcad.eu\/wp-content\/uploads\/2025\/12\/img-6.png","width":1080,"height":1064},{"@type":"BreadcrumbList","@id":"https:\/\/www.gstarcad.eu\/lt\/download-gstarcad-2025\/#breadcrumb","itemListElement":[{"@type":"ListItem","position":1,"name":"Home","item":"https:\/\/www.gstarcad.eu\/lt\/"},{"@type":"ListItem","position":2,"name":"Download GstarCAD 2025"}]},{"@type":"WebSite","@id":"https:\/\/www.gstarcad.eu\/lt\/#website","url":"https:\/\/www.gstarcad.eu\/lt\/","name":"GstarCad","description":"","publisher":{"@id":"https:\/\/www.gstarcad.eu\/lt\/#organization"},"potentialAction":[{"@type":"SearchAction","target":{"@type":"EntryPoint","urlTemplate":"https:\/\/www.gstarcad.eu\/lt\/?s={search_term_string}"},"query-input":"required name=search_term_string"}],"inLanguage":"lt-LT"},{"@type":"Organization","@id":"https:\/\/www.gstarcad.eu\/lt\/#organization","name":"GstarCad","url":"https:\/\/www.gstarcad.eu\/lt\/","logo":{"@type":"ImageObject","inLanguage":"lt-LT","@id":"https:\/\/www.gstarcad.eu\/lt\/#\/schema\/logo\/image\/","url":"https:\/\/www.gstarcad.eu\/wp-content\/uploads\/2024\/04\/gs-nowe-logo.svg","contentUrl":"https:\/\/www.gstarcad.eu\/wp-content\/uploads\/2024\/04\/gs-nowe-logo.svg","width":169,"height":41,"caption":"GstarCad"},"image":{"@id":"https:\/\/www.gstarcad.eu\/lt\/#\/schema\/logo\/image\/"}}]}},"_links":{"self":[{"href":"https:\/\/www.gstarcad.eu\/lt\/wp-json\/wp\/v2\/pages\/25903","targetHints":{"allow":["GET"]}}],"collection":[{"href":"https:\/\/www.gstarcad.eu\/lt\/wp-json\/wp\/v2\/pages"}],"about":[{"href":"https:\/\/www.gstarcad.eu\/lt\/wp-json\/wp\/v2\/types\/page"}],"author":[{"embeddable":true,"href":"https:\/\/www.gstarcad.eu\/lt\/wp-json\/wp\/v2\/users\/9"}],"replies":[{"embeddable":true,"href":"https:\/\/www.gstarcad.eu\/lt\/wp-json\/wp\/v2\/comments?post=25903"}],"version-history":[{"count":16,"href":"https:\/\/www.gstarcad.eu\/lt\/wp-json\/wp\/v2\/pages\/25903\/revisions"}],"predecessor-version":[{"id":29481,"href":"https:\/\/www.gstarcad.eu\/lt\/wp-json\/wp\/v2\/pages\/25903\/revisions\/29481"}],"wp:attachment":[{"href":"https:\/\/www.gstarcad.eu\/lt\/wp-json\/wp\/v2\/media?parent=25903"}],"curies":[{"name":"wp","href":"https:\/\/api.w.org\/{rel}","templated":true}]}}