{"id":25623,"date":"2024-03-21T10:20:55","date_gmt":"2024-03-21T10:20:55","guid":{"rendered":"https:\/\/www.gstarcad.eu\/dzial-pomocy-technicznej-zadaj-pytanie\/"},"modified":"2024-10-10T14:09:57","modified_gmt":"2024-10-10T14:09:57","slug":"dzial-pomocy-technicznej-zadaj-pytanie","status":"publish","type":"page","link":"https:\/\/www.gstarcad.eu\/lt\/dzial-pomocy-technicznej-zadaj-pytanie\/","title":{"rendered":"Dzia\u0142 pomocy technicznej Zadaj pytanie"},"content":{"rendered":"\t\t<div data-elementor-type=\"wp-page\" data-elementor-id=\"25623\" class=\"elementor elementor-25623 elementor-19038\">\n\t\t\t\t\t\t<section class=\"elementor-section elementor-top-section elementor-element elementor-element-d517360 poznaj-prod-video-section elementor-section-boxed elementor-section-height-default elementor-section-height-default\" data-id=\"d517360\" data-element_type=\"section\" data-settings=\"{&quot;background_background&quot;:&quot;classic&quot;}\">\n\t\t\t\t\t\t<div class=\"elementor-container elementor-column-gap-default\">\n\t\t\t\t\t<div class=\"elementor-column elementor-col-50 elementor-top-column elementor-element elementor-element-7fe72be\" data-id=\"7fe72be\" data-element_type=\"column\">\n\t\t\t<div class=\"elementor-widget-wrap elementor-element-populated\">\n\t\t\t\t\t\t<div class=\"elementor-element elementor-element-a195ffe breadkr-page elementor-widget elementor-widget-text-editor\" data-id=\"a195ffe\" data-element_type=\"widget\" data-widget_type=\"text-editor.default\">\n\t\t\t\t<div class=\"elementor-widget-container\">\n\t\t\t\t\t\t\t\t\t<span style=\"font-size: 17.6px;\"><a href=\"\/support\">Technin\u0117 pagalba<\/a> &gt; Susisiekite su technine pagalba<\/span>\t\t\t\t\t\t\t\t<\/div>\n\t\t\t\t<\/div>\n\t\t\t\t<div class=\"elementor-element elementor-element-0660dc7 elementor-widget elementor-widget-heading\" data-id=\"0660dc7\" data-element_type=\"widget\" data-widget_type=\"heading.default\">\n\t\t\t\t<div class=\"elementor-widget-container\">\n\t\t\t\t\t<h3 class=\"elementor-heading-title elementor-size-default\">Technin\u0117s pagalbos skyrius<\/h3>\t\t\t\t<\/div>\n\t\t\t\t<\/div>\n\t\t\t\t<div class=\"elementor-element elementor-element-897bd70 button-transparent elementor-widget elementor-widget-button\" data-id=\"897bd70\" data-element_type=\"widget\" data-widget_type=\"button.default\">\n\t\t\t\t<div class=\"elementor-widget-container\">\n\t\t\t\t\t\t\t\t\t<div class=\"elementor-button-wrapper\">\n\t\t\t\t\t<a class=\"elementor-button elementor-button-link elementor-size-sm\" href=\"\/dzial-pomocy-technicznej\/\">\n\t\t\t\t\t\t<span class=\"elementor-button-content-wrapper\">\n\t\t\t\t\t\t<span class=\"elementor-button-icon\">\n\t\t\t\t<i aria-hidden=\"true\" class=\"fas fa-angle-left\"><\/i>\t\t\t<\/span>\n\t\t\t\t\t\t\t\t\t<span class=\"elementor-button-text\">atgal<\/span>\n\t\t\t\t\t<\/span>\n\t\t\t\t\t<\/a>\n\t\t\t\t<\/div>\n\t\t\t\t\t\t\t\t<\/div>\n\t\t\t\t<\/div>\n\t\t\t\t\t<\/div>\n\t\t<\/div>\n\t\t\t\t<div class=\"elementor-column elementor-col-50 elementor-top-column elementor-element elementor-element-28049f3 poznaj-prod-video-col\" data-id=\"28049f3\" data-element_type=\"column\">\n\t\t\t<div class=\"elementor-widget-wrap\">\n\t\t\t\t\t\t\t<\/div>\n\t\t<\/div>\n\t\t\t\t\t<\/div>\n\t\t<\/section>\n\t\t\t\t<section class=\"elementor-section elementor-top-section elementor-element elementor-element-0d7ef77 elementor-section-boxed elementor-section-height-default elementor-section-height-default\" data-id=\"0d7ef77\" data-element_type=\"section\" data-settings=\"{&quot;background_background&quot;:&quot;classic&quot;}\">\n\t\t\t\t\t\t<div class=\"elementor-container elementor-column-gap-default\">\n\t\t\t\t\t<div class=\"elementor-column elementor-col-33 elementor-top-column elementor-element elementor-element-e35b4c9\" data-id=\"e35b4c9\" data-element_type=\"column\">\n\t\t\t<div class=\"elementor-widget-wrap elementor-element-populated\">\n\t\t\t\t\t\t<div class=\"elementor-element elementor-element-79509df elementor-widget elementor-widget-heading\" data-id=\"79509df\" data-element_type=\"widget\" data-widget_type=\"heading.default\">\n\t\t\t\t<div class=\"elementor-widget-container\">\n\t\t\t\t\t<h4 class=\"elementor-heading-title elementor-size-default\">U\u017eduokite klausim\u0105<\/h4>\t\t\t\t<\/div>\n\t\t\t\t<\/div>\n\t\t\t\t<div class=\"elementor-element elementor-element-e6bee75 elementor-widget elementor-widget-text-editor\" data-id=\"e6bee75\" data-element_type=\"widget\" data-widget_type=\"text-editor.default\">\n\t\t\t\t<div class=\"elementor-widget-container\">\n\t\t\t\t\t\t\t\t\t<p>Jei neradote sprendimo, galite papasakoti apie savo problem\u0105. M\u016bs\u0173 konsultantai priims j\u016bs\u0173 u\u017eklaus\u0105 ir stengsis kuo grei\u010diau rasti sprendim\u0105. Nor\u0117dami pagreitinti proces\u0105 ir i\u0161vengti nesusipratim\u0173, pateikite kuo i\u0161samesn\u012f apra\u0161ym\u0105 ir u\u017epildykite visus reikiamus laukus.<\/p>\t\t\t\t\t\t\t\t<\/div>\n\t\t\t\t<\/div>\n\t\t\t\t\t<\/div>\n\t\t<\/div>\n\t\t\t\t<div class=\"elementor-column elementor-col-66 elementor-top-column elementor-element elementor-element-5239eba\" data-id=\"5239eba\" data-element_type=\"column\">\n\t\t\t<div class=\"elementor-widget-wrap elementor-element-populated\">\n\t\t\t\t\t\t<div class=\"elementor-element elementor-element-3063b96 elementor-widget elementor-widget-html\" data-id=\"3063b96\" data-element_type=\"widget\" data-widget_type=\"html.default\">\n\t\t\t\t<div class=\"elementor-widget-container\">\n\t\t\t\t\t\r\n<div class=\"zadaj-pytanie-right\">\r\n\r\n                <div class=\"zadaj-pytanie-form\">\r\n                    <meta http-equiv=\"Content-Type\" content=\"text\/html;charset=UTF-8\"><form id=\"__vtigerWebForm\" name=\"Zg\u0142oszenie serwisowe GSTARCAD\" action=\"https:\/\/grupa.tmsys.pl\/crm\/modules\/Webforms\/capture.php\" method=\"post\" accept-charset=\"utf-8\" enctype=\"multipart\/form-data\"><input type=\"hidden\" name=\"__vtrftk\" value=\"sid:20e7b6a9034a75ed7720945e787ddd2aa8f207ec,1654243052\"><input type=\"hidden\" name=\"publicid\" value=\"d88cde134d135b3f3730e785f38efdd2\"><input type=\"hidden\" name=\"urlencodeenable\" value=\"1\"><input type=\"hidden\" name=\"name\" value=\"Zg\u0142oszenie serwisowe GSTARCAD\"><table><tbody><tr><td><input type=\"hidden\" name=\"ticket_title\" data-label=\"\" value=\"Zg\u0142oszenie FORMATKA GSTARCAD\" required=\"\"><\/td><\/tr><tr><td><select name=\"ticketpriorities\" data-label=\"ticketpriorities\" required=\"\" hidden=\"\"><option value=\"\">Select Value<\/option><option value=\"Low\">Niski<\/option><option value=\"Normal\" selected=\"\">Normalny<\/option><option value=\"High\">Wysoki<\/option><option value=\"Urgent\">Pilne<\/option><\/select><\/td><\/tr><tr><td><select name=\"ticketstatus\" data-label=\"ticketstatus\" required=\"\" hidden=\"\"><option value=\"\">Select Value<\/option><option value=\"Open\" selected=\"\">Otwarte<\/option><option value=\"In Progress\">W trakcie<\/option><option value=\"Wait For Response\">Oczekuje na odpowied\u017a<\/option><option value=\"Closed\">Zamkni\u0119te<\/option><\/select><\/td><\/tr><tr><td><select name=\"cf_1278[]\" data-label=\"label:%C5%B9r%26oacute%3Bd%C5%82o+zg%C5%82oszenia\" required=\"\" multiple=\"\" style=\"width: 100%;\" hidden=\"\"><option value=\"email\">email<\/option><option value=\"telefon\">telefon<\/option><option value=\"pracownik tmsys\">pracownik tmsys<\/option><option value=\"formatka\" selected=\"\">formatka<\/option><\/select><\/td><\/tr><tr><td><input type=\"hidden\" name=\"product_id\" data-label=\"\" value=\"6x4430722\"><input type=\"hidden\" value=\"GstarCAD 2022 STD\" readonly=\"\/\"><\/td><\/tr><tr><td><select name=\"ticketcategories\" data-label=\"ticketcategories\" hidden=\"\"><option value=\"\">Select Value<\/option><option value=\"GSTARCAD\" selected=\"\">GSTARCAD<\/option><option value=\"KDMAX\">KDMAX<\/option><option value=\"IRONCAD\">IRONCAD<\/option><option value=\"ALLPLAN IN\u017b\">ALLPLAN IN\u017b<\/option><option value=\"ALLPLAN ARCH\">ALLPLAN ARCH<\/option><option value=\"ARCHLINE WN\u0118TRZA\">ARCHLINE WN\u0118TRZA<\/option><option value=\"ARCHLINE ARCHITEKTURA\">ARCHLINE ARCHITEKTURA<\/option><option value=\"PLANER\">PLANER<\/option><option value=\"Other Problem\">Inny problem<\/option><option value=\"ALLPLAN\">ALLPLAN<\/option><option value=\"SCIA\">SCIA<\/option><option value=\"FRILO\">FRILO<\/option><option value=\"PROTA\">PROTA<\/option><option value=\"ELITECAD\">ELITECAD<\/option><option value=\"WOODLAB\">WOODLAB<\/option><option value=\"KAMIENIARZ\">KAMIENIARZ<\/option><\/select><\/td><\/tr><tr><td><input type=\"text\" name=\"cf_1292\" data-label=\"\" placeholder=\"Temat Zg\u0142oszenia\" value=\"\"><\/td><td><input type=\"text\" name=\"cf_1294\" placeholder=\"BUILD\" data-label=\"\" value=\"\"><\/td><\/tr><tr><td><select name=\"cf_1270[]\" data-label=\"label:PODKATEGORIA\" required=\"\" style=\"width: 100%;\"><option value=\"PODKATEGORIA\">PODKATEGORIA<\/option><option value=\"Licencja - (aktywacja przeniesienie odzyskanie)\">Licencja - (aktywacja przeniesienie odzyskanie)<\/option><option value=\"Awaria\">Awaria<\/option><option value=\"Nie wiem jak zrobi\u0107\">Nie wiem jak zrobi\u0107<\/option><option value=\"Funkcjonalno\u015b\u0107\">Funkcjonalno\u015b\u0107<\/option><option value=\"B\u0142\u0105d  Programu\">B\u0142\u0105d  Programu<\/option><option value=\"Konfiguracja serwera licencji sieciowej\">Konfiguracja serwera licencji sieciowej<\/option><option value=\"Inny\">Inny<\/option><\/select><\/td><td><select name=\"cf_1290[]\" data-label=\"label:Wersja+Oprogramowania\" style=\"width: 100%;\"><option value=\"Wersja Oprogramowania\">Wersja Oprogramowania<\/option><option value=\"2018\">2018<\/option><option value=\"2019\">2019<\/option><option value=\"2020\">2020<\/option><option value=\"2021\">2021<\/option><option value=\"2022\">2022<\/option><option value=\"2023\">2023<\/option><option value=\"2024\">2024<\/option><\/select><\/td><\/tr><tr><td><input type=\"text\" name=\"cf_1296\" data-label=\"\" placeholder=\"Imi\u0119 i Nazwisko\" value=\"\"><\/td><td><textarea name=\"description\" placeholder=\"Opis problemu\" required><\/textarea><\/td><\/tr><tr><\/tr><tr><\/tr><tr><\/tr><tr><td><input type=\"email\" name=\"cf_1300\" data-label=\"\" placeholder=\"Adres email*\" value=\"\" required=\"\"><\/td><td><input type=\"text\" name=\"cf_1298\" data-label=\"\" placeholder=\"Nr telefonu\" value=\"\"><\/td><\/tr><tr><td><input type=\"text\" name=\"cf_1304\" data-label=\"\" placeholder=\"Nazwa Firmy\" value=\"\"><\/td><td><input type=\"number\" name=\"cf_1306\" placeholder=\"NIP\" data-label=\"\" value=\"\" required=\"\" datatype=\"double\" step=\"any\"><\/td><\/tr><tr><\/tr><tr><\/tr><tr><td><label>Za\u0142\u0105cz plik projektu lub screenshot: <\/label><\/td><td><input type=\"file\" name=\"file_3_1\"><\/td><\/tr><\/tbody><\/table><script type=\"text\/javascript\">var RecaptchaOptions={theme:\"clean\"};<\/script><script type=\"text\/javascript\" src=\"http:\/\/www.google.com\/recaptcha\/api\/challenge?k=6Lchg-wSAAAAAIkV51_LSksz6fFdD2vgy59jwa38\"><\/script><noscript><iframe src=\"http:\/\/www.google.com\/recaptcha\/api\/noscript?k=6Lchg-wSAAAAAIkV51_LSksz6fFdD2vgy59jwa38\" height=\"300\" width=\"500\" frameborder=\"0\"><\/iframe><br><textarea name=\"recaptcha_challenge_field\" rows=\"3\" cols=\"40\"><\/textarea><input type=\"hidden\" name=\"recaptcha_response_field\" value=\"manual_challenge\"><\/noscript><input type=\"hidden\" id=\"captchaUrl\" value=\"https:\/\/grupa.tmsys.pl\/crm\/modules\/Settings\/Webforms\/actions\/CheckCaptcha.php\"><input type=\"hidden\" id=\"recaptcha_validation_value\"><input type=\"submit\" value=\"Wy\u015blij\"><\/form><script type=\"text\/javascript\">window.onload=function(){var N=navigator.appName,ua=navigator.userAgent,tem;var M=ua.match(\/(opera|chrome|safari|firefox|msie)\\\/?\\s*(\\.?\\d+(\\.\\d+)*)\/i);if(M&&(tem=ua.match(\/version\\\/([\\.\\d]+)\/i))!=null)M[2]=tem[1];M=M?[M[1],M[2]]:[N,navigator.appVersion,\"-?\"];var browserName=M[0];var form=document.getElementById(\"__vtigerWebForm\"),inputs=form.elements;form.onsubmit=function(){var required=[],att,val;for(var i=0;i<inputs.length;i++){att=inputs[i].getAttribute(\"required\");val=inputs[i].value;type=inputs[i].type;if(type==\"email\"){if(val!=\"\"){var elemLabel=inputs[i].getAttribute(\"label\");var emailFilter=\/^[_\/a-zA-Z0-9]+([!\"#$%&()*+,.\/:;<=>?\\^_`{|}~-]?[a-zA-Z0-9\/_\/-])*@[a-zA-Z0-9]+([\\_\\-\\.]?[a-zA-Z0-9]+)*\\.([\\-\\_]?[a-zA-Z0-9])+(\\.?[a-zA-Z0-9]+)?$\/;var illegalChars=\/[\\(\\)\\<\\>\\,\\;\\:\\\"\\[\\]]\/;if(!emailFilter.test(val)){alert(\"For \"+elemLabel+\" field please enter valid email address\");return false;}else if(val.match(illegalChars)){alert(elemLabel+\" field contains illegal characters\");return false;}}}if(att!=null){if(val.replace(\/^\\s+|\\s+$\/g,\"\")==\"\"){required.push(inputs[i].getAttribute(\"label\"));}}}if(required.length>0){alert(\"The following fields are required: \"+required.join());return false;}var numberTypeInputs=document.querySelectorAll(\"input[type=number]\");for(var i=0;i<numberTypeInputs.length;i++){val=numberTypeInputs[i].value;var elemLabel=numberTypeInputs[i].getAttribute(\"label\");var elemDataType=numberTypeInputs[i].getAttribute(\"datatype\");if(val!=\"\"){if(elemDataType==\"double\"){var numRegex=\/^[+-]?\\d+(\\.\\d+)?$\/;}else{var numRegex=\/^[+-]?\\d+$\/;}if(!numRegex.test(val)){alert(\"For \"+elemLabel+\" field please enter valid number\");return false;}}}var dateTypeInputs=document.querySelectorAll(\"input[type=date]\");for(var i=0;i<dateTypeInputs.length;i++){dateVal=dateTypeInputs[i].value;var elemLabel=dateTypeInputs[i].getAttribute(\"label\");if(dateVal!=\"\"){var dateRegex=\/^[1-9][0-9]{3}-(0[1-9]|1[0-2]|[1-9]{1})-(0[1-9]|[1-2][0-9]|3[0-1]|[1-9]{1})$\/;if(!dateRegex.test(dateVal)){alert(\"For \"+elemLabel+\" field please enter valid date in required format\");return false;}}}var inputElems=document.getElementsByTagName(\"input\");var totalFileSize=0;for(var i=0;i<inputElems.length;i++){if(inputElems[i].type.toLowerCase()===\"file\"){var file=inputElems[i].files[0];if(typeof file!==\"undefined\"){var totalFileSize=totalFileSize+file.size;}}}if(totalFileSize>52428800){alert(\"Maximum allowed file size including all files is 50MB.\");return false;}var recaptchaValidationValue=document.getElementById(\"recaptcha_validation_value\").value;if(recaptchaValidationValue!=true){var recaptchaResponseElement=document.getElementsByName(\"recaptcha_response_field\")[0].value;var recaptchaChallengeElement=document.getElementsByName(\"recaptcha_challenge_field\")[0].value;var captchaUrl=document.getElementById(\"captchaUrl\").value;var url=captchaUrl+\"?recaptcha_response_field=\"+recaptchaResponseElement;url=url+\"&recaptcha_challenge_field=\"+recaptchaChallengeElement+\"&callback=JSONPCallback\";jsonp.fetch(url);return false;}};};var jsonp={callbackCounter:0,fetch:function(url){url=url+\"&callId=\"+this.callbackCounter;var scriptTag=document.createElement(\"SCRIPT\");scriptTag.src=url;scriptTag.async=true;scriptTag.id=\"JSONPCallback_\"+this.callbackCounter;scriptTag.type=\"text\/javascript\";document.getElementsByTagName(\"HEAD\")[0].appendChild(scriptTag);this.callbackCounter++;}};function JSONPCallback(data){if(data.result.success==true){document.getElementById(\"recaptcha_validation_value\").value=true;var form=document.getElementById(\"__vtigerWebForm\");form.submit();}else{document.getElementById(\"recaptcha_reload\").click();alert(\"you entered wrong captcha\");}var element=document.getElementById(\"JSONPCallback_\"+data.result.callId);element.parentNode.removeChild(element);}<\/script>                <\/div>\r\n            <\/div>\t\t\t\t<\/div>\n\t\t\t\t<\/div>\n\t\t\t\t\t<\/div>\n\t\t<\/div>\n\t\t\t\t\t<\/div>\n\t\t<\/section>\n\t\t\t\t<\/div>\n\t\t","protected":false},"excerpt":{"rendered":"<p>Technin\u0117 pagalba &gt; Susisiekite su technine pagalba Technin\u0117s pagalbos skyrius atgal U\u017eduokite klausim\u0105 Jei neradote sprendimo, galite papasakoti apie savo problem\u0105. M\u016bs\u0173 konsultantai priims j\u016bs\u0173 u\u017eklaus\u0105 ir stengsis kuo grei\u010diau rasti sprendim\u0105. Nor\u0117dami pagreitinti proces\u0105 ir i\u0161vengti nesusipratim\u0173, pateikite kuo i\u0161samesn\u012f apra\u0161ym\u0105 ir u\u017epildykite visus reikiamus laukus. Select ValueNiskiNormalnyWysokiPilne Select ValueOtwarteW trakcieOczekuje na odpowied\u017aZamkni\u0119te emailtelefonpracownik [&hellip;]<\/p>\n","protected":false},"author":9,"featured_media":0,"parent":0,"menu_order":0,"comment_status":"closed","ping_status":"closed","template":"","meta":{"inline_featured_image":false,"footnotes":""},"class_list":["post-25623","page","type-page","status-publish","hentry"],"yoast_head":"<!-- This site is optimized with the Yoast SEO plugin v22.2 - https:\/\/yoast.com\/wordpress\/plugins\/seo\/ -->\n<title>Dzia\u0142 pomocy technicznej Zadaj pytanie - GstarCad<\/title>\n<meta name=\"robots\" content=\"index, follow, max-snippet:-1, max-image-preview:large, max-video-preview:-1\" \/>\n<link rel=\"canonical\" href=\"https:\/\/www.gstarcad.eu\/lt\/dzial-pomocy-technicznej-zadaj-pytanie\/\" \/>\n<meta property=\"og:locale\" content=\"lt_LT\" \/>\n<meta property=\"og:type\" content=\"article\" \/>\n<meta property=\"og:title\" content=\"Dzia\u0142 pomocy technicznej Zadaj pytanie - GstarCad\" \/>\n<meta property=\"og:description\" content=\"Technin\u0117 pagalba &gt; Susisiekite su technine pagalba Technin\u0117s pagalbos skyrius atgal U\u017eduokite klausim\u0105 Jei neradote sprendimo, galite papasakoti apie savo problem\u0105. M\u016bs\u0173 konsultantai priims j\u016bs\u0173 u\u017eklaus\u0105 ir stengsis kuo grei\u010diau rasti sprendim\u0105. Nor\u0117dami pagreitinti proces\u0105 ir i\u0161vengti nesusipratim\u0173, pateikite kuo i\u0161samesn\u012f apra\u0161ym\u0105 ir u\u017epildykite visus reikiamus laukus. Select ValueNiskiNormalnyWysokiPilne Select ValueOtwarteW trakcieOczekuje na odpowied\u017aZamkni\u0119te emailtelefonpracownik [&hellip;]\" \/>\n<meta property=\"og:url\" content=\"https:\/\/www.gstarcad.eu\/lt\/dzial-pomocy-technicznej-zadaj-pytanie\/\" \/>\n<meta property=\"og:site_name\" content=\"GstarCad\" \/>\n<meta property=\"article:modified_time\" content=\"2024-10-10T14:09:57+00:00\" \/>\n<meta name=\"twitter:card\" content=\"summary_large_image\" \/>\n<meta name=\"twitter:label1\" content=\"Est. reading time\" \/>\n\t<meta name=\"twitter:data1\" content=\"1 minut\u0117\" \/>\n<script type=\"application\/ld+json\" class=\"yoast-schema-graph\">{\"@context\":\"https:\/\/schema.org\",\"@graph\":[{\"@type\":\"WebPage\",\"@id\":\"https:\/\/www.gstarcad.eu\/lt\/dzial-pomocy-technicznej-zadaj-pytanie\/\",\"url\":\"https:\/\/www.gstarcad.eu\/lt\/dzial-pomocy-technicznej-zadaj-pytanie\/\",\"name\":\"Dzia\u0142 pomocy technicznej Zadaj pytanie - GstarCad\",\"isPartOf\":{\"@id\":\"https:\/\/www.gstarcad.eu\/lt\/#website\"},\"datePublished\":\"2024-03-21T10:20:55+00:00\",\"dateModified\":\"2024-10-10T14:09:57+00:00\",\"breadcrumb\":{\"@id\":\"https:\/\/www.gstarcad.eu\/lt\/dzial-pomocy-technicznej-zadaj-pytanie\/#breadcrumb\"},\"inLanguage\":\"lt-LT\",\"potentialAction\":[{\"@type\":\"ReadAction\",\"target\":[\"https:\/\/www.gstarcad.eu\/lt\/dzial-pomocy-technicznej-zadaj-pytanie\/\"]}]},{\"@type\":\"BreadcrumbList\",\"@id\":\"https:\/\/www.gstarcad.eu\/lt\/dzial-pomocy-technicznej-zadaj-pytanie\/#breadcrumb\",\"itemListElement\":[{\"@type\":\"ListItem\",\"position\":1,\"name\":\"Home\",\"item\":\"https:\/\/www.gstarcad.eu\/lt\/\"},{\"@type\":\"ListItem\",\"position\":2,\"name\":\"Dzia\u0142 pomocy technicznej Zadaj pytanie\"}]},{\"@type\":\"WebSite\",\"@id\":\"https:\/\/www.gstarcad.eu\/lt\/#website\",\"url\":\"https:\/\/www.gstarcad.eu\/lt\/\",\"name\":\"GstarCad\",\"description\":\"\",\"publisher\":{\"@id\":\"https:\/\/www.gstarcad.eu\/lt\/#organization\"},\"potentialAction\":[{\"@type\":\"SearchAction\",\"target\":{\"@type\":\"EntryPoint\",\"urlTemplate\":\"https:\/\/www.gstarcad.eu\/lt\/?s={search_term_string}\"},\"query-input\":\"required name=search_term_string\"}],\"inLanguage\":\"lt-LT\"},{\"@type\":\"Organization\",\"@id\":\"https:\/\/www.gstarcad.eu\/lt\/#organization\",\"name\":\"GstarCad\",\"url\":\"https:\/\/www.gstarcad.eu\/lt\/\",\"logo\":{\"@type\":\"ImageObject\",\"inLanguage\":\"lt-LT\",\"@id\":\"https:\/\/www.gstarcad.eu\/lt\/#\/schema\/logo\/image\/\",\"url\":\"https:\/\/www.gstarcad.eu\/wp-content\/uploads\/2024\/04\/gs-nowe-logo.svg\",\"contentUrl\":\"https:\/\/www.gstarcad.eu\/wp-content\/uploads\/2024\/04\/gs-nowe-logo.svg\",\"width\":169,\"height\":41,\"caption\":\"GstarCad\"},\"image\":{\"@id\":\"https:\/\/www.gstarcad.eu\/lt\/#\/schema\/logo\/image\/\"}}]}<\/script>\n<!-- \/ Yoast SEO plugin. -->","yoast_head_json":{"title":"Dzia\u0142 pomocy technicznej Zadaj pytanie - GstarCad","robots":{"index":"index","follow":"follow","max-snippet":"max-snippet:-1","max-image-preview":"max-image-preview:large","max-video-preview":"max-video-preview:-1"},"canonical":"https:\/\/www.gstarcad.eu\/lt\/dzial-pomocy-technicznej-zadaj-pytanie\/","og_locale":"lt_LT","og_type":"article","og_title":"Dzia\u0142 pomocy technicznej Zadaj pytanie - GstarCad","og_description":"Technin\u0117 pagalba &gt; Susisiekite su technine pagalba Technin\u0117s pagalbos skyrius atgal U\u017eduokite klausim\u0105 Jei neradote sprendimo, galite papasakoti apie savo problem\u0105. M\u016bs\u0173 konsultantai priims j\u016bs\u0173 u\u017eklaus\u0105 ir stengsis kuo grei\u010diau rasti sprendim\u0105. Nor\u0117dami pagreitinti proces\u0105 ir i\u0161vengti nesusipratim\u0173, pateikite kuo i\u0161samesn\u012f apra\u0161ym\u0105 ir u\u017epildykite visus reikiamus laukus. Select ValueNiskiNormalnyWysokiPilne Select ValueOtwarteW trakcieOczekuje na odpowied\u017aZamkni\u0119te emailtelefonpracownik [&hellip;]","og_url":"https:\/\/www.gstarcad.eu\/lt\/dzial-pomocy-technicznej-zadaj-pytanie\/","og_site_name":"GstarCad","article_modified_time":"2024-10-10T14:09:57+00:00","twitter_card":"summary_large_image","twitter_misc":{"Est. reading time":"1 minut\u0117"},"schema":{"@context":"https:\/\/schema.org","@graph":[{"@type":"WebPage","@id":"https:\/\/www.gstarcad.eu\/lt\/dzial-pomocy-technicznej-zadaj-pytanie\/","url":"https:\/\/www.gstarcad.eu\/lt\/dzial-pomocy-technicznej-zadaj-pytanie\/","name":"Dzia\u0142 pomocy technicznej Zadaj pytanie - GstarCad","isPartOf":{"@id":"https:\/\/www.gstarcad.eu\/lt\/#website"},"datePublished":"2024-03-21T10:20:55+00:00","dateModified":"2024-10-10T14:09:57+00:00","breadcrumb":{"@id":"https:\/\/www.gstarcad.eu\/lt\/dzial-pomocy-technicznej-zadaj-pytanie\/#breadcrumb"},"inLanguage":"lt-LT","potentialAction":[{"@type":"ReadAction","target":["https:\/\/www.gstarcad.eu\/lt\/dzial-pomocy-technicznej-zadaj-pytanie\/"]}]},{"@type":"BreadcrumbList","@id":"https:\/\/www.gstarcad.eu\/lt\/dzial-pomocy-technicznej-zadaj-pytanie\/#breadcrumb","itemListElement":[{"@type":"ListItem","position":1,"name":"Home","item":"https:\/\/www.gstarcad.eu\/lt\/"},{"@type":"ListItem","position":2,"name":"Dzia\u0142 pomocy technicznej Zadaj pytanie"}]},{"@type":"WebSite","@id":"https:\/\/www.gstarcad.eu\/lt\/#website","url":"https:\/\/www.gstarcad.eu\/lt\/","name":"GstarCad","description":"","publisher":{"@id":"https:\/\/www.gstarcad.eu\/lt\/#organization"},"potentialAction":[{"@type":"SearchAction","target":{"@type":"EntryPoint","urlTemplate":"https:\/\/www.gstarcad.eu\/lt\/?s={search_term_string}"},"query-input":"required name=search_term_string"}],"inLanguage":"lt-LT"},{"@type":"Organization","@id":"https:\/\/www.gstarcad.eu\/lt\/#organization","name":"GstarCad","url":"https:\/\/www.gstarcad.eu\/lt\/","logo":{"@type":"ImageObject","inLanguage":"lt-LT","@id":"https:\/\/www.gstarcad.eu\/lt\/#\/schema\/logo\/image\/","url":"https:\/\/www.gstarcad.eu\/wp-content\/uploads\/2024\/04\/gs-nowe-logo.svg","contentUrl":"https:\/\/www.gstarcad.eu\/wp-content\/uploads\/2024\/04\/gs-nowe-logo.svg","width":169,"height":41,"caption":"GstarCad"},"image":{"@id":"https:\/\/www.gstarcad.eu\/lt\/#\/schema\/logo\/image\/"}}]}},"_links":{"self":[{"href":"https:\/\/www.gstarcad.eu\/lt\/wp-json\/wp\/v2\/pages\/25623","targetHints":{"allow":["GET"]}}],"collection":[{"href":"https:\/\/www.gstarcad.eu\/lt\/wp-json\/wp\/v2\/pages"}],"about":[{"href":"https:\/\/www.gstarcad.eu\/lt\/wp-json\/wp\/v2\/types\/page"}],"author":[{"embeddable":true,"href":"https:\/\/www.gstarcad.eu\/lt\/wp-json\/wp\/v2\/users\/9"}],"replies":[{"embeddable":true,"href":"https:\/\/www.gstarcad.eu\/lt\/wp-json\/wp\/v2\/comments?post=25623"}],"version-history":[{"count":3,"href":"https:\/\/www.gstarcad.eu\/lt\/wp-json\/wp\/v2\/pages\/25623\/revisions"}],"predecessor-version":[{"id":25632,"href":"https:\/\/www.gstarcad.eu\/lt\/wp-json\/wp\/v2\/pages\/25623\/revisions\/25632"}],"wp:attachment":[{"href":"https:\/\/www.gstarcad.eu\/lt\/wp-json\/wp\/v2\/media?parent=25623"}],"curies":[{"name":"wp","href":"https:\/\/api.w.org\/{rel}","templated":true}]}}