{"id":25605,"date":"2023-06-19T09:19:36","date_gmt":"2023-06-19T09:19:36","guid":{"rendered":"https:\/\/www.gstarcad.eu\/aktualizacja-licencji\/"},"modified":"2025-12-03T11:37:40","modified_gmt":"2025-12-03T11:37:40","slug":"aktualizacja-licencji","status":"publish","type":"page","link":"https:\/\/www.gstarcad.eu\/lt\/aktualizacja-licencji\/","title":{"rendered":"Aktualizacja Licencji"},"content":{"rendered":"\t\t<div data-elementor-type=\"wp-page\" data-elementor-id=\"25605\" class=\"elementor elementor-25605 elementor-13170\">\n\t\t\t\t\t\t<section class=\"elementor-section elementor-top-section elementor-element elementor-element-0e48517 breadkr-page elementor-section-boxed elementor-section-height-default elementor-section-height-default\" data-id=\"0e48517\" data-element_type=\"section\" data-settings=\"{&quot;background_background&quot;:&quot;classic&quot;}\">\n\t\t\t\t\t\t<div class=\"elementor-container elementor-column-gap-default\">\n\t\t\t\t\t<div class=\"elementor-column elementor-col-100 elementor-top-column elementor-element elementor-element-10185f2\" data-id=\"10185f2\" data-element_type=\"column\">\n\t\t\t<div class=\"elementor-widget-wrap elementor-element-populated\">\n\t\t\t\t\t\t<div class=\"elementor-element elementor-element-707db50 elementor-widget elementor-widget-heading\" data-id=\"707db50\" data-element_type=\"widget\" data-widget_type=\"heading.default\">\n\t\t\t\t<div class=\"elementor-widget-container\">\n\t\t\t\t\t<span class=\"elementor-heading-title elementor-size-default\"><a href=\"\/zarzadzanie-licencjami-i-oprogramowaniem\/\">\u017dini\u0173 Zona<\/a> &gt; Licencijos atnaujinimas<\/span>\t\t\t\t<\/div>\n\t\t\t\t<\/div>\n\t\t\t\t\t<\/div>\n\t\t<\/div>\n\t\t\t\t\t<\/div>\n\t\t<\/section>\n\t\t\t\t<section class=\"elementor-section elementor-top-section elementor-element elementor-element-2a6e470 elementor-section-boxed elementor-section-height-default elementor-section-height-default\" data-id=\"2a6e470\" data-element_type=\"section\" data-settings=\"{&quot;background_background&quot;:&quot;classic&quot;}\">\n\t\t\t\t\t\t<div class=\"elementor-container elementor-column-gap-default\">\n\t\t\t\t\t<div class=\"elementor-column elementor-col-100 elementor-top-column elementor-element elementor-element-8cf7232\" data-id=\"8cf7232\" data-element_type=\"column\">\n\t\t\t<div class=\"elementor-widget-wrap elementor-element-populated\">\n\t\t\t\t\t\t<div class=\"elementor-element elementor-element-fd77de0 elementor-widget elementor-widget-heading\" data-id=\"fd77de0\" data-element_type=\"widget\" data-widget_type=\"heading.default\">\n\t\t\t\t<div class=\"elementor-widget-container\">\n\t\t\t\t\t<h3 class=\"elementor-heading-title elementor-size-default\">Licencijos atnaujinimas<\/h3>\t\t\t\t<\/div>\n\t\t\t\t<\/div>\n\t\t\t\t\t<\/div>\n\t\t<\/div>\n\t\t\t\t\t<\/div>\n\t\t<\/section>\n\t\t\t\t<section class=\"elementor-section elementor-top-section elementor-element elementor-element-7d5bb4c strefa-wIedzy-tab elementor-hidden-tablet elementor-hidden-mobile elementor-section-boxed elementor-section-height-default elementor-section-height-default\" data-id=\"7d5bb4c\" data-element_type=\"section\" data-settings=\"{&quot;background_background&quot;:&quot;classic&quot;}\">\n\t\t\t\t\t\t<div class=\"elementor-container elementor-column-gap-default\">\n\t\t\t\t\t<div class=\"elementor-column elementor-col-100 elementor-top-column elementor-element elementor-element-3efa995\" data-id=\"3efa995\" data-element_type=\"column\">\n\t\t\t<div class=\"elementor-widget-wrap elementor-element-populated\">\n\t\t\t\t\t\t<div class=\"elementor-element elementor-element-cbdb5e4 elementor-tabs-view-vertical elementor-widget elementor-widget-tabs\" data-id=\"cbdb5e4\" data-element_type=\"widget\" data-widget_type=\"tabs.default\">\n\t\t\t\t<div class=\"elementor-widget-container\">\n\t\t\t\t\t\t\t<div class=\"elementor-tabs\">\n\t\t\t<div class=\"elementor-tabs-wrapper\" role=\"tablist\" >\n\t\t\t\t\t\t\t\t\t<div id=\"elementor-tab-title-2131\" class=\"elementor-tab-title elementor-tab-desktop-title\" aria-selected=\"true\" data-tab=\"1\" role=\"tab\" tabindex=\"0\" aria-controls=\"elementor-tab-content-2131\" aria-expanded=\"false\">USB licencija<\/div>\n\t\t\t\t\t\t\t\t\t<div id=\"elementor-tab-title-2132\" class=\"elementor-tab-title elementor-tab-desktop-title\" aria-selected=\"false\" data-tab=\"2\" role=\"tab\" tabindex=\"-1\" aria-controls=\"elementor-tab-content-2132\" aria-expanded=\"false\">Vienos stoties elektronin\u0117 licencija<\/div>\n\t\t\t\t\t\t\t<\/div>\n\t\t\t<div class=\"elementor-tabs-content-wrapper\" role=\"tablist\" aria-orientation=\"vertical\">\n\t\t\t\t\t\t\t\t\t<div class=\"elementor-tab-title elementor-tab-mobile-title\" aria-selected=\"true\" data-tab=\"1\" role=\"tab\" tabindex=\"0\" aria-controls=\"elementor-tab-content-2131\" aria-expanded=\"false\">USB licencija<\/div>\n\t\t\t\t\t<div id=\"elementor-tab-content-2131\" class=\"elementor-tab-content elementor-clearfix\" data-tab=\"1\" role=\"tabpanel\" aria-labelledby=\"elementor-tab-title-2131\" tabindex=\"0\" hidden=\"false\"><p><iframe title=\"GstarCAD aktualizacja licencji przypisanej do klucza USB\" width=\"640\" height=\"360\" src=\"https:\/\/www.youtube.com\/embed\/o0WXxa2MshQ?feature=oembed\" frameborder=\"0\" allow=\"accelerometer; autoplay; clipboard-write; encrypted-media; gyroscope; picture-in-picture; web-share\" referrerpolicy=\"strict-origin-when-cross-origin\" allowfullscreen><\/iframe><\/p><h2><strong>Nor\u0117dami atnaujinti USB raktui priskirt\u0105 GstarCAD licencij\u0105:<\/strong><\/h2><h3><span style=\"font-weight: 400;\"><br \/><\/span><span style=\"font-weight: 400;\">1. Atsisi\u0173skite ir \u012fdiekite USB Dongle License Tool program\u0105, kuri\u0105 galite rasti adresu:<\/span><\/h3><p><a href=\"https:\/\/gstarcad.pl\/ftp\/aplikacje\/DongleTools.exe\"><span style=\"font-weight: 400;\">www.gstarcad.pl\/ftp\/aplikacje\/DongleTools.exe<\/span><span style=\"font-weight: 400;\"><br \/><\/span><span style=\"font-weight: 400;\"><br \/><\/span><\/a><span style=\"font-weight: 400;\">2. Kai kuriais atvejais gali pasirodyti informacija apie \u201eVisualStudio Library 2017\u201c \u2013 priimkite prane\u0161im\u0105 paspausdami mygtuk\u0105 \u201eok\u201c.<\/span><\/p><p><img fetchpriority=\"high\" decoding=\"async\" class=\"alignnone wp-image-18375\" src=\"https:\/\/new.tmsys.pl\/wp-content\/uploads\/2024\/03\/Screenshot_1.png\" alt=\"\" width=\"393\" height=\"148\" srcset=\"https:\/\/www.gstarcad.eu\/wp-content\/uploads\/2024\/03\/Screenshot_1.png 587w, https:\/\/www.gstarcad.eu\/wp-content\/uploads\/2024\/03\/Screenshot_1-300x113.png 300w\" sizes=\"(max-width: 393px) 100vw, 393px\" \/><\/p><p><span style=\"font-weight: 400;\">3. Pasirinkite keli\u0105 \u012f aplank\u0105, kuriame \u012fdiegta GstarCAD programa. (Pavyzdys \u017eemiau).<\/span><\/p><p><span style=\"font-weight: 400;\"> <img decoding=\"async\" class=\"alignnone wp-image-18376\" src=\"https:\/\/new.tmsys.pl\/wp-content\/uploads\/2024\/03\/Screenshot_2.png\" alt=\"\" width=\"400\" height=\"313\" srcset=\"https:\/\/www.gstarcad.eu\/wp-content\/uploads\/2024\/03\/Screenshot_2.png 647w, https:\/\/www.gstarcad.eu\/wp-content\/uploads\/2024\/03\/Screenshot_2-300x235.png 300w\" sizes=\"(max-width: 400px) 100vw, 400px\" \/><\/span><\/p><p><img decoding=\"async\" class=\"alignnone wp-image-18377\" src=\"https:\/\/new.tmsys.pl\/wp-content\/uploads\/2024\/03\/Screenshot_3.png\" alt=\"\" width=\"396\" height=\"309\" srcset=\"https:\/\/www.gstarcad.eu\/wp-content\/uploads\/2024\/03\/Screenshot_3.png 640w, https:\/\/www.gstarcad.eu\/wp-content\/uploads\/2024\/03\/Screenshot_3-300x234.png 300w\" sizes=\"(max-width: 396px) 100vw, 396px\" \/><\/p><p><span style=\"font-weight: 400;\">\u00a04. Pasirink\u0119 keli\u0105, \u012fdiekite program\u0105 &#8211; Dongle License Tool.<\/span><\/p><p><span style=\"font-weight: 400;\"> <img loading=\"lazy\" decoding=\"async\" class=\"alignnone wp-image-18378\" src=\"https:\/\/new.tmsys.pl\/wp-content\/uploads\/2024\/03\/Screenshot_4.png\" alt=\"\" width=\"397\" height=\"310\" srcset=\"https:\/\/www.gstarcad.eu\/wp-content\/uploads\/2024\/03\/Screenshot_4.png 641w, https:\/\/www.gstarcad.eu\/wp-content\/uploads\/2024\/03\/Screenshot_4-300x234.png 300w\" sizes=\"(max-width: 397px) 100vw, 397px\" \/><\/span><\/p><p><span style=\"font-weight: 400;\">5. Prijunkite USB rakt\u0105 su GstarCAD licencija \u012f prievad\u0105 \u2013 nebent tai padar\u0117te anks\u010diau.<\/span><\/p><p><span style=\"font-weight: 400;\">\u00a0<\/span><\/p><p><span style=\"font-weight: 400;\">6. Eikite \u012f aplank\u0105, kuriame \u012fdieg\u0117te \u201eDongle License Tool\u201c program\u0105 ir paleiskite j\u0105.<\/span><\/p><p><span style=\"font-weight: 400;\"> <img loading=\"lazy\" decoding=\"async\" class=\"alignnone wp-image-18379\" src=\"https:\/\/new.tmsys.pl\/wp-content\/uploads\/2024\/03\/Screenshot_5.png\" alt=\"\" width=\"393\" height=\"292\" srcset=\"https:\/\/www.gstarcad.eu\/wp-content\/uploads\/2024\/03\/Screenshot_5.png 761w, https:\/\/www.gstarcad.eu\/wp-content\/uploads\/2024\/03\/Screenshot_5-300x223.png 300w\" sizes=\"(max-width: 393px) 100vw, 393px\" \/><\/span><\/p><p><span style=\"font-weight: 400;\">7. Atsiras langas su:<\/span><\/p><p><b>-USB rakto ID<\/b><\/p><p><b>-Atsidarys langas su licencijos numeriu, \u012fkeltu \u012f USB rakt\u0105<\/b><\/p><p><span style=\"font-weight: 400;\"> <img loading=\"lazy\" decoding=\"async\" class=\"alignnone wp-image-18380\" src=\"https:\/\/new.tmsys.pl\/wp-content\/uploads\/2024\/03\/Screenshot_6.png\" alt=\"\" width=\"474\" height=\"360\" srcset=\"https:\/\/www.gstarcad.eu\/wp-content\/uploads\/2024\/03\/Screenshot_6.png 761w, https:\/\/www.gstarcad.eu\/wp-content\/uploads\/2024\/03\/Screenshot_6-300x228.png 300w\" sizes=\"(max-width: 474px) 100vw, 474px\" \/><\/span><\/p><p>\u012ekelt\u0105 licencijos numer\u012f atsi\u0173skite atsakydami \u012f gaut\u0105 el. lai\u0161k\u0105 arba produkto vadybininkui, su kuriuo susisiek\u0117te anks\u010diau.<\/p><p>Jei rodomas \u201eapkarpytas\u201c licencijos numeris, tiesiog \u0161iek tiek perkelkite pel\u0117s slankikl\u012f (pa\u017eym\u0117ta auk\u0161\u010diau esan\u010dioje ekrano kopijoje).<\/p><p>8. Gav\u0119 atsakymo prane\u0161im\u0105 apie atnaujinim\u0105 (apie 1-2 darbo dienas), i\u0161 naujo paleiskite Dongle License Tool \u012frank\u012f su prijungtu USB disku ir pasirinkite UPDATE.<\/p><p><img loading=\"lazy\" decoding=\"async\" class=\"alignnone wp-image-18381\" src=\"https:\/\/new.tmsys.pl\/wp-content\/uploads\/2024\/03\/Screenshot_7.png\" alt=\"\" width=\"492\" height=\"372\" srcset=\"https:\/\/www.gstarcad.eu\/wp-content\/uploads\/2024\/03\/Screenshot_7.png 761w, https:\/\/www.gstarcad.eu\/wp-content\/uploads\/2024\/03\/Screenshot_7-300x227.png 300w\" sizes=\"(max-width: 492px) 100vw, 492px\" \/><\/p><\/div>\n\t\t\t\t\t\t\t\t\t<div class=\"elementor-tab-title elementor-tab-mobile-title\" aria-selected=\"false\" data-tab=\"2\" role=\"tab\" tabindex=\"-1\" aria-controls=\"elementor-tab-content-2132\" aria-expanded=\"false\">Vienos stoties elektronin\u0117 licencija<\/div>\n\t\t\t\t\t<div id=\"elementor-tab-content-2132\" class=\"elementor-tab-content elementor-clearfix\" data-tab=\"2\" role=\"tabpanel\" aria-labelledby=\"elementor-tab-title-2132\" tabindex=\"0\" hidden=\"hidden\"><h3>\u00a0<\/h3><h3>Elektronin\u0117s vienos stoties licencijos atnaujinimas<\/h3><p>Nor\u0117dami atnaujinti licencij\u0105, u\u017epildykite duomenis toliau esan\u010dioje formoje.<\/p><p>Atnaujintas raktas bus i\u0161si\u0173stas atgal nurodytu el. pa\u0161to adresu.<\/p><p>Licencij\u0173 skai\u010dius<\/p><\/div>\n\t\t\t\t\t\t\t<\/div>\n\t\t<\/div>\n\t\t\t\t\t\t<\/div>\n\t\t\t\t<\/div>\n\t\t\t\t\t<\/div>\n\t\t<\/div>\n\t\t\t\t\t<\/div>\n\t\t<\/section>\n\t\t\t\t<\/div>\n\t\t","protected":false},"excerpt":{"rendered":"<p>\u017dini\u0173 Zona &gt; Licencijos atnaujinimas Licencijos atnaujinimas USB licencija Vienos stoties elektronin\u0117 licencija USB licencija Nor\u0117dami atnaujinti USB raktui priskirt\u0105 GstarCAD licencij\u0105: 1. Atsisi\u0173skite ir \u012fdiekite USB Dongle License Tool program\u0105, kuri\u0105 galite rasti adresu: www.gstarcad.pl\/ftp\/aplikacje\/DongleTools.exe 2. Kai kuriais atvejais gali pasirodyti informacija apie \u201eVisualStudio Library 2017\u201c \u2013 priimkite prane\u0161im\u0105 paspausdami mygtuk\u0105 \u201eok\u201c. 3. Pasirinkite [&hellip;]<\/p>\n","protected":false},"author":9,"featured_media":0,"parent":0,"menu_order":0,"comment_status":"closed","ping_status":"closed","template":"","meta":{"inline_featured_image":false,"footnotes":""},"class_list":["post-25605","page","type-page","status-publish","hentry"],"yoast_head":"<!-- This site is optimized with the Yoast SEO plugin v22.2 - https:\/\/yoast.com\/wordpress\/plugins\/seo\/ -->\n<title>Aktualizacja Licencji USB i Elektroniczna | GstarCAD<\/title>\n<meta name=\"description\" content=\"Aktualizacja licenji GstarCAD program CAD 2D do plik\u00f3w DWG USB i jednostanowiskowa elektroniczna. Niezawodny CAD 2D\/3D w najni\u017cszej cenie\" \/>\n<meta name=\"robots\" content=\"index, follow, max-snippet:-1, max-image-preview:large, max-video-preview:-1\" \/>\n<link rel=\"canonical\" href=\"https:\/\/www.gstarcad.eu\/lt\/aktualizacja-licencji\/\" \/>\n<meta property=\"og:locale\" content=\"lt_LT\" \/>\n<meta property=\"og:type\" content=\"article\" \/>\n<meta property=\"og:title\" content=\"Aktualizacja Licencji USB i Elektroniczna | GstarCAD\" \/>\n<meta property=\"og:description\" content=\"Aktualizacja licenji GstarCAD program CAD 2D do plik\u00f3w DWG USB i jednostanowiskowa elektroniczna. Niezawodny CAD 2D\/3D w najni\u017cszej cenie\" \/>\n<meta property=\"og:url\" content=\"https:\/\/www.gstarcad.eu\/lt\/aktualizacja-licencji\/\" \/>\n<meta property=\"og:site_name\" content=\"GstarCad\" \/>\n<meta property=\"article:modified_time\" content=\"2025-12-03T11:37:40+00:00\" \/>\n<meta property=\"og:image\" content=\"https:\/\/new.tmsys.pl\/wp-content\/uploads\/2024\/03\/Screenshot_1.png\" \/>\n<meta name=\"twitter:card\" content=\"summary_large_image\" \/>\n<meta name=\"twitter:label1\" content=\"Est. reading time\" \/>\n\t<meta name=\"twitter:data1\" content=\"3 minut\u0117s\" \/>\n<script type=\"application\/ld+json\" class=\"yoast-schema-graph\">{\"@context\":\"https:\/\/schema.org\",\"@graph\":[{\"@type\":\"WebPage\",\"@id\":\"https:\/\/www.gstarcad.eu\/lt\/aktualizacja-licencji\/\",\"url\":\"https:\/\/www.gstarcad.eu\/lt\/aktualizacja-licencji\/\",\"name\":\"Aktualizacja Licencji USB i Elektroniczna | GstarCAD\",\"isPartOf\":{\"@id\":\"https:\/\/www.gstarcad.eu\/lt\/#website\"},\"primaryImageOfPage\":{\"@id\":\"https:\/\/www.gstarcad.eu\/lt\/aktualizacja-licencji\/#primaryimage\"},\"image\":{\"@id\":\"https:\/\/www.gstarcad.eu\/lt\/aktualizacja-licencji\/#primaryimage\"},\"thumbnailUrl\":\"https:\/\/new.tmsys.pl\/wp-content\/uploads\/2024\/03\/Screenshot_1.png\",\"datePublished\":\"2023-06-19T09:19:36+00:00\",\"dateModified\":\"2025-12-03T11:37:40+00:00\",\"description\":\"Aktualizacja licenji GstarCAD program CAD 2D do plik\u00f3w DWG USB i jednostanowiskowa elektroniczna. Niezawodny CAD 2D\/3D w najni\u017cszej cenie\",\"breadcrumb\":{\"@id\":\"https:\/\/www.gstarcad.eu\/lt\/aktualizacja-licencji\/#breadcrumb\"},\"inLanguage\":\"lt-LT\",\"potentialAction\":[{\"@type\":\"ReadAction\",\"target\":[\"https:\/\/www.gstarcad.eu\/lt\/aktualizacja-licencji\/\"]}]},{\"@type\":\"ImageObject\",\"inLanguage\":\"lt-LT\",\"@id\":\"https:\/\/www.gstarcad.eu\/lt\/aktualizacja-licencji\/#primaryimage\",\"url\":\"https:\/\/new.tmsys.pl\/wp-content\/uploads\/2024\/03\/Screenshot_1.png\",\"contentUrl\":\"https:\/\/new.tmsys.pl\/wp-content\/uploads\/2024\/03\/Screenshot_1.png\"},{\"@type\":\"BreadcrumbList\",\"@id\":\"https:\/\/www.gstarcad.eu\/lt\/aktualizacja-licencji\/#breadcrumb\",\"itemListElement\":[{\"@type\":\"ListItem\",\"position\":1,\"name\":\"Home\",\"item\":\"https:\/\/www.gstarcad.eu\/lt\/\"},{\"@type\":\"ListItem\",\"position\":2,\"name\":\"Aktualizacja Licencji\"}]},{\"@type\":\"WebSite\",\"@id\":\"https:\/\/www.gstarcad.eu\/lt\/#website\",\"url\":\"https:\/\/www.gstarcad.eu\/lt\/\",\"name\":\"GstarCad\",\"description\":\"\",\"publisher\":{\"@id\":\"https:\/\/www.gstarcad.eu\/lt\/#organization\"},\"potentialAction\":[{\"@type\":\"SearchAction\",\"target\":{\"@type\":\"EntryPoint\",\"urlTemplate\":\"https:\/\/www.gstarcad.eu\/lt\/?s={search_term_string}\"},\"query-input\":\"required name=search_term_string\"}],\"inLanguage\":\"lt-LT\"},{\"@type\":\"Organization\",\"@id\":\"https:\/\/www.gstarcad.eu\/lt\/#organization\",\"name\":\"GstarCad\",\"url\":\"https:\/\/www.gstarcad.eu\/lt\/\",\"logo\":{\"@type\":\"ImageObject\",\"inLanguage\":\"lt-LT\",\"@id\":\"https:\/\/www.gstarcad.eu\/lt\/#\/schema\/logo\/image\/\",\"url\":\"https:\/\/www.gstarcad.eu\/wp-content\/uploads\/2024\/04\/gs-nowe-logo.svg\",\"contentUrl\":\"https:\/\/www.gstarcad.eu\/wp-content\/uploads\/2024\/04\/gs-nowe-logo.svg\",\"width\":169,\"height\":41,\"caption\":\"GstarCad\"},\"image\":{\"@id\":\"https:\/\/www.gstarcad.eu\/lt\/#\/schema\/logo\/image\/\"}}]}<\/script>\n<!-- \/ Yoast SEO plugin. -->","yoast_head_json":{"title":"Aktualizacja Licencji USB i Elektroniczna | GstarCAD","description":"Aktualizacja licenji GstarCAD program CAD 2D do plik\u00f3w DWG USB i jednostanowiskowa elektroniczna. Niezawodny CAD 2D\/3D w najni\u017cszej cenie","robots":{"index":"index","follow":"follow","max-snippet":"max-snippet:-1","max-image-preview":"max-image-preview:large","max-video-preview":"max-video-preview:-1"},"canonical":"https:\/\/www.gstarcad.eu\/lt\/aktualizacja-licencji\/","og_locale":"lt_LT","og_type":"article","og_title":"Aktualizacja Licencji USB i Elektroniczna | GstarCAD","og_description":"Aktualizacja licenji GstarCAD program CAD 2D do plik\u00f3w DWG USB i jednostanowiskowa elektroniczna. Niezawodny CAD 2D\/3D w najni\u017cszej cenie","og_url":"https:\/\/www.gstarcad.eu\/lt\/aktualizacja-licencji\/","og_site_name":"GstarCad","article_modified_time":"2025-12-03T11:37:40+00:00","og_image":[{"url":"https:\/\/new.tmsys.pl\/wp-content\/uploads\/2024\/03\/Screenshot_1.png"}],"twitter_card":"summary_large_image","twitter_misc":{"Est. reading time":"3 minut\u0117s"},"schema":{"@context":"https:\/\/schema.org","@graph":[{"@type":"WebPage","@id":"https:\/\/www.gstarcad.eu\/lt\/aktualizacja-licencji\/","url":"https:\/\/www.gstarcad.eu\/lt\/aktualizacja-licencji\/","name":"Aktualizacja Licencji USB i Elektroniczna | GstarCAD","isPartOf":{"@id":"https:\/\/www.gstarcad.eu\/lt\/#website"},"primaryImageOfPage":{"@id":"https:\/\/www.gstarcad.eu\/lt\/aktualizacja-licencji\/#primaryimage"},"image":{"@id":"https:\/\/www.gstarcad.eu\/lt\/aktualizacja-licencji\/#primaryimage"},"thumbnailUrl":"https:\/\/new.tmsys.pl\/wp-content\/uploads\/2024\/03\/Screenshot_1.png","datePublished":"2023-06-19T09:19:36+00:00","dateModified":"2025-12-03T11:37:40+00:00","description":"Aktualizacja licenji GstarCAD program CAD 2D do plik\u00f3w DWG USB i jednostanowiskowa elektroniczna. Niezawodny CAD 2D\/3D w najni\u017cszej cenie","breadcrumb":{"@id":"https:\/\/www.gstarcad.eu\/lt\/aktualizacja-licencji\/#breadcrumb"},"inLanguage":"lt-LT","potentialAction":[{"@type":"ReadAction","target":["https:\/\/www.gstarcad.eu\/lt\/aktualizacja-licencji\/"]}]},{"@type":"ImageObject","inLanguage":"lt-LT","@id":"https:\/\/www.gstarcad.eu\/lt\/aktualizacja-licencji\/#primaryimage","url":"https:\/\/new.tmsys.pl\/wp-content\/uploads\/2024\/03\/Screenshot_1.png","contentUrl":"https:\/\/new.tmsys.pl\/wp-content\/uploads\/2024\/03\/Screenshot_1.png"},{"@type":"BreadcrumbList","@id":"https:\/\/www.gstarcad.eu\/lt\/aktualizacja-licencji\/#breadcrumb","itemListElement":[{"@type":"ListItem","position":1,"name":"Home","item":"https:\/\/www.gstarcad.eu\/lt\/"},{"@type":"ListItem","position":2,"name":"Aktualizacja Licencji"}]},{"@type":"WebSite","@id":"https:\/\/www.gstarcad.eu\/lt\/#website","url":"https:\/\/www.gstarcad.eu\/lt\/","name":"GstarCad","description":"","publisher":{"@id":"https:\/\/www.gstarcad.eu\/lt\/#organization"},"potentialAction":[{"@type":"SearchAction","target":{"@type":"EntryPoint","urlTemplate":"https:\/\/www.gstarcad.eu\/lt\/?s={search_term_string}"},"query-input":"required name=search_term_string"}],"inLanguage":"lt-LT"},{"@type":"Organization","@id":"https:\/\/www.gstarcad.eu\/lt\/#organization","name":"GstarCad","url":"https:\/\/www.gstarcad.eu\/lt\/","logo":{"@type":"ImageObject","inLanguage":"lt-LT","@id":"https:\/\/www.gstarcad.eu\/lt\/#\/schema\/logo\/image\/","url":"https:\/\/www.gstarcad.eu\/wp-content\/uploads\/2024\/04\/gs-nowe-logo.svg","contentUrl":"https:\/\/www.gstarcad.eu\/wp-content\/uploads\/2024\/04\/gs-nowe-logo.svg","width":169,"height":41,"caption":"GstarCad"},"image":{"@id":"https:\/\/www.gstarcad.eu\/lt\/#\/schema\/logo\/image\/"}}]}},"_links":{"self":[{"href":"https:\/\/www.gstarcad.eu\/lt\/wp-json\/wp\/v2\/pages\/25605","targetHints":{"allow":["GET"]}}],"collection":[{"href":"https:\/\/www.gstarcad.eu\/lt\/wp-json\/wp\/v2\/pages"}],"about":[{"href":"https:\/\/www.gstarcad.eu\/lt\/wp-json\/wp\/v2\/types\/page"}],"author":[{"embeddable":true,"href":"https:\/\/www.gstarcad.eu\/lt\/wp-json\/wp\/v2\/users\/9"}],"replies":[{"embeddable":true,"href":"https:\/\/www.gstarcad.eu\/lt\/wp-json\/wp\/v2\/comments?post=25605"}],"version-history":[{"count":3,"href":"https:\/\/www.gstarcad.eu\/lt\/wp-json\/wp\/v2\/pages\/25605\/revisions"}],"predecessor-version":[{"id":29447,"href":"https:\/\/www.gstarcad.eu\/lt\/wp-json\/wp\/v2\/pages\/25605\/revisions\/29447"}],"wp:attachment":[{"href":"https:\/\/www.gstarcad.eu\/lt\/wp-json\/wp\/v2\/media?parent=25605"}],"curies":[{"name":"wp","href":"https:\/\/api.w.org\/{rel}","templated":true}]}}