{"id":25560,"date":"2023-03-21T15:07:46","date_gmt":"2023-03-21T15:07:46","guid":{"rendered":"https:\/\/www.gstarcad.eu\/aktualnosci\/"},"modified":"2023-03-21T15:07:46","modified_gmt":"2023-03-21T15:07:46","slug":"aktualnosci","status":"publish","type":"page","link":"https:\/\/www.gstarcad.eu\/lt\/aktualnosci\/","title":{"rendered":"Aktualno\u015bci"},"content":{"rendered":"\t\t<div data-elementor-type=\"wp-page\" data-elementor-id=\"25560\" class=\"elementor elementor-25560 elementor-11210\">\n\t\t\t\t\t\t<section class=\"elementor-section elementor-top-section elementor-element elementor-element-3925647 strefa-col-block elementor-section-boxed elementor-section-height-default elementor-section-height-default\" data-id=\"3925647\" data-element_type=\"section\">\n\t\t\t\t\t\t<div class=\"elementor-container elementor-column-gap-default\">\n\t\t\t\t\t<div class=\"elementor-column elementor-col-25 elementor-top-column elementor-element elementor-element-74e8dff\" data-id=\"74e8dff\" data-element_type=\"column\">\n\t\t\t<div class=\"elementor-widget-wrap elementor-element-populated\">\n\t\t\t\t\t\t<div class=\"elementor-element elementor-element-1a7ed2a elementor-position-top elementor-widget elementor-widget-image-box\" data-id=\"1a7ed2a\" data-element_type=\"widget\" data-widget_type=\"image-box.default\">\n\t\t\t\t<div class=\"elementor-widget-container\">\n\t\t\t\t\t<div class=\"elementor-image-box-wrapper\"><figure class=\"elementor-image-box-img\"><a href=\"\/promocje\/\" tabindex=\"-1\"><img decoding=\"async\" width=\"148\" height=\"185\" src=\"https:\/\/www.gstarcad.eu\/wp-content\/uploads\/2022\/09\/cad2021-icon15.png\" class=\"attachment-full size-full wp-image-903\" alt=\"\" \/><\/a><\/figure><div class=\"elementor-image-box-content\"><h3 class=\"elementor-image-box-title\"><a href=\"\/promocje\/\">Promocje<\/a><\/h3><p class=\"elementor-image-box-description\">Aktualne promocje<\/p><\/div><\/div>\t\t\t\t<\/div>\n\t\t\t\t<\/div>\n\t\t\t\t\t<\/div>\n\t\t<\/div>\n\t\t\t\t<div class=\"elementor-column elementor-col-25 elementor-top-column elementor-element elementor-element-2c7b319\" data-id=\"2c7b319\" data-element_type=\"column\">\n\t\t\t<div class=\"elementor-widget-wrap elementor-element-populated\">\n\t\t\t\t\t\t<div class=\"elementor-element elementor-element-ddaab86 elementor-position-top elementor-widget elementor-widget-image-box\" data-id=\"ddaab86\" data-element_type=\"widget\" data-widget_type=\"image-box.default\">\n\t\t\t\t<div class=\"elementor-widget-container\">\n\t\t\t\t\t<div class=\"elementor-image-box-wrapper\"><figure class=\"elementor-image-box-img\"><a href=\"https:\/\/new.tmsys.pl\/blog\/\" tabindex=\"-1\"><img decoding=\"async\" width=\"148\" height=\"185\" src=\"https:\/\/www.gstarcad.eu\/wp-content\/uploads\/2022\/09\/cad2021-icon15.png\" class=\"attachment-full size-full wp-image-903\" alt=\"\" \/><\/a><\/figure><div class=\"elementor-image-box-content\"><h3 class=\"elementor-image-box-title\"><a href=\"https:\/\/new.tmsys.pl\/blog\/\">Blog<\/a><\/h3><p class=\"elementor-image-box-description\">Aktualno\u015bci, wydarzenia, nowo\u015bci<\/p><\/div><\/div>\t\t\t\t<\/div>\n\t\t\t\t<\/div>\n\t\t\t\t\t<\/div>\n\t\t<\/div>\n\t\t\t\t<div class=\"elementor-column elementor-col-25 elementor-top-column elementor-element elementor-element-f6d39c6\" data-id=\"f6d39c6\" data-element_type=\"column\">\n\t\t\t<div class=\"elementor-widget-wrap elementor-element-populated\">\n\t\t\t\t\t\t<div class=\"elementor-element elementor-element-35c8869 elementor-position-top elementor-widget elementor-widget-image-box\" data-id=\"35c8869\" data-element_type=\"widget\" data-widget_type=\"image-box.default\">\n\t\t\t\t<div class=\"elementor-widget-container\">\n\t\t\t\t\t<div class=\"elementor-image-box-wrapper\"><figure class=\"elementor-image-box-img\"><a href=\"\/ostatnie-wdrozenia\/\" tabindex=\"-1\"><img decoding=\"async\" width=\"148\" height=\"185\" src=\"https:\/\/www.gstarcad.eu\/wp-content\/uploads\/2022\/09\/cad2021-icon15.png\" class=\"attachment-full size-full wp-image-903\" alt=\"\" \/><\/a><\/figure><div class=\"elementor-image-box-content\"><h3 class=\"elementor-image-box-title\"><a href=\"\/ostatnie-wdrozenia\/\">Ostatnie wdro\u017cenia<\/a><\/h3><p class=\"elementor-image-box-description\">Jak radz\u0105 sobie u\u017cytkownicy GstarCAD<\/p><\/div><\/div>\t\t\t\t<\/div>\n\t\t\t\t<\/div>\n\t\t\t\t\t<\/div>\n\t\t<\/div>\n\t\t\t\t<div class=\"elementor-column elementor-col-25 elementor-top-column elementor-element elementor-element-ad4a530\" data-id=\"ad4a530\" data-element_type=\"column\">\n\t\t\t<div class=\"elementor-widget-wrap elementor-element-populated\">\n\t\t\t\t\t\t<div class=\"elementor-element elementor-element-661b194 elementor-position-top elementor-widget elementor-widget-image-box\" data-id=\"661b194\" data-element_type=\"widget\" data-widget_type=\"image-box.default\">\n\t\t\t\t<div class=\"elementor-widget-container\">\n\t\t\t\t\t<div class=\"elementor-image-box-wrapper\"><figure class=\"elementor-image-box-img\"><a href=\"\/webinary\/\" tabindex=\"-1\"><img decoding=\"async\" width=\"148\" height=\"185\" src=\"https:\/\/www.gstarcad.eu\/wp-content\/uploads\/2022\/09\/cad2021-icon15.png\" class=\"attachment-full size-full wp-image-903\" alt=\"\" \/><\/a><\/figure><div class=\"elementor-image-box-content\"><h3 class=\"elementor-image-box-title\"><a href=\"\/webinary\/\">Webinaria<\/a><\/h3><\/div><\/div>\t\t\t\t<\/div>\n\t\t\t\t<\/div>\n\t\t\t\t\t<\/div>\n\t\t<\/div>\n\t\t\t\t\t<\/div>\n\t\t<\/section>\n\t\t\t\t<\/div>\n\t\t","protected":false},"excerpt":{"rendered":"<p>Promocje Aktualne promocje Blog Aktualno\u015bci, wydarzenia, nowo\u015bci Ostatnie wdro\u017cenia Jak radz\u0105 sobie u\u017cytkownicy GstarCAD Webinaria<\/p>\n","protected":false},"author":9,"featured_media":0,"parent":0,"menu_order":0,"comment_status":"closed","ping_status":"closed","template":"","meta":{"inline_featured_image":false,"footnotes":""},"class_list":["post-25560","page","type-page","status-publish","hentry"],"yoast_head":"<!-- This site is optimized with the Yoast SEO plugin v22.2 - https:\/\/yoast.com\/wordpress\/plugins\/seo\/ -->\n<title>Aktualno\u015bci - GstarCad<\/title>\n<meta name=\"robots\" content=\"index, follow, max-snippet:-1, max-image-preview:large, max-video-preview:-1\" \/>\n<link rel=\"canonical\" href=\"https:\/\/www.gstarcad.eu\/lt\/aktualnosci\/\" \/>\n<meta property=\"og:locale\" content=\"lt_LT\" \/>\n<meta property=\"og:type\" content=\"article\" \/>\n<meta property=\"og:title\" content=\"Aktualno\u015bci - GstarCad\" \/>\n<meta property=\"og:description\" content=\"Promocje Aktualne promocje Blog Aktualno\u015bci, wydarzenia, nowo\u015bci Ostatnie wdro\u017cenia Jak radz\u0105 sobie u\u017cytkownicy GstarCAD Webinaria\" \/>\n<meta property=\"og:url\" content=\"https:\/\/www.gstarcad.eu\/lt\/aktualnosci\/\" \/>\n<meta property=\"og:site_name\" content=\"GstarCad\" \/>\n<meta property=\"og:image\" content=\"https:\/\/gstarcad.pl\/wp-content\/uploads\/2022\/09\/cad2021-icon15.png\" \/>\n<meta name=\"twitter:card\" content=\"summary_large_image\" \/>\n<script type=\"application\/ld+json\" class=\"yoast-schema-graph\">{\"@context\":\"https:\/\/schema.org\",\"@graph\":[{\"@type\":\"WebPage\",\"@id\":\"https:\/\/www.gstarcad.eu\/lt\/aktualnosci\/\",\"url\":\"https:\/\/www.gstarcad.eu\/lt\/aktualnosci\/\",\"name\":\"Aktualno\u015bci - GstarCad\",\"isPartOf\":{\"@id\":\"https:\/\/www.gstarcad.eu\/lt\/#website\"},\"primaryImageOfPage\":{\"@id\":\"https:\/\/www.gstarcad.eu\/lt\/aktualnosci\/#primaryimage\"},\"image\":{\"@id\":\"https:\/\/www.gstarcad.eu\/lt\/aktualnosci\/#primaryimage\"},\"thumbnailUrl\":\"https:\/\/gstarcad.pl\/wp-content\/uploads\/2022\/09\/cad2021-icon15.png\",\"datePublished\":\"2023-03-21T15:07:46+00:00\",\"dateModified\":\"2023-03-21T15:07:46+00:00\",\"breadcrumb\":{\"@id\":\"https:\/\/www.gstarcad.eu\/lt\/aktualnosci\/#breadcrumb\"},\"inLanguage\":\"lt-LT\",\"potentialAction\":[{\"@type\":\"ReadAction\",\"target\":[\"https:\/\/www.gstarcad.eu\/lt\/aktualnosci\/\"]}]},{\"@type\":\"ImageObject\",\"inLanguage\":\"lt-LT\",\"@id\":\"https:\/\/www.gstarcad.eu\/lt\/aktualnosci\/#primaryimage\",\"url\":\"https:\/\/www.gstarcad.eu\/wp-content\/uploads\/2022\/09\/cad2021-icon15.png\",\"contentUrl\":\"https:\/\/www.gstarcad.eu\/wp-content\/uploads\/2022\/09\/cad2021-icon15.png\",\"width\":148,\"height\":185},{\"@type\":\"BreadcrumbList\",\"@id\":\"https:\/\/www.gstarcad.eu\/lt\/aktualnosci\/#breadcrumb\",\"itemListElement\":[{\"@type\":\"ListItem\",\"position\":1,\"name\":\"Home\",\"item\":\"https:\/\/www.gstarcad.eu\/lt\/\"},{\"@type\":\"ListItem\",\"position\":2,\"name\":\"Aktualno\u015bci\"}]},{\"@type\":\"WebSite\",\"@id\":\"https:\/\/www.gstarcad.eu\/lt\/#website\",\"url\":\"https:\/\/www.gstarcad.eu\/lt\/\",\"name\":\"GstarCad\",\"description\":\"\",\"publisher\":{\"@id\":\"https:\/\/www.gstarcad.eu\/lt\/#organization\"},\"potentialAction\":[{\"@type\":\"SearchAction\",\"target\":{\"@type\":\"EntryPoint\",\"urlTemplate\":\"https:\/\/www.gstarcad.eu\/lt\/?s={search_term_string}\"},\"query-input\":\"required name=search_term_string\"}],\"inLanguage\":\"lt-LT\"},{\"@type\":\"Organization\",\"@id\":\"https:\/\/www.gstarcad.eu\/lt\/#organization\",\"name\":\"GstarCad\",\"url\":\"https:\/\/www.gstarcad.eu\/lt\/\",\"logo\":{\"@type\":\"ImageObject\",\"inLanguage\":\"lt-LT\",\"@id\":\"https:\/\/www.gstarcad.eu\/lt\/#\/schema\/logo\/image\/\",\"url\":\"https:\/\/www.gstarcad.eu\/wp-content\/uploads\/2024\/04\/gs-nowe-logo.svg\",\"contentUrl\":\"https:\/\/www.gstarcad.eu\/wp-content\/uploads\/2024\/04\/gs-nowe-logo.svg\",\"width\":169,\"height\":41,\"caption\":\"GstarCad\"},\"image\":{\"@id\":\"https:\/\/www.gstarcad.eu\/lt\/#\/schema\/logo\/image\/\"}}]}<\/script>\n<!-- \/ Yoast SEO plugin. -->","yoast_head_json":{"title":"Aktualno\u015bci - GstarCad","robots":{"index":"index","follow":"follow","max-snippet":"max-snippet:-1","max-image-preview":"max-image-preview:large","max-video-preview":"max-video-preview:-1"},"canonical":"https:\/\/www.gstarcad.eu\/lt\/aktualnosci\/","og_locale":"lt_LT","og_type":"article","og_title":"Aktualno\u015bci - GstarCad","og_description":"Promocje Aktualne promocje Blog Aktualno\u015bci, wydarzenia, nowo\u015bci Ostatnie wdro\u017cenia Jak radz\u0105 sobie u\u017cytkownicy GstarCAD Webinaria","og_url":"https:\/\/www.gstarcad.eu\/lt\/aktualnosci\/","og_site_name":"GstarCad","og_image":[{"url":"https:\/\/gstarcad.pl\/wp-content\/uploads\/2022\/09\/cad2021-icon15.png"}],"twitter_card":"summary_large_image","schema":{"@context":"https:\/\/schema.org","@graph":[{"@type":"WebPage","@id":"https:\/\/www.gstarcad.eu\/lt\/aktualnosci\/","url":"https:\/\/www.gstarcad.eu\/lt\/aktualnosci\/","name":"Aktualno\u015bci - GstarCad","isPartOf":{"@id":"https:\/\/www.gstarcad.eu\/lt\/#website"},"primaryImageOfPage":{"@id":"https:\/\/www.gstarcad.eu\/lt\/aktualnosci\/#primaryimage"},"image":{"@id":"https:\/\/www.gstarcad.eu\/lt\/aktualnosci\/#primaryimage"},"thumbnailUrl":"https:\/\/gstarcad.pl\/wp-content\/uploads\/2022\/09\/cad2021-icon15.png","datePublished":"2023-03-21T15:07:46+00:00","dateModified":"2023-03-21T15:07:46+00:00","breadcrumb":{"@id":"https:\/\/www.gstarcad.eu\/lt\/aktualnosci\/#breadcrumb"},"inLanguage":"lt-LT","potentialAction":[{"@type":"ReadAction","target":["https:\/\/www.gstarcad.eu\/lt\/aktualnosci\/"]}]},{"@type":"ImageObject","inLanguage":"lt-LT","@id":"https:\/\/www.gstarcad.eu\/lt\/aktualnosci\/#primaryimage","url":"https:\/\/www.gstarcad.eu\/wp-content\/uploads\/2022\/09\/cad2021-icon15.png","contentUrl":"https:\/\/www.gstarcad.eu\/wp-content\/uploads\/2022\/09\/cad2021-icon15.png","width":148,"height":185},{"@type":"BreadcrumbList","@id":"https:\/\/www.gstarcad.eu\/lt\/aktualnosci\/#breadcrumb","itemListElement":[{"@type":"ListItem","position":1,"name":"Home","item":"https:\/\/www.gstarcad.eu\/lt\/"},{"@type":"ListItem","position":2,"name":"Aktualno\u015bci"}]},{"@type":"WebSite","@id":"https:\/\/www.gstarcad.eu\/lt\/#website","url":"https:\/\/www.gstarcad.eu\/lt\/","name":"GstarCad","description":"","publisher":{"@id":"https:\/\/www.gstarcad.eu\/lt\/#organization"},"potentialAction":[{"@type":"SearchAction","target":{"@type":"EntryPoint","urlTemplate":"https:\/\/www.gstarcad.eu\/lt\/?s={search_term_string}"},"query-input":"required name=search_term_string"}],"inLanguage":"lt-LT"},{"@type":"Organization","@id":"https:\/\/www.gstarcad.eu\/lt\/#organization","name":"GstarCad","url":"https:\/\/www.gstarcad.eu\/lt\/","logo":{"@type":"ImageObject","inLanguage":"lt-LT","@id":"https:\/\/www.gstarcad.eu\/lt\/#\/schema\/logo\/image\/","url":"https:\/\/www.gstarcad.eu\/wp-content\/uploads\/2024\/04\/gs-nowe-logo.svg","contentUrl":"https:\/\/www.gstarcad.eu\/wp-content\/uploads\/2024\/04\/gs-nowe-logo.svg","width":169,"height":41,"caption":"GstarCad"},"image":{"@id":"https:\/\/www.gstarcad.eu\/lt\/#\/schema\/logo\/image\/"}}]}},"_links":{"self":[{"href":"https:\/\/www.gstarcad.eu\/lt\/wp-json\/wp\/v2\/pages\/25560","targetHints":{"allow":["GET"]}}],"collection":[{"href":"https:\/\/www.gstarcad.eu\/lt\/wp-json\/wp\/v2\/pages"}],"about":[{"href":"https:\/\/www.gstarcad.eu\/lt\/wp-json\/wp\/v2\/types\/page"}],"author":[{"embeddable":true,"href":"https:\/\/www.gstarcad.eu\/lt\/wp-json\/wp\/v2\/users\/9"}],"replies":[{"embeddable":true,"href":"https:\/\/www.gstarcad.eu\/lt\/wp-json\/wp\/v2\/comments?post=25560"}],"version-history":[{"count":0,"href":"https:\/\/www.gstarcad.eu\/lt\/wp-json\/wp\/v2\/pages\/25560\/revisions"}],"wp:attachment":[{"href":"https:\/\/www.gstarcad.eu\/lt\/wp-json\/wp\/v2\/media?parent=25560"}],"curies":[{"name":"wp","href":"https:\/\/api.w.org\/{rel}","templated":true}]}}