{"id":25547,"date":"2024-01-25T14:42:48","date_gmt":"2024-01-25T14:42:48","guid":{"rendered":"https:\/\/www.gstarcad.eu\/nakladki\/"},"modified":"2025-06-04T11:08:27","modified_gmt":"2025-06-04T11:08:27","slug":"nakladki","status":"publish","type":"page","link":"https:\/\/www.gstarcad.eu\/lt\/nakladki\/","title":{"rendered":"Pramon\u0117s perdangos"},"content":{"rendered":"\t\t<div data-elementor-type=\"wp-page\" data-elementor-id=\"25547\" class=\"elementor elementor-25547 elementor-17338\">\n\t\t\t\t\t\t<section class=\"elementor-section elementor-top-section elementor-element elementor-element-6b8907a9 elementor-section-boxed elementor-section-height-default elementor-section-height-default\" data-id=\"6b8907a9\" data-element_type=\"section\">\n\t\t\t\t\t\t<div class=\"elementor-container elementor-column-gap-default\">\n\t\t\t\t\t<div class=\"elementor-column elementor-col-100 elementor-top-column elementor-element elementor-element-7820a624\" data-id=\"7820a624\" data-element_type=\"column\">\n\t\t\t<div class=\"elementor-widget-wrap elementor-element-populated\">\n\t\t\t\t\t\t<div class=\"elementor-element elementor-element-129ed9bc elementor-widget elementor-widget-text-editor\" data-id=\"129ed9bc\" data-element_type=\"widget\" data-widget_type=\"text-editor.default\">\n\t\t\t\t<div class=\"elementor-widget-container\">\n\t\t\t\t\t\t\t\t\t<p>Vis\u0173 pramon\u0117s \u0161ak\u0173 dizaineriai naudoja profesionalius CAD programos funkcionalumo \u201epl\u0117timus\u201c, sukurtus specialiai atsi\u017evelgiant \u012f j\u0173 unikalius poreikius. GstarCAD turi daug dedikuot\u0173 perdang\u0173, kurios efektyviai pagreitins ir palengvins visus projektavimo procesus kiekvienoje specializacijoje. Atvira \u201eGstarCAD\u201c aplinka leid\u017eia lengvai kurti tam skirtas programas, tai rodo augantis galim\u0173 pried\u0173 ir pramon\u0117s perdang\u0173 skai\u010dius.<\/p>\t\t\t\t\t\t\t\t<\/div>\n\t\t\t\t<\/div>\n\t\t\t\t\t<\/div>\n\t\t<\/div>\n\t\t\t\t\t<\/div>\n\t\t<\/section>\n\t\t\t\t<\/div>\n\t\t","protected":false},"excerpt":{"rendered":"<p>Vis\u0173 pramon\u0117s \u0161ak\u0173 dizaineriai naudoja profesionalius CAD programos funkcionalumo \u201epl\u0117timus\u201c, sukurtus specialiai atsi\u017evelgiant \u012f j\u0173 unikalius poreikius. GstarCAD turi daug dedikuot\u0173 perdang\u0173, kurios efektyviai pagreitins ir palengvins visus projektavimo procesus kiekvienoje specializacijoje. Atvira \u201eGstarCAD\u201c aplinka leid\u017eia lengvai kurti tam skirtas programas, tai rodo augantis galim\u0173 pried\u0173 ir pramon\u0117s perdang\u0173 skai\u010dius.<\/p>\n","protected":false},"author":9,"featured_media":0,"parent":0,"menu_order":0,"comment_status":"closed","ping_status":"closed","template":"nakladki-branzowe-new-page.php","meta":{"inline_featured_image":false,"footnotes":""},"class_list":["post-25547","page","type-page","status-publish","hentry"],"yoast_head":"<!-- This site is optimized with the Yoast SEO plugin v22.2 - https:\/\/yoast.com\/wordpress\/plugins\/seo\/ -->\n<title>Pramon\u0117s perdangos - GstarCad<\/title>\n<meta name=\"robots\" content=\"index, follow, max-snippet:-1, max-image-preview:large, max-video-preview:-1\" \/>\n<link rel=\"canonical\" href=\"https:\/\/www.gstarcad.eu\/lt\/nakladki\/\" \/>\n<meta property=\"og:locale\" content=\"lt_LT\" \/>\n<meta property=\"og:type\" content=\"article\" \/>\n<meta property=\"og:title\" content=\"Pramon\u0117s perdangos - GstarCad\" \/>\n<meta property=\"og:description\" content=\"Vis\u0173 pramon\u0117s \u0161ak\u0173 dizaineriai naudoja profesionalius CAD programos funkcionalumo \u201epl\u0117timus\u201c, sukurtus specialiai atsi\u017evelgiant \u012f j\u0173 unikalius poreikius. GstarCAD turi daug dedikuot\u0173 perdang\u0173, kurios efektyviai pagreitins ir palengvins visus projektavimo procesus kiekvienoje specializacijoje. Atvira \u201eGstarCAD\u201c aplinka leid\u017eia lengvai kurti tam skirtas programas, tai rodo augantis galim\u0173 pried\u0173 ir pramon\u0117s perdang\u0173 skai\u010dius.\" \/>\n<meta property=\"og:url\" content=\"https:\/\/www.gstarcad.eu\/lt\/nakladki\/\" \/>\n<meta property=\"og:site_name\" content=\"GstarCad\" \/>\n<meta property=\"article:modified_time\" content=\"2025-06-04T11:08:27+00:00\" \/>\n<meta name=\"twitter:card\" content=\"summary_large_image\" \/>\n<meta name=\"twitter:label1\" content=\"Est. reading time\" \/>\n\t<meta name=\"twitter:data1\" content=\"1 minut\u0117\" \/>\n<script type=\"application\/ld+json\" class=\"yoast-schema-graph\">{\"@context\":\"https:\/\/schema.org\",\"@graph\":[{\"@type\":\"WebPage\",\"@id\":\"https:\/\/www.gstarcad.eu\/lt\/nakladki\/\",\"url\":\"https:\/\/www.gstarcad.eu\/lt\/nakladki\/\",\"name\":\"Pramon\u0117s perdangos - GstarCad\",\"isPartOf\":{\"@id\":\"https:\/\/www.gstarcad.eu\/lt\/#website\"},\"datePublished\":\"2024-01-25T14:42:48+00:00\",\"dateModified\":\"2025-06-04T11:08:27+00:00\",\"breadcrumb\":{\"@id\":\"https:\/\/www.gstarcad.eu\/lt\/nakladki\/#breadcrumb\"},\"inLanguage\":\"lt-LT\",\"potentialAction\":[{\"@type\":\"ReadAction\",\"target\":[\"https:\/\/www.gstarcad.eu\/lt\/nakladki\/\"]}]},{\"@type\":\"BreadcrumbList\",\"@id\":\"https:\/\/www.gstarcad.eu\/lt\/nakladki\/#breadcrumb\",\"itemListElement\":[{\"@type\":\"ListItem\",\"position\":1,\"name\":\"Home\",\"item\":\"https:\/\/www.gstarcad.eu\/lt\/\"},{\"@type\":\"ListItem\",\"position\":2,\"name\":\"Pramon\u0117s perdangos\"}]},{\"@type\":\"WebSite\",\"@id\":\"https:\/\/www.gstarcad.eu\/lt\/#website\",\"url\":\"https:\/\/www.gstarcad.eu\/lt\/\",\"name\":\"GstarCad\",\"description\":\"\",\"publisher\":{\"@id\":\"https:\/\/www.gstarcad.eu\/lt\/#organization\"},\"potentialAction\":[{\"@type\":\"SearchAction\",\"target\":{\"@type\":\"EntryPoint\",\"urlTemplate\":\"https:\/\/www.gstarcad.eu\/lt\/?s={search_term_string}\"},\"query-input\":\"required name=search_term_string\"}],\"inLanguage\":\"lt-LT\"},{\"@type\":\"Organization\",\"@id\":\"https:\/\/www.gstarcad.eu\/lt\/#organization\",\"name\":\"GstarCad\",\"url\":\"https:\/\/www.gstarcad.eu\/lt\/\",\"logo\":{\"@type\":\"ImageObject\",\"inLanguage\":\"lt-LT\",\"@id\":\"https:\/\/www.gstarcad.eu\/lt\/#\/schema\/logo\/image\/\",\"url\":\"https:\/\/www.gstarcad.eu\/wp-content\/uploads\/2024\/04\/gs-nowe-logo.svg\",\"contentUrl\":\"https:\/\/www.gstarcad.eu\/wp-content\/uploads\/2024\/04\/gs-nowe-logo.svg\",\"width\":169,\"height\":41,\"caption\":\"GstarCad\"},\"image\":{\"@id\":\"https:\/\/www.gstarcad.eu\/lt\/#\/schema\/logo\/image\/\"}}]}<\/script>\n<!-- \/ Yoast SEO plugin. -->","yoast_head_json":{"title":"Pramon\u0117s perdangos - GstarCad","robots":{"index":"index","follow":"follow","max-snippet":"max-snippet:-1","max-image-preview":"max-image-preview:large","max-video-preview":"max-video-preview:-1"},"canonical":"https:\/\/www.gstarcad.eu\/lt\/nakladki\/","og_locale":"lt_LT","og_type":"article","og_title":"Pramon\u0117s perdangos - GstarCad","og_description":"Vis\u0173 pramon\u0117s \u0161ak\u0173 dizaineriai naudoja profesionalius CAD programos funkcionalumo \u201epl\u0117timus\u201c, sukurtus specialiai atsi\u017evelgiant \u012f j\u0173 unikalius poreikius. GstarCAD turi daug dedikuot\u0173 perdang\u0173, kurios efektyviai pagreitins ir palengvins visus projektavimo procesus kiekvienoje specializacijoje. Atvira \u201eGstarCAD\u201c aplinka leid\u017eia lengvai kurti tam skirtas programas, tai rodo augantis galim\u0173 pried\u0173 ir pramon\u0117s perdang\u0173 skai\u010dius.","og_url":"https:\/\/www.gstarcad.eu\/lt\/nakladki\/","og_site_name":"GstarCad","article_modified_time":"2025-06-04T11:08:27+00:00","twitter_card":"summary_large_image","twitter_misc":{"Est. reading time":"1 minut\u0117"},"schema":{"@context":"https:\/\/schema.org","@graph":[{"@type":"WebPage","@id":"https:\/\/www.gstarcad.eu\/lt\/nakladki\/","url":"https:\/\/www.gstarcad.eu\/lt\/nakladki\/","name":"Pramon\u0117s perdangos - GstarCad","isPartOf":{"@id":"https:\/\/www.gstarcad.eu\/lt\/#website"},"datePublished":"2024-01-25T14:42:48+00:00","dateModified":"2025-06-04T11:08:27+00:00","breadcrumb":{"@id":"https:\/\/www.gstarcad.eu\/lt\/nakladki\/#breadcrumb"},"inLanguage":"lt-LT","potentialAction":[{"@type":"ReadAction","target":["https:\/\/www.gstarcad.eu\/lt\/nakladki\/"]}]},{"@type":"BreadcrumbList","@id":"https:\/\/www.gstarcad.eu\/lt\/nakladki\/#breadcrumb","itemListElement":[{"@type":"ListItem","position":1,"name":"Home","item":"https:\/\/www.gstarcad.eu\/lt\/"},{"@type":"ListItem","position":2,"name":"Pramon\u0117s perdangos"}]},{"@type":"WebSite","@id":"https:\/\/www.gstarcad.eu\/lt\/#website","url":"https:\/\/www.gstarcad.eu\/lt\/","name":"GstarCad","description":"","publisher":{"@id":"https:\/\/www.gstarcad.eu\/lt\/#organization"},"potentialAction":[{"@type":"SearchAction","target":{"@type":"EntryPoint","urlTemplate":"https:\/\/www.gstarcad.eu\/lt\/?s={search_term_string}"},"query-input":"required name=search_term_string"}],"inLanguage":"lt-LT"},{"@type":"Organization","@id":"https:\/\/www.gstarcad.eu\/lt\/#organization","name":"GstarCad","url":"https:\/\/www.gstarcad.eu\/lt\/","logo":{"@type":"ImageObject","inLanguage":"lt-LT","@id":"https:\/\/www.gstarcad.eu\/lt\/#\/schema\/logo\/image\/","url":"https:\/\/www.gstarcad.eu\/wp-content\/uploads\/2024\/04\/gs-nowe-logo.svg","contentUrl":"https:\/\/www.gstarcad.eu\/wp-content\/uploads\/2024\/04\/gs-nowe-logo.svg","width":169,"height":41,"caption":"GstarCad"},"image":{"@id":"https:\/\/www.gstarcad.eu\/lt\/#\/schema\/logo\/image\/"}}]}},"_links":{"self":[{"href":"https:\/\/www.gstarcad.eu\/lt\/wp-json\/wp\/v2\/pages\/25547","targetHints":{"allow":["GET"]}}],"collection":[{"href":"https:\/\/www.gstarcad.eu\/lt\/wp-json\/wp\/v2\/pages"}],"about":[{"href":"https:\/\/www.gstarcad.eu\/lt\/wp-json\/wp\/v2\/types\/page"}],"author":[{"embeddable":true,"href":"https:\/\/www.gstarcad.eu\/lt\/wp-json\/wp\/v2\/users\/9"}],"replies":[{"embeddable":true,"href":"https:\/\/www.gstarcad.eu\/lt\/wp-json\/wp\/v2\/comments?post=25547"}],"version-history":[{"count":5,"href":"https:\/\/www.gstarcad.eu\/lt\/wp-json\/wp\/v2\/pages\/25547\/revisions"}],"predecessor-version":[{"id":26865,"href":"https:\/\/www.gstarcad.eu\/lt\/wp-json\/wp\/v2\/pages\/25547\/revisions\/26865"}],"wp:attachment":[{"href":"https:\/\/www.gstarcad.eu\/lt\/wp-json\/wp\/v2\/media?parent=25547"}],"curies":[{"name":"wp","href":"https:\/\/api.w.org\/{rel}","templated":true}]}}