{"id":25530,"date":"2023-12-11T11:05:27","date_gmt":"2023-12-11T11:05:27","guid":{"rendered":"https:\/\/www.gstarcad.eu\/zwrot-licencji\/"},"modified":"2025-12-03T11:21:59","modified_gmt":"2025-12-03T11:21:59","slug":"zwrot-licencji","status":"publish","type":"page","link":"https:\/\/www.gstarcad.eu\/lt\/zwrot-licencji\/","title":{"rendered":"Licencijos gr\u0105\u017einimas"},"content":{"rendered":"\t\t<div data-elementor-type=\"wp-page\" data-elementor-id=\"25530\" class=\"elementor elementor-25530 elementor-16124\">\n\t\t\t\t\t\t<section class=\"elementor-section elementor-top-section elementor-element elementor-element-b219f7d breadkr-page elementor-section-boxed elementor-section-height-default elementor-section-height-default\" data-id=\"b219f7d\" data-element_type=\"section\" data-settings=\"{&quot;background_background&quot;:&quot;classic&quot;}\">\n\t\t\t\t\t\t<div class=\"elementor-container elementor-column-gap-default\">\n\t\t\t\t\t<div class=\"elementor-column elementor-col-100 elementor-top-column elementor-element elementor-element-b02b66c\" data-id=\"b02b66c\" data-element_type=\"column\">\n\t\t\t<div class=\"elementor-widget-wrap elementor-element-populated\">\n\t\t\t\t\t\t<div class=\"elementor-element elementor-element-cfb1a93 elementor-widget elementor-widget-heading\" data-id=\"cfb1a93\" data-element_type=\"widget\" data-widget_type=\"heading.default\">\n\t\t\t\t<div class=\"elementor-widget-container\">\n\t\t\t\t\t<span class=\"elementor-heading-title elementor-size-default\"><a href=\"\/zarzadzanie-licencjami-i-oprogramowaniem\/\">\u017dini\u0173 Zona<\/a> &gt; Licencijos atnaujinimas<\/span>\t\t\t\t<\/div>\n\t\t\t\t<\/div>\n\t\t\t\t\t<\/div>\n\t\t<\/div>\n\t\t\t\t\t<\/div>\n\t\t<\/section>\n\t\t\t\t<section class=\"elementor-section elementor-top-section elementor-element elementor-element-60dde0c elementor-section-boxed elementor-section-height-default elementor-section-height-default\" data-id=\"60dde0c\" data-element_type=\"section\" data-settings=\"{&quot;background_background&quot;:&quot;classic&quot;}\">\n\t\t\t\t\t\t<div class=\"elementor-container elementor-column-gap-default\">\n\t\t\t\t\t<div class=\"elementor-column elementor-col-100 elementor-top-column elementor-element elementor-element-c178fc4\" data-id=\"c178fc4\" data-element_type=\"column\">\n\t\t\t<div class=\"elementor-widget-wrap elementor-element-populated\">\n\t\t\t\t\t\t<div class=\"elementor-element elementor-element-5920ad0 elementor-widget elementor-widget-heading\" data-id=\"5920ad0\" data-element_type=\"widget\" data-widget_type=\"heading.default\">\n\t\t\t\t<div class=\"elementor-widget-container\">\n\t\t\t\t\t<h3 class=\"elementor-heading-title elementor-size-default\">Licencijos gr\u0105\u017einimas<\/h3>\t\t\t\t<\/div>\n\t\t\t\t<\/div>\n\t\t\t\t\t<\/div>\n\t\t<\/div>\n\t\t\t\t\t<\/div>\n\t\t<\/section>\n\t\t\t\t<section class=\"elementor-section elementor-top-section elementor-element elementor-element-cade33f elementor-hidden-tablet elementor-hidden-mobile elementor-section-boxed elementor-section-height-default elementor-section-height-default\" data-id=\"cade33f\" data-element_type=\"section\" data-settings=\"{&quot;background_background&quot;:&quot;classic&quot;}\">\n\t\t\t\t\t\t<div class=\"elementor-container elementor-column-gap-default\">\n\t\t\t\t\t<div class=\"elementor-column elementor-col-100 elementor-top-column elementor-element elementor-element-460c491\" data-id=\"460c491\" data-element_type=\"column\">\n\t\t\t<div class=\"elementor-widget-wrap elementor-element-populated\">\n\t\t\t\t\t\t<div class=\"elementor-element elementor-element-8e81e19 elementor-tabs-view-vertical tab-gs elementor-widget elementor-widget-tabs\" data-id=\"8e81e19\" data-element_type=\"widget\" data-widget_type=\"tabs.default\">\n\t\t\t\t<div class=\"elementor-widget-container\">\n\t\t\t\t\t\t\t<div class=\"elementor-tabs\">\n\t\t\t<div class=\"elementor-tabs-wrapper\" role=\"tablist\" >\n\t\t\t\t\t\t\t\t\t<div id=\"elementor-tab-title-1491\" class=\"elementor-tab-title elementor-tab-desktop-title\" aria-selected=\"true\" data-tab=\"1\" role=\"tab\" tabindex=\"0\" aria-controls=\"elementor-tab-content-1491\" aria-expanded=\"false\">GstarCAD 2024<\/div>\n\t\t\t\t\t\t\t\t\t<div id=\"elementor-tab-title-1492\" class=\"elementor-tab-title elementor-tab-desktop-title\" aria-selected=\"false\" data-tab=\"2\" role=\"tab\" tabindex=\"-1\" aria-controls=\"elementor-tab-content-1492\" aria-expanded=\"false\">GstarCAD 2023<\/div>\n\t\t\t\t\t\t\t\t\t<div id=\"elementor-tab-title-1493\" class=\"elementor-tab-title elementor-tab-desktop-title\" aria-selected=\"false\" data-tab=\"3\" role=\"tab\" tabindex=\"-1\" aria-controls=\"elementor-tab-content-1493\" aria-expanded=\"false\">GstarCAD 2018-2022<\/div>\n\t\t\t\t\t\t\t<\/div>\n\t\t\t<div class=\"elementor-tabs-content-wrapper\" role=\"tablist\" aria-orientation=\"vertical\">\n\t\t\t\t\t\t\t\t\t<div class=\"elementor-tab-title elementor-tab-mobile-title\" aria-selected=\"true\" data-tab=\"1\" role=\"tab\" tabindex=\"0\" aria-controls=\"elementor-tab-content-1491\" aria-expanded=\"false\">GstarCAD 2024<\/div>\n\t\t\t\t\t<div id=\"elementor-tab-content-1491\" class=\"elementor-tab-content elementor-clearfix\" data-tab=\"1\" role=\"tabpanel\" aria-labelledby=\"elementor-tab-title-1491\" tabindex=\"0\" hidden=\"false\"><h3>GstarCAD 2024: Automatinis Licencijos Gr\u0105\u017einimas<\/h3><p>Automatinis licencijos gr\u0105\u017einimas GstarCAD 2024 \u2013 tai paprastas ir greitas procesas.<br \/>\u017demiau rasite nuoseklias instrukcijas:<\/p><ol><li>Programos paleidimas: Atidarykite GstarCAD 2024.<\/li><li>Eikite \u012f skirtuk\u0105 \u201eHELP\u201c:\u00a0spustel\u0117kite skirtuk\u0105 \u201eHELP\u201c ir pasirinkite parinkt\u012f<br \/>\u201eREGISTER\u201c.<\/li><li>Licencijos gr\u0105\u017einimas: Naujame lange \u201eRETURN LICENSE\u201c i\u0161 lentel\u0117s pasirinkite norim\u0105 gr\u0105\u017einti licencij\u0105 ir patvirtinkite paspausdami mygtuk\u0105 \u201eRETURN\u201c.<\/li><li>Aktyvinimas naujame \u012frenginyje:\u00a0U\u017edar\u0119 program\u0105 gal\u0117site suaktyvinti licencij\u0105<br \/>naujame \u012frenginyje.<\/li><\/ol><p>Su \u0161iais paprastais \u017eingsniais, licencij\u0173 tvarkymas GstarCAD 2024 tampa lengvas ir efektyvus.<\/p><p><a href=\"https:\/\/www.youtube.com\/watch?v=7YcIttLSAIM\" target=\"_blank\" rel=\"noopener\"><b>I\u0161samesni\u0173 instrukcij\u0173 rasite mokymo vaizdo \u012fra\u0161e.<\/b><\/a><\/p><h3><b><br \/><\/b>GstarCAD 2024: Rankinis licencijos gr\u0105\u017einimas<\/h3><ol><li>Programos paleidimas:\u00a0Atidarykite GstarCAD 2024.<\/li><li>Eikite \u012f skirtuk\u0105 \u201eHELP\u201c:\u00a0spustel\u0117kite skirtuk\u0105 \u201eHELP\u201c ir pasirinkite parinkt\u012f<br \/>\u201eREGISTER\u201c.<\/li><li>Licencijos gr\u0105\u017einimas: Atsidariusiame lange pasirinkite \u201eRETURN LICENSE\u201c,<br \/>tada \u201eMANUAL RETURN\u201c. Nurodykite licencij\u0105, kuri\u0105 norite gr\u0105\u017einti ir sugeneruokite .xml fail\u0105, kuris atjungs licencij\u0105 per GstarCAD Licensing System svetain\u0119.<\/li><li>Prisijungimas ir fail\u0173 importavimas: Prisijunkite prie svetain\u0117s naudodami licencijos numer\u012f, importuokite sugeneruot\u0105 .xml fail\u0105 ir importuokite gr\u0105\u017eint\u0105 .xml fail\u0105.<\/li><\/ol><p>Su \u0161iais paprastais \u017eingsniais, rankinis licencijos gr\u0105\u017einimo procesas tampa lengvas ir be r\u016bpes\u010di\u0173.<\/p><p><a href=\"https:\/\/www.youtube.com\/watch?v=ogKdNd0adcI\" target=\"_blank\" rel=\"noopener\">I\u0161samesni\u0173 instrukcij\u0173 rasite mokymo vaizdo \u012fra\u0161e.<\/a>\u00a0<\/p><\/div>\n\t\t\t\t\t\t\t\t\t<div class=\"elementor-tab-title elementor-tab-mobile-title\" aria-selected=\"false\" data-tab=\"2\" role=\"tab\" tabindex=\"-1\" aria-controls=\"elementor-tab-content-1492\" aria-expanded=\"false\">GstarCAD 2023<\/div>\n\t\t\t\t\t<div id=\"elementor-tab-content-1492\" class=\"elementor-tab-content elementor-clearfix\" data-tab=\"2\" role=\"tabpanel\" aria-labelledby=\"elementor-tab-title-1492\" tabindex=\"0\" hidden=\"hidden\"><h2>GstarCAD Online licencijos gr\u0105\u017einimas<\/h2><p>Nor\u0117dami gr\u0105\u017einti GstarCAD Online licencij\u0105, eikite \u012f skirtuk\u0105 HELP-&gt; REGISTER-&gt; <br \/>RETURN LECENSE (R) -&gt; ONLINE RETURN (O) -&gt; RETURN<\/p><p><img fetchpriority=\"high\" decoding=\"async\" class=\"aligncenter wp-image-19767 size-full\" src=\"https:\/\/new.tmsys.pl\/wp-content\/uploads\/2024\/04\/xScreenshot_1.png.pagespeed.ic_.Kz_iuqcZDc.webp\" alt=\"\" width=\"787\" height=\"506\" srcset=\"https:\/\/www.gstarcad.eu\/wp-content\/uploads\/2024\/04\/xScreenshot_1.png.pagespeed.ic_.Kz_iuqcZDc.webp 787w, https:\/\/www.gstarcad.eu\/wp-content\/uploads\/2024\/04\/xScreenshot_1.png.pagespeed.ic_.Kz_iuqcZDc-300x193.webp 300w, https:\/\/www.gstarcad.eu\/wp-content\/uploads\/2024\/04\/xScreenshot_1.png.pagespeed.ic_.Kz_iuqcZDc-768x494.webp 768w\" sizes=\"(max-width: 787px) 100vw, 787px\" \/><\/p><p>Licencijos gr\u0105\u017einimas naudojamas licencijai atleisti i\u0161 kompiuterio ir leid\u017eia <br \/>licencij\u0105 perkelti i\u0161 vienos darbo vietos \u012f kit\u0105.<\/p><h2>GstarCAD Offline licencijos gr\u0105\u017einimas<\/h2><p>Nor\u0117dami gr\u0105\u017einti GstarCAD Offline licencij\u0105, tur\u0117tum\u0117te:<br \/>1. Eikite \u012f skirtuk\u0105 HELP -&gt; REGISTER -&gt; RETURN LECENSE (R) -&gt; \u00a0MANUAL RETURN (M)<br \/>2. Sugeneruokite fail\u0105 return.xml<br \/>3. \u012ekelkite return.xml fail\u0105 \u012f <a href=\"https:\/\/license.gstarcad.net\/\" target=\"_blank\" rel=\"noopener\">https:\/\/license.gstarcad.net<\/a><br \/>4. \u012ekelkite gr\u0105\u017einimo fail\u0105 ir paspauskite mygtuk\u0105 &#8211; RETURN<\/p><p><img decoding=\"async\" width=\"767\" height=\"491\" class=\"size-medium wp-image-16133 aligncenter\" src=\"https:\/\/new.tmsys.pl\/wp-content\/uploads\/2023\/12\/Screenshot_2-1.png\" alt=\"\" srcset=\"https:\/\/www.gstarcad.eu\/wp-content\/uploads\/2023\/12\/Screenshot_2-1.png 767w, https:\/\/www.gstarcad.eu\/wp-content\/uploads\/2023\/12\/Screenshot_2-1-300x192.png 300w\" sizes=\"(max-width: 767px) 100vw, 767px\" \/><\/p><p>Licencijos gr\u0105\u017einimas padeda atleisti licencij\u0105 i\u0161 stoties ir leid\u017eia licencij\u0105 perkelti i\u0161 vienos pareigyb\u0117s \u012f kit\u0105.<\/p><\/div>\n\t\t\t\t\t\t\t\t\t<div class=\"elementor-tab-title elementor-tab-mobile-title\" aria-selected=\"false\" data-tab=\"3\" role=\"tab\" tabindex=\"-1\" aria-controls=\"elementor-tab-content-1493\" aria-expanded=\"false\">GstarCAD 2018-2022<\/div>\n\t\t\t\t\t<div id=\"elementor-tab-content-1493\" class=\"elementor-tab-content elementor-clearfix\" data-tab=\"3\" role=\"tabpanel\" aria-labelledby=\"elementor-tab-title-1493\" tabindex=\"0\" hidden=\"hidden\"><h2>GstarCAD 2018-2022 Online licencijos gr\u0105\u017einimas<\/h2><p>Nor\u0117dami gr\u0105\u017einti GstarCAD Online licencij\u0105, eikite \u012f skirtuk\u0105 HELP -&gt; <br \/>REGISTER -&gt; RETURN LECENSE (R) -&gt; ONLINE RETURN (O) -&gt; RETURN<\/p><p><img decoding=\"async\" width=\"776\" height=\"589\" class=\"size-medium wp-image-16134 aligncenter\" src=\"https:\/\/new.tmsys.pl\/wp-content\/uploads\/2023\/12\/Screenshot_3-2.png\" alt=\"\" srcset=\"https:\/\/www.gstarcad.eu\/wp-content\/uploads\/2023\/12\/Screenshot_3-2.png 776w, https:\/\/www.gstarcad.eu\/wp-content\/uploads\/2023\/12\/Screenshot_3-2-300x228.png 300w, https:\/\/www.gstarcad.eu\/wp-content\/uploads\/2023\/12\/Screenshot_3-2-768x583.png 768w\" sizes=\"(max-width: 776px) 100vw, 776px\" \/><\/p><p>Licencijos gr\u0105\u017einimas naudojamas licencijai atleisti i\u0161 kompiuterio ir leid\u017eia <br \/>licencij\u0105 perkelti i\u0161 vienos darbo vietos \u012f kit\u0105.<\/p><h2>GstarCAD 2018-2022 Offline licencijos gr\u0105\u017einimas<\/h2><p>Nor\u0117dami gr\u0105\u017einti GstarCAD Offline licencij\u0105, tur\u0117tum\u0117te:<br \/>1. Eikite \u012f skirtuk\u0105 HELP -&gt; REGISTER -&gt; RETURN LECENSE (R) -&gt; MANUAL RETURN (M)<br \/>2. Sugeneruokite fail\u0105 return.xml<br \/>3. \u012ekelkite return.xml fail\u0105 \u012f <a href=\"https:\/\/license.gstarcad.net\/\">https:\/\/license.gstarcad.net<\/a><br \/>4. \u012ekelkite gr\u0105\u017einimo fail\u0105 ir paspauskite mygtuk\u0105 &#8211; RETURN.<\/p><p><img loading=\"lazy\" decoding=\"async\" width=\"767\" height=\"584\" class=\"size-medium wp-image-16135 aligncenter\" src=\"https:\/\/new.tmsys.pl\/wp-content\/uploads\/2023\/12\/Screenshot_4-1.png\" alt=\"\" srcset=\"https:\/\/www.gstarcad.eu\/wp-content\/uploads\/2023\/12\/Screenshot_4-1.png 767w, https:\/\/www.gstarcad.eu\/wp-content\/uploads\/2023\/12\/Screenshot_4-1-300x228.png 300w\" sizes=\"(max-width: 767px) 100vw, 767px\" \/><\/p><p>Licencijos gr\u0105\u017einimas naudojamas licencijai atleisti i\u0161 kompiuterio ir leid\u017eia <br \/>licencij\u0105 perkelti i\u0161 vienos darbo vietos \u012f kit\u0105.<\/p><\/div>\n\t\t\t\t\t\t\t<\/div>\n\t\t<\/div>\n\t\t\t\t\t\t<\/div>\n\t\t\t\t<\/div>\n\t\t\t\t\t<\/div>\n\t\t<\/div>\n\t\t\t\t\t<\/div>\n\t\t<\/section>\n\t\t\t\t<\/div>\n\t\t","protected":false},"excerpt":{"rendered":"<p>\u017dini\u0173 Zona &gt; Licencijos atnaujinimas Licencijos gr\u0105\u017einimas GstarCAD 2024 GstarCAD 2023 GstarCAD 2018-2022 GstarCAD 2024 GstarCAD 2024: Automatinis Licencijos Gr\u0105\u017einimas Automatinis licencijos gr\u0105\u017einimas GstarCAD 2024 \u2013 tai paprastas ir greitas procesas.\u017demiau rasite nuoseklias instrukcijas: Programos paleidimas: Atidarykite GstarCAD 2024. Eikite \u012f skirtuk\u0105 \u201eHELP\u201c:\u00a0spustel\u0117kite skirtuk\u0105 \u201eHELP\u201c ir pasirinkite parinkt\u012f\u201eREGISTER\u201c. Licencijos gr\u0105\u017einimas: Naujame lange \u201eRETURN LICENSE\u201c i\u0161 [&hellip;]<\/p>\n","protected":false},"author":9,"featured_media":0,"parent":0,"menu_order":0,"comment_status":"closed","ping_status":"closed","template":"","meta":{"inline_featured_image":false,"footnotes":""},"class_list":["post-25530","page","type-page","status-publish","hentry"],"yoast_head":"<!-- This site is optimized with the Yoast SEO plugin v22.2 - https:\/\/yoast.com\/wordpress\/plugins\/seo\/ -->\n<title>Licencijos gr\u0105\u017einimas - GstarCad<\/title>\n<meta name=\"robots\" content=\"index, follow, max-snippet:-1, max-image-preview:large, max-video-preview:-1\" \/>\n<link rel=\"canonical\" href=\"https:\/\/www.gstarcad.eu\/lt\/zwrot-licencji\/\" \/>\n<meta property=\"og:locale\" content=\"lt_LT\" \/>\n<meta property=\"og:type\" content=\"article\" \/>\n<meta property=\"og:title\" content=\"Licencijos gr\u0105\u017einimas - GstarCad\" \/>\n<meta property=\"og:description\" content=\"\u017dini\u0173 Zona &gt; Licencijos atnaujinimas Licencijos gr\u0105\u017einimas GstarCAD 2024 GstarCAD 2023 GstarCAD 2018-2022 GstarCAD 2024 GstarCAD 2024: Automatinis Licencijos Gr\u0105\u017einimas Automatinis licencijos gr\u0105\u017einimas GstarCAD 2024 \u2013 tai paprastas ir greitas procesas.\u017demiau rasite nuoseklias instrukcijas: Programos paleidimas: Atidarykite GstarCAD 2024. Eikite \u012f skirtuk\u0105 \u201eHELP\u201c:\u00a0spustel\u0117kite skirtuk\u0105 \u201eHELP\u201c ir pasirinkite parinkt\u012f\u201eREGISTER\u201c. Licencijos gr\u0105\u017einimas: Naujame lange \u201eRETURN LICENSE\u201c i\u0161 [&hellip;]\" \/>\n<meta property=\"og:url\" content=\"https:\/\/www.gstarcad.eu\/lt\/zwrot-licencji\/\" \/>\n<meta property=\"og:site_name\" content=\"GstarCad\" \/>\n<meta property=\"article:modified_time\" content=\"2025-12-03T11:21:59+00:00\" \/>\n<meta property=\"og:image\" content=\"https:\/\/new.tmsys.pl\/wp-content\/uploads\/2024\/04\/xScreenshot_1.png.pagespeed.ic_.Kz_iuqcZDc.webp\" \/>\n<meta name=\"twitter:card\" content=\"summary_large_image\" \/>\n<meta name=\"twitter:label1\" content=\"Est. reading time\" \/>\n\t<meta name=\"twitter:data1\" content=\"3 minut\u0117s\" \/>\n<script type=\"application\/ld+json\" class=\"yoast-schema-graph\">{\"@context\":\"https:\/\/schema.org\",\"@graph\":[{\"@type\":\"WebPage\",\"@id\":\"https:\/\/www.gstarcad.eu\/lt\/zwrot-licencji\/\",\"url\":\"https:\/\/www.gstarcad.eu\/lt\/zwrot-licencji\/\",\"name\":\"Licencijos gr\u0105\u017einimas - GstarCad\",\"isPartOf\":{\"@id\":\"https:\/\/www.gstarcad.eu\/lt\/#website\"},\"primaryImageOfPage\":{\"@id\":\"https:\/\/www.gstarcad.eu\/lt\/zwrot-licencji\/#primaryimage\"},\"image\":{\"@id\":\"https:\/\/www.gstarcad.eu\/lt\/zwrot-licencji\/#primaryimage\"},\"thumbnailUrl\":\"https:\/\/new.tmsys.pl\/wp-content\/uploads\/2024\/04\/xScreenshot_1.png.pagespeed.ic_.Kz_iuqcZDc.webp\",\"datePublished\":\"2023-12-11T11:05:27+00:00\",\"dateModified\":\"2025-12-03T11:21:59+00:00\",\"breadcrumb\":{\"@id\":\"https:\/\/www.gstarcad.eu\/lt\/zwrot-licencji\/#breadcrumb\"},\"inLanguage\":\"lt-LT\",\"potentialAction\":[{\"@type\":\"ReadAction\",\"target\":[\"https:\/\/www.gstarcad.eu\/lt\/zwrot-licencji\/\"]}]},{\"@type\":\"ImageObject\",\"inLanguage\":\"lt-LT\",\"@id\":\"https:\/\/www.gstarcad.eu\/lt\/zwrot-licencji\/#primaryimage\",\"url\":\"https:\/\/new.tmsys.pl\/wp-content\/uploads\/2024\/04\/xScreenshot_1.png.pagespeed.ic_.Kz_iuqcZDc.webp\",\"contentUrl\":\"https:\/\/new.tmsys.pl\/wp-content\/uploads\/2024\/04\/xScreenshot_1.png.pagespeed.ic_.Kz_iuqcZDc.webp\"},{\"@type\":\"BreadcrumbList\",\"@id\":\"https:\/\/www.gstarcad.eu\/lt\/zwrot-licencji\/#breadcrumb\",\"itemListElement\":[{\"@type\":\"ListItem\",\"position\":1,\"name\":\"Home\",\"item\":\"https:\/\/www.gstarcad.eu\/lt\/\"},{\"@type\":\"ListItem\",\"position\":2,\"name\":\"Licencijos gr\u0105\u017einimas\"}]},{\"@type\":\"WebSite\",\"@id\":\"https:\/\/www.gstarcad.eu\/lt\/#website\",\"url\":\"https:\/\/www.gstarcad.eu\/lt\/\",\"name\":\"GstarCad\",\"description\":\"\",\"publisher\":{\"@id\":\"https:\/\/www.gstarcad.eu\/lt\/#organization\"},\"potentialAction\":[{\"@type\":\"SearchAction\",\"target\":{\"@type\":\"EntryPoint\",\"urlTemplate\":\"https:\/\/www.gstarcad.eu\/lt\/?s={search_term_string}\"},\"query-input\":\"required name=search_term_string\"}],\"inLanguage\":\"lt-LT\"},{\"@type\":\"Organization\",\"@id\":\"https:\/\/www.gstarcad.eu\/lt\/#organization\",\"name\":\"GstarCad\",\"url\":\"https:\/\/www.gstarcad.eu\/lt\/\",\"logo\":{\"@type\":\"ImageObject\",\"inLanguage\":\"lt-LT\",\"@id\":\"https:\/\/www.gstarcad.eu\/lt\/#\/schema\/logo\/image\/\",\"url\":\"https:\/\/www.gstarcad.eu\/wp-content\/uploads\/2024\/04\/gs-nowe-logo.svg\",\"contentUrl\":\"https:\/\/www.gstarcad.eu\/wp-content\/uploads\/2024\/04\/gs-nowe-logo.svg\",\"width\":169,\"height\":41,\"caption\":\"GstarCad\"},\"image\":{\"@id\":\"https:\/\/www.gstarcad.eu\/lt\/#\/schema\/logo\/image\/\"}}]}<\/script>\n<!-- \/ Yoast SEO plugin. -->","yoast_head_json":{"title":"Licencijos gr\u0105\u017einimas - GstarCad","robots":{"index":"index","follow":"follow","max-snippet":"max-snippet:-1","max-image-preview":"max-image-preview:large","max-video-preview":"max-video-preview:-1"},"canonical":"https:\/\/www.gstarcad.eu\/lt\/zwrot-licencji\/","og_locale":"lt_LT","og_type":"article","og_title":"Licencijos gr\u0105\u017einimas - GstarCad","og_description":"\u017dini\u0173 Zona &gt; Licencijos atnaujinimas Licencijos gr\u0105\u017einimas GstarCAD 2024 GstarCAD 2023 GstarCAD 2018-2022 GstarCAD 2024 GstarCAD 2024: Automatinis Licencijos Gr\u0105\u017einimas Automatinis licencijos gr\u0105\u017einimas GstarCAD 2024 \u2013 tai paprastas ir greitas procesas.\u017demiau rasite nuoseklias instrukcijas: Programos paleidimas: Atidarykite GstarCAD 2024. Eikite \u012f skirtuk\u0105 \u201eHELP\u201c:\u00a0spustel\u0117kite skirtuk\u0105 \u201eHELP\u201c ir pasirinkite parinkt\u012f\u201eREGISTER\u201c. Licencijos gr\u0105\u017einimas: Naujame lange \u201eRETURN LICENSE\u201c i\u0161 [&hellip;]","og_url":"https:\/\/www.gstarcad.eu\/lt\/zwrot-licencji\/","og_site_name":"GstarCad","article_modified_time":"2025-12-03T11:21:59+00:00","og_image":[{"url":"https:\/\/new.tmsys.pl\/wp-content\/uploads\/2024\/04\/xScreenshot_1.png.pagespeed.ic_.Kz_iuqcZDc.webp"}],"twitter_card":"summary_large_image","twitter_misc":{"Est. reading time":"3 minut\u0117s"},"schema":{"@context":"https:\/\/schema.org","@graph":[{"@type":"WebPage","@id":"https:\/\/www.gstarcad.eu\/lt\/zwrot-licencji\/","url":"https:\/\/www.gstarcad.eu\/lt\/zwrot-licencji\/","name":"Licencijos gr\u0105\u017einimas - GstarCad","isPartOf":{"@id":"https:\/\/www.gstarcad.eu\/lt\/#website"},"primaryImageOfPage":{"@id":"https:\/\/www.gstarcad.eu\/lt\/zwrot-licencji\/#primaryimage"},"image":{"@id":"https:\/\/www.gstarcad.eu\/lt\/zwrot-licencji\/#primaryimage"},"thumbnailUrl":"https:\/\/new.tmsys.pl\/wp-content\/uploads\/2024\/04\/xScreenshot_1.png.pagespeed.ic_.Kz_iuqcZDc.webp","datePublished":"2023-12-11T11:05:27+00:00","dateModified":"2025-12-03T11:21:59+00:00","breadcrumb":{"@id":"https:\/\/www.gstarcad.eu\/lt\/zwrot-licencji\/#breadcrumb"},"inLanguage":"lt-LT","potentialAction":[{"@type":"ReadAction","target":["https:\/\/www.gstarcad.eu\/lt\/zwrot-licencji\/"]}]},{"@type":"ImageObject","inLanguage":"lt-LT","@id":"https:\/\/www.gstarcad.eu\/lt\/zwrot-licencji\/#primaryimage","url":"https:\/\/new.tmsys.pl\/wp-content\/uploads\/2024\/04\/xScreenshot_1.png.pagespeed.ic_.Kz_iuqcZDc.webp","contentUrl":"https:\/\/new.tmsys.pl\/wp-content\/uploads\/2024\/04\/xScreenshot_1.png.pagespeed.ic_.Kz_iuqcZDc.webp"},{"@type":"BreadcrumbList","@id":"https:\/\/www.gstarcad.eu\/lt\/zwrot-licencji\/#breadcrumb","itemListElement":[{"@type":"ListItem","position":1,"name":"Home","item":"https:\/\/www.gstarcad.eu\/lt\/"},{"@type":"ListItem","position":2,"name":"Licencijos gr\u0105\u017einimas"}]},{"@type":"WebSite","@id":"https:\/\/www.gstarcad.eu\/lt\/#website","url":"https:\/\/www.gstarcad.eu\/lt\/","name":"GstarCad","description":"","publisher":{"@id":"https:\/\/www.gstarcad.eu\/lt\/#organization"},"potentialAction":[{"@type":"SearchAction","target":{"@type":"EntryPoint","urlTemplate":"https:\/\/www.gstarcad.eu\/lt\/?s={search_term_string}"},"query-input":"required name=search_term_string"}],"inLanguage":"lt-LT"},{"@type":"Organization","@id":"https:\/\/www.gstarcad.eu\/lt\/#organization","name":"GstarCad","url":"https:\/\/www.gstarcad.eu\/lt\/","logo":{"@type":"ImageObject","inLanguage":"lt-LT","@id":"https:\/\/www.gstarcad.eu\/lt\/#\/schema\/logo\/image\/","url":"https:\/\/www.gstarcad.eu\/wp-content\/uploads\/2024\/04\/gs-nowe-logo.svg","contentUrl":"https:\/\/www.gstarcad.eu\/wp-content\/uploads\/2024\/04\/gs-nowe-logo.svg","width":169,"height":41,"caption":"GstarCad"},"image":{"@id":"https:\/\/www.gstarcad.eu\/lt\/#\/schema\/logo\/image\/"}}]}},"_links":{"self":[{"href":"https:\/\/www.gstarcad.eu\/lt\/wp-json\/wp\/v2\/pages\/25530","targetHints":{"allow":["GET"]}}],"collection":[{"href":"https:\/\/www.gstarcad.eu\/lt\/wp-json\/wp\/v2\/pages"}],"about":[{"href":"https:\/\/www.gstarcad.eu\/lt\/wp-json\/wp\/v2\/types\/page"}],"author":[{"embeddable":true,"href":"https:\/\/www.gstarcad.eu\/lt\/wp-json\/wp\/v2\/users\/9"}],"replies":[{"embeddable":true,"href":"https:\/\/www.gstarcad.eu\/lt\/wp-json\/wp\/v2\/comments?post=25530"}],"version-history":[{"count":7,"href":"https:\/\/www.gstarcad.eu\/lt\/wp-json\/wp\/v2\/pages\/25530\/revisions"}],"predecessor-version":[{"id":29416,"href":"https:\/\/www.gstarcad.eu\/lt\/wp-json\/wp\/v2\/pages\/25530\/revisions\/29416"}],"wp:attachment":[{"href":"https:\/\/www.gstarcad.eu\/lt\/wp-json\/wp\/v2\/media?parent=25530"}],"curies":[{"name":"wp","href":"https:\/\/api.w.org\/{rel}","templated":true}]}}