{"id":25249,"date":"2023-12-11T13:09:53","date_gmt":"2023-12-11T13:09:53","guid":{"rendered":"https:\/\/www.gstarcad.eu\/?page_id=25249"},"modified":"2025-12-03T11:25:19","modified_gmt":"2025-12-03T11:25:19","slug":"licencijos-atnaujinimas","status":"publish","type":"page","link":"https:\/\/www.gstarcad.eu\/lt\/licencijos-atnaujinimas\/","title":{"rendered":"Licencijos atnaujinimas"},"content":{"rendered":"\t\t<div data-elementor-type=\"wp-page\" data-elementor-id=\"25249\" class=\"elementor elementor-25249 elementor-16160\">\n\t\t\t\t\t\t<section class=\"elementor-section elementor-top-section elementor-element elementor-element-597ed2d breadkr-page elementor-section-boxed elementor-section-height-default elementor-section-height-default\" data-id=\"597ed2d\" data-element_type=\"section\" data-settings=\"{&quot;background_background&quot;:&quot;classic&quot;}\">\n\t\t\t\t\t\t<div class=\"elementor-container elementor-column-gap-default\">\n\t\t\t\t\t<div class=\"elementor-column elementor-col-100 elementor-top-column elementor-element elementor-element-9e767ed\" data-id=\"9e767ed\" data-element_type=\"column\">\n\t\t\t<div class=\"elementor-widget-wrap elementor-element-populated\">\n\t\t\t\t\t\t<div class=\"elementor-element elementor-element-7bce8ff elementor-widget elementor-widget-heading\" data-id=\"7bce8ff\" data-element_type=\"widget\" data-widget_type=\"heading.default\">\n\t\t\t\t<div class=\"elementor-widget-container\">\n\t\t\t\t\t<span class=\"elementor-heading-title elementor-size-default\"><a href=\"\/pomoc-techniczna\/\">Technin\u0117 pagalba<\/a> &gt; Licencijos atnaujinimas<\/span>\t\t\t\t<\/div>\n\t\t\t\t<\/div>\n\t\t\t\t\t<\/div>\n\t\t<\/div>\n\t\t\t\t\t<\/div>\n\t\t<\/section>\n\t\t\t\t<section class=\"elementor-section elementor-top-section elementor-element elementor-element-39ef5af elementor-section-boxed elementor-section-height-default elementor-section-height-default\" data-id=\"39ef5af\" data-element_type=\"section\" data-settings=\"{&quot;background_background&quot;:&quot;classic&quot;}\">\n\t\t\t\t\t\t<div class=\"elementor-container elementor-column-gap-default\">\n\t\t\t\t\t<div class=\"elementor-column elementor-col-50 elementor-top-column elementor-element elementor-element-98b9460\" data-id=\"98b9460\" data-element_type=\"column\">\n\t\t\t<div class=\"elementor-widget-wrap elementor-element-populated\">\n\t\t\t\t\t\t<div class=\"elementor-element elementor-element-b19c419 elementor-widget elementor-widget-heading\" data-id=\"b19c419\" data-element_type=\"widget\" data-widget_type=\"heading.default\">\n\t\t\t\t<div class=\"elementor-widget-container\">\n\t\t\t\t\t<h4 class=\"elementor-heading-title elementor-size-default\">Licencijos atk\u016brimas po kompiuterio gedimo \/ sunaikinimo \/ praradimo<\/h4>\t\t\t\t<\/div>\n\t\t\t\t<\/div>\n\t\t\t\t<div class=\"elementor-element elementor-element-75ff20d elementor-widget elementor-widget-text-editor\" data-id=\"75ff20d\" data-element_type=\"widget\" data-widget_type=\"text-editor.default\">\n\t\t\t\t<div class=\"elementor-widget-container\">\n\t\t\t\t\t\t\t\t\t<p>GstarCAD licencijos atk\u016brimas galimas sugedus, pavogus ar pasikeitus kai <br \/>kuriems kompiuterio komponentams.<\/p><p>Formatuojant disk\u0105 arba i\u0161 naujo \u012fdiegus sistem\u0105, \u0161ios parinkties naudoti nereikia.<\/p>\t\t\t\t\t\t\t\t<\/div>\n\t\t\t\t<\/div>\n\t\t\t\t<div class=\"elementor-element elementor-element-d5ec36b elementor-widget elementor-widget-heading\" data-id=\"d5ec36b\" data-element_type=\"widget\" data-widget_type=\"heading.default\">\n\t\t\t\t<div class=\"elementor-widget-container\">\n\t\t\t\t\t<h4 class=\"elementor-heading-title elementor-size-default\">Svarbu!<\/h4>\t\t\t\t<\/div>\n\t\t\t\t<\/div>\n\t\t\t\t<div class=\"elementor-element elementor-element-93d8ba5 elementor-widget elementor-widget-text-editor\" data-id=\"93d8ba5\" data-element_type=\"widget\" data-widget_type=\"text-editor.default\">\n\t\t\t\t<div class=\"elementor-widget-container\">\n\t\t\t\t\t\t\t\t\t<p>Pateikus \u017eemiau esan\u010di\u0105 form\u0105, \u012frenginys, kuriame buvo panaudota licencija, <br \/>blokuojamas, o kompiuterio ID \u012ftraukiamas \u012f juod\u0105j\u012f s\u0105ra\u0161\u0105. D\u0117l to v\u0117liau ne\u012fmanoma joje u\u017eregistruoti tos pa\u010dios ar net naujos licencijos.<\/p><p>Jei pra\u0161ymas blokuoti licencij\u0105 pateikiamas be pagrindo, o vartotojas nusprend\u017eia <br \/>blokavim\u0105 panaikinti, u\u017e \u0161\u012f proces\u0105 bus taikomas 200 PLN neto mokestis.<\/p>\t\t\t\t\t\t\t\t<\/div>\n\t\t\t\t<\/div>\n\t\t\t\t<div class=\"elementor-element elementor-element-a1deea3 wazne-border-block elementor-widget elementor-widget-heading\" data-id=\"a1deea3\" data-element_type=\"widget\" data-widget_type=\"heading.default\">\n\t\t\t\t<div class=\"elementor-widget-container\">\n\t\t\t\t\t<div class=\"elementor-heading-title elementor-size-default\"><a href=\"\/wp-content\/uploads\/2024\/04\/Wniosek_o_odnowienie_licencji_GstarCAD.doc\" download=\"\">Dokument\u0105 galima parsisi\u0173sti \u010cIA<\/a><\/div>\t\t\t\t<\/div>\n\t\t\t\t<\/div>\n\t\t\t\t<div class=\"elementor-element elementor-element-2a53c67 elementor-widget elementor-widget-text-editor\" data-id=\"2a53c67\" data-element_type=\"widget\" data-widget_type=\"text-editor.default\">\n\t\t\t\t<div class=\"elementor-widget-container\">\n\t\t\t\t\t\t\t\t\t<p>Lentel\u0117s laukelyje \u012fveskite licencijos numer\u012f, atitinkant\u012f j\u016bs\u0173 programos versij\u0105.<br \/>U\u017epildytas dokumentas turi b\u016bti antspauduotas\/pasira\u0161ytas, o jo nuskaityta kopija i\u0161si\u0173sta el. pa\u0161to adresu\u00a0 \u00a0<a href=\"licenses@gstarcad.pl\">licenses@gstarcad.pl<\/a><\/p>\t\t\t\t\t\t\t\t<\/div>\n\t\t\t\t<\/div>\n\t\t\t\t\t<\/div>\n\t\t<\/div>\n\t\t\t\t<div class=\"elementor-column elementor-col-50 elementor-top-column elementor-element elementor-element-413f4e5\" data-id=\"413f4e5\" data-element_type=\"column\">\n\t\t\t<div class=\"elementor-widget-wrap elementor-element-populated\">\n\t\t\t\t\t\t<div class=\"elementor-element elementor-element-50ca673 elementor-widget elementor-widget-image\" data-id=\"50ca673\" data-element_type=\"widget\" data-widget_type=\"image.default\">\n\t\t\t\t<div class=\"elementor-widget-container\">\n\t\t\t\t\t\t\t\t\t\t\t\t\t\t\t<img fetchpriority=\"high\" decoding=\"async\" width=\"753\" height=\"692\" src=\"https:\/\/www.gstarcad.eu\/wp-content\/uploads\/2024\/04\/1.webp\" class=\"attachment-full size-full wp-image-19675\" alt=\"\" srcset=\"https:\/\/www.gstarcad.eu\/wp-content\/uploads\/2024\/04\/1.webp 753w, https:\/\/www.gstarcad.eu\/wp-content\/uploads\/2024\/04\/1-300x276.webp 300w\" sizes=\"(max-width: 753px) 100vw, 753px\" \/>\t\t\t\t\t\t\t\t\t\t\t\t\t\t\t<\/div>\n\t\t\t\t<\/div>\n\t\t\t\t\t<\/div>\n\t\t<\/div>\n\t\t\t\t\t<\/div>\n\t\t<\/section>\n\t\t\t\t<section class=\"elementor-section elementor-top-section elementor-element elementor-element-79bd159 elementor-section-boxed elementor-section-height-default elementor-section-height-default\" data-id=\"79bd159\" data-element_type=\"section\">\n\t\t\t\t\t\t<div class=\"elementor-container elementor-column-gap-default\">\n\t\t\t\t\t<div class=\"elementor-column elementor-col-100 elementor-top-column elementor-element elementor-element-d4baeb5\" data-id=\"d4baeb5\" data-element_type=\"column\">\n\t\t\t<div class=\"elementor-widget-wrap\">\n\t\t\t\t\t\t\t<\/div>\n\t\t<\/div>\n\t\t\t\t\t<\/div>\n\t\t<\/section>\n\t\t\t\t<\/div>\n\t\t","protected":false},"excerpt":{"rendered":"<p>Technin\u0117 pagalba &gt; Licencijos atnaujinimas Licencijos atk\u016brimas po kompiuterio gedimo \/ sunaikinimo \/ praradimo GstarCAD licencijos atk\u016brimas galimas sugedus, pavogus ar pasikeitus kai kuriems kompiuterio komponentams. Formatuojant disk\u0105 arba i\u0161 naujo \u012fdiegus sistem\u0105, \u0161ios parinkties naudoti nereikia. Svarbu! Pateikus \u017eemiau esan\u010di\u0105 form\u0105, \u012frenginys, kuriame buvo panaudota licencija, blokuojamas, o kompiuterio ID \u012ftraukiamas \u012f juod\u0105j\u012f s\u0105ra\u0161\u0105. [&hellip;]<\/p>\n","protected":false},"author":9,"featured_media":0,"parent":0,"menu_order":0,"comment_status":"closed","ping_status":"closed","template":"","meta":{"inline_featured_image":false,"footnotes":""},"class_list":["post-25249","page","type-page","status-publish","hentry"],"yoast_head":"<!-- This site is optimized with the Yoast SEO plugin v22.2 - https:\/\/yoast.com\/wordpress\/plugins\/seo\/ -->\n<title>Licencijos atnaujinimas - GstarCad<\/title>\n<meta name=\"robots\" content=\"index, follow, max-snippet:-1, max-image-preview:large, max-video-preview:-1\" \/>\n<link rel=\"canonical\" href=\"https:\/\/www.gstarcad.eu\/lt\/licencijos-atnaujinimas\/\" \/>\n<meta property=\"og:locale\" content=\"lt_LT\" \/>\n<meta property=\"og:type\" content=\"article\" \/>\n<meta property=\"og:title\" content=\"Licencijos atnaujinimas - GstarCad\" \/>\n<meta property=\"og:description\" content=\"Technin\u0117 pagalba &gt; Licencijos atnaujinimas Licencijos atk\u016brimas po kompiuterio gedimo \/ sunaikinimo \/ praradimo GstarCAD licencijos atk\u016brimas galimas sugedus, pavogus ar pasikeitus kai kuriems kompiuterio komponentams. Formatuojant disk\u0105 arba i\u0161 naujo \u012fdiegus sistem\u0105, \u0161ios parinkties naudoti nereikia. Svarbu! Pateikus \u017eemiau esan\u010di\u0105 form\u0105, \u012frenginys, kuriame buvo panaudota licencija, blokuojamas, o kompiuterio ID \u012ftraukiamas \u012f juod\u0105j\u012f s\u0105ra\u0161\u0105. [&hellip;]\" \/>\n<meta property=\"og:url\" content=\"https:\/\/www.gstarcad.eu\/lt\/licencijos-atnaujinimas\/\" \/>\n<meta property=\"og:site_name\" content=\"GstarCad\" \/>\n<meta property=\"article:modified_time\" content=\"2025-12-03T11:25:19+00:00\" \/>\n<meta property=\"og:image\" content=\"https:\/\/www.gstarcad.eu\/wp-content\/uploads\/2024\/04\/1.webp\" \/>\n<meta name=\"twitter:card\" content=\"summary_large_image\" \/>\n<meta name=\"twitter:label1\" content=\"Est. reading time\" \/>\n\t<meta name=\"twitter:data1\" content=\"1 minut\u0117\" \/>\n<script type=\"application\/ld+json\" class=\"yoast-schema-graph\">{\"@context\":\"https:\/\/schema.org\",\"@graph\":[{\"@type\":\"WebPage\",\"@id\":\"https:\/\/www.gstarcad.eu\/lt\/licencijos-atnaujinimas\/\",\"url\":\"https:\/\/www.gstarcad.eu\/lt\/licencijos-atnaujinimas\/\",\"name\":\"Licencijos atnaujinimas - GstarCad\",\"isPartOf\":{\"@id\":\"https:\/\/www.gstarcad.eu\/lt\/#website\"},\"primaryImageOfPage\":{\"@id\":\"https:\/\/www.gstarcad.eu\/lt\/licencijos-atnaujinimas\/#primaryimage\"},\"image\":{\"@id\":\"https:\/\/www.gstarcad.eu\/lt\/licencijos-atnaujinimas\/#primaryimage\"},\"thumbnailUrl\":\"https:\/\/www.gstarcad.eu\/wp-content\/uploads\/2024\/04\/1.webp\",\"datePublished\":\"2023-12-11T13:09:53+00:00\",\"dateModified\":\"2025-12-03T11:25:19+00:00\",\"breadcrumb\":{\"@id\":\"https:\/\/www.gstarcad.eu\/lt\/licencijos-atnaujinimas\/#breadcrumb\"},\"inLanguage\":\"lt-LT\",\"potentialAction\":[{\"@type\":\"ReadAction\",\"target\":[\"https:\/\/www.gstarcad.eu\/lt\/licencijos-atnaujinimas\/\"]}]},{\"@type\":\"ImageObject\",\"inLanguage\":\"lt-LT\",\"@id\":\"https:\/\/www.gstarcad.eu\/lt\/licencijos-atnaujinimas\/#primaryimage\",\"url\":\"https:\/\/www.gstarcad.eu\/wp-content\/uploads\/2024\/04\/1.webp\",\"contentUrl\":\"https:\/\/www.gstarcad.eu\/wp-content\/uploads\/2024\/04\/1.webp\",\"width\":753,\"height\":692},{\"@type\":\"BreadcrumbList\",\"@id\":\"https:\/\/www.gstarcad.eu\/lt\/licencijos-atnaujinimas\/#breadcrumb\",\"itemListElement\":[{\"@type\":\"ListItem\",\"position\":1,\"name\":\"Home\",\"item\":\"https:\/\/www.gstarcad.eu\/lt\/\"},{\"@type\":\"ListItem\",\"position\":2,\"name\":\"Licencijos atnaujinimas\"}]},{\"@type\":\"WebSite\",\"@id\":\"https:\/\/www.gstarcad.eu\/lt\/#website\",\"url\":\"https:\/\/www.gstarcad.eu\/lt\/\",\"name\":\"GstarCad\",\"description\":\"\",\"publisher\":{\"@id\":\"https:\/\/www.gstarcad.eu\/lt\/#organization\"},\"potentialAction\":[{\"@type\":\"SearchAction\",\"target\":{\"@type\":\"EntryPoint\",\"urlTemplate\":\"https:\/\/www.gstarcad.eu\/lt\/?s={search_term_string}\"},\"query-input\":\"required name=search_term_string\"}],\"inLanguage\":\"lt-LT\"},{\"@type\":\"Organization\",\"@id\":\"https:\/\/www.gstarcad.eu\/lt\/#organization\",\"name\":\"GstarCad\",\"url\":\"https:\/\/www.gstarcad.eu\/lt\/\",\"logo\":{\"@type\":\"ImageObject\",\"inLanguage\":\"lt-LT\",\"@id\":\"https:\/\/www.gstarcad.eu\/lt\/#\/schema\/logo\/image\/\",\"url\":\"https:\/\/www.gstarcad.eu\/wp-content\/uploads\/2024\/04\/gs-nowe-logo.svg\",\"contentUrl\":\"https:\/\/www.gstarcad.eu\/wp-content\/uploads\/2024\/04\/gs-nowe-logo.svg\",\"width\":169,\"height\":41,\"caption\":\"GstarCad\"},\"image\":{\"@id\":\"https:\/\/www.gstarcad.eu\/lt\/#\/schema\/logo\/image\/\"}}]}<\/script>\n<!-- \/ Yoast SEO plugin. -->","yoast_head_json":{"title":"Licencijos atnaujinimas - GstarCad","robots":{"index":"index","follow":"follow","max-snippet":"max-snippet:-1","max-image-preview":"max-image-preview:large","max-video-preview":"max-video-preview:-1"},"canonical":"https:\/\/www.gstarcad.eu\/lt\/licencijos-atnaujinimas\/","og_locale":"lt_LT","og_type":"article","og_title":"Licencijos atnaujinimas - GstarCad","og_description":"Technin\u0117 pagalba &gt; Licencijos atnaujinimas Licencijos atk\u016brimas po kompiuterio gedimo \/ sunaikinimo \/ praradimo GstarCAD licencijos atk\u016brimas galimas sugedus, pavogus ar pasikeitus kai kuriems kompiuterio komponentams. Formatuojant disk\u0105 arba i\u0161 naujo \u012fdiegus sistem\u0105, \u0161ios parinkties naudoti nereikia. Svarbu! Pateikus \u017eemiau esan\u010di\u0105 form\u0105, \u012frenginys, kuriame buvo panaudota licencija, blokuojamas, o kompiuterio ID \u012ftraukiamas \u012f juod\u0105j\u012f s\u0105ra\u0161\u0105. [&hellip;]","og_url":"https:\/\/www.gstarcad.eu\/lt\/licencijos-atnaujinimas\/","og_site_name":"GstarCad","article_modified_time":"2025-12-03T11:25:19+00:00","og_image":[{"url":"https:\/\/www.gstarcad.eu\/wp-content\/uploads\/2024\/04\/1.webp"}],"twitter_card":"summary_large_image","twitter_misc":{"Est. reading time":"1 minut\u0117"},"schema":{"@context":"https:\/\/schema.org","@graph":[{"@type":"WebPage","@id":"https:\/\/www.gstarcad.eu\/lt\/licencijos-atnaujinimas\/","url":"https:\/\/www.gstarcad.eu\/lt\/licencijos-atnaujinimas\/","name":"Licencijos atnaujinimas - GstarCad","isPartOf":{"@id":"https:\/\/www.gstarcad.eu\/lt\/#website"},"primaryImageOfPage":{"@id":"https:\/\/www.gstarcad.eu\/lt\/licencijos-atnaujinimas\/#primaryimage"},"image":{"@id":"https:\/\/www.gstarcad.eu\/lt\/licencijos-atnaujinimas\/#primaryimage"},"thumbnailUrl":"https:\/\/www.gstarcad.eu\/wp-content\/uploads\/2024\/04\/1.webp","datePublished":"2023-12-11T13:09:53+00:00","dateModified":"2025-12-03T11:25:19+00:00","breadcrumb":{"@id":"https:\/\/www.gstarcad.eu\/lt\/licencijos-atnaujinimas\/#breadcrumb"},"inLanguage":"lt-LT","potentialAction":[{"@type":"ReadAction","target":["https:\/\/www.gstarcad.eu\/lt\/licencijos-atnaujinimas\/"]}]},{"@type":"ImageObject","inLanguage":"lt-LT","@id":"https:\/\/www.gstarcad.eu\/lt\/licencijos-atnaujinimas\/#primaryimage","url":"https:\/\/www.gstarcad.eu\/wp-content\/uploads\/2024\/04\/1.webp","contentUrl":"https:\/\/www.gstarcad.eu\/wp-content\/uploads\/2024\/04\/1.webp","width":753,"height":692},{"@type":"BreadcrumbList","@id":"https:\/\/www.gstarcad.eu\/lt\/licencijos-atnaujinimas\/#breadcrumb","itemListElement":[{"@type":"ListItem","position":1,"name":"Home","item":"https:\/\/www.gstarcad.eu\/lt\/"},{"@type":"ListItem","position":2,"name":"Licencijos atnaujinimas"}]},{"@type":"WebSite","@id":"https:\/\/www.gstarcad.eu\/lt\/#website","url":"https:\/\/www.gstarcad.eu\/lt\/","name":"GstarCad","description":"","publisher":{"@id":"https:\/\/www.gstarcad.eu\/lt\/#organization"},"potentialAction":[{"@type":"SearchAction","target":{"@type":"EntryPoint","urlTemplate":"https:\/\/www.gstarcad.eu\/lt\/?s={search_term_string}"},"query-input":"required name=search_term_string"}],"inLanguage":"lt-LT"},{"@type":"Organization","@id":"https:\/\/www.gstarcad.eu\/lt\/#organization","name":"GstarCad","url":"https:\/\/www.gstarcad.eu\/lt\/","logo":{"@type":"ImageObject","inLanguage":"lt-LT","@id":"https:\/\/www.gstarcad.eu\/lt\/#\/schema\/logo\/image\/","url":"https:\/\/www.gstarcad.eu\/wp-content\/uploads\/2024\/04\/gs-nowe-logo.svg","contentUrl":"https:\/\/www.gstarcad.eu\/wp-content\/uploads\/2024\/04\/gs-nowe-logo.svg","width":169,"height":41,"caption":"GstarCad"},"image":{"@id":"https:\/\/www.gstarcad.eu\/lt\/#\/schema\/logo\/image\/"}}]}},"_links":{"self":[{"href":"https:\/\/www.gstarcad.eu\/lt\/wp-json\/wp\/v2\/pages\/25249","targetHints":{"allow":["GET"]}}],"collection":[{"href":"https:\/\/www.gstarcad.eu\/lt\/wp-json\/wp\/v2\/pages"}],"about":[{"href":"https:\/\/www.gstarcad.eu\/lt\/wp-json\/wp\/v2\/types\/page"}],"author":[{"embeddable":true,"href":"https:\/\/www.gstarcad.eu\/lt\/wp-json\/wp\/v2\/users\/9"}],"replies":[{"embeddable":true,"href":"https:\/\/www.gstarcad.eu\/lt\/wp-json\/wp\/v2\/comments?post=25249"}],"version-history":[{"count":7,"href":"https:\/\/www.gstarcad.eu\/lt\/wp-json\/wp\/v2\/pages\/25249\/revisions"}],"predecessor-version":[{"id":29431,"href":"https:\/\/www.gstarcad.eu\/lt\/wp-json\/wp\/v2\/pages\/25249\/revisions\/29431"}],"wp:attachment":[{"href":"https:\/\/www.gstarcad.eu\/lt\/wp-json\/wp\/v2\/media?parent=25249"}],"curies":[{"name":"wp","href":"https:\/\/api.w.org\/{rel}","templated":true}]}}