{"id":25202,"date":"2023-11-08T11:23:00","date_gmt":"2023-11-08T11:23:00","guid":{"rendered":"https:\/\/www.gstarcad.eu\/?page_id=25202"},"modified":"2025-11-06T10:47:26","modified_gmt":"2025-11-06T10:47:26","slug":"atsisiuskite-gstarcad","status":"publish","type":"page","link":"https:\/\/www.gstarcad.eu\/lt\/atsisiuskite-gstarcad\/","title":{"rendered":"Atsisi\u0173skite GstarCAD"},"content":{"rendered":"\t\t<div data-elementor-type=\"wp-page\" data-elementor-id=\"25202\" class=\"elementor elementor-25202 elementor-14776\">\n\t\t\t\t\t\t<section class=\"elementor-section elementor-top-section elementor-element elementor-element-d517360 elementor-section-boxed elementor-section-height-default elementor-section-height-default\" data-id=\"d517360\" data-element_type=\"section\" data-settings=\"{&quot;background_background&quot;:&quot;classic&quot;}\">\n\t\t\t\t\t\t<div class=\"elementor-container elementor-column-gap-default\">\n\t\t\t\t\t<div class=\"elementor-column elementor-col-50 elementor-top-column elementor-element elementor-element-7fe72be\" data-id=\"7fe72be\" data-element_type=\"column\">\n\t\t\t<div class=\"elementor-widget-wrap elementor-element-populated\">\n\t\t\t\t\t\t<div class=\"elementor-element elementor-element-0660dc7 elementor-widget elementor-widget-heading\" data-id=\"0660dc7\" data-element_type=\"widget\" data-widget_type=\"heading.default\">\n\t\t\t\t<div class=\"elementor-widget-container\">\n\t\t\t\t\t<h3 class=\"elementor-heading-title elementor-size-default\">Atsisi\u0173skite GstarCAD <br>\nir i\u0161bandykite jo galimybes!<\/h3>\t\t\t\t<\/div>\n\t\t\t\t<\/div>\n\t\t\t\t<div class=\"elementor-element elementor-element-134bb35 elementor-widget elementor-widget-image\" data-id=\"134bb35\" data-element_type=\"widget\" data-widget_type=\"image.default\">\n\t\t\t\t<div class=\"elementor-widget-container\">\n\t\t\t\t\t\t\t\t\t\t\t\t\t\t\t<img fetchpriority=\"high\" decoding=\"async\" width=\"409\" height=\"410\" src=\"https:\/\/www.gstarcad.eu\/wp-content\/uploads\/2023\/11\/img-25-transparent.png\" class=\"attachment-large size-large wp-image-14789\" alt=\"\" srcset=\"https:\/\/www.gstarcad.eu\/wp-content\/uploads\/2023\/11\/img-25-transparent.png 409w, https:\/\/www.gstarcad.eu\/wp-content\/uploads\/2023\/11\/img-25-transparent-300x300.png 300w, https:\/\/www.gstarcad.eu\/wp-content\/uploads\/2023\/11\/img-25-transparent-150x150.png 150w\" sizes=\"(max-width: 409px) 100vw, 409px\" \/>\t\t\t\t\t\t\t\t\t\t\t\t\t\t\t<\/div>\n\t\t\t\t<\/div>\n\t\t\t\t\t<\/div>\n\t\t<\/div>\n\t\t\t\t<div class=\"elementor-column elementor-col-50 elementor-top-column elementor-element elementor-element-1ce79c7 cf7-line-block\" data-id=\"1ce79c7\" data-element_type=\"column\">\n\t\t\t<div class=\"elementor-widget-wrap elementor-element-populated\">\n\t\t\t\t\t\t<div class=\"elementor-element elementor-element-9e5ce06 robierz-gs-demo-cf7 eael-contact-form-7-button-align-left eael-contact-form-7-button-custom elementor-widget elementor-widget-eael-contact-form-7\" data-id=\"9e5ce06\" data-element_type=\"widget\" data-widget_type=\"eael-contact-form-7.default\">\n\t\t\t\t<div class=\"elementor-widget-container\">\n\t\t\t\t\t<div class=\"eael-contact-form-7-wrapper\">\n                <div class=\"eael-contact-form eael-contact-form-7 eael-contact-form-9e5ce06 placeholder-show eael-contact-form-align-default\">\n<div class=\"wpcf7 no-js\" id=\"wpcf7-f25207-o1\" lang=\"lt-LT\" dir=\"ltr\">\n<div class=\"screen-reader-response\"><p role=\"status\" aria-live=\"polite\" aria-atomic=\"true\"><\/p> <ul><\/ul><\/div>\n<form action=\"\/lt\/wp-json\/wp\/v2\/pages\/25202#wpcf7-f25207-o1\" method=\"post\" class=\"wpcf7-form init\" aria-label=\"Kontakt\u0173 forma\" novalidate=\"novalidate\" data-status=\"init\">\n<div style=\"display: none;\">\n<input type=\"hidden\" name=\"_wpcf7\" value=\"25207\" \/>\n<input type=\"hidden\" name=\"_wpcf7_version\" value=\"5.9.6\" \/>\n<input type=\"hidden\" name=\"_wpcf7_locale\" value=\"lt_LT\" \/>\n<input type=\"hidden\" name=\"_wpcf7_unit_tag\" value=\"wpcf7-f25207-o1\" \/>\n<input type=\"hidden\" name=\"_wpcf7_container_post\" value=\"0\" \/>\n<input type=\"hidden\" name=\"_wpcf7_posted_data_hash\" value=\"\" \/>\n<input type=\"hidden\" name=\"_wpcf7dtx_version\" value=\"5.0.3\" \/>\n<input type=\"hidden\" name=\"_wpcf7_recaptcha_response\" value=\"\" \/>\n<\/div>\n<h4>Nuoroda \u012f GstarCAD demonstracin\u0119 versij\u0105 bus i\u0161si\u0173sta el. pa\u0161to adresu,<br \/>\nkur\u012f nurod\u0117te formoje.\n<\/h4>\n<p><span class=\"wpcf7-form-control-wrap\" data-name=\"name-popup\"><input size=\"40\" maxlength=\"80\" class=\"wpcf7-form-control wpcf7-text wpcf7-validates-as-required\" aria-required=\"true\" aria-invalid=\"false\" placeholder=\"vardas ir pavard\u0117\" value=\"\" type=\"text\" name=\"name-popup\" \/><\/span><br \/>\n<span class=\"wpcf7-form-control-wrap\" data-name=\"email-popup\"><input size=\"40\" maxlength=\"80\" class=\"wpcf7-form-control wpcf7-email wpcf7-validates-as-required wpcf7-text wpcf7-validates-as-email\" aria-required=\"true\" aria-invalid=\"false\" placeholder=\"el. pa\u0161tas\" value=\"\" type=\"email\" name=\"email-popup\" \/><\/span><br \/>\n<span class=\"wpcf7-form-control-wrap\" data-name=\"tel-popup\"><input size=\"40\" maxlength=\"10\" minlength=\"8\" class=\"wpcf7-form-control wpcf7-tel wpcf7-validates-as-required wpcf7-text wpcf7-validates-as-tel hintable\" id=\"phone-popup\" aria-required=\"true\" aria-invalid=\"false\" placeholder=\"telefonas\" value=\"\" type=\"tel\" name=\"tel-popup\" \/><\/span><br \/>\n<span class=\"wpcf7-form-control-wrap clientid\" data-name=\"clientid\"><input type=\"hidden\" name=\"clientid\" id=\"clientid\" class=\"wpcf7-form-control wpcf7-hidden wpcf7dtx wpcf7dtx-hidden\" aria-invalid=\"false\"><\/span><br \/>\n<span class=\"wpcf7-form-control-wrap\" data-name=\"checkbox-583\"><span class=\"wpcf7-form-control wpcf7-checkbox wpcf7-validates-as-required\"><span class=\"wpcf7-list-item first last\"><label><input type=\"checkbox\" name=\"checkbox-583[]\" value=\"Sutinku, kad b\u016bt\u0173 tvarkomi mano asmens duomenys, pateikti auk\u0161\u010diau esan\u010dioje formoje, kad gal\u0117\u010diau atsakyti \u012f mano atsi\u0173st\u0105 prane\u0161im\u0105 ir tolesn\u012f bendravim\u0105 (\u012fskaitant rinkodaros ry\u0161ius).\" \/><span class=\"wpcf7-list-item-label\">Sutinku, kad b\u016bt\u0173 tvarkomi mano asmens duomenys, pateikti auk\u0161\u010diau esan\u010dioje formoje, kad gal\u0117\u010diau atsakyti \u012f mano atsi\u0173st\u0105 prane\u0161im\u0105 ir tolesn\u012f bendravim\u0105 (\u012fskaitant rinkodaros ry\u0161ius).<\/span><\/label><\/span><\/span><\/span>\n<\/p>\n<p><input class=\"wpcf7-form-control wpcf7-submit has-spinner\" type=\"submit\" value=\"Atsisi\u0173skite demonstracin\u0119 versij\u0105\" \/>\n<\/p>\n<span class=\"wpcf7-form-control-wrap dynamichidden-1\" data-name=\"dynamichidden-1\"><input type=\"hidden\" name=\"dynamichidden-1\" class=\"wpcf7-form-control wpcf7-hidden wpcf7dtx wpcf7dtx-hidden\" aria-invalid=\"false\" value=\"link-pl-32\"><\/span>\n<span class=\"wpcf7-form-control-wrap dynamichidden-2\" data-name=\"dynamichidden-2\"><input type=\"hidden\" name=\"dynamichidden-2\" class=\"wpcf7-form-control wpcf7-hidden wpcf7dtx wpcf7dtx-hidden\" aria-invalid=\"false\" value=\"link-eng-32\"><\/span>\n<span class=\"wpcf7-form-control-wrap dynamichidden-3\" data-name=\"dynamichidden-3\"><input type=\"hidden\" name=\"dynamichidden-3\" class=\"wpcf7-form-control wpcf7-hidden wpcf7dtx wpcf7dtx-hidden\" aria-invalid=\"false\" value=\"link-pl-64\"><\/span>\n<span class=\"wpcf7-form-control-wrap dynamichidden-4\" data-name=\"dynamichidden-4\"><input type=\"hidden\" name=\"dynamichidden-4\" class=\"wpcf7-form-control wpcf7-hidden wpcf7dtx wpcf7dtx-hidden\" aria-invalid=\"false\" value=\"link-eng-64\"><\/span><input type='hidden' class='wpcf7-pum' value='{\"closepopup\":false,\"closedelay\":0,\"openpopup\":false,\"openpopup_id\":0}' \/><div class=\"wpcf7-response-output\" aria-hidden=\"true\"><\/div>\n<\/form>\n<\/div>\n<\/div>\n            <\/div>\t\t\t\t<\/div>\n\t\t\t\t<\/div>\n\t\t\t\t\t<\/div>\n\t\t<\/div>\n\t\t\t\t\t<\/div>\n\t\t<\/section>\n\t\t\t\t<\/div>\n\t\t","protected":false},"excerpt":{"rendered":"<p>Atsisi\u0173skite GstarCAD ir i\u0161bandykite jo galimybes! Link do wersji demonstracyjnej GstarCAD zostanie wys\u0142any na adres e-mail podany przez Ciebie w formularzu. +48 Wyra\u017cam zgod\u0119 na przetwarzanie moich danych osobowych, podanych w powy\u017cszym formularzu w celu udzielenia odpowiedzi na wys\u0142an\u0105 przeze mnie wiadomo\u015b\u0107 oraz dalsz\u0105 komunikacj\u0119 (w tym komunikacj\u0119 marketingow\u0105).<\/p>\n","protected":false},"author":9,"featured_media":0,"parent":0,"menu_order":0,"comment_status":"closed","ping_status":"closed","template":"","meta":{"inline_featured_image":false,"footnotes":""},"class_list":["post-25202","page","type-page","status-publish","hentry"],"yoast_head":"<!-- This site is optimized with the Yoast SEO plugin v22.2 - https:\/\/yoast.com\/wordpress\/plugins\/seo\/ -->\n<title>Atsisi\u0173skite GstarCAD - GstarCad<\/title>\n<meta name=\"robots\" content=\"index, follow, max-snippet:-1, max-image-preview:large, max-video-preview:-1\" \/>\n<link rel=\"canonical\" href=\"https:\/\/www.gstarcad.eu\/lt\/atsisiuskite-gstarcad\/\" \/>\n<meta property=\"og:locale\" content=\"lt_LT\" \/>\n<meta property=\"og:type\" content=\"article\" \/>\n<meta property=\"og:title\" content=\"Atsisi\u0173skite GstarCAD - GstarCad\" \/>\n<meta property=\"og:description\" content=\"Atsisi\u0173skite GstarCAD ir i\u0161bandykite jo galimybes! Link do wersji demonstracyjnej GstarCAD zostanie wys\u0142any na adres e-mail podany przez Ciebie w formularzu. +48 Wyra\u017cam zgod\u0119 na przetwarzanie moich danych osobowych, podanych w powy\u017cszym formularzu w celu udzielenia odpowiedzi na wys\u0142an\u0105 przeze mnie wiadomo\u015b\u0107 oraz dalsz\u0105 komunikacj\u0119 (w tym komunikacj\u0119 marketingow\u0105).\" \/>\n<meta property=\"og:url\" content=\"https:\/\/www.gstarcad.eu\/lt\/atsisiuskite-gstarcad\/\" \/>\n<meta property=\"og:site_name\" content=\"GstarCad\" \/>\n<meta property=\"article:modified_time\" content=\"2025-11-06T10:47:26+00:00\" \/>\n<meta property=\"og:image\" content=\"https:\/\/www.gstarcad.eu\/wp-content\/uploads\/2023\/11\/img-25-transparent.png\" \/>\n<meta name=\"twitter:card\" content=\"summary_large_image\" \/>\n<meta name=\"twitter:label1\" content=\"Est. reading time\" \/>\n\t<meta name=\"twitter:data1\" content=\"1 minut\u0117\" \/>\n<script type=\"application\/ld+json\" class=\"yoast-schema-graph\">{\"@context\":\"https:\/\/schema.org\",\"@graph\":[{\"@type\":\"WebPage\",\"@id\":\"https:\/\/www.gstarcad.eu\/lt\/atsisiuskite-gstarcad\/\",\"url\":\"https:\/\/www.gstarcad.eu\/lt\/atsisiuskite-gstarcad\/\",\"name\":\"Atsisi\u0173skite GstarCAD - GstarCad\",\"isPartOf\":{\"@id\":\"https:\/\/www.gstarcad.eu\/lt\/#website\"},\"primaryImageOfPage\":{\"@id\":\"https:\/\/www.gstarcad.eu\/lt\/atsisiuskite-gstarcad\/#primaryimage\"},\"image\":{\"@id\":\"https:\/\/www.gstarcad.eu\/lt\/atsisiuskite-gstarcad\/#primaryimage\"},\"thumbnailUrl\":\"https:\/\/www.gstarcad.eu\/wp-content\/uploads\/2023\/11\/img-25-transparent.png\",\"datePublished\":\"2023-11-08T11:23:00+00:00\",\"dateModified\":\"2025-11-06T10:47:26+00:00\",\"breadcrumb\":{\"@id\":\"https:\/\/www.gstarcad.eu\/lt\/atsisiuskite-gstarcad\/#breadcrumb\"},\"inLanguage\":\"lt-LT\",\"potentialAction\":[{\"@type\":\"ReadAction\",\"target\":[\"https:\/\/www.gstarcad.eu\/lt\/atsisiuskite-gstarcad\/\"]}]},{\"@type\":\"ImageObject\",\"inLanguage\":\"lt-LT\",\"@id\":\"https:\/\/www.gstarcad.eu\/lt\/atsisiuskite-gstarcad\/#primaryimage\",\"url\":\"https:\/\/www.gstarcad.eu\/wp-content\/uploads\/2023\/11\/img-25-transparent.png\",\"contentUrl\":\"https:\/\/www.gstarcad.eu\/wp-content\/uploads\/2023\/11\/img-25-transparent.png\",\"width\":409,\"height\":410},{\"@type\":\"BreadcrumbList\",\"@id\":\"https:\/\/www.gstarcad.eu\/lt\/atsisiuskite-gstarcad\/#breadcrumb\",\"itemListElement\":[{\"@type\":\"ListItem\",\"position\":1,\"name\":\"Home\",\"item\":\"https:\/\/www.gstarcad.eu\/lt\/\"},{\"@type\":\"ListItem\",\"position\":2,\"name\":\"Atsisi\u0173skite GstarCAD\"}]},{\"@type\":\"WebSite\",\"@id\":\"https:\/\/www.gstarcad.eu\/lt\/#website\",\"url\":\"https:\/\/www.gstarcad.eu\/lt\/\",\"name\":\"GstarCad\",\"description\":\"\",\"publisher\":{\"@id\":\"https:\/\/www.gstarcad.eu\/lt\/#organization\"},\"potentialAction\":[{\"@type\":\"SearchAction\",\"target\":{\"@type\":\"EntryPoint\",\"urlTemplate\":\"https:\/\/www.gstarcad.eu\/lt\/?s={search_term_string}\"},\"query-input\":\"required name=search_term_string\"}],\"inLanguage\":\"lt-LT\"},{\"@type\":\"Organization\",\"@id\":\"https:\/\/www.gstarcad.eu\/lt\/#organization\",\"name\":\"GstarCad\",\"url\":\"https:\/\/www.gstarcad.eu\/lt\/\",\"logo\":{\"@type\":\"ImageObject\",\"inLanguage\":\"lt-LT\",\"@id\":\"https:\/\/www.gstarcad.eu\/lt\/#\/schema\/logo\/image\/\",\"url\":\"https:\/\/www.gstarcad.eu\/wp-content\/uploads\/2024\/04\/gs-nowe-logo.svg\",\"contentUrl\":\"https:\/\/www.gstarcad.eu\/wp-content\/uploads\/2024\/04\/gs-nowe-logo.svg\",\"width\":169,\"height\":41,\"caption\":\"GstarCad\"},\"image\":{\"@id\":\"https:\/\/www.gstarcad.eu\/lt\/#\/schema\/logo\/image\/\"}}]}<\/script>\n<!-- \/ Yoast SEO plugin. -->","yoast_head_json":{"title":"Atsisi\u0173skite GstarCAD - GstarCad","robots":{"index":"index","follow":"follow","max-snippet":"max-snippet:-1","max-image-preview":"max-image-preview:large","max-video-preview":"max-video-preview:-1"},"canonical":"https:\/\/www.gstarcad.eu\/lt\/atsisiuskite-gstarcad\/","og_locale":"lt_LT","og_type":"article","og_title":"Atsisi\u0173skite GstarCAD - GstarCad","og_description":"Atsisi\u0173skite GstarCAD ir i\u0161bandykite jo galimybes! Link do wersji demonstracyjnej GstarCAD zostanie wys\u0142any na adres e-mail podany przez Ciebie w formularzu. +48 Wyra\u017cam zgod\u0119 na przetwarzanie moich danych osobowych, podanych w powy\u017cszym formularzu w celu udzielenia odpowiedzi na wys\u0142an\u0105 przeze mnie wiadomo\u015b\u0107 oraz dalsz\u0105 komunikacj\u0119 (w tym komunikacj\u0119 marketingow\u0105).","og_url":"https:\/\/www.gstarcad.eu\/lt\/atsisiuskite-gstarcad\/","og_site_name":"GstarCad","article_modified_time":"2025-11-06T10:47:26+00:00","og_image":[{"url":"https:\/\/www.gstarcad.eu\/wp-content\/uploads\/2023\/11\/img-25-transparent.png"}],"twitter_card":"summary_large_image","twitter_misc":{"Est. reading time":"1 minut\u0117"},"schema":{"@context":"https:\/\/schema.org","@graph":[{"@type":"WebPage","@id":"https:\/\/www.gstarcad.eu\/lt\/atsisiuskite-gstarcad\/","url":"https:\/\/www.gstarcad.eu\/lt\/atsisiuskite-gstarcad\/","name":"Atsisi\u0173skite GstarCAD - GstarCad","isPartOf":{"@id":"https:\/\/www.gstarcad.eu\/lt\/#website"},"primaryImageOfPage":{"@id":"https:\/\/www.gstarcad.eu\/lt\/atsisiuskite-gstarcad\/#primaryimage"},"image":{"@id":"https:\/\/www.gstarcad.eu\/lt\/atsisiuskite-gstarcad\/#primaryimage"},"thumbnailUrl":"https:\/\/www.gstarcad.eu\/wp-content\/uploads\/2023\/11\/img-25-transparent.png","datePublished":"2023-11-08T11:23:00+00:00","dateModified":"2025-11-06T10:47:26+00:00","breadcrumb":{"@id":"https:\/\/www.gstarcad.eu\/lt\/atsisiuskite-gstarcad\/#breadcrumb"},"inLanguage":"lt-LT","potentialAction":[{"@type":"ReadAction","target":["https:\/\/www.gstarcad.eu\/lt\/atsisiuskite-gstarcad\/"]}]},{"@type":"ImageObject","inLanguage":"lt-LT","@id":"https:\/\/www.gstarcad.eu\/lt\/atsisiuskite-gstarcad\/#primaryimage","url":"https:\/\/www.gstarcad.eu\/wp-content\/uploads\/2023\/11\/img-25-transparent.png","contentUrl":"https:\/\/www.gstarcad.eu\/wp-content\/uploads\/2023\/11\/img-25-transparent.png","width":409,"height":410},{"@type":"BreadcrumbList","@id":"https:\/\/www.gstarcad.eu\/lt\/atsisiuskite-gstarcad\/#breadcrumb","itemListElement":[{"@type":"ListItem","position":1,"name":"Home","item":"https:\/\/www.gstarcad.eu\/lt\/"},{"@type":"ListItem","position":2,"name":"Atsisi\u0173skite GstarCAD"}]},{"@type":"WebSite","@id":"https:\/\/www.gstarcad.eu\/lt\/#website","url":"https:\/\/www.gstarcad.eu\/lt\/","name":"GstarCad","description":"","publisher":{"@id":"https:\/\/www.gstarcad.eu\/lt\/#organization"},"potentialAction":[{"@type":"SearchAction","target":{"@type":"EntryPoint","urlTemplate":"https:\/\/www.gstarcad.eu\/lt\/?s={search_term_string}"},"query-input":"required name=search_term_string"}],"inLanguage":"lt-LT"},{"@type":"Organization","@id":"https:\/\/www.gstarcad.eu\/lt\/#organization","name":"GstarCad","url":"https:\/\/www.gstarcad.eu\/lt\/","logo":{"@type":"ImageObject","inLanguage":"lt-LT","@id":"https:\/\/www.gstarcad.eu\/lt\/#\/schema\/logo\/image\/","url":"https:\/\/www.gstarcad.eu\/wp-content\/uploads\/2024\/04\/gs-nowe-logo.svg","contentUrl":"https:\/\/www.gstarcad.eu\/wp-content\/uploads\/2024\/04\/gs-nowe-logo.svg","width":169,"height":41,"caption":"GstarCad"},"image":{"@id":"https:\/\/www.gstarcad.eu\/lt\/#\/schema\/logo\/image\/"}}]}},"_links":{"self":[{"href":"https:\/\/www.gstarcad.eu\/lt\/wp-json\/wp\/v2\/pages\/25202","targetHints":{"allow":["GET"]}}],"collection":[{"href":"https:\/\/www.gstarcad.eu\/lt\/wp-json\/wp\/v2\/pages"}],"about":[{"href":"https:\/\/www.gstarcad.eu\/lt\/wp-json\/wp\/v2\/types\/page"}],"author":[{"embeddable":true,"href":"https:\/\/www.gstarcad.eu\/lt\/wp-json\/wp\/v2\/users\/9"}],"replies":[{"embeddable":true,"href":"https:\/\/www.gstarcad.eu\/lt\/wp-json\/wp\/v2\/comments?post=25202"}],"version-history":[{"count":7,"href":"https:\/\/www.gstarcad.eu\/lt\/wp-json\/wp\/v2\/pages\/25202\/revisions"}],"predecessor-version":[{"id":28881,"href":"https:\/\/www.gstarcad.eu\/lt\/wp-json\/wp\/v2\/pages\/25202\/revisions\/28881"}],"wp:attachment":[{"href":"https:\/\/www.gstarcad.eu\/lt\/wp-json\/wp\/v2\/media?parent=25202"}],"curies":[{"name":"wp","href":"https:\/\/api.w.org\/{rel}","templated":true}]}}