{"id":24829,"date":"2023-11-28T13:42:51","date_gmt":"2023-11-28T13:42:51","guid":{"rendered":"https:\/\/www.gstarcad.eu\/?page_id=24829"},"modified":"2024-09-09T12:31:43","modified_gmt":"2024-09-09T12:31:43","slug":"technines-irangos-reikalavimai","status":"publish","type":"page","link":"https:\/\/www.gstarcad.eu\/lt\/technines-irangos-reikalavimai\/","title":{"rendered":"Technin\u0117s \u012frangos reikalavimai"},"content":{"rendered":"\t\t<div data-elementor-type=\"wp-page\" data-elementor-id=\"24829\" class=\"elementor elementor-24829 elementor-15574\">\n\t\t\t\t\t\t<section class=\"elementor-section elementor-top-section elementor-element elementor-element-c7ddd16 breadkr-page elementor-section-boxed elementor-section-height-default elementor-section-height-default\" data-id=\"c7ddd16\" data-element_type=\"section\" data-settings=\"{&quot;background_background&quot;:&quot;classic&quot;}\">\n\t\t\t\t\t\t<div class=\"elementor-container elementor-column-gap-default\">\n\t\t\t\t\t<div class=\"elementor-column elementor-col-100 elementor-top-column elementor-element elementor-element-d89ae15\" data-id=\"d89ae15\" data-element_type=\"column\">\n\t\t\t<div class=\"elementor-widget-wrap elementor-element-populated\">\n\t\t\t\t\t\t<div class=\"elementor-element elementor-element-8166df4 elementor-widget elementor-widget-heading\" data-id=\"8166df4\" data-element_type=\"widget\" data-widget_type=\"heading.default\">\n\t\t\t\t<div class=\"elementor-widget-container\">\n\t\t\t\t\t<span class=\"elementor-heading-title elementor-size-default\"><a href=\"\/pomoc-techniczna\/\">Technin\u0117 pagalba<\/a> &gt; Technin\u0117s \u012frangos reikalavimai<\/span>\t\t\t\t<\/div>\n\t\t\t\t<\/div>\n\t\t\t\t\t<\/div>\n\t\t<\/div>\n\t\t\t\t\t<\/div>\n\t\t<\/section>\n\t\t\t\t<section class=\"elementor-section elementor-top-section elementor-element elementor-element-d090d0a elementor-section-boxed elementor-section-height-default elementor-section-height-default\" data-id=\"d090d0a\" data-element_type=\"section\" data-settings=\"{&quot;background_background&quot;:&quot;classic&quot;}\">\n\t\t\t\t\t\t<div class=\"elementor-container elementor-column-gap-default\">\n\t\t\t\t\t<div class=\"elementor-column elementor-col-33 elementor-top-column elementor-element elementor-element-e39e3f6\" data-id=\"e39e3f6\" data-element_type=\"column\">\n\t\t\t<div class=\"elementor-widget-wrap elementor-element-populated\">\n\t\t\t\t\t\t<div class=\"elementor-element elementor-element-8cfbc6a elementor-widget elementor-widget-heading\" data-id=\"8cfbc6a\" data-element_type=\"widget\" data-widget_type=\"heading.default\">\n\t\t\t\t<div class=\"elementor-widget-container\">\n\t\t\t\t\t<h4 class=\"elementor-heading-title elementor-size-default\">Technin\u0117s \u012frangos reikalavimai<\/h4>\t\t\t\t<\/div>\n\t\t\t\t<\/div>\n\t\t\t\t\t<\/div>\n\t\t<\/div>\n\t\t\t\t<div class=\"elementor-column elementor-col-66 elementor-top-column elementor-element elementor-element-e47e31f gs-table-block\" data-id=\"e47e31f\" data-element_type=\"column\">\n\t\t\t<div class=\"elementor-widget-wrap\">\n\t\t\t\t\t\t\t<\/div>\n\t\t<\/div>\n\t\t\t\t\t<\/div>\n\t\t<\/section>\n\t\t\t\t<section class=\"elementor-section elementor-top-section elementor-element elementor-element-c9244ae kup-teraz-tab kup-teraz-tab-last elementor-section-boxed elementor-section-height-default elementor-section-height-default\" data-id=\"c9244ae\" data-element_type=\"section\" data-settings=\"{&quot;background_background&quot;:&quot;classic&quot;}\">\n\t\t\t\t\t\t<div class=\"elementor-container elementor-column-gap-default\">\n\t\t\t\t\t<div class=\"elementor-column elementor-col-100 elementor-top-column elementor-element elementor-element-e228f12\" data-id=\"e228f12\" data-element_type=\"column\">\n\t\t\t<div class=\"elementor-widget-wrap elementor-element-populated\">\n\t\t\t\t\t\t<div class=\"elementor-element elementor-element-0544613 elementor-widget elementor-widget-eael-adv-tabs\" data-id=\"0544613\" data-element_type=\"widget\" data-widget_type=\"eael-adv-tabs.default\">\n\t\t\t\t<div class=\"elementor-widget-container\">\n\t\t\t\t\t        <div data-scroll-on-click=\"no\" data-scroll-speed=\"300\" id=\"eael-advance-tabs-0544613\" class=\"eael-advance-tabs eael-tabs-vertical eael-tab-auto-active \" data-tabid=\"0544613\">\n            <div class=\"eael-tabs-nav\">\n                <ul class=\"eael-tab-inline-icon\" role=\"tablist\">\n                                            <li id=\"14802\" class=\"inactive eael-tab-item-trigger eael-tab-nav-item\" aria-selected=\"true\" data-tab=\"1\" role=\"tab\" tabindex=\"0\" aria-controls=\"14802-tab\" aria-expanded=\"false\">\n                            \n                                                                                                                            \n                                                            <div class=\"eael-tab-title title-after-icon\" >GstarCAD<\/div>                            \n                                                    <\/li>\n                                            <li id=\"gstarcad-mechanical\" class=\"inactive eael-tab-item-trigger eael-tab-nav-item\" aria-selected=\"false\" data-tab=\"2\" role=\"tab\" tabindex=\"-1\" aria-controls=\"gstarcad-mechanical-tab\" aria-expanded=\"false\">\n                            \n                                                                                                                            \n                                                            <div class=\"eael-tab-title title-after-icon\" >GstarCAD Mechanical<\/div>                            \n                                                    <\/li>\n                                            <li id=\"dwg-fastview\" class=\"inactive eael-tab-item-trigger eael-tab-nav-item\" aria-selected=\"false\" data-tab=\"3\" role=\"tab\" tabindex=\"-1\" aria-controls=\"dwg-fastview-tab\" aria-expanded=\"false\">\n                            \n                                                                                                                            \n                                                            <div class=\"eael-tab-title title-after-icon\" >DWG FastView<\/div>                            \n                                                    <\/li>\n                                    <\/ul>\n            <\/div>\n            \n            <div class=\"eael-tabs-content\">\n\t\t        \n                    <div id=\"14802-tab\" class=\"clearfix eael-tab-content-item inactive\" data-title-link=\"14802-tab\">\n\t\t\t\t        <style>.elementor-15579 .elementor-element.elementor-element-c971322{text-align:left;}.elementor-15579 .elementor-element.elementor-element-9a01855{text-align:left;}<\/style>\t\t<div data-elementor-type=\"section\" data-elementor-id=\"15579\" class=\"elementor elementor-15579\">\n\t\t\t\t\t\t<section class=\"elementor-section elementor-top-section elementor-element elementor-element-d312446 elementor-section-boxed elementor-section-height-default elementor-section-height-default\" data-id=\"d312446\" data-element_type=\"section\">\n\t\t\t\t\t\t<div class=\"elementor-container elementor-column-gap-default\">\n\t\t\t\t\t<div class=\"elementor-column elementor-col-50 elementor-top-column elementor-element elementor-element-b777e08 vertical-white-tab\" data-id=\"b777e08\" data-element_type=\"column\">\n\t\t\t<div class=\"elementor-widget-wrap elementor-element-populated\">\n\t\t\t\t\t\t<div class=\"elementor-element elementor-element-c971322 elementor-widget elementor-widget-heading\" data-id=\"c971322\" data-element_type=\"widget\" data-widget_type=\"heading.default\">\n\t\t\t\t<div class=\"elementor-widget-container\">\n\t\t\t\t\t<div class=\"elementor-heading-title elementor-size-default\">Minimal\u016bs technin\u0117s \u012frangos reikalavimai<\/div>\t\t\t\t<\/div>\n\t\t\t\t<\/div>\n\t\t\t\t<div class=\"elementor-element elementor-element-ee35925 elementor-widget elementor-widget-text-editor\" data-id=\"ee35925\" data-element_type=\"widget\" data-widget_type=\"text-editor.default\">\n\t\t\t\t<div class=\"elementor-widget-container\">\n\t\t\t\t\t\t\t\t\t<ul><li>Operacin\u0117 sistema: Windows\u00ae 10, Windows\u00ae 11<\/li><li>Procesorius: 2 branduoli\u0173, 4 gij\u0173<\/li><li>Operatyvin\u0117 atmintis (RAM): 4 GB ar daugiau<\/li><li>Kietasis diskas: HDD min. 15 GB laisvos vietos<\/li><li>Vaizdo plok\u0161t\u0117: GstarCAD nepalaiko grafikos pagreitinimo. Speciali grafikos plok\u0161t\u0117 n\u0117ra b\u016btina.<\/li><li>Monitorius: ne ma\u017eiau kaip 1024 x 768 skiriamoji geba<\/li><li>USB 2.0 arba naujesnis prievadas (jei \u012fsigijote USB rakto licencij\u0105)<\/li><\/ul>\t\t\t\t\t\t\t\t<\/div>\n\t\t\t\t<\/div>\n\t\t\t\t\t<\/div>\n\t\t<\/div>\n\t\t\t\t<div class=\"elementor-column elementor-col-50 elementor-top-column elementor-element elementor-element-9fbc34d vertical-white-tab\" data-id=\"9fbc34d\" data-element_type=\"column\">\n\t\t\t<div class=\"elementor-widget-wrap elementor-element-populated\">\n\t\t\t\t\t\t<div class=\"elementor-element elementor-element-9a01855 elementor-widget elementor-widget-heading\" data-id=\"9a01855\" data-element_type=\"widget\" data-widget_type=\"heading.default\">\n\t\t\t\t<div class=\"elementor-widget-container\">\n\t\t\t\t\t<div class=\"elementor-heading-title elementor-size-default\">Rekomenduojami technin\u0117s \u012frangos reikalavimai<\/div>\t\t\t\t<\/div>\n\t\t\t\t<\/div>\n\t\t\t\t<div class=\"elementor-element elementor-element-6a5728d elementor-widget elementor-widget-text-editor\" data-id=\"6a5728d\" data-element_type=\"widget\" data-widget_type=\"text-editor.default\">\n\t\t\t\t<div class=\"elementor-widget-container\">\n\t\t\t\t\t\t\t\t\t<ul><li>Operacin\u0117 sistema: Windows\u00ae 10, Windows\u00ae 11<\/li><li>Procesorius: 4 branduoli\u0173, 8 gij\u0173<\/li><li>Operatyvin\u0117 atmintis (RAM): 16 GB ar daugiau<\/li><li>Kietasis diskas: SSD min. 25 GB laisvos vietos<\/li><li>Vaizdo plok\u0161t\u0117: GstarCAD nepalaiko grafikos pagreitinimo. Speciali grafikos plok\u0161t\u0117 n\u0117ra b\u016btina.<\/li><li>Monitorius: ne ma\u017eiau kaip 1920 x 1080 skiriamoji geba<\/li><li>USB 2.0 arba naujesnis prievadas (jei \u012fsigijote USB rakto licencij\u0105)<\/li><\/ul>\t\t\t\t\t\t\t\t<\/div>\n\t\t\t\t<\/div>\n\t\t\t\t\t<\/div>\n\t\t<\/div>\n\t\t\t\t\t<\/div>\n\t\t<\/section>\n\t\t\t\t<\/div>\n\t\t                    <\/div>\n\t\t        \n                    <div id=\"gstarcad-mechanical-tab\" class=\"clearfix eael-tab-content-item inactive\" data-title-link=\"gstarcad-mechanical-tab\">\n\t\t\t\t        <style>.elementor-15585 .elementor-element.elementor-element-c971322{text-align:left;}.elementor-15585 .elementor-element.elementor-element-9a01855{text-align:left;}<\/style>\t\t<div data-elementor-type=\"section\" data-elementor-id=\"15585\" class=\"elementor elementor-15585\">\n\t\t\t\t\t\t<section class=\"elementor-section elementor-top-section elementor-element elementor-element-d312446 elementor-section-boxed elementor-section-height-default elementor-section-height-default\" data-id=\"d312446\" data-element_type=\"section\">\n\t\t\t\t\t\t<div class=\"elementor-container elementor-column-gap-default\">\n\t\t\t\t\t<div class=\"elementor-column elementor-col-50 elementor-top-column elementor-element elementor-element-b777e08 vertical-white-tab\" data-id=\"b777e08\" data-element_type=\"column\">\n\t\t\t<div class=\"elementor-widget-wrap elementor-element-populated\">\n\t\t\t\t\t\t<div class=\"elementor-element elementor-element-c971322 elementor-widget elementor-widget-heading\" data-id=\"c971322\" data-element_type=\"widget\" data-widget_type=\"heading.default\">\n\t\t\t\t<div class=\"elementor-widget-container\">\n\t\t\t\t\t<div class=\"elementor-heading-title elementor-size-default\">Minimal\u016bs technin\u0117s \u012frangos reikalavimai<\/div>\t\t\t\t<\/div>\n\t\t\t\t<\/div>\n\t\t\t\t<div class=\"elementor-element elementor-element-ee35925 elementor-widget elementor-widget-text-editor\" data-id=\"ee35925\" data-element_type=\"widget\" data-widget_type=\"text-editor.default\">\n\t\t\t\t<div class=\"elementor-widget-container\">\n\t\t\t\t\t\t\t\t\t<ul><li>Operacin\u0117 sistema: Windows\u00ae 10, Windows\u00ae 11<\/li><li>Procesorius: 2 branduoli\u0173, 4 gij\u0173<\/li><li>Operatyvin\u0117 atmintis (RAM): 4 GB ar daugiau<\/li><li>Kietasis diskas: HDD min. 15 GB laisvos vietos<\/li><li>Vaizdo plok\u0161t\u0117: GstarCAD nepalaiko grafikos pagreitinimo. Speciali grafikos plok\u0161t\u0117 n\u0117ra b\u016btina.<\/li><li>Monitorius: ne ma\u017eiau kaip 1024 x 768 skiriamoji geba<\/li><li>USB 2.0 arba naujesnis prievadas (jei \u012fsigijote USB rakto licencij\u0105)<\/li><\/ul>\t\t\t\t\t\t\t\t<\/div>\n\t\t\t\t<\/div>\n\t\t\t\t\t<\/div>\n\t\t<\/div>\n\t\t\t\t<div class=\"elementor-column elementor-col-50 elementor-top-column elementor-element elementor-element-9fbc34d vertical-white-tab\" data-id=\"9fbc34d\" data-element_type=\"column\">\n\t\t\t<div class=\"elementor-widget-wrap elementor-element-populated\">\n\t\t\t\t\t\t<div class=\"elementor-element elementor-element-9a01855 elementor-widget elementor-widget-heading\" data-id=\"9a01855\" data-element_type=\"widget\" data-widget_type=\"heading.default\">\n\t\t\t\t<div class=\"elementor-widget-container\">\n\t\t\t\t\t<div class=\"elementor-heading-title elementor-size-default\">Rekomenduojami technin\u0117s \u012frangos reikalavimai<\/div>\t\t\t\t<\/div>\n\t\t\t\t<\/div>\n\t\t\t\t<div class=\"elementor-element elementor-element-6a5728d elementor-widget elementor-widget-text-editor\" data-id=\"6a5728d\" data-element_type=\"widget\" data-widget_type=\"text-editor.default\">\n\t\t\t\t<div class=\"elementor-widget-container\">\n\t\t\t\t\t\t\t\t\t<ul><li>Operacin\u0117 sistema: Windows\u00ae 10, Windows\u00ae 11<\/li><li>Procesorius: 4 branduoli\u0173, 8 gij\u0173<\/li><li>Operatyvin\u0117 atmintis (RAM): 16 GB ar daugiau<\/li><li>Kietasis diskas: SSD min. 25 GB laisvos vietos<\/li><li>Vaizdo plok\u0161t\u0117: GstarCAD nepalaiko grafikos pagreitinimo. Speciali grafikos plok\u0161t\u0117 n\u0117ra b\u016btina.<\/li><li>Monitorius: ne ma\u017eiau kaip 1920 x 1080 skiriamoji geba<\/li><li>USB 2.0 arba naujesnis prievadas (jei \u012fsigijote USB rakto licencij\u0105)<\/li><\/ul>\t\t\t\t\t\t\t\t<\/div>\n\t\t\t\t<\/div>\n\t\t\t\t\t<\/div>\n\t\t<\/div>\n\t\t\t\t\t<\/div>\n\t\t<\/section>\n\t\t\t\t<\/div>\n\t\t                    <\/div>\n\t\t        \n                    <div id=\"dwg-fastview-tab\" class=\"clearfix eael-tab-content-item inactive\" data-title-link=\"dwg-fastview-tab\">\n\t\t\t\t        <style>.elementor-15593 .elementor-element.elementor-element-c971322{text-align:left;}.elementor-15593 .elementor-element.elementor-element-9a01855{text-align:left;}<\/style>\t\t<div data-elementor-type=\"section\" data-elementor-id=\"15593\" class=\"elementor elementor-15593\">\n\t\t\t\t\t\t<section class=\"elementor-section elementor-top-section elementor-element elementor-element-d312446 elementor-section-boxed elementor-section-height-default elementor-section-height-default\" data-id=\"d312446\" data-element_type=\"section\">\n\t\t\t\t\t\t<div class=\"elementor-container elementor-column-gap-default\">\n\t\t\t\t\t<div class=\"elementor-column elementor-col-50 elementor-top-column elementor-element elementor-element-b777e08 vertical-white-tab\" data-id=\"b777e08\" data-element_type=\"column\">\n\t\t\t<div class=\"elementor-widget-wrap elementor-element-populated\">\n\t\t\t\t\t\t<div class=\"elementor-element elementor-element-c971322 elementor-widget elementor-widget-heading\" data-id=\"c971322\" data-element_type=\"widget\" data-widget_type=\"heading.default\">\n\t\t\t\t<div class=\"elementor-widget-container\">\n\t\t\t\t\t<div class=\"elementor-heading-title elementor-size-default\">Minimal\u016bs technin\u0117s \u012frangos reikalavimai<\/div>\t\t\t\t<\/div>\n\t\t\t\t<\/div>\n\t\t\t\t<div class=\"elementor-element elementor-element-ee35925 elementor-widget elementor-widget-text-editor\" data-id=\"ee35925\" data-element_type=\"widget\" data-widget_type=\"text-editor.default\">\n\t\t\t\t<div class=\"elementor-widget-container\">\n\t\t\t\t\t\t\t\t\t<ul><li>Operacin\u0117 sistema: Windows\u00ae 10, Windows\u00ae 11<\/li><li>Procesorius: 2 branduoli\u0173, 4 gij\u0173<\/li><li>Operatyvin\u0117 atmintis (RAM): 1 GB ar daugiau<\/li><li>Kietasis diskas: HDD min. 1 GB laisvos vietos<\/li><\/ul>\t\t\t\t\t\t\t\t<\/div>\n\t\t\t\t<\/div>\n\t\t\t\t\t<\/div>\n\t\t<\/div>\n\t\t\t\t<div class=\"elementor-column elementor-col-50 elementor-top-column elementor-element elementor-element-9fbc34d vertical-white-tab\" data-id=\"9fbc34d\" data-element_type=\"column\">\n\t\t\t<div class=\"elementor-widget-wrap elementor-element-populated\">\n\t\t\t\t\t\t<div class=\"elementor-element elementor-element-9a01855 elementor-widget elementor-widget-heading\" data-id=\"9a01855\" data-element_type=\"widget\" data-widget_type=\"heading.default\">\n\t\t\t\t<div class=\"elementor-widget-container\">\n\t\t\t\t\t<div class=\"elementor-heading-title elementor-size-default\">Rekomenduojami technin\u0117s \u012frangos reikalavimai<\/div>\t\t\t\t<\/div>\n\t\t\t\t<\/div>\n\t\t\t\t<div class=\"elementor-element elementor-element-6a5728d elementor-widget elementor-widget-text-editor\" data-id=\"6a5728d\" data-element_type=\"widget\" data-widget_type=\"text-editor.default\">\n\t\t\t\t<div class=\"elementor-widget-container\">\n\t\t\t\t\t\t\t\t\t<ul><li>Operacin\u0117 sistema: Windows\u00ae 10, Windows\u00ae 11<\/li><li>Procesorius: 4 branduoli\u0173, 8 gij\u0173<\/li><li>Operatyvin\u0117 atmintis (RAM): 16 GB ar daugiau<\/li><li>Kietasis diskas: SSD min. 2 GB laisvos vietos<\/li><\/ul>\t\t\t\t\t\t\t\t<\/div>\n\t\t\t\t<\/div>\n\t\t\t\t\t<\/div>\n\t\t<\/div>\n\t\t\t\t\t<\/div>\n\t\t<\/section>\n\t\t\t\t<\/div>\n\t\t                    <\/div>\n\t\t                    <\/div>\n        <\/div>\n\t\t\t\t<\/div>\n\t\t\t\t<\/div>\n\t\t\t\t\t<\/div>\n\t\t<\/div>\n\t\t\t\t\t<\/div>\n\t\t<\/section>\n\t\t\t\t<\/div>\n\t\t","protected":false},"excerpt":{"rendered":"<p>Technin\u0117 pagalba > Technin\u0117s \u012frangos reikalavimai Technin\u0117s \u012frangos reikalavimai GstarCAD GstarCAD Mechanical DWG FastView Minimal\u016bs technin\u0117s \u012frangos reikalavimai Operacin\u0117 sistema: Windows\u00ae 10, Windows\u00ae 11 Procesorius: 2 branduoli\u0173, 4 gij\u0173 Operatyvin\u0117 atmintis (RAM): 4 GB ar daugiau Kietasis diskas: HDD min. 15 GB laisvos vietos Vaizdo plok\u0161t\u0117: GstarCAD nepalaiko grafikos pagreitinimo. Speciali grafikos plok\u0161t\u0117 n\u0117ra b\u016btina. [&hellip;]<\/p>\n","protected":false},"author":9,"featured_media":0,"parent":0,"menu_order":0,"comment_status":"closed","ping_status":"closed","template":"","meta":{"inline_featured_image":false,"footnotes":""},"class_list":["post-24829","page","type-page","status-publish","hentry"],"yoast_head":"<!-- This site is optimized with the Yoast SEO plugin v22.2 - https:\/\/yoast.com\/wordpress\/plugins\/seo\/ -->\n<title>Technin\u0117s \u012frangos reikalavimai - GstarCad<\/title>\n<meta name=\"robots\" content=\"index, follow, max-snippet:-1, max-image-preview:large, max-video-preview:-1\" \/>\n<link rel=\"canonical\" href=\"https:\/\/www.gstarcad.eu\/lt\/technines-irangos-reikalavimai\/\" \/>\n<meta property=\"og:locale\" content=\"lt_LT\" \/>\n<meta property=\"og:type\" content=\"article\" \/>\n<meta property=\"og:title\" content=\"Technin\u0117s \u012frangos reikalavimai - GstarCad\" \/>\n<meta property=\"og:description\" content=\"Technin\u0117 pagalba &gt; Technin\u0117s \u012frangos reikalavimai Technin\u0117s \u012frangos reikalavimai GstarCAD GstarCAD Mechanical DWG FastView Minimal\u016bs technin\u0117s \u012frangos reikalavimai Operacin\u0117 sistema: Windows\u00ae 10, Windows\u00ae 11 Procesorius: 2 branduoli\u0173, 4 gij\u0173 Operatyvin\u0117 atmintis (RAM): 4 GB ar daugiau Kietasis diskas: HDD min. 15 GB laisvos vietos Vaizdo plok\u0161t\u0117: GstarCAD nepalaiko grafikos pagreitinimo. Speciali grafikos plok\u0161t\u0117 n\u0117ra b\u016btina. [&hellip;]\" \/>\n<meta property=\"og:url\" content=\"https:\/\/www.gstarcad.eu\/lt\/technines-irangos-reikalavimai\/\" \/>\n<meta property=\"og:site_name\" content=\"GstarCad\" \/>\n<meta property=\"article:modified_time\" content=\"2024-09-09T12:31:43+00:00\" \/>\n<meta name=\"twitter:card\" content=\"summary_large_image\" \/>\n<meta name=\"twitter:label1\" content=\"Est. reading time\" \/>\n\t<meta name=\"twitter:data1\" content=\"4 minut\u0117s\" \/>\n<script type=\"application\/ld+json\" class=\"yoast-schema-graph\">{\"@context\":\"https:\/\/schema.org\",\"@graph\":[{\"@type\":\"WebPage\",\"@id\":\"https:\/\/www.gstarcad.eu\/lt\/technines-irangos-reikalavimai\/\",\"url\":\"https:\/\/www.gstarcad.eu\/lt\/technines-irangos-reikalavimai\/\",\"name\":\"Technin\u0117s \u012frangos reikalavimai - GstarCad\",\"isPartOf\":{\"@id\":\"https:\/\/www.gstarcad.eu\/lt\/#website\"},\"datePublished\":\"2023-11-28T13:42:51+00:00\",\"dateModified\":\"2024-09-09T12:31:43+00:00\",\"breadcrumb\":{\"@id\":\"https:\/\/www.gstarcad.eu\/lt\/technines-irangos-reikalavimai\/#breadcrumb\"},\"inLanguage\":\"lt-LT\",\"potentialAction\":[{\"@type\":\"ReadAction\",\"target\":[\"https:\/\/www.gstarcad.eu\/lt\/technines-irangos-reikalavimai\/\"]}]},{\"@type\":\"BreadcrumbList\",\"@id\":\"https:\/\/www.gstarcad.eu\/lt\/technines-irangos-reikalavimai\/#breadcrumb\",\"itemListElement\":[{\"@type\":\"ListItem\",\"position\":1,\"name\":\"Home\",\"item\":\"https:\/\/www.gstarcad.eu\/lt\/\"},{\"@type\":\"ListItem\",\"position\":2,\"name\":\"Technin\u0117s \u012frangos reikalavimai\"}]},{\"@type\":\"WebSite\",\"@id\":\"https:\/\/www.gstarcad.eu\/lt\/#website\",\"url\":\"https:\/\/www.gstarcad.eu\/lt\/\",\"name\":\"GstarCad\",\"description\":\"\",\"publisher\":{\"@id\":\"https:\/\/www.gstarcad.eu\/lt\/#organization\"},\"potentialAction\":[{\"@type\":\"SearchAction\",\"target\":{\"@type\":\"EntryPoint\",\"urlTemplate\":\"https:\/\/www.gstarcad.eu\/lt\/?s={search_term_string}\"},\"query-input\":\"required name=search_term_string\"}],\"inLanguage\":\"lt-LT\"},{\"@type\":\"Organization\",\"@id\":\"https:\/\/www.gstarcad.eu\/lt\/#organization\",\"name\":\"GstarCad\",\"url\":\"https:\/\/www.gstarcad.eu\/lt\/\",\"logo\":{\"@type\":\"ImageObject\",\"inLanguage\":\"lt-LT\",\"@id\":\"https:\/\/www.gstarcad.eu\/lt\/#\/schema\/logo\/image\/\",\"url\":\"https:\/\/www.gstarcad.eu\/wp-content\/uploads\/2024\/04\/gs-nowe-logo.svg\",\"contentUrl\":\"https:\/\/www.gstarcad.eu\/wp-content\/uploads\/2024\/04\/gs-nowe-logo.svg\",\"width\":169,\"height\":41,\"caption\":\"GstarCad\"},\"image\":{\"@id\":\"https:\/\/www.gstarcad.eu\/lt\/#\/schema\/logo\/image\/\"}}]}<\/script>\n<!-- \/ Yoast SEO plugin. -->","yoast_head_json":{"title":"Technin\u0117s \u012frangos reikalavimai - GstarCad","robots":{"index":"index","follow":"follow","max-snippet":"max-snippet:-1","max-image-preview":"max-image-preview:large","max-video-preview":"max-video-preview:-1"},"canonical":"https:\/\/www.gstarcad.eu\/lt\/technines-irangos-reikalavimai\/","og_locale":"lt_LT","og_type":"article","og_title":"Technin\u0117s \u012frangos reikalavimai - GstarCad","og_description":"Technin\u0117 pagalba > Technin\u0117s \u012frangos reikalavimai Technin\u0117s \u012frangos reikalavimai GstarCAD GstarCAD Mechanical DWG FastView Minimal\u016bs technin\u0117s \u012frangos reikalavimai Operacin\u0117 sistema: Windows\u00ae 10, Windows\u00ae 11 Procesorius: 2 branduoli\u0173, 4 gij\u0173 Operatyvin\u0117 atmintis (RAM): 4 GB ar daugiau Kietasis diskas: HDD min. 15 GB laisvos vietos Vaizdo plok\u0161t\u0117: GstarCAD nepalaiko grafikos pagreitinimo. Speciali grafikos plok\u0161t\u0117 n\u0117ra b\u016btina. [&hellip;]","og_url":"https:\/\/www.gstarcad.eu\/lt\/technines-irangos-reikalavimai\/","og_site_name":"GstarCad","article_modified_time":"2024-09-09T12:31:43+00:00","twitter_card":"summary_large_image","twitter_misc":{"Est. reading time":"4 minut\u0117s"},"schema":{"@context":"https:\/\/schema.org","@graph":[{"@type":"WebPage","@id":"https:\/\/www.gstarcad.eu\/lt\/technines-irangos-reikalavimai\/","url":"https:\/\/www.gstarcad.eu\/lt\/technines-irangos-reikalavimai\/","name":"Technin\u0117s \u012frangos reikalavimai - GstarCad","isPartOf":{"@id":"https:\/\/www.gstarcad.eu\/lt\/#website"},"datePublished":"2023-11-28T13:42:51+00:00","dateModified":"2024-09-09T12:31:43+00:00","breadcrumb":{"@id":"https:\/\/www.gstarcad.eu\/lt\/technines-irangos-reikalavimai\/#breadcrumb"},"inLanguage":"lt-LT","potentialAction":[{"@type":"ReadAction","target":["https:\/\/www.gstarcad.eu\/lt\/technines-irangos-reikalavimai\/"]}]},{"@type":"BreadcrumbList","@id":"https:\/\/www.gstarcad.eu\/lt\/technines-irangos-reikalavimai\/#breadcrumb","itemListElement":[{"@type":"ListItem","position":1,"name":"Home","item":"https:\/\/www.gstarcad.eu\/lt\/"},{"@type":"ListItem","position":2,"name":"Technin\u0117s \u012frangos reikalavimai"}]},{"@type":"WebSite","@id":"https:\/\/www.gstarcad.eu\/lt\/#website","url":"https:\/\/www.gstarcad.eu\/lt\/","name":"GstarCad","description":"","publisher":{"@id":"https:\/\/www.gstarcad.eu\/lt\/#organization"},"potentialAction":[{"@type":"SearchAction","target":{"@type":"EntryPoint","urlTemplate":"https:\/\/www.gstarcad.eu\/lt\/?s={search_term_string}"},"query-input":"required name=search_term_string"}],"inLanguage":"lt-LT"},{"@type":"Organization","@id":"https:\/\/www.gstarcad.eu\/lt\/#organization","name":"GstarCad","url":"https:\/\/www.gstarcad.eu\/lt\/","logo":{"@type":"ImageObject","inLanguage":"lt-LT","@id":"https:\/\/www.gstarcad.eu\/lt\/#\/schema\/logo\/image\/","url":"https:\/\/www.gstarcad.eu\/wp-content\/uploads\/2024\/04\/gs-nowe-logo.svg","contentUrl":"https:\/\/www.gstarcad.eu\/wp-content\/uploads\/2024\/04\/gs-nowe-logo.svg","width":169,"height":41,"caption":"GstarCad"},"image":{"@id":"https:\/\/www.gstarcad.eu\/lt\/#\/schema\/logo\/image\/"}}]}},"_links":{"self":[{"href":"https:\/\/www.gstarcad.eu\/lt\/wp-json\/wp\/v2\/pages\/24829","targetHints":{"allow":["GET"]}}],"collection":[{"href":"https:\/\/www.gstarcad.eu\/lt\/wp-json\/wp\/v2\/pages"}],"about":[{"href":"https:\/\/www.gstarcad.eu\/lt\/wp-json\/wp\/v2\/types\/page"}],"author":[{"embeddable":true,"href":"https:\/\/www.gstarcad.eu\/lt\/wp-json\/wp\/v2\/users\/9"}],"replies":[{"embeddable":true,"href":"https:\/\/www.gstarcad.eu\/lt\/wp-json\/wp\/v2\/comments?post=24829"}],"version-history":[{"count":4,"href":"https:\/\/www.gstarcad.eu\/lt\/wp-json\/wp\/v2\/pages\/24829\/revisions"}],"predecessor-version":[{"id":24945,"href":"https:\/\/www.gstarcad.eu\/lt\/wp-json\/wp\/v2\/pages\/24829\/revisions\/24945"}],"wp:attachment":[{"href":"https:\/\/www.gstarcad.eu\/lt\/wp-json\/wp\/v2\/media?parent=24829"}],"curies":[{"name":"wp","href":"https:\/\/api.w.org\/{rel}","templated":true}]}}