{"id":27491,"date":"2023-11-08T11:23:00","date_gmt":"2023-11-08T11:23:00","guid":{"rendered":"https:\/\/www.gstarcad.eu\/download\/"},"modified":"2026-03-24T08:14:40","modified_gmt":"2026-03-24T08:14:40","slug":"download","status":"publish","type":"page","link":"https:\/\/www.gstarcad.eu\/de\/download\/","title":{"rendered":"Pobierz GstarCAD"},"content":{"rendered":"\t\t<div data-elementor-type=\"wp-page\" data-elementor-id=\"27491\" class=\"elementor elementor-27491 elementor-14776\">\n\t\t\t\t\t\t<section class=\"elementor-section elementor-top-section elementor-element elementor-element-d517360 elementor-section-boxed elementor-section-height-default elementor-section-height-default\" data-id=\"d517360\" data-element_type=\"section\" data-settings=\"{&quot;background_background&quot;:&quot;classic&quot;}\">\n\t\t\t\t\t\t<div class=\"elementor-container elementor-column-gap-default\">\n\t\t\t\t\t<div class=\"elementor-column elementor-col-50 elementor-top-column elementor-element elementor-element-7fe72be\" data-id=\"7fe72be\" data-element_type=\"column\">\n\t\t\t<div class=\"elementor-widget-wrap elementor-element-populated\">\n\t\t\t\t\t\t<div class=\"elementor-element elementor-element-0660dc7 elementor-widget elementor-widget-heading\" data-id=\"0660dc7\" data-element_type=\"widget\" data-widget_type=\"heading.default\">\n\t\t\t\t<div class=\"elementor-widget-container\">\n\t\t\t\t\t<h3 class=\"elementor-heading-title elementor-size-default\">Laden Sie GstarCAD herunter<br>\nund testen Sie seine Funktionen!<\/h3>\t\t\t\t<\/div>\n\t\t\t\t<\/div>\n\t\t\t\t<div class=\"elementor-element elementor-element-134bb35 elementor-widget elementor-widget-image\" data-id=\"134bb35\" data-element_type=\"widget\" data-widget_type=\"image.default\">\n\t\t\t\t<div class=\"elementor-widget-container\">\n\t\t\t\t\t\t\t\t\t\t\t\t\t\t\t<img fetchpriority=\"high\" decoding=\"async\" width=\"409\" height=\"410\" src=\"https:\/\/www.gstarcad.eu\/wp-content\/uploads\/2023\/11\/img-25-transparent.png\" class=\"attachment-large size-large wp-image-14789\" alt=\"\" srcset=\"https:\/\/www.gstarcad.eu\/wp-content\/uploads\/2023\/11\/img-25-transparent.png 409w, https:\/\/www.gstarcad.eu\/wp-content\/uploads\/2023\/11\/img-25-transparent-300x300.png 300w, https:\/\/www.gstarcad.eu\/wp-content\/uploads\/2023\/11\/img-25-transparent-150x150.png 150w\" sizes=\"(max-width: 409px) 100vw, 409px\" \/>\t\t\t\t\t\t\t\t\t\t\t\t\t\t\t<\/div>\n\t\t\t\t<\/div>\n\t\t\t\t\t<\/div>\n\t\t<\/div>\n\t\t\t\t<div class=\"elementor-column elementor-col-50 elementor-top-column elementor-element elementor-element-1ce79c7 cf7-line-block\" data-id=\"1ce79c7\" data-element_type=\"column\">\n\t\t\t<div class=\"elementor-widget-wrap elementor-element-populated\">\n\t\t\t\t\t\t<div class=\"elementor-element elementor-element-9e5ce06 robierz-gs-demo-cf7 eael-contact-form-7-button-align-left eael-contact-form-7-button-custom elementor-widget elementor-widget-eael-contact-form-7\" data-id=\"9e5ce06\" data-element_type=\"widget\" data-widget_type=\"eael-contact-form-7.default\">\n\t\t\t\t<div class=\"elementor-widget-container\">\n\t\t\t\t\t<div class=\"eael-contact-form-7-wrapper\">\n                <div class=\"eael-contact-form eael-contact-form-7 eael-contact-form-9e5ce06 placeholder-show eael-contact-form-align-default\">\n<div class=\"wpcf7 no-js\" id=\"wpcf7-f29678-o1\" lang=\"de-DE\" dir=\"ltr\">\n<div class=\"screen-reader-response\"><p role=\"status\" aria-live=\"polite\" aria-atomic=\"true\"><\/p> <ul><\/ul><\/div>\n<form action=\"\/de\/wp-json\/wp\/v2\/pages\/27491#wpcf7-f29678-o1\" method=\"post\" class=\"wpcf7-form init\" aria-label=\"Kontaktformular\" novalidate=\"novalidate\" data-status=\"init\">\n<div style=\"display: none;\">\n<input type=\"hidden\" name=\"_wpcf7\" value=\"29678\" \/>\n<input type=\"hidden\" name=\"_wpcf7_version\" value=\"5.9.6\" \/>\n<input type=\"hidden\" name=\"_wpcf7_locale\" value=\"de_DE\" \/>\n<input type=\"hidden\" name=\"_wpcf7_unit_tag\" value=\"wpcf7-f29678-o1\" \/>\n<input type=\"hidden\" name=\"_wpcf7_container_post\" value=\"0\" \/>\n<input type=\"hidden\" name=\"_wpcf7_posted_data_hash\" value=\"\" \/>\n<input type=\"hidden\" name=\"_wpcf7dtx_version\" value=\"5.0.3\" \/>\n<input type=\"hidden\" name=\"_wpcf7_recaptcha_response\" value=\"\" \/>\n<\/div>\n<h4>F\u00fcllen Sie das Formular aus und wir senden Ihnen einen Link zur GstarCAD-Demoversion per E-Mail.\n<\/h4>\n<p><span class=\"wpcf7-form-control-wrap\" data-name=\"name-popup\"><input size=\"40\" maxlength=\"80\" class=\"wpcf7-form-control wpcf7-text wpcf7-validates-as-required\" aria-required=\"true\" aria-invalid=\"false\" placeholder=\"Name und Nachname\" value=\"\" type=\"text\" name=\"name-popup\" \/><\/span><br \/>\n<span class=\"wpcf7-form-control-wrap\" data-name=\"email-popup\"><input size=\"40\" maxlength=\"80\" class=\"wpcf7-form-control wpcf7-email wpcf7-validates-as-required wpcf7-text wpcf7-validates-as-email\" aria-required=\"true\" aria-invalid=\"false\" placeholder=\"e-mail\" value=\"\" type=\"email\" name=\"email-popup\" \/><\/span><br \/>\n<span class=\"wpcf7-form-control-wrap\" data-name=\"tel-popup\"><input size=\"40\" maxlength=\"10\" minlength=\"8\" class=\"wpcf7-form-control wpcf7-tel wpcf7-validates-as-required wpcf7-text wpcf7-validates-as-tel hintable\" id=\"phone-popup\" aria-required=\"true\" aria-invalid=\"false\" placeholder=\"Telefonnummer\" value=\"\" type=\"tel\" name=\"tel-popup\" \/><\/span><br \/>\n<span class=\"wpcf7-form-control-wrap clientid\" data-name=\"clientid\"><input type=\"hidden\" name=\"clientid\" id=\"clientid\" class=\"wpcf7-form-control wpcf7-hidden wpcf7dtx wpcf7dtx-hidden\" aria-invalid=\"false\"><\/span><br \/>\n<span class=\"wpcf7-form-control-wrap\" data-name=\"checkbox-583\"><span class=\"wpcf7-form-control wpcf7-checkbox wpcf7-validates-as-required\"><span class=\"wpcf7-list-item first last\"><label><input type=\"checkbox\" name=\"checkbox-583[]\" value=\"Ich stimme der Verarbeitung meiner im obigen Formular angegebenen personenbezogenen Daten zum Zweck der Beantwortung meiner Nachricht und der weiteren Kommunikation (einschlie\u00dflich Marketingkommunikation) zu.\" \/><span class=\"wpcf7-list-item-label\">Ich stimme der Verarbeitung meiner im obigen Formular angegebenen personenbezogenen Daten zum Zweck der Beantwortung meiner Nachricht und der weiteren Kommunikation (einschlie\u00dflich Marketingkommunikation) zu.<\/span><\/label><\/span><\/span><\/span><br \/>\n<input class=\"wpcf7-form-control wpcf7-submit has-spinner\" type=\"submit\" value=\"Demo herunterladen\" \/>\n<\/p>\n<span class=\"wpcf7-form-control-wrap dynamichidden-1\" data-name=\"dynamichidden-1\"><input type=\"hidden\" name=\"dynamichidden-1\" class=\"wpcf7-form-control wpcf7-hidden wpcf7dtx wpcf7dtx-hidden\" aria-invalid=\"false\" value=\"link-pl-32\"><\/span>\n<span class=\"wpcf7-form-control-wrap dynamichidden-2\" data-name=\"dynamichidden-2\"><input type=\"hidden\" name=\"dynamichidden-2\" class=\"wpcf7-form-control wpcf7-hidden wpcf7dtx wpcf7dtx-hidden\" aria-invalid=\"false\" value=\"link-eng-32\"><\/span>\n<span class=\"wpcf7-form-control-wrap dynamichidden-3\" data-name=\"dynamichidden-3\"><input type=\"hidden\" name=\"dynamichidden-3\" class=\"wpcf7-form-control wpcf7-hidden wpcf7dtx wpcf7dtx-hidden\" aria-invalid=\"false\" value=\"link-pl-64\"><\/span>\n<span class=\"wpcf7-form-control-wrap dynamichidden-4\" data-name=\"dynamichidden-4\"><input type=\"hidden\" name=\"dynamichidden-4\" class=\"wpcf7-form-control wpcf7-hidden wpcf7dtx wpcf7dtx-hidden\" aria-invalid=\"false\" value=\"link-eng-64\"><\/span><input type='hidden' class='wpcf7-pum' value='{\"closepopup\":false,\"closedelay\":0,\"openpopup\":false,\"openpopup_id\":0}' \/><div class=\"wpcf7-response-output\" aria-hidden=\"true\"><\/div>\n<\/form>\n<\/div>\n<\/div>\n            <\/div>\t\t\t\t<\/div>\n\t\t\t\t<\/div>\n\t\t\t\t\t<\/div>\n\t\t<\/div>\n\t\t\t\t\t<\/div>\n\t\t<\/section>\n\t\t\t\t<\/div>\n\t\t","protected":false},"excerpt":{"rendered":"<p>Laden Sie GstarCAD herunter und testen Sie seine Funktionen! F\u00fcllen Sie das Formular aus und wir senden Ihnen einen Link zur GstarCAD-Demoversion per E-Mail. Ich stimme der Verarbeitung meiner im obigen Formular angegebenen personenbezogenen Daten zum Zweck der Beantwortung meiner Nachricht und der weiteren Kommunikation (einschlie\u00dflich Marketingkommunikation) zu.<\/p>\n","protected":false},"author":9,"featured_media":0,"parent":0,"menu_order":0,"comment_status":"closed","ping_status":"closed","template":"","meta":{"inline_featured_image":false,"footnotes":""},"class_list":["post-27491","page","type-page","status-publish","hentry"],"yoast_head":"<!-- This site is optimized with the Yoast SEO plugin v22.2 - https:\/\/yoast.com\/wordpress\/plugins\/seo\/ -->\n<title>Pobierz Demo GstarCAD 2026 | GstarCad<\/title>\n<meta name=\"description\" content=\"Die kostenlose Testversion von GstarCAD 2024 l\u00e4uft 14 Tage lang und erm\u00f6glicht es Ihnen, alle Funktionen des Programms gr\u00fcndlich zu testen.\" \/>\n<meta name=\"robots\" content=\"index, follow, max-snippet:-1, max-image-preview:large, max-video-preview:-1\" \/>\n<link rel=\"canonical\" href=\"https:\/\/www.gstarcad.eu\/de\/download\/\" \/>\n<meta property=\"og:locale\" content=\"de_DE\" \/>\n<meta property=\"og:type\" content=\"article\" \/>\n<meta property=\"og:title\" content=\"Pobierz Demo GstarCAD 2026 | GstarCad\" \/>\n<meta property=\"og:description\" content=\"Die kostenlose Testversion von GstarCAD 2024 l\u00e4uft 14 Tage lang und erm\u00f6glicht es Ihnen, alle Funktionen des Programms gr\u00fcndlich zu testen.\" \/>\n<meta property=\"og:url\" content=\"https:\/\/www.gstarcad.eu\/de\/download\/\" \/>\n<meta property=\"og:site_name\" content=\"GstarCad\" \/>\n<meta property=\"article:modified_time\" content=\"2026-03-24T08:14:40+00:00\" \/>\n<meta property=\"og:image\" content=\"https:\/\/www.gstarcad.eu\/wp-content\/uploads\/2023\/11\/img-25-transparent.png\" \/>\n<meta name=\"twitter:card\" content=\"summary_large_image\" \/>\n<meta name=\"twitter:label1\" content=\"Gesch\u00e4tzte Lesezeit\" \/>\n\t<meta name=\"twitter:data1\" content=\"1\u00a0Minute\" \/>\n<script type=\"application\/ld+json\" class=\"yoast-schema-graph\">{\"@context\":\"https:\/\/schema.org\",\"@graph\":[{\"@type\":\"WebPage\",\"@id\":\"https:\/\/www.gstarcad.eu\/de\/download\/\",\"url\":\"https:\/\/www.gstarcad.eu\/de\/download\/\",\"name\":\"Pobierz Demo GstarCAD 2026 | GstarCad\",\"isPartOf\":{\"@id\":\"https:\/\/www.gstarcad.eu\/de\/#website\"},\"primaryImageOfPage\":{\"@id\":\"https:\/\/www.gstarcad.eu\/de\/download\/#primaryimage\"},\"image\":{\"@id\":\"https:\/\/www.gstarcad.eu\/de\/download\/#primaryimage\"},\"thumbnailUrl\":\"https:\/\/www.gstarcad.eu\/wp-content\/uploads\/2023\/11\/img-25-transparent.png\",\"datePublished\":\"2023-11-08T11:23:00+00:00\",\"dateModified\":\"2026-03-24T08:14:40+00:00\",\"description\":\"Die kostenlose Testversion von GstarCAD 2024 l\u00e4uft 14 Tage lang und erm\u00f6glicht es Ihnen, alle Funktionen des Programms gr\u00fcndlich zu testen.\",\"breadcrumb\":{\"@id\":\"https:\/\/www.gstarcad.eu\/de\/download\/#breadcrumb\"},\"inLanguage\":\"de\",\"potentialAction\":[{\"@type\":\"ReadAction\",\"target\":[\"https:\/\/www.gstarcad.eu\/de\/download\/\"]}]},{\"@type\":\"ImageObject\",\"inLanguage\":\"de\",\"@id\":\"https:\/\/www.gstarcad.eu\/de\/download\/#primaryimage\",\"url\":\"https:\/\/www.gstarcad.eu\/wp-content\/uploads\/2023\/11\/img-25-transparent.png\",\"contentUrl\":\"https:\/\/www.gstarcad.eu\/wp-content\/uploads\/2023\/11\/img-25-transparent.png\",\"width\":409,\"height\":410},{\"@type\":\"BreadcrumbList\",\"@id\":\"https:\/\/www.gstarcad.eu\/de\/download\/#breadcrumb\",\"itemListElement\":[{\"@type\":\"ListItem\",\"position\":1,\"name\":\"Home\",\"item\":\"https:\/\/www.gstarcad.eu\/de\/\"},{\"@type\":\"ListItem\",\"position\":2,\"name\":\"Pobierz GstarCAD\"}]},{\"@type\":\"WebSite\",\"@id\":\"https:\/\/www.gstarcad.eu\/de\/#website\",\"url\":\"https:\/\/www.gstarcad.eu\/de\/\",\"name\":\"GstarCad\",\"description\":\"\",\"publisher\":{\"@id\":\"https:\/\/www.gstarcad.eu\/de\/#organization\"},\"potentialAction\":[{\"@type\":\"SearchAction\",\"target\":{\"@type\":\"EntryPoint\",\"urlTemplate\":\"https:\/\/www.gstarcad.eu\/de\/?s={search_term_string}\"},\"query-input\":\"required name=search_term_string\"}],\"inLanguage\":\"de\"},{\"@type\":\"Organization\",\"@id\":\"https:\/\/www.gstarcad.eu\/de\/#organization\",\"name\":\"GstarCad\",\"url\":\"https:\/\/www.gstarcad.eu\/de\/\",\"logo\":{\"@type\":\"ImageObject\",\"inLanguage\":\"de\",\"@id\":\"https:\/\/www.gstarcad.eu\/de\/#\/schema\/logo\/image\/\",\"url\":\"https:\/\/www.gstarcad.eu\/wp-content\/uploads\/2024\/04\/gs-nowe-logo.svg\",\"contentUrl\":\"https:\/\/www.gstarcad.eu\/wp-content\/uploads\/2024\/04\/gs-nowe-logo.svg\",\"width\":169,\"height\":41,\"caption\":\"GstarCad\"},\"image\":{\"@id\":\"https:\/\/www.gstarcad.eu\/de\/#\/schema\/logo\/image\/\"}}]}<\/script>\n<!-- \/ Yoast SEO plugin. -->","yoast_head_json":{"title":"Pobierz Demo GstarCAD 2026 | GstarCad","description":"Die kostenlose Testversion von GstarCAD 2024 l\u00e4uft 14 Tage lang und erm\u00f6glicht es Ihnen, alle Funktionen des Programms gr\u00fcndlich zu testen.","robots":{"index":"index","follow":"follow","max-snippet":"max-snippet:-1","max-image-preview":"max-image-preview:large","max-video-preview":"max-video-preview:-1"},"canonical":"https:\/\/www.gstarcad.eu\/de\/download\/","og_locale":"de_DE","og_type":"article","og_title":"Pobierz Demo GstarCAD 2026 | GstarCad","og_description":"Die kostenlose Testversion von GstarCAD 2024 l\u00e4uft 14 Tage lang und erm\u00f6glicht es Ihnen, alle Funktionen des Programms gr\u00fcndlich zu testen.","og_url":"https:\/\/www.gstarcad.eu\/de\/download\/","og_site_name":"GstarCad","article_modified_time":"2026-03-24T08:14:40+00:00","og_image":[{"url":"https:\/\/www.gstarcad.eu\/wp-content\/uploads\/2023\/11\/img-25-transparent.png"}],"twitter_card":"summary_large_image","twitter_misc":{"Gesch\u00e4tzte Lesezeit":"1\u00a0Minute"},"schema":{"@context":"https:\/\/schema.org","@graph":[{"@type":"WebPage","@id":"https:\/\/www.gstarcad.eu\/de\/download\/","url":"https:\/\/www.gstarcad.eu\/de\/download\/","name":"Pobierz Demo GstarCAD 2026 | GstarCad","isPartOf":{"@id":"https:\/\/www.gstarcad.eu\/de\/#website"},"primaryImageOfPage":{"@id":"https:\/\/www.gstarcad.eu\/de\/download\/#primaryimage"},"image":{"@id":"https:\/\/www.gstarcad.eu\/de\/download\/#primaryimage"},"thumbnailUrl":"https:\/\/www.gstarcad.eu\/wp-content\/uploads\/2023\/11\/img-25-transparent.png","datePublished":"2023-11-08T11:23:00+00:00","dateModified":"2026-03-24T08:14:40+00:00","description":"Die kostenlose Testversion von GstarCAD 2024 l\u00e4uft 14 Tage lang und erm\u00f6glicht es Ihnen, alle Funktionen des Programms gr\u00fcndlich zu testen.","breadcrumb":{"@id":"https:\/\/www.gstarcad.eu\/de\/download\/#breadcrumb"},"inLanguage":"de","potentialAction":[{"@type":"ReadAction","target":["https:\/\/www.gstarcad.eu\/de\/download\/"]}]},{"@type":"ImageObject","inLanguage":"de","@id":"https:\/\/www.gstarcad.eu\/de\/download\/#primaryimage","url":"https:\/\/www.gstarcad.eu\/wp-content\/uploads\/2023\/11\/img-25-transparent.png","contentUrl":"https:\/\/www.gstarcad.eu\/wp-content\/uploads\/2023\/11\/img-25-transparent.png","width":409,"height":410},{"@type":"BreadcrumbList","@id":"https:\/\/www.gstarcad.eu\/de\/download\/#breadcrumb","itemListElement":[{"@type":"ListItem","position":1,"name":"Home","item":"https:\/\/www.gstarcad.eu\/de\/"},{"@type":"ListItem","position":2,"name":"Pobierz GstarCAD"}]},{"@type":"WebSite","@id":"https:\/\/www.gstarcad.eu\/de\/#website","url":"https:\/\/www.gstarcad.eu\/de\/","name":"GstarCad","description":"","publisher":{"@id":"https:\/\/www.gstarcad.eu\/de\/#organization"},"potentialAction":[{"@type":"SearchAction","target":{"@type":"EntryPoint","urlTemplate":"https:\/\/www.gstarcad.eu\/de\/?s={search_term_string}"},"query-input":"required name=search_term_string"}],"inLanguage":"de"},{"@type":"Organization","@id":"https:\/\/www.gstarcad.eu\/de\/#organization","name":"GstarCad","url":"https:\/\/www.gstarcad.eu\/de\/","logo":{"@type":"ImageObject","inLanguage":"de","@id":"https:\/\/www.gstarcad.eu\/de\/#\/schema\/logo\/image\/","url":"https:\/\/www.gstarcad.eu\/wp-content\/uploads\/2024\/04\/gs-nowe-logo.svg","contentUrl":"https:\/\/www.gstarcad.eu\/wp-content\/uploads\/2024\/04\/gs-nowe-logo.svg","width":169,"height":41,"caption":"GstarCad"},"image":{"@id":"https:\/\/www.gstarcad.eu\/de\/#\/schema\/logo\/image\/"}}]}},"_links":{"self":[{"href":"https:\/\/www.gstarcad.eu\/de\/wp-json\/wp\/v2\/pages\/27491","targetHints":{"allow":["GET"]}}],"collection":[{"href":"https:\/\/www.gstarcad.eu\/de\/wp-json\/wp\/v2\/pages"}],"about":[{"href":"https:\/\/www.gstarcad.eu\/de\/wp-json\/wp\/v2\/types\/page"}],"author":[{"embeddable":true,"href":"https:\/\/www.gstarcad.eu\/de\/wp-json\/wp\/v2\/users\/9"}],"replies":[{"embeddable":true,"href":"https:\/\/www.gstarcad.eu\/de\/wp-json\/wp\/v2\/comments?post=27491"}],"version-history":[{"count":12,"href":"https:\/\/www.gstarcad.eu\/de\/wp-json\/wp\/v2\/pages\/27491\/revisions"}],"predecessor-version":[{"id":29682,"href":"https:\/\/www.gstarcad.eu\/de\/wp-json\/wp\/v2\/pages\/27491\/revisions\/29682"}],"wp:attachment":[{"href":"https:\/\/www.gstarcad.eu\/de\/wp-json\/wp\/v2\/media?parent=27491"}],"curies":[{"name":"wp","href":"https:\/\/api.w.org\/{rel}","templated":true}]}}