{"id":27421,"date":"2023-12-11T11:05:27","date_gmt":"2023-12-11T11:05:27","guid":{"rendered":"https:\/\/www.gstarcad.eu\/zwrot-licencji\/"},"modified":"2025-12-03T11:22:45","modified_gmt":"2025-12-03T11:22:45","slug":"zwrot-licencji","status":"publish","type":"page","link":"https:\/\/www.gstarcad.eu\/de\/zwrot-licencji\/","title":{"rendered":"Lizenzr\u00fcckgabe"},"content":{"rendered":"\t\t<div data-elementor-type=\"wp-page\" data-elementor-id=\"27421\" class=\"elementor elementor-27421 elementor-16124\">\n\t\t\t\t\t\t<section class=\"elementor-section elementor-top-section elementor-element elementor-element-b219f7d breadkr-page elementor-section-boxed elementor-section-height-default elementor-section-height-default\" data-id=\"b219f7d\" data-element_type=\"section\" data-settings=\"{&quot;background_background&quot;:&quot;classic&quot;}\">\n\t\t\t\t\t\t<div class=\"elementor-container elementor-column-gap-default\">\n\t\t\t\t\t<div class=\"elementor-column elementor-col-100 elementor-top-column elementor-element elementor-element-b02b66c\" data-id=\"b02b66c\" data-element_type=\"column\">\n\t\t\t<div class=\"elementor-widget-wrap elementor-element-populated\">\n\t\t\t\t\t\t<div class=\"elementor-element elementor-element-cfb1a93 elementor-widget elementor-widget-heading\" data-id=\"cfb1a93\" data-element_type=\"widget\" data-widget_type=\"heading.default\">\n\t\t\t\t<div class=\"elementor-widget-container\">\n\t\t\t\t\t<span class=\"elementor-heading-title elementor-size-default\"><a href=\"\/zarzadzanie-licencjami-i-oprogramowaniem\/\">Wissenszone<\/a> &gt; Lizenzaktualisierung <\/span>\t\t\t\t<\/div>\n\t\t\t\t<\/div>\n\t\t\t\t\t<\/div>\n\t\t<\/div>\n\t\t\t\t\t<\/div>\n\t\t<\/section>\n\t\t\t\t<section class=\"elementor-section elementor-top-section elementor-element elementor-element-60dde0c elementor-section-boxed elementor-section-height-default elementor-section-height-default\" data-id=\"60dde0c\" data-element_type=\"section\" data-settings=\"{&quot;background_background&quot;:&quot;classic&quot;}\">\n\t\t\t\t\t\t<div class=\"elementor-container elementor-column-gap-default\">\n\t\t\t\t\t<div class=\"elementor-column elementor-col-100 elementor-top-column elementor-element elementor-element-c178fc4\" data-id=\"c178fc4\" data-element_type=\"column\">\n\t\t\t<div class=\"elementor-widget-wrap elementor-element-populated\">\n\t\t\t\t\t\t<div class=\"elementor-element elementor-element-5920ad0 elementor-widget elementor-widget-heading\" data-id=\"5920ad0\" data-element_type=\"widget\" data-widget_type=\"heading.default\">\n\t\t\t\t<div class=\"elementor-widget-container\">\n\t\t\t\t\t<h3 class=\"elementor-heading-title elementor-size-default\">Lizenzaktualisierung<\/h3>\t\t\t\t<\/div>\n\t\t\t\t<\/div>\n\t\t\t\t\t<\/div>\n\t\t<\/div>\n\t\t\t\t\t<\/div>\n\t\t<\/section>\n\t\t\t\t<section class=\"elementor-section elementor-top-section elementor-element elementor-element-cade33f elementor-hidden-tablet elementor-hidden-mobile elementor-section-boxed elementor-section-height-default elementor-section-height-default\" data-id=\"cade33f\" data-element_type=\"section\" data-settings=\"{&quot;background_background&quot;:&quot;classic&quot;}\">\n\t\t\t\t\t\t<div class=\"elementor-container elementor-column-gap-default\">\n\t\t\t\t\t<div class=\"elementor-column elementor-col-100 elementor-top-column elementor-element elementor-element-460c491\" data-id=\"460c491\" data-element_type=\"column\">\n\t\t\t<div class=\"elementor-widget-wrap elementor-element-populated\">\n\t\t\t\t\t\t<div class=\"elementor-element elementor-element-8e81e19 elementor-tabs-view-vertical tab-gs elementor-widget elementor-widget-tabs\" data-id=\"8e81e19\" data-element_type=\"widget\" data-widget_type=\"tabs.default\">\n\t\t\t\t<div class=\"elementor-widget-container\">\n\t\t\t\t\t\t\t<div class=\"elementor-tabs\">\n\t\t\t<div class=\"elementor-tabs-wrapper\" role=\"tablist\" >\n\t\t\t\t\t\t\t\t\t<div id=\"elementor-tab-title-1491\" class=\"elementor-tab-title elementor-tab-desktop-title\" aria-selected=\"true\" data-tab=\"1\" role=\"tab\" tabindex=\"0\" aria-controls=\"elementor-tab-content-1491\" aria-expanded=\"false\">GstarCAD 2024<\/div>\n\t\t\t\t\t\t\t\t\t<div id=\"elementor-tab-title-1492\" class=\"elementor-tab-title elementor-tab-desktop-title\" aria-selected=\"false\" data-tab=\"2\" role=\"tab\" tabindex=\"-1\" aria-controls=\"elementor-tab-content-1492\" aria-expanded=\"false\">GstarCAD 2023<\/div>\n\t\t\t\t\t\t\t\t\t<div id=\"elementor-tab-title-1493\" class=\"elementor-tab-title elementor-tab-desktop-title\" aria-selected=\"false\" data-tab=\"3\" role=\"tab\" tabindex=\"-1\" aria-controls=\"elementor-tab-content-1493\" aria-expanded=\"false\">GstarCAD 2018-2022<\/div>\n\t\t\t\t\t\t\t<\/div>\n\t\t\t<div class=\"elementor-tabs-content-wrapper\" role=\"tablist\" aria-orientation=\"vertical\">\n\t\t\t\t\t\t\t\t\t<div class=\"elementor-tab-title elementor-tab-mobile-title\" aria-selected=\"true\" data-tab=\"1\" role=\"tab\" tabindex=\"0\" aria-controls=\"elementor-tab-content-1491\" aria-expanded=\"false\">GstarCAD 2024<\/div>\n\t\t\t\t\t<div id=\"elementor-tab-content-1491\" class=\"elementor-tab-content elementor-clearfix\" data-tab=\"1\" role=\"tabpanel\" aria-labelledby=\"elementor-tab-title-1491\" tabindex=\"0\" hidden=\"false\"><h2>GstarCAD 2024: Automatische Lizenzr\u00fcckgabe<\/h2><p>Die automatische Lizenzr\u00fcckgabe in GstarCAD 2024 ist ein einfacher und schneller Prozess. Nachfolgend finden Sie eine Schritt-f\u00fcr-Schritt-Anleitung:<\/p><ol><li><strong>Programmstart:<\/strong> \u00d6ffnen Sie GstarCAD 2024.<\/li><li><strong>Gehe zum Reiter \u201eHILFE\u201c:<\/strong> Klicken Sie auf den Reiter \u201eHILFE\u201c und w\u00e4hlen Sie die Option \u201eREGISTRIERUNG\u201c.<\/li><li><strong>Lizenzr\u00fcckgabe:<\/strong> Im neuen Fenster \u201eLIZENZR\u00dcCKGABE\u201c w\u00e4hlen Sie die zur\u00fcckzugebende Lizenz aus der Tabelle und best\u00e4tigen Sie mit einem Klick auf die Schaltfl\u00e4che \u201eR\u00dcCKGABE\u201c.<\/li><li><strong>Aktivierung auf einem neuen Ger\u00e4t:<\/strong> Nach dem Schlie\u00dfen des Programms k\u00f6nnen Sie die Lizenz auf einem neuen Ger\u00e4t aktivieren.<\/li><\/ol><p>Dank dieser einfachen Schritte wird das Lizenzmanagement in GstarCAD 2024 leicht und effizient.<\/p><p><a href=\"https:\/\/www.youtube.com\/watch?v=7YcIttLSAIM\" target=\"_blank\" rel=\"noopener\"><strong>Siehe das Video-Tutorial<\/strong> f\u00fcr detaillierte Anweisungen. <\/a><\/p><hr \/><p><strong>GstarCAD 2024: Manuelle Lizenzr\u00fcckgabe<\/strong><\/p><ol><li><strong>Programmstart:<\/strong> \u00d6ffnen Sie GstarCAD 2024.<\/li><li><strong>Gehe zum Reiter \u201eHILFE\u201c:<\/strong> Klicken Sie auf \u201eHILFE\u201c und w\u00e4hlen Sie anschlie\u00dfend \u201eREGISTRIERUNG\u201c.<\/li><li><strong>Lizenzr\u00fcckgabe:<\/strong> W\u00e4hlen Sie im Fenster \u201eLIZENZR\u00dcCKGABE\u201c die Option \u201eMANUELLE R\u00dcCKGABE\u201c. Geben Sie die zur\u00fcckzugebende Lizenz an und generieren Sie eine .xml-Datei, die \u00fcber die Website des GstarCAD Lizenzsystems die Lizenz deaktiviert.<\/li><li><strong>Anmeldung und Dateiimport:<\/strong> Melden Sie sich auf der Website mit Ihrer Lizenznummer an, importieren Sie die generierte .xml-Datei und anschlie\u00dfend die R\u00fcckgabe-.xml-Datei.<\/li><\/ol><p>Mit diesen Schritten wird die manuelle Lizenzr\u00fcckgabe einfach und problemlos.<\/p><p><a href=\"https:\/\/www.youtube.com\/watch?v=ogKdNd0adcI\" target=\"_blank\" rel=\"noopener\"><strong>Siehe das Video-Tutorial<\/strong> f\u00fcr detaillierte Anweisungen. <\/a><\/p><hr \/><\/div>\n\t\t\t\t\t\t\t\t\t<div class=\"elementor-tab-title elementor-tab-mobile-title\" aria-selected=\"false\" data-tab=\"2\" role=\"tab\" tabindex=\"-1\" aria-controls=\"elementor-tab-content-1492\" aria-expanded=\"false\">GstarCAD 2023<\/div>\n\t\t\t\t\t<div id=\"elementor-tab-content-1492\" class=\"elementor-tab-content elementor-clearfix\" data-tab=\"2\" role=\"tabpanel\" aria-labelledby=\"elementor-tab-title-1492\" tabindex=\"0\" hidden=\"hidden\"><h2>GstarCAD Online-Lizenzr\u00fcckgabe<\/h2><p data-start=\"36\" data-end=\"110\">Um Ihre GstarCAD-Online-Lizenz zur\u00fcckzugeben, folgen Sie diesen Schritten:<\/p><p data-start=\"112\" data-end=\"197\" data-is-last-node=\"\" data-is-only-node=\"\"><strong data-start=\"112\" data-end=\"197\" data-is-last-node=\"\">HILFE \u2192 REGISTRIEREN \u2192 LIZENZ ZUR\u00dcCKGEBEN (R) \u2192 ONLINE-R\u00dcCKGABE (O) \u2192 ZUR\u00dcCKGEBEN<\/strong><\/p><p><img fetchpriority=\"high\" decoding=\"async\" class=\"aligncenter wp-image-19767 size-full\" src=\"https:\/\/new.tmsys.pl\/wp-content\/uploads\/2024\/04\/xScreenshot_1.png.pagespeed.ic_.Kz_iuqcZDc.webp\" alt=\"\" width=\"787\" height=\"506\" srcset=\"https:\/\/www.gstarcad.eu\/wp-content\/uploads\/2024\/04\/xScreenshot_1.png.pagespeed.ic_.Kz_iuqcZDc.webp 787w, https:\/\/www.gstarcad.eu\/wp-content\/uploads\/2024\/04\/xScreenshot_1.png.pagespeed.ic_.Kz_iuqcZDc-300x193.webp 300w, https:\/\/www.gstarcad.eu\/wp-content\/uploads\/2024\/04\/xScreenshot_1.png.pagespeed.ic_.Kz_iuqcZDc-768x494.webp 768w\" sizes=\"(max-width: 787px) 100vw, 787px\" \/><\/p><p data-start=\"0\" data-end=\"144\">Lizenzr\u00fcckgabe dient dazu, die Lizenz vom Computer zu l\u00f6sen und erm\u00f6glicht den Transfer der Lizenz von einem Arbeitsplatz auf einen anderen.<\/p><hr data-start=\"146\" data-end=\"149\" \/><h3 data-start=\"151\" data-end=\"190\"><strong data-start=\"155\" data-end=\"190\">GstarCAD Offline-Lizenzr\u00fcckgabe<\/strong><\/h3><p data-start=\"192\" data-end=\"241\">So geben Sie Ihre GstarCAD-Offline-Lizenz zur\u00fcck:<\/p><ol data-start=\"243\" data-end=\"599\"><li data-start=\"243\" data-end=\"343\"><p data-start=\"246\" data-end=\"343\">Gehen Sie zum Reiter: HILFE \u2192 REGISTRIEREN \u2192 LIZENZ ZUR\u00dcCKGEBEN (R) \u2192 MANUELLE R\u00dcCKGABE (M)<\/p><\/li><li data-start=\"344\" data-end=\"398\"><p data-start=\"347\" data-end=\"398\">Generieren Sie eine Datei namens <code data-start=\"382\" data-end=\"394\">return.xml<\/code><\/p><\/li><li data-start=\"399\" data-end=\"511\"><p data-start=\"402\" data-end=\"511\">Laden Sie die Datei <code data-start=\"424\" data-end=\"436\">return.xml<\/code> hoch auf: <a class=\"\" href=\"https:\/\/license.gstarcad.net\" target=\"_new\" rel=\"noopener\" data-start=\"449\" data-end=\"509\">https:\/\/license.gstarcad.net<\/a><\/p><\/li><li data-start=\"512\" data-end=\"599\"><p data-start=\"515\" data-end=\"599\">Laden Sie die R\u00fcckgabedatei (return file) hoch und klicken Sie auf \u201eZUR\u00dcCKGEBEN\u201c<\/p><\/li><\/ol><p><img decoding=\"async\" width=\"767\" height=\"491\" class=\"size-medium wp-image-16133 aligncenter\" src=\"https:\/\/new.tmsys.pl\/wp-content\/uploads\/2023\/12\/Screenshot_2-1.png\" alt=\"\" srcset=\"https:\/\/www.gstarcad.eu\/wp-content\/uploads\/2023\/12\/Screenshot_2-1.png 767w, https:\/\/www.gstarcad.eu\/wp-content\/uploads\/2023\/12\/Screenshot_2-1-300x192.png 300w\" sizes=\"(max-width: 767px) 100vw, 767px\" \/><\/p><p>Die Lizenzfreigabe dient dazu, die Lizenz von einer Arbeitsstation zu l\u00f6sen und deren \u00dcbertragung auf einen anderen Arbeitsplatz zu erm\u00f6glichen.<\/p><\/div>\n\t\t\t\t\t\t\t\t\t<div class=\"elementor-tab-title elementor-tab-mobile-title\" aria-selected=\"false\" data-tab=\"3\" role=\"tab\" tabindex=\"-1\" aria-controls=\"elementor-tab-content-1493\" aria-expanded=\"false\">GstarCAD 2018-2022<\/div>\n\t\t\t\t\t<div id=\"elementor-tab-content-1493\" class=\"elementor-tab-content elementor-clearfix\" data-tab=\"3\" role=\"tabpanel\" aria-labelledby=\"elementor-tab-title-1493\" tabindex=\"0\" hidden=\"hidden\"><h2>GstarCAD 2018\u20132022: R\u00fcckgabe der Online-Lizenz<\/h2><p>So geben Sie Ihre GstarCAD Online-Lizenz zur\u00fcck:<\/p><ol><li><p>Gehen Sie zum Reiter <strong>HILFE (HELP)<\/strong><\/p><\/li><li><p>W\u00e4hlen Sie <strong>REGISTRIEREN (REGISTER)<\/strong><\/p><\/li><li><p>Klicken Sie auf <strong>LIZENZ ZUR\u00dcCKGEBEN (RETURN LICENSE) [R]<\/strong><\/p><\/li><li><p>W\u00e4hlen Sie <strong>ONLINE-R\u00dcCKGABE (ONLINE RETURN) [O]<\/strong><\/p><\/li><li><p>Best\u00e4tigen Sie mit <strong>ZUR\u00dcCKGEBEN (RETURN)<\/strong><\/p><\/li><\/ol><p>Damit wird die Lizenz vom aktuellen Ger\u00e4t freigegeben und kann auf einem anderen Arbeitsplatz erneut aktiviert werden.<\/p><p><img decoding=\"async\" width=\"776\" height=\"589\" class=\"size-medium wp-image-16134 aligncenter\" src=\"https:\/\/new.tmsys.pl\/wp-content\/uploads\/2023\/12\/Screenshot_3-2.png\" alt=\"\" srcset=\"https:\/\/www.gstarcad.eu\/wp-content\/uploads\/2023\/12\/Screenshot_3-2.png 776w, https:\/\/www.gstarcad.eu\/wp-content\/uploads\/2023\/12\/Screenshot_3-2-300x228.png 300w, https:\/\/www.gstarcad.eu\/wp-content\/uploads\/2023\/12\/Screenshot_3-2-768x583.png 768w\" sizes=\"(max-width: 776px) 100vw, 776px\" \/><\/p><p>Lizenzr\u00fcckgabe dient dazu, eine Lizenz von einem Computer freizugeben und erm\u00f6glicht die \u00dcbertragung der Lizenz von einem Arbeitsplatz auf einen anderen.<\/p><hr \/><h3><strong>R\u00fcckgabe der GstarCAD 2018\u20132022 Offline-Lizenz<\/strong><\/h3><p>Um Ihre GstarCAD Offline-Lizenz zur\u00fcckzugeben, f\u00fchren Sie bitte folgende Schritte aus:<\/p><ol><li><p>Gehen Sie zu <strong>HILFE \u2192 REGISTRIEREN \u2192 LIZENZ ZUR\u00dcCKGEBEN (R) \u2192 MANUELLE R\u00dcCKGABE (M)<\/strong><\/p><\/li><li><p>Generieren Sie eine <strong>return.xml<\/strong>-Datei<\/p><\/li><li><p>Laden Sie die <strong>return.xml<\/strong>-Datei auf die Website <a href=\"https:\/\/license.gstarcad.net\/\">https:\/\/license.gstarcad.net<\/a> hoch<\/p><\/li><li><p>Laden Sie anschlie\u00dfend die R\u00fcckgabedatei hoch und klicken Sie auf die Schaltfl\u00e4che <strong>ZUR\u00dcCKGEBEN (RETURN)<\/strong><\/p><\/li><\/ol><p>Diese Schritte erm\u00f6glichen eine problemlose manuelle Lizenzr\u00fcckgabe.<\/p><p><img loading=\"lazy\" decoding=\"async\" width=\"767\" height=\"584\" class=\"size-medium wp-image-16135 aligncenter\" src=\"https:\/\/new.tmsys.pl\/wp-content\/uploads\/2023\/12\/Screenshot_4-1.png\" alt=\"\" srcset=\"https:\/\/www.gstarcad.eu\/wp-content\/uploads\/2023\/12\/Screenshot_4-1.png 767w, https:\/\/www.gstarcad.eu\/wp-content\/uploads\/2023\/12\/Screenshot_4-1-300x228.png 300w\" sizes=\"(max-width: 767px) 100vw, 767px\" \/><\/p><p>Die <strong>Lizenzr\u00fcckgabe<\/strong> dient dazu, eine Lizenz von einem Computer freizugeben und erm\u00f6glicht die <strong>\u00dcbertragung der Lizenz von einem Arbeitsplatz auf einen anderen<\/strong>.<\/p><\/div>\n\t\t\t\t\t\t\t<\/div>\n\t\t<\/div>\n\t\t\t\t\t\t<\/div>\n\t\t\t\t<\/div>\n\t\t\t\t\t<\/div>\n\t\t<\/div>\n\t\t\t\t\t<\/div>\n\t\t<\/section>\n\t\t\t\t<\/div>\n\t\t","protected":false},"excerpt":{"rendered":"<p>Wissenszone &gt; Lizenzaktualisierung Lizenzaktualisierung GstarCAD 2024 GstarCAD 2023 GstarCAD 2018-2022 GstarCAD 2024 GstarCAD 2024: Automatische Lizenzr\u00fcckgabe Die automatische Lizenzr\u00fcckgabe in GstarCAD 2024 ist ein einfacher und schneller Prozess. Nachfolgend finden Sie eine Schritt-f\u00fcr-Schritt-Anleitung: Programmstart: \u00d6ffnen Sie GstarCAD 2024. Gehe zum Reiter \u201eHILFE\u201c: Klicken Sie auf den Reiter \u201eHILFE\u201c und w\u00e4hlen Sie die Option \u201eREGISTRIERUNG\u201c. Lizenzr\u00fcckgabe: [&hellip;]<\/p>\n","protected":false},"author":9,"featured_media":0,"parent":0,"menu_order":0,"comment_status":"closed","ping_status":"closed","template":"","meta":{"inline_featured_image":false,"footnotes":""},"class_list":["post-27421","page","type-page","status-publish","hentry"],"yoast_head":"<!-- This site is optimized with the Yoast SEO plugin v22.2 - https:\/\/yoast.com\/wordpress\/plugins\/seo\/ -->\n<title>Lizenzr\u00fcckgabe - GstarCad<\/title>\n<meta name=\"robots\" content=\"index, follow, max-snippet:-1, max-image-preview:large, max-video-preview:-1\" \/>\n<link rel=\"canonical\" href=\"https:\/\/www.gstarcad.eu\/de\/zwrot-licencji\/\" \/>\n<meta property=\"og:locale\" content=\"de_DE\" \/>\n<meta property=\"og:type\" content=\"article\" \/>\n<meta property=\"og:title\" content=\"Lizenzr\u00fcckgabe - GstarCad\" \/>\n<meta property=\"og:description\" content=\"Wissenszone &gt; Lizenzaktualisierung Lizenzaktualisierung GstarCAD 2024 GstarCAD 2023 GstarCAD 2018-2022 GstarCAD 2024 GstarCAD 2024: Automatische Lizenzr\u00fcckgabe Die automatische Lizenzr\u00fcckgabe in GstarCAD 2024 ist ein einfacher und schneller Prozess. Nachfolgend finden Sie eine Schritt-f\u00fcr-Schritt-Anleitung: Programmstart: \u00d6ffnen Sie GstarCAD 2024. Gehe zum Reiter \u201eHILFE\u201c: Klicken Sie auf den Reiter \u201eHILFE\u201c und w\u00e4hlen Sie die Option \u201eREGISTRIERUNG\u201c. Lizenzr\u00fcckgabe: [&hellip;]\" \/>\n<meta property=\"og:url\" content=\"https:\/\/www.gstarcad.eu\/de\/zwrot-licencji\/\" \/>\n<meta property=\"og:site_name\" content=\"GstarCad\" \/>\n<meta property=\"article:modified_time\" content=\"2025-12-03T11:22:45+00:00\" \/>\n<meta property=\"og:image\" content=\"https:\/\/new.tmsys.pl\/wp-content\/uploads\/2024\/04\/xScreenshot_1.png.pagespeed.ic_.Kz_iuqcZDc.webp\" \/>\n<meta name=\"twitter:card\" content=\"summary_large_image\" \/>\n<meta name=\"twitter:label1\" content=\"Gesch\u00e4tzte Lesezeit\" \/>\n\t<meta name=\"twitter:data1\" content=\"4\u00a0Minuten\" \/>\n<script type=\"application\/ld+json\" class=\"yoast-schema-graph\">{\"@context\":\"https:\/\/schema.org\",\"@graph\":[{\"@type\":\"WebPage\",\"@id\":\"https:\/\/www.gstarcad.eu\/de\/zwrot-licencji\/\",\"url\":\"https:\/\/www.gstarcad.eu\/de\/zwrot-licencji\/\",\"name\":\"Lizenzr\u00fcckgabe - GstarCad\",\"isPartOf\":{\"@id\":\"https:\/\/www.gstarcad.eu\/de\/#website\"},\"primaryImageOfPage\":{\"@id\":\"https:\/\/www.gstarcad.eu\/de\/zwrot-licencji\/#primaryimage\"},\"image\":{\"@id\":\"https:\/\/www.gstarcad.eu\/de\/zwrot-licencji\/#primaryimage\"},\"thumbnailUrl\":\"https:\/\/new.tmsys.pl\/wp-content\/uploads\/2024\/04\/xScreenshot_1.png.pagespeed.ic_.Kz_iuqcZDc.webp\",\"datePublished\":\"2023-12-11T11:05:27+00:00\",\"dateModified\":\"2025-12-03T11:22:45+00:00\",\"breadcrumb\":{\"@id\":\"https:\/\/www.gstarcad.eu\/de\/zwrot-licencji\/#breadcrumb\"},\"inLanguage\":\"de\",\"potentialAction\":[{\"@type\":\"ReadAction\",\"target\":[\"https:\/\/www.gstarcad.eu\/de\/zwrot-licencji\/\"]}]},{\"@type\":\"ImageObject\",\"inLanguage\":\"de\",\"@id\":\"https:\/\/www.gstarcad.eu\/de\/zwrot-licencji\/#primaryimage\",\"url\":\"https:\/\/new.tmsys.pl\/wp-content\/uploads\/2024\/04\/xScreenshot_1.png.pagespeed.ic_.Kz_iuqcZDc.webp\",\"contentUrl\":\"https:\/\/new.tmsys.pl\/wp-content\/uploads\/2024\/04\/xScreenshot_1.png.pagespeed.ic_.Kz_iuqcZDc.webp\"},{\"@type\":\"BreadcrumbList\",\"@id\":\"https:\/\/www.gstarcad.eu\/de\/zwrot-licencji\/#breadcrumb\",\"itemListElement\":[{\"@type\":\"ListItem\",\"position\":1,\"name\":\"Home\",\"item\":\"https:\/\/www.gstarcad.eu\/de\/\"},{\"@type\":\"ListItem\",\"position\":2,\"name\":\"Lizenzr\u00fcckgabe\"}]},{\"@type\":\"WebSite\",\"@id\":\"https:\/\/www.gstarcad.eu\/de\/#website\",\"url\":\"https:\/\/www.gstarcad.eu\/de\/\",\"name\":\"GstarCad\",\"description\":\"\",\"publisher\":{\"@id\":\"https:\/\/www.gstarcad.eu\/de\/#organization\"},\"potentialAction\":[{\"@type\":\"SearchAction\",\"target\":{\"@type\":\"EntryPoint\",\"urlTemplate\":\"https:\/\/www.gstarcad.eu\/de\/?s={search_term_string}\"},\"query-input\":\"required name=search_term_string\"}],\"inLanguage\":\"de\"},{\"@type\":\"Organization\",\"@id\":\"https:\/\/www.gstarcad.eu\/de\/#organization\",\"name\":\"GstarCad\",\"url\":\"https:\/\/www.gstarcad.eu\/de\/\",\"logo\":{\"@type\":\"ImageObject\",\"inLanguage\":\"de\",\"@id\":\"https:\/\/www.gstarcad.eu\/de\/#\/schema\/logo\/image\/\",\"url\":\"https:\/\/www.gstarcad.eu\/wp-content\/uploads\/2024\/04\/gs-nowe-logo.svg\",\"contentUrl\":\"https:\/\/www.gstarcad.eu\/wp-content\/uploads\/2024\/04\/gs-nowe-logo.svg\",\"width\":169,\"height\":41,\"caption\":\"GstarCad\"},\"image\":{\"@id\":\"https:\/\/www.gstarcad.eu\/de\/#\/schema\/logo\/image\/\"}}]}<\/script>\n<!-- \/ Yoast SEO plugin. -->","yoast_head_json":{"title":"Lizenzr\u00fcckgabe - GstarCad","robots":{"index":"index","follow":"follow","max-snippet":"max-snippet:-1","max-image-preview":"max-image-preview:large","max-video-preview":"max-video-preview:-1"},"canonical":"https:\/\/www.gstarcad.eu\/de\/zwrot-licencji\/","og_locale":"de_DE","og_type":"article","og_title":"Lizenzr\u00fcckgabe - GstarCad","og_description":"Wissenszone &gt; Lizenzaktualisierung Lizenzaktualisierung GstarCAD 2024 GstarCAD 2023 GstarCAD 2018-2022 GstarCAD 2024 GstarCAD 2024: Automatische Lizenzr\u00fcckgabe Die automatische Lizenzr\u00fcckgabe in GstarCAD 2024 ist ein einfacher und schneller Prozess. Nachfolgend finden Sie eine Schritt-f\u00fcr-Schritt-Anleitung: Programmstart: \u00d6ffnen Sie GstarCAD 2024. Gehe zum Reiter \u201eHILFE\u201c: Klicken Sie auf den Reiter \u201eHILFE\u201c und w\u00e4hlen Sie die Option \u201eREGISTRIERUNG\u201c. Lizenzr\u00fcckgabe: [&hellip;]","og_url":"https:\/\/www.gstarcad.eu\/de\/zwrot-licencji\/","og_site_name":"GstarCad","article_modified_time":"2025-12-03T11:22:45+00:00","og_image":[{"url":"https:\/\/new.tmsys.pl\/wp-content\/uploads\/2024\/04\/xScreenshot_1.png.pagespeed.ic_.Kz_iuqcZDc.webp"}],"twitter_card":"summary_large_image","twitter_misc":{"Gesch\u00e4tzte Lesezeit":"4\u00a0Minuten"},"schema":{"@context":"https:\/\/schema.org","@graph":[{"@type":"WebPage","@id":"https:\/\/www.gstarcad.eu\/de\/zwrot-licencji\/","url":"https:\/\/www.gstarcad.eu\/de\/zwrot-licencji\/","name":"Lizenzr\u00fcckgabe - GstarCad","isPartOf":{"@id":"https:\/\/www.gstarcad.eu\/de\/#website"},"primaryImageOfPage":{"@id":"https:\/\/www.gstarcad.eu\/de\/zwrot-licencji\/#primaryimage"},"image":{"@id":"https:\/\/www.gstarcad.eu\/de\/zwrot-licencji\/#primaryimage"},"thumbnailUrl":"https:\/\/new.tmsys.pl\/wp-content\/uploads\/2024\/04\/xScreenshot_1.png.pagespeed.ic_.Kz_iuqcZDc.webp","datePublished":"2023-12-11T11:05:27+00:00","dateModified":"2025-12-03T11:22:45+00:00","breadcrumb":{"@id":"https:\/\/www.gstarcad.eu\/de\/zwrot-licencji\/#breadcrumb"},"inLanguage":"de","potentialAction":[{"@type":"ReadAction","target":["https:\/\/www.gstarcad.eu\/de\/zwrot-licencji\/"]}]},{"@type":"ImageObject","inLanguage":"de","@id":"https:\/\/www.gstarcad.eu\/de\/zwrot-licencji\/#primaryimage","url":"https:\/\/new.tmsys.pl\/wp-content\/uploads\/2024\/04\/xScreenshot_1.png.pagespeed.ic_.Kz_iuqcZDc.webp","contentUrl":"https:\/\/new.tmsys.pl\/wp-content\/uploads\/2024\/04\/xScreenshot_1.png.pagespeed.ic_.Kz_iuqcZDc.webp"},{"@type":"BreadcrumbList","@id":"https:\/\/www.gstarcad.eu\/de\/zwrot-licencji\/#breadcrumb","itemListElement":[{"@type":"ListItem","position":1,"name":"Home","item":"https:\/\/www.gstarcad.eu\/de\/"},{"@type":"ListItem","position":2,"name":"Lizenzr\u00fcckgabe"}]},{"@type":"WebSite","@id":"https:\/\/www.gstarcad.eu\/de\/#website","url":"https:\/\/www.gstarcad.eu\/de\/","name":"GstarCad","description":"","publisher":{"@id":"https:\/\/www.gstarcad.eu\/de\/#organization"},"potentialAction":[{"@type":"SearchAction","target":{"@type":"EntryPoint","urlTemplate":"https:\/\/www.gstarcad.eu\/de\/?s={search_term_string}"},"query-input":"required name=search_term_string"}],"inLanguage":"de"},{"@type":"Organization","@id":"https:\/\/www.gstarcad.eu\/de\/#organization","name":"GstarCad","url":"https:\/\/www.gstarcad.eu\/de\/","logo":{"@type":"ImageObject","inLanguage":"de","@id":"https:\/\/www.gstarcad.eu\/de\/#\/schema\/logo\/image\/","url":"https:\/\/www.gstarcad.eu\/wp-content\/uploads\/2024\/04\/gs-nowe-logo.svg","contentUrl":"https:\/\/www.gstarcad.eu\/wp-content\/uploads\/2024\/04\/gs-nowe-logo.svg","width":169,"height":41,"caption":"GstarCad"},"image":{"@id":"https:\/\/www.gstarcad.eu\/de\/#\/schema\/logo\/image\/"}}]}},"_links":{"self":[{"href":"https:\/\/www.gstarcad.eu\/de\/wp-json\/wp\/v2\/pages\/27421","targetHints":{"allow":["GET"]}}],"collection":[{"href":"https:\/\/www.gstarcad.eu\/de\/wp-json\/wp\/v2\/pages"}],"about":[{"href":"https:\/\/www.gstarcad.eu\/de\/wp-json\/wp\/v2\/types\/page"}],"author":[{"embeddable":true,"href":"https:\/\/www.gstarcad.eu\/de\/wp-json\/wp\/v2\/users\/9"}],"replies":[{"embeddable":true,"href":"https:\/\/www.gstarcad.eu\/de\/wp-json\/wp\/v2\/comments?post=27421"}],"version-history":[{"count":28,"href":"https:\/\/www.gstarcad.eu\/de\/wp-json\/wp\/v2\/pages\/27421\/revisions"}],"predecessor-version":[{"id":29419,"href":"https:\/\/www.gstarcad.eu\/de\/wp-json\/wp\/v2\/pages\/27421\/revisions\/29419"}],"wp:attachment":[{"href":"https:\/\/www.gstarcad.eu\/de\/wp-json\/wp\/v2\/media?parent=27421"}],"curies":[{"name":"wp","href":"https:\/\/api.w.org\/{rel}","templated":true}]}}