{"id":27419,"date":"2024-03-12T12:54:03","date_gmt":"2024-03-12T12:54:03","guid":{"rendered":"https:\/\/www.gstarcad.eu\/instrukcja-instalacji-programu\/"},"modified":"2025-11-18T10:35:54","modified_gmt":"2025-11-18T10:35:54","slug":"instrukcja-instalacji-programu","status":"publish","type":"page","link":"https:\/\/www.gstarcad.eu\/de\/instrukcja-instalacji-programu\/","title":{"rendered":"Anleitung zur Programminstallation"},"content":{"rendered":"\t\t<div data-elementor-type=\"wp-page\" data-elementor-id=\"27419\" class=\"elementor elementor-27419 elementor-18654\">\n\t\t\t\t\t\t<section class=\"elementor-section elementor-top-section elementor-element elementor-element-c7ddd16 breadkr-page elementor-section-boxed elementor-section-height-default elementor-section-height-default\" data-id=\"c7ddd16\" data-element_type=\"section\" data-settings=\"{&quot;background_background&quot;:&quot;classic&quot;}\">\n\t\t\t\t\t\t<div class=\"elementor-container elementor-column-gap-default\">\n\t\t\t\t\t<div class=\"elementor-column elementor-col-100 elementor-top-column elementor-element elementor-element-d89ae15\" data-id=\"d89ae15\" data-element_type=\"column\">\n\t\t\t<div class=\"elementor-widget-wrap elementor-element-populated\">\n\t\t\t\t\t\t<div class=\"elementor-element elementor-element-8166df4 elementor-widget elementor-widget-heading\" data-id=\"8166df4\" data-element_type=\"widget\" data-widget_type=\"heading.default\">\n\t\t\t\t<div class=\"elementor-widget-container\">\n\t\t\t\t\t<span class=\"elementor-heading-title elementor-size-default\"><a href=\"\/support\/\">GstarCAD technical support<\/a> &gt; Installationsanleitung f\u00fcr das Programm<\/span>\t\t\t\t<\/div>\n\t\t\t\t<\/div>\n\t\t\t\t\t<\/div>\n\t\t<\/div>\n\t\t\t\t\t<\/div>\n\t\t<\/section>\n\t\t\t\t<section class=\"elementor-section elementor-top-section elementor-element elementor-element-d090d0a elementor-section-boxed elementor-section-height-default elementor-section-height-default\" data-id=\"d090d0a\" data-element_type=\"section\" data-settings=\"{&quot;background_background&quot;:&quot;classic&quot;}\">\n\t\t\t\t\t\t<div class=\"elementor-container elementor-column-gap-default\">\n\t\t\t\t\t<div class=\"elementor-column elementor-col-100 elementor-top-column elementor-element elementor-element-e39e3f6\" data-id=\"e39e3f6\" data-element_type=\"column\">\n\t\t\t<div class=\"elementor-widget-wrap elementor-element-populated\">\n\t\t\t\t\t\t<div class=\"elementor-element elementor-element-8cfbc6a elementor-widget elementor-widget-heading\" data-id=\"8cfbc6a\" data-element_type=\"widget\" data-widget_type=\"heading.default\">\n\t\t\t\t<div class=\"elementor-widget-container\">\n\t\t\t\t\t<h3 class=\"elementor-heading-title elementor-size-default\">Installationsanleitung f\u00fcr das Programm<\/h3>\t\t\t\t<\/div>\n\t\t\t\t<\/div>\n\t\t\t\t<div class=\"elementor-element elementor-element-c79c6d0 elementor-widget elementor-widget-text-editor\" data-id=\"c79c6d0\" data-element_type=\"widget\" data-widget_type=\"text-editor.default\">\n\t\t\t\t<div class=\"elementor-widget-container\">\n\t\t\t\t\t\t\t\t\t<p>Folgen Sie dem Installationsprozess der GstarCAD-Software.<\/p>\t\t\t\t\t\t\t\t<\/div>\n\t\t\t\t<\/div>\n\t\t\t\t\t<\/div>\n\t\t<\/div>\n\t\t\t\t\t<\/div>\n\t\t<\/section>\n\t\t\t\t<section class=\"elementor-section elementor-top-section elementor-element elementor-element-08c7bc3 elementor-section-boxed elementor-section-height-default elementor-section-height-default\" data-id=\"08c7bc3\" data-element_type=\"section\" data-settings=\"{&quot;background_background&quot;:&quot;classic&quot;}\">\n\t\t\t\t\t\t<div class=\"elementor-container elementor-column-gap-default\">\n\t\t\t\t\t<div class=\"elementor-column elementor-col-33 elementor-top-column elementor-element elementor-element-956ca7a\" data-id=\"956ca7a\" data-element_type=\"column\">\n\t\t\t<div class=\"elementor-widget-wrap\">\n\t\t\t\t\t\t\t<\/div>\n\t\t<\/div>\n\t\t\t\t<div class=\"elementor-column elementor-col-33 elementor-top-column elementor-element elementor-element-8e40a5b\" data-id=\"8e40a5b\" data-element_type=\"column\">\n\t\t\t<div class=\"elementor-widget-wrap elementor-element-populated\">\n\t\t\t\t\t\t<div class=\"elementor-element elementor-element-aff64a3 elementor-widget elementor-widget-video\" data-id=\"aff64a3\" data-element_type=\"widget\" data-settings=\"{&quot;youtube_url&quot;:&quot;https:\\\/\\\/youtu.be\\\/RXG_MvvHMrs&quot;,&quot;video_type&quot;:&quot;youtube&quot;,&quot;controls&quot;:&quot;yes&quot;}\" data-widget_type=\"video.default\">\n\t\t\t\t<div class=\"elementor-widget-container\">\n\t\t\t\t\t\t\t<div class=\"elementor-wrapper elementor-open-inline\">\n\t\t\t<div class=\"elementor-video\"><\/div>\t\t<\/div>\n\t\t\t\t\t\t<\/div>\n\t\t\t\t<\/div>\n\t\t\t\t\t<\/div>\n\t\t<\/div>\n\t\t\t\t<div class=\"elementor-column elementor-col-33 elementor-top-column elementor-element elementor-element-d4a750f\" data-id=\"d4a750f\" data-element_type=\"column\">\n\t\t\t<div class=\"elementor-widget-wrap\">\n\t\t\t\t\t\t\t<\/div>\n\t\t<\/div>\n\t\t\t\t\t<\/div>\n\t\t<\/section>\n\t\t\t\t<section class=\"elementor-section elementor-top-section elementor-element elementor-element-3be277c elementor-section-boxed elementor-section-height-default elementor-section-height-default\" data-id=\"3be277c\" data-element_type=\"section\" data-settings=\"{&quot;background_background&quot;:&quot;classic&quot;}\">\n\t\t\t\t\t\t<div class=\"elementor-container elementor-column-gap-default\">\n\t\t\t\t\t<div class=\"elementor-column elementor-col-66 elementor-top-column elementor-element elementor-element-d534810\" data-id=\"d534810\" data-element_type=\"column\">\n\t\t\t<div class=\"elementor-widget-wrap elementor-element-populated\">\n\t\t\t\t\t\t<div class=\"elementor-element elementor-element-6ee2cda elementor-widget elementor-widget-heading\" data-id=\"6ee2cda\" data-element_type=\"widget\" data-widget_type=\"heading.default\">\n\t\t\t\t<div class=\"elementor-widget-container\">\n\t\t\t\t\t<h4 class=\"elementor-heading-title elementor-size-default\">Haben Sie weitere Fragen?\n<\/h4>\t\t\t\t<\/div>\n\t\t\t\t<\/div>\n\t\t\t\t<div class=\"elementor-element elementor-element-451a0b8 elementor-widget elementor-widget-text-editor\" data-id=\"451a0b8\" data-element_type=\"widget\" data-widget_type=\"text-editor.default\">\n\t\t\t\t<div class=\"elementor-widget-container\">\n\t\t\t\t\t\t\t\t\t<p>Wenn Sie Unterst\u00fctzung bei den n\u00e4chsten Schritten ben\u00f6tigen oder Fragen zur Installation haben, wenden Sie sich bitte an unseren Assistenten.<\/p>\t\t\t\t\t\t\t\t<\/div>\n\t\t\t\t<\/div>\n\t\t\t\t<div class=\"elementor-element elementor-element-6806b75 white-border-button elementor-widget elementor-widget-button\" data-id=\"6806b75\" data-element_type=\"widget\" data-widget_type=\"button.default\">\n\t\t\t\t<div class=\"elementor-widget-container\">\n\t\t\t\t\t\t\t\t\t<div class=\"elementor-button-wrapper\">\n\t\t\t\t\t<a class=\"elementor-button elementor-button-link elementor-size-sm\" href=\"\/kontakt\/\">\n\t\t\t\t\t\t<span class=\"elementor-button-content-wrapper\">\n\t\t\t\t\t\t\t\t\t<span class=\"elementor-button-text\">Kontaktieren Sie uns<\/span>\n\t\t\t\t\t<\/span>\n\t\t\t\t\t<\/a>\n\t\t\t\t<\/div>\n\t\t\t\t\t\t\t\t<\/div>\n\t\t\t\t<\/div>\n\t\t\t\t\t<\/div>\n\t\t<\/div>\n\t\t\t\t<div class=\"elementor-column elementor-col-33 elementor-top-column elementor-element elementor-element-cae868d\" data-id=\"cae868d\" data-element_type=\"column\">\n\t\t\t<div class=\"elementor-widget-wrap\">\n\t\t\t\t\t\t\t<\/div>\n\t\t<\/div>\n\t\t\t\t\t<\/div>\n\t\t<\/section>\n\t\t\t\t<\/div>\n\t\t","protected":false},"excerpt":{"rendered":"<p>GstarCAD technical support &gt; Installationsanleitung f\u00fcr das Programm Installationsanleitung f\u00fcr das Programm Folgen Sie dem Installationsprozess der GstarCAD-Software. https:\/\/youtu.be\/RXG_MvvHMrs Haben Sie weitere Fragen? Wenn Sie Unterst\u00fctzung bei den n\u00e4chsten Schritten ben\u00f6tigen oder Fragen zur Installation haben, wenden Sie sich bitte an unseren Assistenten. Kontaktieren Sie uns<\/p>\n","protected":false},"author":9,"featured_media":0,"parent":0,"menu_order":0,"comment_status":"closed","ping_status":"closed","template":"","meta":{"inline_featured_image":false,"footnotes":""},"class_list":["post-27419","page","type-page","status-publish","hentry"],"yoast_head":"<!-- This site is optimized with the Yoast SEO plugin v22.2 - https:\/\/yoast.com\/wordpress\/plugins\/seo\/ -->\n<title>Anleitung zur Programminstallation - GstarCad<\/title>\n<meta name=\"robots\" content=\"index, follow, max-snippet:-1, max-image-preview:large, max-video-preview:-1\" \/>\n<link rel=\"canonical\" href=\"https:\/\/www.gstarcad.eu\/de\/instrukcja-instalacji-programu\/\" \/>\n<meta property=\"og:locale\" content=\"de_DE\" \/>\n<meta property=\"og:type\" content=\"article\" \/>\n<meta property=\"og:title\" content=\"Anleitung zur Programminstallation - GstarCad\" \/>\n<meta property=\"og:description\" content=\"GstarCAD technical support &gt; Installationsanleitung f\u00fcr das Programm Installationsanleitung f\u00fcr das Programm Folgen Sie dem Installationsprozess der GstarCAD-Software. https:\/\/youtu.be\/RXG_MvvHMrs Haben Sie weitere Fragen? Wenn Sie Unterst\u00fctzung bei den n\u00e4chsten Schritten ben\u00f6tigen oder Fragen zur Installation haben, wenden Sie sich bitte an unseren Assistenten. Kontaktieren Sie uns\" \/>\n<meta property=\"og:url\" content=\"https:\/\/www.gstarcad.eu\/de\/instrukcja-instalacji-programu\/\" \/>\n<meta property=\"og:site_name\" content=\"GstarCad\" \/>\n<meta property=\"article:modified_time\" content=\"2025-11-18T10:35:54+00:00\" \/>\n<meta name=\"twitter:card\" content=\"summary_large_image\" \/>\n<meta name=\"twitter:label1\" content=\"Gesch\u00e4tzte Lesezeit\" \/>\n\t<meta name=\"twitter:data1\" content=\"1\u00a0Minute\" \/>\n<script type=\"application\/ld+json\" class=\"yoast-schema-graph\">{\"@context\":\"https:\/\/schema.org\",\"@graph\":[{\"@type\":\"WebPage\",\"@id\":\"https:\/\/www.gstarcad.eu\/de\/instrukcja-instalacji-programu\/\",\"url\":\"https:\/\/www.gstarcad.eu\/de\/instrukcja-instalacji-programu\/\",\"name\":\"Anleitung zur Programminstallation - GstarCad\",\"isPartOf\":{\"@id\":\"https:\/\/www.gstarcad.eu\/de\/#website\"},\"datePublished\":\"2024-03-12T12:54:03+00:00\",\"dateModified\":\"2025-11-18T10:35:54+00:00\",\"breadcrumb\":{\"@id\":\"https:\/\/www.gstarcad.eu\/de\/instrukcja-instalacji-programu\/#breadcrumb\"},\"inLanguage\":\"de\",\"potentialAction\":[{\"@type\":\"ReadAction\",\"target\":[\"https:\/\/www.gstarcad.eu\/de\/instrukcja-instalacji-programu\/\"]}]},{\"@type\":\"BreadcrumbList\",\"@id\":\"https:\/\/www.gstarcad.eu\/de\/instrukcja-instalacji-programu\/#breadcrumb\",\"itemListElement\":[{\"@type\":\"ListItem\",\"position\":1,\"name\":\"Home\",\"item\":\"https:\/\/www.gstarcad.eu\/de\/\"},{\"@type\":\"ListItem\",\"position\":2,\"name\":\"Anleitung zur Programminstallation\"}]},{\"@type\":\"WebSite\",\"@id\":\"https:\/\/www.gstarcad.eu\/de\/#website\",\"url\":\"https:\/\/www.gstarcad.eu\/de\/\",\"name\":\"GstarCad\",\"description\":\"\",\"publisher\":{\"@id\":\"https:\/\/www.gstarcad.eu\/de\/#organization\"},\"potentialAction\":[{\"@type\":\"SearchAction\",\"target\":{\"@type\":\"EntryPoint\",\"urlTemplate\":\"https:\/\/www.gstarcad.eu\/de\/?s={search_term_string}\"},\"query-input\":\"required name=search_term_string\"}],\"inLanguage\":\"de\"},{\"@type\":\"Organization\",\"@id\":\"https:\/\/www.gstarcad.eu\/de\/#organization\",\"name\":\"GstarCad\",\"url\":\"https:\/\/www.gstarcad.eu\/de\/\",\"logo\":{\"@type\":\"ImageObject\",\"inLanguage\":\"de\",\"@id\":\"https:\/\/www.gstarcad.eu\/de\/#\/schema\/logo\/image\/\",\"url\":\"https:\/\/www.gstarcad.eu\/wp-content\/uploads\/2024\/04\/gs-nowe-logo.svg\",\"contentUrl\":\"https:\/\/www.gstarcad.eu\/wp-content\/uploads\/2024\/04\/gs-nowe-logo.svg\",\"width\":169,\"height\":41,\"caption\":\"GstarCad\"},\"image\":{\"@id\":\"https:\/\/www.gstarcad.eu\/de\/#\/schema\/logo\/image\/\"}}]}<\/script>\n<!-- \/ Yoast SEO plugin. -->","yoast_head_json":{"title":"Anleitung zur Programminstallation - GstarCad","robots":{"index":"index","follow":"follow","max-snippet":"max-snippet:-1","max-image-preview":"max-image-preview:large","max-video-preview":"max-video-preview:-1"},"canonical":"https:\/\/www.gstarcad.eu\/de\/instrukcja-instalacji-programu\/","og_locale":"de_DE","og_type":"article","og_title":"Anleitung zur Programminstallation - GstarCad","og_description":"GstarCAD technical support &gt; Installationsanleitung f\u00fcr das Programm Installationsanleitung f\u00fcr das Programm Folgen Sie dem Installationsprozess der GstarCAD-Software. https:\/\/youtu.be\/RXG_MvvHMrs Haben Sie weitere Fragen? Wenn Sie Unterst\u00fctzung bei den n\u00e4chsten Schritten ben\u00f6tigen oder Fragen zur Installation haben, wenden Sie sich bitte an unseren Assistenten. Kontaktieren Sie uns","og_url":"https:\/\/www.gstarcad.eu\/de\/instrukcja-instalacji-programu\/","og_site_name":"GstarCad","article_modified_time":"2025-11-18T10:35:54+00:00","twitter_card":"summary_large_image","twitter_misc":{"Gesch\u00e4tzte Lesezeit":"1\u00a0Minute"},"schema":{"@context":"https:\/\/schema.org","@graph":[{"@type":"WebPage","@id":"https:\/\/www.gstarcad.eu\/de\/instrukcja-instalacji-programu\/","url":"https:\/\/www.gstarcad.eu\/de\/instrukcja-instalacji-programu\/","name":"Anleitung zur Programminstallation - GstarCad","isPartOf":{"@id":"https:\/\/www.gstarcad.eu\/de\/#website"},"datePublished":"2024-03-12T12:54:03+00:00","dateModified":"2025-11-18T10:35:54+00:00","breadcrumb":{"@id":"https:\/\/www.gstarcad.eu\/de\/instrukcja-instalacji-programu\/#breadcrumb"},"inLanguage":"de","potentialAction":[{"@type":"ReadAction","target":["https:\/\/www.gstarcad.eu\/de\/instrukcja-instalacji-programu\/"]}]},{"@type":"BreadcrumbList","@id":"https:\/\/www.gstarcad.eu\/de\/instrukcja-instalacji-programu\/#breadcrumb","itemListElement":[{"@type":"ListItem","position":1,"name":"Home","item":"https:\/\/www.gstarcad.eu\/de\/"},{"@type":"ListItem","position":2,"name":"Anleitung zur Programminstallation"}]},{"@type":"WebSite","@id":"https:\/\/www.gstarcad.eu\/de\/#website","url":"https:\/\/www.gstarcad.eu\/de\/","name":"GstarCad","description":"","publisher":{"@id":"https:\/\/www.gstarcad.eu\/de\/#organization"},"potentialAction":[{"@type":"SearchAction","target":{"@type":"EntryPoint","urlTemplate":"https:\/\/www.gstarcad.eu\/de\/?s={search_term_string}"},"query-input":"required name=search_term_string"}],"inLanguage":"de"},{"@type":"Organization","@id":"https:\/\/www.gstarcad.eu\/de\/#organization","name":"GstarCad","url":"https:\/\/www.gstarcad.eu\/de\/","logo":{"@type":"ImageObject","inLanguage":"de","@id":"https:\/\/www.gstarcad.eu\/de\/#\/schema\/logo\/image\/","url":"https:\/\/www.gstarcad.eu\/wp-content\/uploads\/2024\/04\/gs-nowe-logo.svg","contentUrl":"https:\/\/www.gstarcad.eu\/wp-content\/uploads\/2024\/04\/gs-nowe-logo.svg","width":169,"height":41,"caption":"GstarCad"},"image":{"@id":"https:\/\/www.gstarcad.eu\/de\/#\/schema\/logo\/image\/"}}]}},"_links":{"self":[{"href":"https:\/\/www.gstarcad.eu\/de\/wp-json\/wp\/v2\/pages\/27419","targetHints":{"allow":["GET"]}}],"collection":[{"href":"https:\/\/www.gstarcad.eu\/de\/wp-json\/wp\/v2\/pages"}],"about":[{"href":"https:\/\/www.gstarcad.eu\/de\/wp-json\/wp\/v2\/types\/page"}],"author":[{"embeddable":true,"href":"https:\/\/www.gstarcad.eu\/de\/wp-json\/wp\/v2\/users\/9"}],"replies":[{"embeddable":true,"href":"https:\/\/www.gstarcad.eu\/de\/wp-json\/wp\/v2\/comments?post=27419"}],"version-history":[{"count":7,"href":"https:\/\/www.gstarcad.eu\/de\/wp-json\/wp\/v2\/pages\/27419\/revisions"}],"predecessor-version":[{"id":29083,"href":"https:\/\/www.gstarcad.eu\/de\/wp-json\/wp\/v2\/pages\/27419\/revisions\/29083"}],"wp:attachment":[{"href":"https:\/\/www.gstarcad.eu\/de\/wp-json\/wp\/v2\/media?parent=27419"}],"curies":[{"name":"wp","href":"https:\/\/api.w.org\/{rel}","templated":true}]}}