{"id":27409,"date":"2024-03-12T10:29:39","date_gmt":"2024-03-12T10:29:39","guid":{"rendered":"https:\/\/www.gstarcad.eu\/pomoc-techniczna\/"},"modified":"2025-12-02T11:29:55","modified_gmt":"2025-12-02T11:29:55","slug":"pomoc-techniczna","status":"publish","type":"page","link":"https:\/\/www.gstarcad.eu\/de\/pomoc-techniczna\/","title":{"rendered":"Technischer Support"},"content":{"rendered":"\t\t<div data-elementor-type=\"wp-page\" data-elementor-id=\"27409\" class=\"elementor elementor-27409 elementor-18632\">\n\t\t\t\t\t\t<section class=\"elementor-section elementor-top-section elementor-element elementor-element-d090d0a wsparcie-techniczne-top-section elementor-section-boxed elementor-section-height-default elementor-section-height-default\" data-id=\"d090d0a\" data-element_type=\"section\" data-settings=\"{&quot;background_background&quot;:&quot;classic&quot;}\">\n\t\t\t\t\t\t<div class=\"elementor-container elementor-column-gap-default\">\n\t\t\t\t\t<div class=\"elementor-column elementor-col-50 elementor-top-column elementor-element elementor-element-e39e3f6\" data-id=\"e39e3f6\" data-element_type=\"column\">\n\t\t\t<div class=\"elementor-widget-wrap elementor-element-populated\">\n\t\t\t\t\t\t<div class=\"elementor-element elementor-element-8166df4 breadkr-page elementor-widget elementor-widget-heading\" data-id=\"8166df4\" data-element_type=\"widget\" data-widget_type=\"heading.default\">\n\t\t\t\t<div class=\"elementor-widget-container\">\n\t\t\t\t\t<span class=\"elementor-heading-title elementor-size-default\"><a href=\"\/\">Home<\/a> &gt; Technischer Support\n<\/span>\t\t\t\t<\/div>\n\t\t\t\t<\/div>\n\t\t\t\t<div class=\"elementor-element elementor-element-8cfbc6a elementor-widget elementor-widget-heading\" data-id=\"8cfbc6a\" data-element_type=\"widget\" data-widget_type=\"heading.default\">\n\t\t\t\t<div class=\"elementor-widget-container\">\n\t\t\t\t\t<h3 class=\"elementor-heading-title elementor-size-default\">Technischer Support\n<\/h3>\t\t\t\t<\/div>\n\t\t\t\t<\/div>\n\t\t\t\t<div class=\"elementor-element elementor-element-b1e94f1 elementor-widget elementor-widget-text-editor\" data-id=\"b1e94f1\" data-element_type=\"widget\" data-widget_type=\"text-editor.default\">\n\t\t\t\t<div class=\"elementor-widget-container\">\n\t\t\t\t\t\t\t\t\t<p>Wenn Sie Unterst\u00fctzung ben\u00f6tigen oder Hilfe im Zusammenhang mit der GstarCAD-Software suchen, kontaktieren Sie uns bitte!<\/p>\t\t\t\t\t\t\t\t<\/div>\n\t\t\t\t<\/div>\n\t\t\t\t<div class=\"elementor-element elementor-element-e9c9b5e wt-section-button elementor-widget elementor-widget-html\" data-id=\"e9c9b5e\" data-element_type=\"widget\" data-widget_type=\"html.default\">\n\t\t\t\t<div class=\"elementor-widget-container\">\n\t\t\t\t\t\n<div>\n    <a href=\"\/lt\/susisiekti\/\" id=\"blue-button\">Kontakt\n<\/a>\n<\/div>\n\n\n<style>\n    \n.wt-section-button .border-button a {\npadding: 0.7rem 3rem;\n} \n\n.wt-section-button .elementor-widget-container {\n    display: flex;\n    flex-direction: row;\n}\n\n.wt-section-button #blue-button {\n    margin-left: 0.5rem;\n    padding: 0.7rem 3rem;\n    border: 0.2rem solid #001e4d;\n    background: #001e4d;\n}\n\n@media (max-width: 767px) { \n    \n.wt-section-button .elementor-widget-container {\n    display: flex;\n    flex-direction: column;\n}\n\n.wt-section-button #blue-button {\n    margin-left: 0;\n    border: .2rem solid #001e4d;\n    background: #001e4d;\n    margin-top: 25px;\n    display: block;\n    width: 200px;\n    padding: 5px 11px !important;\n    min-width: 200px;\n    text-align: center;\n}\n    \n}\n    \n<\/style>\t\t\t\t<\/div>\n\t\t\t\t<\/div>\n\t\t\t\t\t<\/div>\n\t\t<\/div>\n\t\t\t\t<div class=\"elementor-column elementor-col-50 elementor-top-column elementor-element elementor-element-99aac1e\" data-id=\"99aac1e\" data-element_type=\"column\">\n\t\t\t<div class=\"elementor-widget-wrap\">\n\t\t\t\t\t\t\t<\/div>\n\t\t<\/div>\n\t\t\t\t\t<\/div>\n\t\t<\/section>\n\t\t\t\t<section class=\"elementor-section elementor-top-section elementor-element elementor-element-cd5def2 elementor-section-boxed elementor-section-height-default elementor-section-height-default\" data-id=\"cd5def2\" data-element_type=\"section\">\n\t\t\t\t\t\t<div class=\"elementor-container elementor-column-gap-default\">\n\t\t\t\t\t<div class=\"elementor-column elementor-col-100 elementor-top-column elementor-element elementor-element-ec7055f\" data-id=\"ec7055f\" data-element_type=\"column\">\n\t\t\t<div class=\"elementor-widget-wrap\">\n\t\t\t\t\t\t\t<\/div>\n\t\t<\/div>\n\t\t\t\t\t<\/div>\n\t\t<\/section>\n\t\t\t\t<section class=\"elementor-section elementor-top-section elementor-element elementor-element-08c7bc3 elementor-section-boxed elementor-section-height-default elementor-section-height-default\" data-id=\"08c7bc3\" data-element_type=\"section\" data-settings=\"{&quot;background_background&quot;:&quot;classic&quot;}\">\n\t\t\t\t\t\t<div class=\"elementor-container elementor-column-gap-default\">\n\t\t\t\t\t<div class=\"elementor-column elementor-col-100 elementor-top-column elementor-element elementor-element-8e40a5b\" data-id=\"8e40a5b\" data-element_type=\"column\">\n\t\t\t<div class=\"elementor-widget-wrap elementor-element-populated\">\n\t\t\t\t\t\t<div class=\"elementor-element elementor-element-f1582ae elementor-widget elementor-widget-heading\" data-id=\"f1582ae\" data-element_type=\"widget\" data-widget_type=\"heading.default\">\n\t\t\t\t<div class=\"elementor-widget-container\">\n\t\t\t\t\t<h4 class=\"elementor-heading-title elementor-size-default\">Laden Sie Ihre Lizenz herunter, installieren oder verwalten Sie sie\n<\/h4>\t\t\t\t<\/div>\n\t\t\t\t<\/div>\n\t\t\t\t\t<\/div>\n\t\t<\/div>\n\t\t\t\t\t<\/div>\n\t\t<\/section>\n\t\t\t\t<section class=\"elementor-section elementor-top-section elementor-element elementor-element-aed72b0 support-section-text-block elementor-section-boxed elementor-section-height-default elementor-section-height-default\" data-id=\"aed72b0\" data-element_type=\"section\" data-settings=\"{&quot;background_background&quot;:&quot;classic&quot;}\">\n\t\t\t\t\t\t<div class=\"elementor-container elementor-column-gap-default\">\n\t\t\t\t\t<div class=\"elementor-column elementor-col-33 elementor-top-column elementor-element elementor-element-75a0052\" data-id=\"75a0052\" data-element_type=\"column\">\n\t\t\t<div class=\"elementor-widget-wrap elementor-element-populated\">\n\t\t\t\t\t\t<div class=\"elementor-element elementor-element-d2a0a71 elementor-widget elementor-widget-heading\" data-id=\"d2a0a71\" data-element_type=\"widget\" data-widget_type=\"heading.default\">\n\t\t\t\t<div class=\"elementor-widget-container\">\n\t\t\t\t\t<p class=\"elementor-heading-title elementor-size-default\"><a href=\"\/de\/download\/\">Demo herunterladen\n<\/a><\/p>\t\t\t\t<\/div>\n\t\t\t\t<\/div>\n\t\t\t\t<div class=\"elementor-element elementor-element-b3824fc elementor-widget elementor-widget-heading\" data-id=\"b3824fc\" data-element_type=\"widget\" data-widget_type=\"heading.default\">\n\t\t\t\t<div class=\"elementor-widget-container\">\n\t\t\t\t\t<p class=\"elementor-heading-title elementor-size-default\"><a href=\"\/de\/poprzednie-wersje-gstarcad\/\">Fr\u00fchere Versionen des Programms herunterladen\n<\/a><\/p>\t\t\t\t<\/div>\n\t\t\t\t<\/div>\n\t\t\t\t<div class=\"elementor-element elementor-element-8f222ec elementor-widget elementor-widget-heading\" data-id=\"8f222ec\" data-element_type=\"widget\" data-widget_type=\"heading.default\">\n\t\t\t\t<div class=\"elementor-widget-container\">\n\t\t\t\t\t<p class=\"elementor-heading-title elementor-size-default\"><a href=\"\/de\/instrukcja-instalacji-programu\/\">Installationsanleitung f\u00fcr das Programm\n<\/a><\/p>\t\t\t\t<\/div>\n\t\t\t\t<\/div>\n\t\t\t\t<div class=\"elementor-element elementor-element-80ba78b elementor-widget elementor-widget-heading\" data-id=\"80ba78b\" data-element_type=\"widget\" data-widget_type=\"heading.default\">\n\t\t\t\t<div class=\"elementor-widget-container\">\n\t\t\t\t\t<p class=\"elementor-heading-title elementor-size-default\"><a href=\"\/de\/pobierz-podrecznik\/\">Programmhandbuch herunterladen\n<\/a><\/p>\t\t\t\t<\/div>\n\t\t\t\t<\/div>\n\t\t\t\t\t<\/div>\n\t\t<\/div>\n\t\t\t\t<div class=\"elementor-column elementor-col-33 elementor-top-column elementor-element elementor-element-aa02140\" data-id=\"aa02140\" data-element_type=\"column\">\n\t\t\t<div class=\"elementor-widget-wrap elementor-element-populated\">\n\t\t\t\t\t\t<div class=\"elementor-element elementor-element-1cf3fff elementor-widget elementor-widget-heading\" data-id=\"1cf3fff\" data-element_type=\"widget\" data-widget_type=\"heading.default\">\n\t\t\t\t<div class=\"elementor-widget-container\">\n\t\t\t\t\t<p class=\"elementor-heading-title elementor-size-default\"><a href=\"\/de\/rejestracja-licencji\/\">Lizenzaktivierung\n<\/a><\/p>\t\t\t\t<\/div>\n\t\t\t\t<\/div>\n\t\t\t\t<div class=\"elementor-element elementor-element-573ebfa elementor-widget elementor-widget-heading\" data-id=\"573ebfa\" data-element_type=\"widget\" data-widget_type=\"heading.default\">\n\t\t\t\t<div class=\"elementor-widget-container\">\n\t\t\t\t\t<p class=\"elementor-heading-title elementor-size-default\"><a href=\"\/de\/zwrot-licencji\/\">R\u00fcckgabe\/\u00dcbertragung der Lizenz\n<\/a><\/p>\t\t\t\t<\/div>\n\t\t\t\t<\/div>\n\t\t\t\t<div class=\"elementor-element elementor-element-d9b6837 elementor-widget elementor-widget-heading\" data-id=\"d9b6837\" data-element_type=\"widget\" data-widget_type=\"heading.default\">\n\t\t\t\t<div class=\"elementor-widget-container\">\n\t\t\t\t\t<p class=\"elementor-heading-title elementor-size-default\"><a href=\"\/de\/odnowienie-licencji\/\">Lizenzverl\u00e4ngerung\n<\/a><\/p>\t\t\t\t<\/div>\n\t\t\t\t<\/div>\n\t\t\t\t<div class=\"elementor-element elementor-element-68cb4b8 elementor-widget elementor-widget-heading\" data-id=\"68cb4b8\" data-element_type=\"widget\" data-widget_type=\"heading.default\">\n\t\t\t\t<div class=\"elementor-widget-container\">\n\t\t\t\t\t<p class=\"elementor-heading-title elementor-size-default\"><a href=\"\/de\/aktualizacja-licencji\/\">Lizenzaktualisierung\n<\/a><\/p>\t\t\t\t<\/div>\n\t\t\t\t<\/div>\n\t\t\t\t\t<\/div>\n\t\t<\/div>\n\t\t\t\t<div class=\"elementor-column elementor-col-33 elementor-top-column elementor-element elementor-element-97f9a63\" data-id=\"97f9a63\" data-element_type=\"column\">\n\t\t\t<div class=\"elementor-widget-wrap\">\n\t\t\t\t\t\t\t<\/div>\n\t\t<\/div>\n\t\t\t\t\t<\/div>\n\t\t<\/section>\n\t\t\t\t<section class=\"elementor-section elementor-top-section elementor-element elementor-element-337ec2f elementor-section-boxed elementor-section-height-default elementor-section-height-default\" data-id=\"337ec2f\" data-element_type=\"section\">\n\t\t\t\t\t\t<div class=\"elementor-container elementor-column-gap-default\">\n\t\t\t\t\t<div class=\"elementor-column elementor-col-100 elementor-top-column elementor-element elementor-element-e5be34e\" data-id=\"e5be34e\" data-element_type=\"column\">\n\t\t\t<div class=\"elementor-widget-wrap elementor-element-populated\">\n\t\t\t\t\t\t<div class=\"elementor-element elementor-element-509a1a8 elementor-widget elementor-widget-html\" data-id=\"509a1a8\" data-element_type=\"widget\" data-widget_type=\"html.default\">\n\t\t\t\t<div class=\"elementor-widget-container\">\n\t\t\t\t\t<script>(function(w, d) { w.CollectId = \"6644a6451063215eaa11ec53\"; var h = d.head || d.getElementsByTagName(\"head\")[0]; var s = d.createElement(\"script\"); s.setAttribute(\"type\", \"text\/javascript\"); s.async=true; s.setAttribute(\"src\", \"https:\/\/collectcdn.com\/launcher.js\"); h.appendChild(s); })(window, document);<\/script>\t\t\t\t<\/div>\n\t\t\t\t<\/div>\n\t\t\t\t\t<\/div>\n\t\t<\/div>\n\t\t\t\t\t<\/div>\n\t\t<\/section>\n\t\t\t\t<\/div>\n\t\t","protected":false},"excerpt":{"rendered":"<p>Home &gt; Technischer Support Technischer Support Wenn Sie Unterst\u00fctzung ben\u00f6tigen oder Hilfe im Zusammenhang mit der GstarCAD-Software suchen, kontaktieren Sie uns bitte! Kontakt Laden Sie Ihre Lizenz herunter, installieren oder verwalten Sie sie Demo herunterladen Fr\u00fchere Versionen des Programms herunterladen Installationsanleitung f\u00fcr das Programm Programmhandbuch herunterladen Lizenzaktivierung R\u00fcckgabe\/\u00dcbertragung der Lizenz Lizenzverl\u00e4ngerung Lizenzaktualisierung<\/p>\n","protected":false},"author":9,"featured_media":0,"parent":0,"menu_order":0,"comment_status":"closed","ping_status":"closed","template":"","meta":{"inline_featured_image":false,"footnotes":""},"class_list":["post-27409","page","type-page","status-publish","hentry"],"yoast_head":"<!-- This site is optimized with the Yoast SEO plugin v22.2 - https:\/\/yoast.com\/wordpress\/plugins\/seo\/ -->\n<title>Technischer Support - GstarCad<\/title>\n<meta name=\"robots\" content=\"index, follow, max-snippet:-1, max-image-preview:large, max-video-preview:-1\" \/>\n<link rel=\"canonical\" href=\"https:\/\/www.gstarcad.eu\/de\/pomoc-techniczna\/\" \/>\n<meta property=\"og:locale\" content=\"de_DE\" \/>\n<meta property=\"og:type\" content=\"article\" \/>\n<meta property=\"og:title\" content=\"Technischer Support - GstarCad\" \/>\n<meta property=\"og:description\" content=\"Home &gt; Technischer Support Technischer Support Wenn Sie Unterst\u00fctzung ben\u00f6tigen oder Hilfe im Zusammenhang mit der GstarCAD-Software suchen, kontaktieren Sie uns bitte! Kontakt Laden Sie Ihre Lizenz herunter, installieren oder verwalten Sie sie Demo herunterladen Fr\u00fchere Versionen des Programms herunterladen Installationsanleitung f\u00fcr das Programm Programmhandbuch herunterladen Lizenzaktivierung R\u00fcckgabe\/\u00dcbertragung der Lizenz Lizenzverl\u00e4ngerung Lizenzaktualisierung\" \/>\n<meta property=\"og:url\" content=\"https:\/\/www.gstarcad.eu\/de\/pomoc-techniczna\/\" \/>\n<meta property=\"og:site_name\" content=\"GstarCad\" \/>\n<meta property=\"article:modified_time\" content=\"2025-12-02T11:29:55+00:00\" \/>\n<meta name=\"twitter:card\" content=\"summary_large_image\" \/>\n<meta name=\"twitter:label1\" content=\"Gesch\u00e4tzte Lesezeit\" \/>\n\t<meta name=\"twitter:data1\" content=\"1\u00a0Minute\" \/>\n<script type=\"application\/ld+json\" class=\"yoast-schema-graph\">{\"@context\":\"https:\/\/schema.org\",\"@graph\":[{\"@type\":\"WebPage\",\"@id\":\"https:\/\/www.gstarcad.eu\/de\/pomoc-techniczna\/\",\"url\":\"https:\/\/www.gstarcad.eu\/de\/pomoc-techniczna\/\",\"name\":\"Technischer Support - GstarCad\",\"isPartOf\":{\"@id\":\"https:\/\/www.gstarcad.eu\/de\/#website\"},\"datePublished\":\"2024-03-12T10:29:39+00:00\",\"dateModified\":\"2025-12-02T11:29:55+00:00\",\"breadcrumb\":{\"@id\":\"https:\/\/www.gstarcad.eu\/de\/pomoc-techniczna\/#breadcrumb\"},\"inLanguage\":\"de\",\"potentialAction\":[{\"@type\":\"ReadAction\",\"target\":[\"https:\/\/www.gstarcad.eu\/de\/pomoc-techniczna\/\"]}]},{\"@type\":\"BreadcrumbList\",\"@id\":\"https:\/\/www.gstarcad.eu\/de\/pomoc-techniczna\/#breadcrumb\",\"itemListElement\":[{\"@type\":\"ListItem\",\"position\":1,\"name\":\"Home\",\"item\":\"https:\/\/www.gstarcad.eu\/de\/\"},{\"@type\":\"ListItem\",\"position\":2,\"name\":\"Technischer Support\"}]},{\"@type\":\"WebSite\",\"@id\":\"https:\/\/www.gstarcad.eu\/de\/#website\",\"url\":\"https:\/\/www.gstarcad.eu\/de\/\",\"name\":\"GstarCad\",\"description\":\"\",\"publisher\":{\"@id\":\"https:\/\/www.gstarcad.eu\/de\/#organization\"},\"potentialAction\":[{\"@type\":\"SearchAction\",\"target\":{\"@type\":\"EntryPoint\",\"urlTemplate\":\"https:\/\/www.gstarcad.eu\/de\/?s={search_term_string}\"},\"query-input\":\"required name=search_term_string\"}],\"inLanguage\":\"de\"},{\"@type\":\"Organization\",\"@id\":\"https:\/\/www.gstarcad.eu\/de\/#organization\",\"name\":\"GstarCad\",\"url\":\"https:\/\/www.gstarcad.eu\/de\/\",\"logo\":{\"@type\":\"ImageObject\",\"inLanguage\":\"de\",\"@id\":\"https:\/\/www.gstarcad.eu\/de\/#\/schema\/logo\/image\/\",\"url\":\"https:\/\/www.gstarcad.eu\/wp-content\/uploads\/2024\/04\/gs-nowe-logo.svg\",\"contentUrl\":\"https:\/\/www.gstarcad.eu\/wp-content\/uploads\/2024\/04\/gs-nowe-logo.svg\",\"width\":169,\"height\":41,\"caption\":\"GstarCad\"},\"image\":{\"@id\":\"https:\/\/www.gstarcad.eu\/de\/#\/schema\/logo\/image\/\"}}]}<\/script>\n<!-- \/ Yoast SEO plugin. -->","yoast_head_json":{"title":"Technischer Support - GstarCad","robots":{"index":"index","follow":"follow","max-snippet":"max-snippet:-1","max-image-preview":"max-image-preview:large","max-video-preview":"max-video-preview:-1"},"canonical":"https:\/\/www.gstarcad.eu\/de\/pomoc-techniczna\/","og_locale":"de_DE","og_type":"article","og_title":"Technischer Support - GstarCad","og_description":"Home &gt; Technischer Support Technischer Support Wenn Sie Unterst\u00fctzung ben\u00f6tigen oder Hilfe im Zusammenhang mit der GstarCAD-Software suchen, kontaktieren Sie uns bitte! Kontakt Laden Sie Ihre Lizenz herunter, installieren oder verwalten Sie sie Demo herunterladen Fr\u00fchere Versionen des Programms herunterladen Installationsanleitung f\u00fcr das Programm Programmhandbuch herunterladen Lizenzaktivierung R\u00fcckgabe\/\u00dcbertragung der Lizenz Lizenzverl\u00e4ngerung Lizenzaktualisierung","og_url":"https:\/\/www.gstarcad.eu\/de\/pomoc-techniczna\/","og_site_name":"GstarCad","article_modified_time":"2025-12-02T11:29:55+00:00","twitter_card":"summary_large_image","twitter_misc":{"Gesch\u00e4tzte Lesezeit":"1\u00a0Minute"},"schema":{"@context":"https:\/\/schema.org","@graph":[{"@type":"WebPage","@id":"https:\/\/www.gstarcad.eu\/de\/pomoc-techniczna\/","url":"https:\/\/www.gstarcad.eu\/de\/pomoc-techniczna\/","name":"Technischer Support - GstarCad","isPartOf":{"@id":"https:\/\/www.gstarcad.eu\/de\/#website"},"datePublished":"2024-03-12T10:29:39+00:00","dateModified":"2025-12-02T11:29:55+00:00","breadcrumb":{"@id":"https:\/\/www.gstarcad.eu\/de\/pomoc-techniczna\/#breadcrumb"},"inLanguage":"de","potentialAction":[{"@type":"ReadAction","target":["https:\/\/www.gstarcad.eu\/de\/pomoc-techniczna\/"]}]},{"@type":"BreadcrumbList","@id":"https:\/\/www.gstarcad.eu\/de\/pomoc-techniczna\/#breadcrumb","itemListElement":[{"@type":"ListItem","position":1,"name":"Home","item":"https:\/\/www.gstarcad.eu\/de\/"},{"@type":"ListItem","position":2,"name":"Technischer Support"}]},{"@type":"WebSite","@id":"https:\/\/www.gstarcad.eu\/de\/#website","url":"https:\/\/www.gstarcad.eu\/de\/","name":"GstarCad","description":"","publisher":{"@id":"https:\/\/www.gstarcad.eu\/de\/#organization"},"potentialAction":[{"@type":"SearchAction","target":{"@type":"EntryPoint","urlTemplate":"https:\/\/www.gstarcad.eu\/de\/?s={search_term_string}"},"query-input":"required name=search_term_string"}],"inLanguage":"de"},{"@type":"Organization","@id":"https:\/\/www.gstarcad.eu\/de\/#organization","name":"GstarCad","url":"https:\/\/www.gstarcad.eu\/de\/","logo":{"@type":"ImageObject","inLanguage":"de","@id":"https:\/\/www.gstarcad.eu\/de\/#\/schema\/logo\/image\/","url":"https:\/\/www.gstarcad.eu\/wp-content\/uploads\/2024\/04\/gs-nowe-logo.svg","contentUrl":"https:\/\/www.gstarcad.eu\/wp-content\/uploads\/2024\/04\/gs-nowe-logo.svg","width":169,"height":41,"caption":"GstarCad"},"image":{"@id":"https:\/\/www.gstarcad.eu\/de\/#\/schema\/logo\/image\/"}}]}},"_links":{"self":[{"href":"https:\/\/www.gstarcad.eu\/de\/wp-json\/wp\/v2\/pages\/27409","targetHints":{"allow":["GET"]}}],"collection":[{"href":"https:\/\/www.gstarcad.eu\/de\/wp-json\/wp\/v2\/pages"}],"about":[{"href":"https:\/\/www.gstarcad.eu\/de\/wp-json\/wp\/v2\/types\/page"}],"author":[{"embeddable":true,"href":"https:\/\/www.gstarcad.eu\/de\/wp-json\/wp\/v2\/users\/9"}],"replies":[{"embeddable":true,"href":"https:\/\/www.gstarcad.eu\/de\/wp-json\/wp\/v2\/comments?post=27409"}],"version-history":[{"count":10,"href":"https:\/\/www.gstarcad.eu\/de\/wp-json\/wp\/v2\/pages\/27409\/revisions"}],"predecessor-version":[{"id":29266,"href":"https:\/\/www.gstarcad.eu\/de\/wp-json\/wp\/v2\/pages\/27409\/revisions\/29266"}],"wp:attachment":[{"href":"https:\/\/www.gstarcad.eu\/de\/wp-json\/wp\/v2\/media?parent=27409"}],"curies":[{"name":"wp","href":"https:\/\/api.w.org\/{rel}","templated":true}]}}